{"id":12258,"date":"2021-05-18T19:02:45","date_gmt":"2021-05-18T19:02:45","guid":{"rendered":"https:\/\/www.enocean.com\/battery-free-products\/"},"modified":"2025-04-25T14:57:37","modified_gmt":"2025-04-25T12:57:37","slug":"battery-free-products","status":"publish","type":"page","link":"https:\/\/www.enocean.com\/de\/anwendungen\/partnerschaften\/battery-free-products\/","title":{"rendered":"Battery-free by EnOcean"},"content":{"rendered":"\n<div class=\"wp-block-cover is-light eo-visualheader\"><span aria-hidden=\"true\" class=\"wp-block-cover__background has-background-dim-0 has-background-dim\" style=\"background-color:#d1d8d8\"><\/span><img decoding=\"async\" width=\"2048\" height=\"613\" class=\"wp-block-cover__image-background wp-image-27181\" alt=\"\" src=\"https:\/\/www.enocean.com\/wp-content\/uploads\/Header\/eo_battery-free_DE_2048x613-1.jpg\" data-object-fit=\"cover\" srcset=\"https:\/\/www.enocean.com\/wp-content\/uploads\/Header\/eo_battery-free_DE_2048x613-1.jpg 2048w, https:\/\/www.enocean.com\/wp-content\/uploads\/Header\/eo_battery-free_DE_2048x613-1-300x90.jpg 300w, https:\/\/www.enocean.com\/wp-content\/uploads\/Header\/eo_battery-free_DE_2048x613-1-1024x307.jpg 1024w, https:\/\/www.enocean.com\/wp-content\/uploads\/Header\/eo_battery-free_DE_2048x613-1-150x45.jpg 150w, https:\/\/www.enocean.com\/wp-content\/uploads\/Header\/eo_battery-free_DE_2048x613-1-768x230.jpg 768w, https:\/\/www.enocean.com\/wp-content\/uploads\/Header\/eo_battery-free_DE_2048x613-1-1536x460.jpg 1536w\" sizes=\"(max-width: 2048px) 100vw, 2048px\" \/><div class=\"wp-block-cover__inner-container is-layout-flow wp-block-cover-is-layout-flow\">\n<p class=\"has-text-align-center has-large-font-size\"><\/p>\n<\/div><\/div>\n\n\n\n<section class=\"wp-block-uagb-section uagb-section__wrap uagb-section__background-undefined uagb-block-8408431d\"><div class=\"uagb-section__overlay\"><\/div><div class=\"uagb-section__inner-wrap\">\n<h1 class=\"wp-block-heading\">Zeigen Sie der Welt, dass Ihre Produkte batterielos arbeiten<\/h1>\n<\/div><\/section>\n\n\n\n<section class=\"wp-block-uagb-section uagb-section__wrap uagb-section__background-undefined uagb-block-4bdfc6f7\"><div class=\"uagb-section__overlay\"><\/div><div class=\"uagb-section__inner-wrap\">\n<h2 class=\"wp-block-heading\">Mit dem Label \u201eBattery-free by EnOcean\u201c<\/h2>\n\n\n\n<p>Sie haben batterielose Funkschalter-L\u00f6sungen auf Basis der EnOcean-Technologie im Angebot? Dann lassen Sie es die Welt wissen&nbsp;\u2013 und sprechen Sie \u00fcber die Vorteile von Energy Harvesting. Am besten geht das mit dem EnOcean-Label \u201eBattery-free by EnOcean\u201c. Es kennzeichnet beispielsweise wartungsfreie und flexible Schalterl\u00f6sungen, die ganz ohne Batterien und Kabel auskommen. Nutzen Sie diese M\u00f6glichkeit auch, um Ihr Engagement f\u00fcr den Umweltschutz zu zeigen&nbsp;\u2013 durch nachhaltige EnOcean-basierte L\u00f6sungen.<\/p>\n\n\n\n<p>Bewerben Sie Ihre batterielosen Funkschalter-L\u00f6sungen, die unsere Energy Harvesting-Technologie f\u00fcr f\u00fchrende Funkstandards wie EnOcean, Bluetooth\u00ae und Zigbee nutzen, mit dem Label von EnOcean. Dadurch werden Verbraucher st\u00e4rker f\u00fcr die Vorteile von Funksenschaltern mit EnOcean-Technologie, die ihre Energie ausschlie\u00dflich aus Bewegung gewinnen, sensibilisiert.<\/p>\n<\/div><\/section>\n\n\n\n<section class=\"wp-block-uagb-section uagb-section__wrap uagb-section__background-undefined uagb-block-9b81ddff\"><div class=\"uagb-section__overlay\"><\/div><div class=\"uagb-section__inner-wrap\">\n<figure class=\"wp-block-image size-full\"><img decoding=\"async\" width=\"900\" height=\"264\" src=\"https:\/\/www.enocean.com\/wp-content\/uploads\/Battery-free-DE.png\" alt=\"\" class=\"wp-image-28841\" srcset=\"https:\/\/www.enocean.com\/wp-content\/uploads\/Battery-free-DE.png 900w, https:\/\/www.enocean.com\/wp-content\/uploads\/Battery-free-DE-300x88.png 300w, https:\/\/www.enocean.com\/wp-content\/uploads\/Battery-free-DE-150x44.png 150w, https:\/\/www.enocean.com\/wp-content\/uploads\/Battery-free-DE-768x225.png 768w\" sizes=\"(max-width: 900px) 100vw, 900px\" \/><\/figure>\n<\/div><\/section>\n\n\n<style>.wp-block-kadence-spacer.kt-block-spacer-12258_37383a-54 .kt-block-spacer{height:20px;}.wp-block-kadence-spacer.kt-block-spacer-12258_37383a-54 .kt-divider{border-top-width:1px;height:1px;border-top-color:#eee;width:80%;border-top-style:solid;}<\/style>\n<div class=\"wp-block-kadence-spacer aligncenter kt-block-spacer-12258_37383a-54\"><div class=\"kt-block-spacer kt-block-spacer-halign-center\"><\/div><\/div>\n\n\n<style>.wp-block-kadence-spacer.kt-block-spacer-12258_c9b2fe-94 .kt-block-spacer{height:20px;}.wp-block-kadence-spacer.kt-block-spacer-12258_c9b2fe-94 .kt-divider{border-top-width:1px;height:1px;border-top-color:#eee;width:80%;border-top-style:solid;}<\/style>\n<div class=\"wp-block-kadence-spacer aligncenter kt-block-spacer-12258_c9b2fe-94\"><div class=\"kt-block-spacer kt-block-spacer-halign-center\"><\/div><\/div>\n\n\n\n<section class=\"wp-block-uagb-section uagb-section__wrap uagb-section__background-color uagb-block-eedd1870\"><div class=\"uagb-section__overlay\"><\/div><div class=\"uagb-section__inner-wrap\">\n<section class=\"wp-block-uagb-section uagb-section__wrap uagb-section__background-color uagb-block-b94206ff\"><div class=\"uagb-section__overlay\"><\/div><div class=\"uagb-section__inner-wrap\"><style>.wp-block-kadence-spacer.kt-block-spacer-12258_8c93ae-fa .kt-block-spacer{height:20px;}.wp-block-kadence-spacer.kt-block-spacer-12258_8c93ae-fa .kt-divider{border-top-width:1px;height:1px;border-top-color:#eee;width:80%;border-top-style:solid;}<\/style>\n<div class=\"wp-block-kadence-spacer aligncenter kt-block-spacer-12258_8c93ae-fa\"><div class=\"kt-block-spacer kt-block-spacer-halign-center\"><\/div><\/div>\n\n\n\n<h2 class=\"wp-block-heading\">Werden Sie Teil des \u201eBattery-free by EnOcean\u201c-Programms<\/h2>\n\n\n\n<p>Erf\u00fcllt eines Ihrer Produkte die erforderlichen Kriterien des batterielosen Betriebs, k\u00f6nnen Sie das &#8222;Battery-free by EnOcean&#8220;-Label auf der Produktverpackung, f\u00fcr Marketingzwecke und technische Materialien sowie auf der entsprechenden Produktwebsite verwenden. Anhand des \u201eBattery-free by EnOcean\u201c-Labels erkennen Privatanwender auf einen Blick, dass der Schalter keine Batterien ben\u00f6tigt und somit besonders flexibel, komfortabel und nachhaltig ist.<\/p>\n\n\n\n<p>Heben Sie sich von anderen Schalteranbietern und Marktteilnehmern ab und machen Sie die Vorteile der Energy Harvesting-Technologie Ihrer Produkte f\u00fcr alle sichtbar! <\/p>\n\n\n\n<p>Zertifizieren Sie Ihre Produkte in <a aria-label=\"5 easy steps (opens in a new tab)\" href=\"https:\/\/www.enocean.com\/wp-content\/uploads\/redaktion\/pdf\/files\/battery-free-by-enocean_program_guide.pdf\" target=\"_blank\" rel=\"noreferrer noopener\" class=\"ek-link\">5 einfachen Schritten<\/a>. <\/p>\n\n\n\n<div class=\"wp-block-buttons is-layout-flex wp-block-buttons-is-layout-flex\">\n<div class=\"wp-block-button is-style-cta-button\"><a class=\"wp-block-button__link wp-element-button\" href=\"https:\/\/www.enocean.com\/de\/about-us\/kontakt\/\">Kontakt aufnehmen und teilnehmen<\/a><\/div>\n<\/div>\n\n\n<style>.wp-block-kadence-spacer.kt-block-spacer-12258_3f9272-d3 .kt-block-spacer{height:20px;}.wp-block-kadence-spacer.kt-block-spacer-12258_3f9272-d3 .kt-divider{border-top-width:1px;height:1px;border-top-color:#eee;width:80%;border-top-style:solid;}<\/style>\n<div class=\"wp-block-kadence-spacer aligncenter kt-block-spacer-12258_3f9272-d3\"><div class=\"kt-block-spacer kt-block-spacer-halign-center\"><\/div><\/div>\n<\/div><\/section>\n<\/div><\/section>\n\n\n<style>.wp-block-kadence-spacer.kt-block-spacer-12258_752210-e3 .kt-block-spacer{height:20px;}.wp-block-kadence-spacer.kt-block-spacer-12258_752210-e3 .kt-divider{border-top-width:1px;height:1px;border-top-color:#eee;width:80%;border-top-style:solid;}<\/style>\n<div class=\"wp-block-kadence-spacer aligncenter kt-block-spacer-12258_752210-e3\"><div class=\"kt-block-spacer kt-block-spacer-halign-center\"><\/div><\/div>\n\n\n\n<p><\/p>\n\n\n<style>.kb-row-layout-id12258_b185aa-bf > .kt-row-column-wrap{align-content:start;}:where(.kb-row-layout-id12258_b185aa-bf > .kt-row-column-wrap) > .wp-block-kadence-column{justify-content:start;}.kb-row-layout-id12258_b185aa-bf > .kt-row-column-wrap{column-gap:var(--global-kb-gap-md, 2rem);row-gap:var(--global-kb-gap-md, 2rem);max-width:900px;margin-left:auto;margin-right:auto;padding-top:var(--global-kb-spacing-sm, 1.5rem);padding-bottom:var(--global-kb-spacing-sm, 1.5rem);grid-template-columns:minmax(0, calc(75% - ((var(--global-kb-gap-md, 2rem) * 1 )\/2)))minmax(0, calc(25% - ((var(--global-kb-gap-md, 2rem) * 1 )\/2)));}.kb-row-layout-id12258_b185aa-bf > .kt-row-layout-overlay{opacity:0.30;}@media all and (max-width: 1024px){.kb-row-layout-id12258_b185aa-bf > .kt-row-column-wrap{grid-template-columns:repeat(2, minmax(0, 1fr));}}@media all and (max-width: 767px){.kb-row-layout-id12258_b185aa-bf > .kt-row-column-wrap{grid-template-columns:minmax(0, 1fr);}}<\/style><div class=\"kb-row-layout-wrap kb-row-layout-id12258_b185aa-bf alignnone wp-block-kadence-rowlayout\" id=\"partner\"><div class=\"kt-row-column-wrap kt-has-2-columns kt-row-layout-equal kt-tab-layout-inherit kt-mobile-layout-row kt-row-valign-top\">\n<style>.kadence-column12258_4b8053-61 > .kt-inside-inner-col,.kadence-column12258_4b8053-61 > .kt-inside-inner-col:before{border-top-left-radius:0px;border-top-right-radius:0px;border-bottom-right-radius:0px;border-bottom-left-radius:0px;}.kadence-column12258_4b8053-61 > .kt-inside-inner-col{column-gap:var(--global-kb-gap-sm, 1rem);}.kadence-column12258_4b8053-61 > .kt-inside-inner-col{flex-direction:column;}.kadence-column12258_4b8053-61 > .kt-inside-inner-col > .aligncenter{width:100%;}.kadence-column12258_4b8053-61 > .kt-inside-inner-col:before{opacity:0.3;}.kadence-column12258_4b8053-61{position:relative;}@media all and (max-width: 1024px){.kadence-column12258_4b8053-61 > .kt-inside-inner-col{flex-direction:column;justify-content:center;}}@media all and (max-width: 767px){.kadence-column12258_4b8053-61 > .kt-inside-inner-col{flex-direction:column;justify-content:center;}}<\/style>\n<div class=\"wp-block-kadence-column kadence-column12258_4b8053-61 inner-column-1\"><div class=\"kt-inside-inner-col\">\n<h1 class=\"wp-block-heading\" id=\"battery-free-database\">Batterielose Produkte unserer Partner mit dem Label \u201eBattery-free by EnOcean\u201c<\/h1>\n<\/div><\/div>\n\n\n<style>.kadence-column12258_a3dd71-7b > .kt-inside-inner-col,.kadence-column12258_a3dd71-7b > .kt-inside-inner-col:before{border-top-left-radius:0px;border-top-right-radius:0px;border-bottom-right-radius:0px;border-bottom-left-radius:0px;}.kadence-column12258_a3dd71-7b > .kt-inside-inner-col{column-gap:var(--global-kb-gap-sm, 1rem);}.kadence-column12258_a3dd71-7b > .kt-inside-inner-col{flex-direction:column;}.kadence-column12258_a3dd71-7b > .kt-inside-inner-col > .aligncenter{width:100%;}.kadence-column12258_a3dd71-7b > .kt-inside-inner-col:before{opacity:0.3;}.kadence-column12258_a3dd71-7b{position:relative;}@media all and (max-width: 1024px){.kadence-column12258_a3dd71-7b > .kt-inside-inner-col{flex-direction:column;justify-content:center;}}@media all and (max-width: 767px){.kadence-column12258_a3dd71-7b > .kt-inside-inner-col{flex-direction:column;justify-content:center;}}<\/style>\n<div class=\"wp-block-kadence-column kadence-column12258_a3dd71-7b inner-column-2\"><div class=\"kt-inside-inner-col\">\n<figure class=\"wp-block-image size-large\"><img decoding=\"async\" width=\"3171\" height=\"1614\" src=\"https:\/\/www.enocean.com\/wp-content\/uploads\/battery-free-blue-1.svg\" alt=\"\" class=\"wp-image-26576\"\/><\/figure>\n<\/div><\/div>\n\n<\/div><\/div>\n\n\n<p><\/p>\n","protected":false},"excerpt":{"rendered":"<p>Batterielose Produkte unserer Partner mit dem Label \u201eBattery-free by EnOcean\u201c<\/p>\n","protected":false},"author":2,"featured_media":27117,"parent":12803,"menu_order":25,"comment_status":"closed","ping_status":"closed","template":"","meta":{"_acf_changed":false,"inline_featured_image":false,"_uag_custom_page_level_css":"","_kad_blocks_custom_css":"","_kad_blocks_head_custom_js":"","_kad_blocks_body_custom_js":"","_kad_blocks_footer_custom_js":"","footnotes":""},"class_list":["post-12258","page","type-page","status-publish","has-post-thumbnail","hentry"],"acf":[],"yoast_head":"<!-- This site is optimized with the Yoast SEO plugin v26.5 - https:\/\/yoast.com\/wordpress\/plugins\/seo\/ -->\n<title>Battery-free by EnOcean - EnOcean<\/title>\n<meta name=\"robots\" content=\"index, follow, max-snippet:-1, max-image-preview:large, max-video-preview:-1\" \/>\n<link rel=\"canonical\" href=\"https:\/\/www.enocean.com\/de\/anwendungen\/partnerschaften\/battery-free-products\/\" \/>\n<meta property=\"og:locale\" content=\"de_DE\" \/>\n<meta property=\"og:type\" content=\"article\" \/>\n<meta property=\"og:title\" content=\"Battery-free by EnOcean - EnOcean\" \/>\n<meta property=\"og:description\" content=\"Batterielose Produkte unserer Partner mit dem Label \u201eBattery-free by EnOcean\u201c\" \/>\n<meta property=\"og:url\" content=\"https:\/\/www.enocean.com\/de\/anwendungen\/partnerschaften\/battery-free-products\/\" \/>\n<meta property=\"og:site_name\" content=\"EnOcean\" \/>\n<meta property=\"article:modified_time\" content=\"2025-04-25T12:57:37+00:00\" \/>\n<meta property=\"og:image\" content=\"https:\/\/www.enocean.com\/wp-content\/uploads\/Header\/eo_battery-free_EN_2048x613.jpg\" \/>\n\t<meta property=\"og:image:width\" content=\"2048\" \/>\n\t<meta property=\"og:image:height\" content=\"613\" \/>\n\t<meta property=\"og:image:type\" content=\"image\/jpeg\" \/>\n<meta name=\"twitter:card\" content=\"summary_large_image\" \/>\n<meta name=\"twitter:label1\" content=\"Gesch\u00e4tzte Lesezeit\" \/>\n\t<meta name=\"twitter:data1\" content=\"2\u00a0Minuten\" \/>\n<script type=\"application\/ld+json\" class=\"yoast-schema-graph\">{\"@context\":\"https:\/\/schema.org\",\"@graph\":[{\"@type\":\"WebPage\",\"@id\":\"https:\/\/www.enocean.com\/de\/anwendungen\/partnerschaften\/battery-free-products\/\",\"url\":\"https:\/\/www.enocean.com\/de\/anwendungen\/partnerschaften\/battery-free-products\/\",\"name\":\"Battery-free by EnOcean - EnOcean\",\"isPartOf\":{\"@id\":\"https:\/\/www.enocean.com\/de\/#website\"},\"primaryImageOfPage\":{\"@id\":\"https:\/\/www.enocean.com\/de\/anwendungen\/partnerschaften\/battery-free-products\/#primaryimage\"},\"image\":{\"@id\":\"https:\/\/www.enocean.com\/de\/anwendungen\/partnerschaften\/battery-free-products\/#primaryimage\"},\"thumbnailUrl\":\"https:\/\/www.enocean.com\/wp-content\/uploads\/Header\/eo_battery-free_EN_2048x613.jpg\",\"datePublished\":\"2021-05-18T19:02:45+00:00\",\"dateModified\":\"2025-04-25T12:57:37+00:00\",\"breadcrumb\":{\"@id\":\"https:\/\/www.enocean.com\/de\/anwendungen\/partnerschaften\/battery-free-products\/#breadcrumb\"},\"inLanguage\":\"de\",\"potentialAction\":[{\"@type\":\"ReadAction\",\"target\":[\"https:\/\/www.enocean.com\/de\/anwendungen\/partnerschaften\/battery-free-products\/\"]}]},{\"@type\":\"ImageObject\",\"inLanguage\":\"de\",\"@id\":\"https:\/\/www.enocean.com\/de\/anwendungen\/partnerschaften\/battery-free-products\/#primaryimage\",\"url\":\"https:\/\/www.enocean.com\/wp-content\/uploads\/Header\/eo_battery-free_EN_2048x613.jpg\",\"contentUrl\":\"https:\/\/www.enocean.com\/wp-content\/uploads\/Header\/eo_battery-free_EN_2048x613.jpg\",\"width\":2048,\"height\":613,\"caption\":\"EnOcean Battery Free\"},{\"@type\":\"BreadcrumbList\",\"@id\":\"https:\/\/www.enocean.com\/de\/anwendungen\/partnerschaften\/battery-free-products\/#breadcrumb\",\"itemListElement\":[{\"@type\":\"ListItem\",\"position\":1,\"name\":\"Startseite\",\"item\":\"https:\/\/www.enocean.com\/de\/\"},{\"@type\":\"ListItem\",\"position\":2,\"name\":\"Anwendungen\",\"item\":\"https:\/\/www.enocean.com\/de\/anwendungen\/\"},{\"@type\":\"ListItem\",\"position\":3,\"name\":\"Partnerschaften\",\"item\":\"https:\/\/www.enocean.com\/de\/anwendungen\/partnerschaften\/\"},{\"@type\":\"ListItem\",\"position\":4,\"name\":\"Battery-free by EnOcean\"}]},{\"@type\":\"WebSite\",\"@id\":\"https:\/\/www.enocean.com\/de\/#website\",\"url\":\"https:\/\/www.enocean.com\/de\/\",\"name\":\"EnOcean\",\"description\":\"EnOcean Relaunch\",\"publisher\":{\"@id\":\"https:\/\/www.enocean.com\/de\/#organization\"},\"potentialAction\":[{\"@type\":\"SearchAction\",\"target\":{\"@type\":\"EntryPoint\",\"urlTemplate\":\"https:\/\/www.enocean.com\/de\/?s={search_term_string}\"},\"query-input\":{\"@type\":\"PropertyValueSpecification\",\"valueRequired\":true,\"valueName\":\"search_term_string\"}}],\"inLanguage\":\"de\"},{\"@type\":\"Organization\",\"@id\":\"https:\/\/www.enocean.com\/de\/#organization\",\"name\":\"EnOcean\",\"url\":\"https:\/\/www.enocean.com\/de\/\",\"logo\":{\"@type\":\"ImageObject\",\"inLanguage\":\"de\",\"@id\":\"https:\/\/www.enocean.com\/de\/#\/schema\/logo\/image\/\",\"url\":\"https:\/\/www.enocean.com\/wp-content\/uploads\/Logos\/1-1.png\",\"contentUrl\":\"https:\/\/www.enocean.com\/wp-content\/uploads\/Logos\/1-1.png\",\"width\":500,\"height\":500,\"caption\":\"EnOcean\"},\"image\":{\"@id\":\"https:\/\/www.enocean.com\/de\/#\/schema\/logo\/image\/\"},\"sameAs\":[\"https:\/\/www.linkedin.com\/company\/enocean\/\"]}]}<\/script>\n<!-- \/ Yoast SEO plugin. -->","yoast_head_json":{"title":"Battery-free by EnOcean - EnOcean","robots":{"index":"index","follow":"follow","max-snippet":"max-snippet:-1","max-image-preview":"max-image-preview:large","max-video-preview":"max-video-preview:-1"},"canonical":"https:\/\/www.enocean.com\/de\/anwendungen\/partnerschaften\/battery-free-products\/","og_locale":"de_DE","og_type":"article","og_title":"Battery-free by EnOcean - EnOcean","og_description":"Batterielose Produkte unserer Partner mit dem Label \u201eBattery-free by EnOcean\u201c","og_url":"https:\/\/www.enocean.com\/de\/anwendungen\/partnerschaften\/battery-free-products\/","og_site_name":"EnOcean","article_modified_time":"2025-04-25T12:57:37+00:00","og_image":[{"width":2048,"height":613,"url":"https:\/\/www.enocean.com\/wp-content\/uploads\/Header\/eo_battery-free_EN_2048x613.jpg","type":"image\/jpeg"}],"twitter_card":"summary_large_image","twitter_misc":{"Gesch\u00e4tzte Lesezeit":"2\u00a0Minuten"},"schema":{"@context":"https:\/\/schema.org","@graph":[{"@type":"WebPage","@id":"https:\/\/www.enocean.com\/de\/anwendungen\/partnerschaften\/battery-free-products\/","url":"https:\/\/www.enocean.com\/de\/anwendungen\/partnerschaften\/battery-free-products\/","name":"Battery-free by EnOcean - EnOcean","isPartOf":{"@id":"https:\/\/www.enocean.com\/de\/#website"},"primaryImageOfPage":{"@id":"https:\/\/www.enocean.com\/de\/anwendungen\/partnerschaften\/battery-free-products\/#primaryimage"},"image":{"@id":"https:\/\/www.enocean.com\/de\/anwendungen\/partnerschaften\/battery-free-products\/#primaryimage"},"thumbnailUrl":"https:\/\/www.enocean.com\/wp-content\/uploads\/Header\/eo_battery-free_EN_2048x613.jpg","datePublished":"2021-05-18T19:02:45+00:00","dateModified":"2025-04-25T12:57:37+00:00","breadcrumb":{"@id":"https:\/\/www.enocean.com\/de\/anwendungen\/partnerschaften\/battery-free-products\/#breadcrumb"},"inLanguage":"de","potentialAction":[{"@type":"ReadAction","target":["https:\/\/www.enocean.com\/de\/anwendungen\/partnerschaften\/battery-free-products\/"]}]},{"@type":"ImageObject","inLanguage":"de","@id":"https:\/\/www.enocean.com\/de\/anwendungen\/partnerschaften\/battery-free-products\/#primaryimage","url":"https:\/\/www.enocean.com\/wp-content\/uploads\/Header\/eo_battery-free_EN_2048x613.jpg","contentUrl":"https:\/\/www.enocean.com\/wp-content\/uploads\/Header\/eo_battery-free_EN_2048x613.jpg","width":2048,"height":613,"caption":"EnOcean Battery Free"},{"@type":"BreadcrumbList","@id":"https:\/\/www.enocean.com\/de\/anwendungen\/partnerschaften\/battery-free-products\/#breadcrumb","itemListElement":[{"@type":"ListItem","position":1,"name":"Startseite","item":"https:\/\/www.enocean.com\/de\/"},{"@type":"ListItem","position":2,"name":"Anwendungen","item":"https:\/\/www.enocean.com\/de\/anwendungen\/"},{"@type":"ListItem","position":3,"name":"Partnerschaften","item":"https:\/\/www.enocean.com\/de\/anwendungen\/partnerschaften\/"},{"@type":"ListItem","position":4,"name":"Battery-free by EnOcean"}]},{"@type":"WebSite","@id":"https:\/\/www.enocean.com\/de\/#website","url":"https:\/\/www.enocean.com\/de\/","name":"EnOcean","description":"EnOcean Relaunch","publisher":{"@id":"https:\/\/www.enocean.com\/de\/#organization"},"potentialAction":[{"@type":"SearchAction","target":{"@type":"EntryPoint","urlTemplate":"https:\/\/www.enocean.com\/de\/?s={search_term_string}"},"query-input":{"@type":"PropertyValueSpecification","valueRequired":true,"valueName":"search_term_string"}}],"inLanguage":"de"},{"@type":"Organization","@id":"https:\/\/www.enocean.com\/de\/#organization","name":"EnOcean","url":"https:\/\/www.enocean.com\/de\/","logo":{"@type":"ImageObject","inLanguage":"de","@id":"https:\/\/www.enocean.com\/de\/#\/schema\/logo\/image\/","url":"https:\/\/www.enocean.com\/wp-content\/uploads\/Logos\/1-1.png","contentUrl":"https:\/\/www.enocean.com\/wp-content\/uploads\/Logos\/1-1.png","width":500,"height":500,"caption":"EnOcean"},"image":{"@id":"https:\/\/www.enocean.com\/de\/#\/schema\/logo\/image\/"},"sameAs":["https:\/\/www.linkedin.com\/company\/enocean\/"]}]}},"taxonomy_info":[],"featured_image_src_large":["https:\/\/www.enocean.com\/wp-content\/uploads\/Header\/eo_battery-free_EN_2048x613-1024x307.jpg",1024,307,true],"author_info":{"display_name":"Martin Ische","author_link":"https:\/\/www.enocean.com\/de\/author\/aundiu_ische\/"},"comment_info":0,"uagb_featured_image_src":{"full":["https:\/\/www.enocean.com\/wp-content\/uploads\/Header\/eo_battery-free_EN_2048x613.jpg",2048,613,false],"thumbnail":["https:\/\/www.enocean.com\/wp-content\/uploads\/Header\/eo_battery-free_EN_2048x613-150x45.jpg",150,45,true],"medium":["https:\/\/www.enocean.com\/wp-content\/uploads\/Header\/eo_battery-free_EN_2048x613-300x90.jpg",300,90,true],"medium_large":["https:\/\/www.enocean.com\/wp-content\/uploads\/Header\/eo_battery-free_EN_2048x613-768x230.jpg",768,230,true],"large":["https:\/\/www.enocean.com\/wp-content\/uploads\/Header\/eo_battery-free_EN_2048x613-1024x307.jpg",1024,307,true],"1536x1536":["https:\/\/www.enocean.com\/wp-content\/uploads\/Header\/eo_battery-free_EN_2048x613-1536x460.jpg",1536,460,true],"2048x2048":["https:\/\/www.enocean.com\/wp-content\/uploads\/Header\/eo_battery-free_EN_2048x613.jpg",2048,613,false]},"uagb_author_info":{"display_name":"Martin Ische","author_link":"https:\/\/www.enocean.com\/de\/author\/aundiu_ische\/"},"uagb_comment_info":0,"uagb_excerpt":"Batterielose Produkte unserer Partner mit dem Label \u201eBattery-free by EnOcean\u201c","_links":{"self":[{"href":"https:\/\/www.enocean.com\/de\/wp-json\/wp\/v2\/pages\/12258","targetHints":{"allow":["GET"]}}],"collection":[{"href":"https:\/\/www.enocean.com\/de\/wp-json\/wp\/v2\/pages"}],"about":[{"href":"https:\/\/www.enocean.com\/de\/wp-json\/wp\/v2\/types\/page"}],"author":[{"embeddable":true,"href":"https:\/\/www.enocean.com\/de\/wp-json\/wp\/v2\/users\/2"}],"replies":[{"embeddable":true,"href":"https:\/\/www.enocean.com\/de\/wp-json\/wp\/v2\/comments?post=12258"}],"version-history":[{"count":6,"href":"https:\/\/www.enocean.com\/de\/wp-json\/wp\/v2\/pages\/12258\/revisions"}],"predecessor-version":[{"id":28843,"href":"https:\/\/www.enocean.com\/de\/wp-json\/wp\/v2\/pages\/12258\/revisions\/28843"}],"up":[{"embeddable":true,"href":"https:\/\/www.enocean.com\/de\/wp-json\/wp\/v2\/pages\/12803"}],"wp:featuredmedia":[{"embeddable":true,"href":"https:\/\/www.enocean.com\/de\/wp-json\/wp\/v2\/media\/27117"}],"wp:attachment":[{"href":"https:\/\/www.enocean.com\/de\/wp-json\/wp\/v2\/media?parent=12258"}],"curies":[{"name":"wp","href":"https:\/\/api.w.org\/{rel}","templated":true}]}}