{"id":12487,"date":"2021-11-30T07:47:55","date_gmt":"2021-11-30T07:47:55","guid":{"rendered":"https:\/\/www.enocean.com\/uebersicht\/"},"modified":"2025-01-07T09:14:19","modified_gmt":"2025-01-07T08:14:19","slug":"uebersicht","status":"publish","type":"page","link":"https:\/\/www.enocean.com\/de\/technologie\/uebersicht\/","title":{"rendered":"\u00dcbersicht"},"content":{"rendered":"\n<section class=\"wp-block-uagb-section uagb-section__wrap uagb-section__background-undefined uagb-block-115305ae eo-header\"><div class=\"uagb-section__overlay\"><\/div><div class=\"uagb-section__inner-wrap\"><\/div><\/section>\n\n\n\n<div class=\"wp-block-cover is-light eo-visualheader\"><span aria-hidden=\"true\" class=\"wp-block-cover__background has-background-dim-0 has-background-dim\" style=\"background-color:#77858d\"><\/span><img decoding=\"async\" width=\"2048\" height=\"613\" class=\"wp-block-cover__image-background wp-image-27253\" alt=\"\" src=\"https:\/\/www.enocean.com\/wp-content\/uploads\/eo_technology_2048x613.jpg\" data-object-fit=\"cover\" srcset=\"https:\/\/www.enocean.com\/wp-content\/uploads\/eo_technology_2048x613.jpg 2048w, https:\/\/www.enocean.com\/wp-content\/uploads\/eo_technology_2048x613-300x90.jpg 300w, https:\/\/www.enocean.com\/wp-content\/uploads\/eo_technology_2048x613-1024x307.jpg 1024w, https:\/\/www.enocean.com\/wp-content\/uploads\/eo_technology_2048x613-150x45.jpg 150w, https:\/\/www.enocean.com\/wp-content\/uploads\/eo_technology_2048x613-768x230.jpg 768w, https:\/\/www.enocean.com\/wp-content\/uploads\/eo_technology_2048x613-1536x460.jpg 1536w\" sizes=\"(max-width: 2048px) 100vw, 2048px\" \/><div class=\"wp-block-cover__inner-container is-layout-flow wp-block-cover-is-layout-flow\">\n<p class=\"has-text-align-center has-large-font-size\"><\/p>\n<\/div><\/div>\n\n\n\n<section class=\"wp-block-uagb-section uagb-section__wrap uagb-section__background-undefined uagb-block-8c394615\"><div class=\"uagb-section__overlay\"><\/div><div class=\"uagb-section__inner-wrap\">\n<h1 class=\"wp-block-heading\">Unsere Technologie<\/h1>\n\n\n<style>.wp-block-kadence-spacer.kt-block-spacer-12487_188aaa-44 .kt-block-spacer{height:20px;}.wp-block-kadence-spacer.kt-block-spacer-12487_188aaa-44 .kt-divider{border-top-width:1px;height:1px;border-top-color:#eee;width:80%;border-top-style:solid;}<\/style>\n<div class=\"wp-block-kadence-spacer aligncenter kt-block-spacer-12487_188aaa-44\"><div class=\"kt-block-spacer kt-block-spacer-halign-center\"><\/div><\/div>\n\n\n\n<p>Nur weil wir die Energie um uns herum nicht sehen k\u00f6nnen, hei\u00dft das nicht, dass sie nicht da ist. Wir alle haben schon einmal einen Schalter bet\u00e4tigt, Temperaturschwankungen erlebt oder uns von der Sonne w\u00e4rmen lassen. Man w\u00fcrde kaum glauben, dass derart nat\u00fcrliche Vorg\u00e4nge ausreichend Energie f\u00fcr die \u00dcbertragung von Funksignalen liefern k\u00f6nnen. Doch genau daraus gewinnt unsere innovative und nachhaltige Technologie ihre Energie. Unsere <a href=\"https:\/\/www.enocean.com\/de\/produkte\/energieautarke-sensoren\/\" class=\"ek-link\">Funksensoren<\/a> und <a href=\"https:\/\/www.enocean.com\/de\/produkte\/kinetische-schalter\/\" class=\"ek-link\">batterielosen Schalter<\/a> sammeln die ben\u00f6tigte Energie aus ihrer direkten Umgebung, beispielsweise aus Bewegung, Licht oder Temperaturunterschieden.<\/p>\n<\/div><\/section>\n\n\n\n<section class=\"wp-block-uagb-section uagb-section__wrap uagb-section__background-undefined uagb-block-cf9b195c eo-3-spalten\"><div class=\"uagb-section__overlay\"><\/div><div class=\"uagb-section__inner-wrap\">\n<h2 class=\"wp-block-heading\">Funktionsweise<\/h2>\n\n\n\n<div class=\"wp-block-columns is-layout-flex wp-container-core-columns-is-layout-9d6595d7 wp-block-columns-is-layout-flex\">\n<div class=\"wp-block-column ek-linked-block is-layout-flow wp-block-column-is-layout-flow\"><div class=\"wp-block-image\">\n<figure class=\"aligncenter size-large\"><a href=\"https:\/\/www.enocean.com\/de\/technologie\/energy-harvesting\/\"><img decoding=\"async\" width=\"200\" height=\"200\" src=\"https:\/\/www.enocean.com\/wp-content\/uploads\/Icons\/8b_energy-harvesting.png\" alt=\"\" class=\"wp-image-5179\" srcset=\"https:\/\/www.enocean.com\/wp-content\/uploads\/Icons\/8b_energy-harvesting.png 200w, https:\/\/www.enocean.com\/wp-content\/uploads\/Icons\/8b_energy-harvesting-150x150.png 150w\" sizes=\"(max-width: 200px) 100vw, 200px\" \/><\/a><\/figure>\n<\/div>\n\n\n<div class=\"wp-block-uagb-section uagb-section__wrap uagb-section__background-color uagb-block-1688ac76\"><div class=\"uagb-section__overlay\"><\/div><div class=\"uagb-section__inner-wrap\">\n<h3 class=\"wp-block-heading\">Energy Harvesting<\/h3>\n\n\n\n<p>Die batterielosen Funksensoren sammeln und speichern kleinste Mengen an Energie aus der Umgebung.<\/p>\n\n\n<style>.wp-block-kadence-spacer.kt-block-spacer-12487_ca97c4-63 .kt-block-spacer{height:20px;}.wp-block-kadence-spacer.kt-block-spacer-12487_ca97c4-63 .kt-divider{border-top-width:1px;height:1px;border-top-color:#eee;width:80%;border-top-style:solid;}<\/style>\n<div class=\"wp-block-kadence-spacer aligncenter kt-block-spacer-12487_ca97c4-63\"><div class=\"kt-block-spacer kt-block-spacer-halign-center\"><\/div><\/div>\n\n\n\n<div class=\"wp-block-buttons is-horizontal is-content-justification-center is-layout-flex wp-container-core-buttons-is-layout-499968f5 wp-block-buttons-is-layout-flex\">\n<div class=\"wp-block-button is-style-tertiary-button-pfeil\"><a class=\"wp-block-button__link wp-element-button\" href=\"https:\/\/www.enocean.com\/de\/energy-harvesting\/\">Mehr<\/a><\/div>\n<\/div>\n<\/div><\/div>\n<\/div>\n\n\n\n<div class=\"wp-block-column ek-linked-block is-layout-flow wp-block-column-is-layout-flow\">\n<div class=\"wp-block-uagb-section uagb-section__wrap uagb-section__background-color uagb-block-4384cef8\"><div class=\"uagb-section__overlay\"><\/div><div class=\"uagb-section__inner-wrap\">\n<h3 class=\"wp-block-heading\">Funk<\/h3>\n\n\n\n<p>EnOcean nutzt Funkstandards, die f\u00fcr L\u00f6sungen mit besonders niedrigem Energieverbrauch sowie Energy Harvesting optimiert wurden. <\/p>\n\n\n<style>.wp-block-kadence-spacer.kt-block-spacer-12487_602363-95 .kt-block-spacer{height:20px;}.wp-block-kadence-spacer.kt-block-spacer-12487_602363-95 .kt-divider{border-top-width:1px;height:1px;border-top-color:#eee;width:80%;border-top-style:solid;}<\/style>\n<div class=\"wp-block-kadence-spacer aligncenter kt-block-spacer-12487_602363-95\"><div class=\"kt-block-spacer kt-block-spacer-halign-center\"><\/div><\/div>\n\n\n\n<div class=\"wp-block-buttons is-horizontal is-content-justification-center is-layout-flex wp-container-core-buttons-is-layout-499968f5 wp-block-buttons-is-layout-flex\">\n<div class=\"wp-block-button is-style-tertiary-button-pfeil\"><a class=\"wp-block-button__link wp-element-button\" href=\"https:\/\/www.enocean.com\/de\/technologie\/funktechnologie\/\">Mehr<\/a><\/div>\n<\/div>\n<\/div><\/div>\n<\/div>\n\n\n\n<div class=\"wp-block-column ek-linked-block is-layout-flow wp-block-column-is-layout-flow\"><div class=\"wp-block-image\">\n<figure class=\"aligncenter size-large\"><a href=\"https:\/\/www.enocean.com\/de\/technology\/ultra-low-power-management\/\"><img decoding=\"async\" width=\"200\" height=\"200\" src=\"https:\/\/www.enocean.com\/wp-content\/uploads\/Icons\/14_ultra-low-power.png\" alt=\"\" class=\"wp-image-5182\" srcset=\"https:\/\/www.enocean.com\/wp-content\/uploads\/Icons\/14_ultra-low-power.png 200w, https:\/\/www.enocean.com\/wp-content\/uploads\/Icons\/14_ultra-low-power-150x150.png 150w\" sizes=\"(max-width: 200px) 100vw, 200px\" \/><\/a><\/figure>\n<\/div>\n\n\n<div class=\"wp-block-uagb-section uagb-section__wrap uagb-section__background-color uagb-block-ae6b810e\"><div class=\"uagb-section__overlay\"><\/div><div class=\"uagb-section__inner-wrap\">\n<h3 class=\"wp-block-heading\">Ultra-low Power<\/h3>\n\n\n\n<p>Die Funktechnologie f\u00fcr batterielose Sensorl\u00f6sungen zeichnet sich durch ein intelligentes Energiemanagement sowie hocheffiziente Energiespeicher aus. <\/p>\n\n\n\n<div class=\"wp-block-buttons is-horizontal is-content-justification-center is-layout-flex wp-container-core-buttons-is-layout-499968f5 wp-block-buttons-is-layout-flex\">\n<div class=\"wp-block-button is-style-tertiary-button-pfeil\"><a class=\"wp-block-button__link wp-element-button\" href=\"https:\/\/www.enocean.com\/de\/technologie\/ultra-low-power-management\/\">Mehr<\/a><\/div>\n<\/div>\n<\/div><\/div>\n<\/div>\n<\/div>\n<\/div><\/section>\n\n\n\n<p><\/p>\n","protected":false},"excerpt":{"rendered":"","protected":false},"author":7,"featured_media":27253,"parent":12891,"menu_order":24,"comment_status":"closed","ping_status":"closed","template":"","meta":{"_acf_changed":false,"inline_featured_image":false,"_uag_custom_page_level_css":"","_kad_blocks_custom_css":"","_kad_blocks_head_custom_js":"","_kad_blocks_body_custom_js":"","_kad_blocks_footer_custom_js":"","footnotes":""},"class_list":["post-12487","page","type-page","status-publish","has-post-thumbnail","hentry"],"acf":[],"yoast_head":"<!-- This site is optimized with the Yoast SEO plugin v26.5 - https:\/\/yoast.com\/wordpress\/plugins\/seo\/ -->\n<title>\u00dcbersicht - EnOcean<\/title>\n<meta name=\"robots\" content=\"index, follow, max-snippet:-1, max-image-preview:large, max-video-preview:-1\" \/>\n<link rel=\"canonical\" href=\"https:\/\/www.enocean.com\/de\/technologie\/uebersicht\/\" \/>\n<meta property=\"og:locale\" content=\"de_DE\" \/>\n<meta property=\"og:type\" content=\"article\" \/>\n<meta property=\"og:title\" content=\"\u00dcbersicht - EnOcean\" \/>\n<meta property=\"og:url\" content=\"https:\/\/www.enocean.com\/de\/technologie\/uebersicht\/\" \/>\n<meta property=\"og:site_name\" content=\"EnOcean\" \/>\n<meta property=\"article:modified_time\" content=\"2025-01-07T08:14:19+00:00\" \/>\n<meta property=\"og:image\" content=\"https:\/\/www.enocean.com\/wp-content\/uploads\/Header\/enocean_technology_01_2048x613.jpg\" \/>\n\t<meta property=\"og:image:width\" content=\"2048\" \/>\n\t<meta property=\"og:image:height\" content=\"613\" \/>\n\t<meta property=\"og:image:type\" content=\"image\/jpeg\" \/>\n<meta name=\"twitter:card\" content=\"summary_large_image\" \/>\n<meta name=\"twitter:label1\" content=\"Gesch\u00e4tzte Lesezeit\" \/>\n\t<meta name=\"twitter:data1\" content=\"2\u00a0Minuten\" \/>\n<script type=\"application\/ld+json\" class=\"yoast-schema-graph\">{\"@context\":\"https:\/\/schema.org\",\"@graph\":[{\"@type\":\"WebPage\",\"@id\":\"https:\/\/www.enocean.com\/de\/technologie\/uebersicht\/\",\"url\":\"https:\/\/www.enocean.com\/de\/technologie\/uebersicht\/\",\"name\":\"\u00dcbersicht - EnOcean\",\"isPartOf\":{\"@id\":\"https:\/\/www.enocean.com\/de\/#website\"},\"primaryImageOfPage\":{\"@id\":\"https:\/\/www.enocean.com\/de\/technologie\/uebersicht\/#primaryimage\"},\"image\":{\"@id\":\"https:\/\/www.enocean.com\/de\/technologie\/uebersicht\/#primaryimage\"},\"thumbnailUrl\":\"https:\/\/www.enocean.com\/wp-content\/uploads\/eo_technology_2048x613.jpg\",\"datePublished\":\"2021-11-30T07:47:55+00:00\",\"dateModified\":\"2025-01-07T08:14:19+00:00\",\"breadcrumb\":{\"@id\":\"https:\/\/www.enocean.com\/de\/technologie\/uebersicht\/#breadcrumb\"},\"inLanguage\":\"de\",\"potentialAction\":[{\"@type\":\"ReadAction\",\"target\":[\"https:\/\/www.enocean.com\/de\/technologie\/uebersicht\/\"]}]},{\"@type\":\"ImageObject\",\"inLanguage\":\"de\",\"@id\":\"https:\/\/www.enocean.com\/de\/technologie\/uebersicht\/#primaryimage\",\"url\":\"https:\/\/www.enocean.com\/wp-content\/uploads\/eo_technology_2048x613.jpg\",\"contentUrl\":\"https:\/\/www.enocean.com\/wp-content\/uploads\/eo_technology_2048x613.jpg\",\"width\":2048,\"height\":613,\"caption\":\"EnOcean Technology\"},{\"@type\":\"BreadcrumbList\",\"@id\":\"https:\/\/www.enocean.com\/de\/technologie\/uebersicht\/#breadcrumb\",\"itemListElement\":[{\"@type\":\"ListItem\",\"position\":1,\"name\":\"Startseite\",\"item\":\"https:\/\/www.enocean.com\/de\/\"},{\"@type\":\"ListItem\",\"position\":2,\"name\":\"Technologie\",\"item\":\"https:\/\/www.enocean.com\/de\/technologie\/\"},{\"@type\":\"ListItem\",\"position\":3,\"name\":\"\u00dcbersicht\"}]},{\"@type\":\"WebSite\",\"@id\":\"https:\/\/www.enocean.com\/de\/#website\",\"url\":\"https:\/\/www.enocean.com\/de\/\",\"name\":\"EnOcean\",\"description\":\"EnOcean Relaunch\",\"publisher\":{\"@id\":\"https:\/\/www.enocean.com\/de\/#organization\"},\"potentialAction\":[{\"@type\":\"SearchAction\",\"target\":{\"@type\":\"EntryPoint\",\"urlTemplate\":\"https:\/\/www.enocean.com\/de\/?s={search_term_string}\"},\"query-input\":{\"@type\":\"PropertyValueSpecification\",\"valueRequired\":true,\"valueName\":\"search_term_string\"}}],\"inLanguage\":\"de\"},{\"@type\":\"Organization\",\"@id\":\"https:\/\/www.enocean.com\/de\/#organization\",\"name\":\"EnOcean\",\"url\":\"https:\/\/www.enocean.com\/de\/\",\"logo\":{\"@type\":\"ImageObject\",\"inLanguage\":\"de\",\"@id\":\"https:\/\/www.enocean.com\/de\/#\/schema\/logo\/image\/\",\"url\":\"https:\/\/www.enocean.com\/wp-content\/uploads\/Logos\/1-1.png\",\"contentUrl\":\"https:\/\/www.enocean.com\/wp-content\/uploads\/Logos\/1-1.png\",\"width\":500,\"height\":500,\"caption\":\"EnOcean\"},\"image\":{\"@id\":\"https:\/\/www.enocean.com\/de\/#\/schema\/logo\/image\/\"},\"sameAs\":[\"https:\/\/www.linkedin.com\/company\/enocean\/\"]}]}<\/script>\n<!-- \/ Yoast SEO plugin. -->","yoast_head_json":{"title":"\u00dcbersicht - EnOcean","robots":{"index":"index","follow":"follow","max-snippet":"max-snippet:-1","max-image-preview":"max-image-preview:large","max-video-preview":"max-video-preview:-1"},"canonical":"https:\/\/www.enocean.com\/de\/technologie\/uebersicht\/","og_locale":"de_DE","og_type":"article","og_title":"\u00dcbersicht - EnOcean","og_url":"https:\/\/www.enocean.com\/de\/technologie\/uebersicht\/","og_site_name":"EnOcean","article_modified_time":"2025-01-07T08:14:19+00:00","og_image":[{"width":2048,"height":613,"url":"https:\/\/www.enocean.com\/wp-content\/uploads\/Header\/enocean_technology_01_2048x613.jpg","type":"image\/jpeg"}],"twitter_card":"summary_large_image","twitter_misc":{"Gesch\u00e4tzte Lesezeit":"2\u00a0Minuten"},"schema":{"@context":"https:\/\/schema.org","@graph":[{"@type":"WebPage","@id":"https:\/\/www.enocean.com\/de\/technologie\/uebersicht\/","url":"https:\/\/www.enocean.com\/de\/technologie\/uebersicht\/","name":"\u00dcbersicht - EnOcean","isPartOf":{"@id":"https:\/\/www.enocean.com\/de\/#website"},"primaryImageOfPage":{"@id":"https:\/\/www.enocean.com\/de\/technologie\/uebersicht\/#primaryimage"},"image":{"@id":"https:\/\/www.enocean.com\/de\/technologie\/uebersicht\/#primaryimage"},"thumbnailUrl":"https:\/\/www.enocean.com\/wp-content\/uploads\/eo_technology_2048x613.jpg","datePublished":"2021-11-30T07:47:55+00:00","dateModified":"2025-01-07T08:14:19+00:00","breadcrumb":{"@id":"https:\/\/www.enocean.com\/de\/technologie\/uebersicht\/#breadcrumb"},"inLanguage":"de","potentialAction":[{"@type":"ReadAction","target":["https:\/\/www.enocean.com\/de\/technologie\/uebersicht\/"]}]},{"@type":"ImageObject","inLanguage":"de","@id":"https:\/\/www.enocean.com\/de\/technologie\/uebersicht\/#primaryimage","url":"https:\/\/www.enocean.com\/wp-content\/uploads\/eo_technology_2048x613.jpg","contentUrl":"https:\/\/www.enocean.com\/wp-content\/uploads\/eo_technology_2048x613.jpg","width":2048,"height":613,"caption":"EnOcean Technology"},{"@type":"BreadcrumbList","@id":"https:\/\/www.enocean.com\/de\/technologie\/uebersicht\/#breadcrumb","itemListElement":[{"@type":"ListItem","position":1,"name":"Startseite","item":"https:\/\/www.enocean.com\/de\/"},{"@type":"ListItem","position":2,"name":"Technologie","item":"https:\/\/www.enocean.com\/de\/technologie\/"},{"@type":"ListItem","position":3,"name":"\u00dcbersicht"}]},{"@type":"WebSite","@id":"https:\/\/www.enocean.com\/de\/#website","url":"https:\/\/www.enocean.com\/de\/","name":"EnOcean","description":"EnOcean Relaunch","publisher":{"@id":"https:\/\/www.enocean.com\/de\/#organization"},"potentialAction":[{"@type":"SearchAction","target":{"@type":"EntryPoint","urlTemplate":"https:\/\/www.enocean.com\/de\/?s={search_term_string}"},"query-input":{"@type":"PropertyValueSpecification","valueRequired":true,"valueName":"search_term_string"}}],"inLanguage":"de"},{"@type":"Organization","@id":"https:\/\/www.enocean.com\/de\/#organization","name":"EnOcean","url":"https:\/\/www.enocean.com\/de\/","logo":{"@type":"ImageObject","inLanguage":"de","@id":"https:\/\/www.enocean.com\/de\/#\/schema\/logo\/image\/","url":"https:\/\/www.enocean.com\/wp-content\/uploads\/Logos\/1-1.png","contentUrl":"https:\/\/www.enocean.com\/wp-content\/uploads\/Logos\/1-1.png","width":500,"height":500,"caption":"EnOcean"},"image":{"@id":"https:\/\/www.enocean.com\/de\/#\/schema\/logo\/image\/"},"sameAs":["https:\/\/www.linkedin.com\/company\/enocean\/"]}]}},"taxonomy_info":[],"featured_image_src_large":["https:\/\/www.enocean.com\/wp-content\/uploads\/eo_technology_2048x613-1024x307.jpg",1024,307,true],"author_info":{"display_name":"Janina M\u00fcller","author_link":"https:\/\/www.enocean.com\/de\/author\/enocean_mueller\/"},"comment_info":0,"uagb_featured_image_src":{"full":["https:\/\/www.enocean.com\/wp-content\/uploads\/eo_technology_2048x613.jpg",2048,613,false],"thumbnail":["https:\/\/www.enocean.com\/wp-content\/uploads\/eo_technology_2048x613-150x45.jpg",150,45,true],"medium":["https:\/\/www.enocean.com\/wp-content\/uploads\/eo_technology_2048x613-300x90.jpg",300,90,true],"medium_large":["https:\/\/www.enocean.com\/wp-content\/uploads\/eo_technology_2048x613-768x230.jpg",768,230,true],"large":["https:\/\/www.enocean.com\/wp-content\/uploads\/eo_technology_2048x613-1024x307.jpg",1024,307,true],"1536x1536":["https:\/\/www.enocean.com\/wp-content\/uploads\/eo_technology_2048x613-1536x460.jpg",1536,460,true],"2048x2048":["https:\/\/www.enocean.com\/wp-content\/uploads\/eo_technology_2048x613.jpg",2048,613,false]},"uagb_author_info":{"display_name":"Janina M\u00fcller","author_link":"https:\/\/www.enocean.com\/de\/author\/enocean_mueller\/"},"uagb_comment_info":0,"uagb_excerpt":null,"_links":{"self":[{"href":"https:\/\/www.enocean.com\/de\/wp-json\/wp\/v2\/pages\/12487","targetHints":{"allow":["GET"]}}],"collection":[{"href":"https:\/\/www.enocean.com\/de\/wp-json\/wp\/v2\/pages"}],"about":[{"href":"https:\/\/www.enocean.com\/de\/wp-json\/wp\/v2\/types\/page"}],"author":[{"embeddable":true,"href":"https:\/\/www.enocean.com\/de\/wp-json\/wp\/v2\/users\/7"}],"replies":[{"embeddable":true,"href":"https:\/\/www.enocean.com\/de\/wp-json\/wp\/v2\/comments?post=12487"}],"version-history":[{"count":3,"href":"https:\/\/www.enocean.com\/de\/wp-json\/wp\/v2\/pages\/12487\/revisions"}],"predecessor-version":[{"id":27297,"href":"https:\/\/www.enocean.com\/de\/wp-json\/wp\/v2\/pages\/12487\/revisions\/27297"}],"up":[{"embeddable":true,"href":"https:\/\/www.enocean.com\/de\/wp-json\/wp\/v2\/pages\/12891"}],"wp:featuredmedia":[{"embeddable":true,"href":"https:\/\/www.enocean.com\/de\/wp-json\/wp\/v2\/media\/27253"}],"wp:attachment":[{"href":"https:\/\/www.enocean.com\/de\/wp-json\/wp\/v2\/media?parent=12487"}],"curies":[{"name":"wp","href":"https:\/\/api.w.org\/{rel}","templated":true}]}}