{"id":12491,"date":"2021-11-30T07:48:21","date_gmt":"2021-11-30T07:48:21","guid":{"rendered":"https:\/\/www.enocean.com\/hotdesking\/"},"modified":"2025-03-12T13:01:06","modified_gmt":"2025-03-12T12:01:06","slug":"hotdesking","status":"publish","type":"page","link":"https:\/\/www.enocean.com\/de\/anwendungen\/smart-spaces\/hotdesking\/","title":{"rendered":"Hotdesking"},"content":{"rendered":"\n<div class=\"wp-block-cover is-light eo-visualheader\"><span aria-hidden=\"true\" class=\"wp-block-cover__background has-background-dim-0 has-background-dim\" style=\"background-color:#c1c3c9\"><\/span><img decoding=\"async\" width=\"2048\" height=\"613\" class=\"wp-block-cover__image-background wp-image-27216\" alt=\"\" src=\"https:\/\/www.enocean.com\/wp-content\/uploads\/eo_hot_desking_2048x613.jpg\" data-object-fit=\"cover\" srcset=\"https:\/\/www.enocean.com\/wp-content\/uploads\/eo_hot_desking_2048x613.jpg 2048w, https:\/\/www.enocean.com\/wp-content\/uploads\/eo_hot_desking_2048x613-300x90.jpg 300w, https:\/\/www.enocean.com\/wp-content\/uploads\/eo_hot_desking_2048x613-1024x307.jpg 1024w, https:\/\/www.enocean.com\/wp-content\/uploads\/eo_hot_desking_2048x613-150x45.jpg 150w, https:\/\/www.enocean.com\/wp-content\/uploads\/eo_hot_desking_2048x613-768x230.jpg 768w, https:\/\/www.enocean.com\/wp-content\/uploads\/eo_hot_desking_2048x613-1536x460.jpg 1536w\" sizes=\"(max-width: 2048px) 100vw, 2048px\" \/><div class=\"wp-block-cover__inner-container is-layout-flow wp-block-cover-is-layout-flow\">\n<p class=\"has-text-align-center has-large-font-size\"><\/p>\n<\/div><\/div>\n\n\n\n<section class=\"wp-block-uagb-section uagb-section__wrap uagb-section__background-undefined uagb-block-a50a1f64\"><div class=\"uagb-section__overlay\"><\/div><div class=\"uagb-section__inner-wrap\">\n<h1 class=\"wp-block-heading\">Hotdesking<\/h1>\n<\/div><\/section>\n\n\n\n<section class=\"wp-block-uagb-section uagb-section__wrap uagb-section__background-undefined uagb-block-70239088\"><div class=\"uagb-section__overlay\"><\/div><div class=\"uagb-section__inner-wrap\">\n<h2 class=\"wp-block-heading\">Flexible Arbeitspl\u00e4tze, geringere Kosten<\/h2>\n\n\n\n<p>Hot Desking optimiert B\u00fcrofl\u00e4chen, indem Mitarbeiter jeden verf\u00fcgbaren Schreibtisch nutzen k\u00f6nnen, statt feste Arbeitspl\u00e4tze zu haben. So passt sich das Konzept an wechselnde Arbeitszeiten an \u2013 egal, ob Mitarbeiter im Urlaub, auf Gesch\u00e4ftsreise oder im Homeoffice sind.<\/p>\n\n\n\n<p>Eine App oder ein Dashboard zeigt in Echtzeit, welche Schreibtische frei sind, sodass jeder schnell den passenden Platz findet. Hot Desking spart Kosten durch weniger B\u00fcrofl\u00e4che, geringere Miet- und Energiekosten und reduzierte IT-Anforderungen. Zudem erh\u00f6ht es die Flexibilit\u00e4t, da Mitarbeiter je nach Bedarf einen Arbeitsplatz f\u00fcr konzentriertes Arbeiten oder f\u00fcr Teamarbeit w\u00e4hlen k\u00f6nnen.<\/p>\n\n\n\n<p>Die batterielosen Sensoren von EnOcean machen Hot Desking simple. Einfach auf den Schreibtischen platziert erkennen sie sofort, ob ein Platz belegt ist. L\u00f6sungen unserer Partner visualisieren diese Daten in Dashboards und Apps, sodass alle stets informiert sind.<\/p>\n<\/div><\/section>\n\n\n\n<section class=\"wp-block-uagb-section uagb-section__wrap uagb-section__background-undefined uagb-block-7497bf59\"><div class=\"uagb-section__overlay\"><\/div><div class=\"uagb-section__inner-wrap\">\n<h2 class=\"wp-block-heading\">Fallstudie: Intelligente B\u00fcrol\u00f6sung<\/h2>\n\n\n<div class=\"wp-block-image\">\n<figure class=\"alignright size-large is-resized\"><img decoding=\"async\" width=\"1024\" height=\"512\" src=\"https:\/\/www.enocean.com\/wp-content\/uploads\/Schmuckbilder\/enocean-hot-desking-1024x512.jpg\" alt=\"\" class=\"wp-image-9925\" style=\"width:512px;height:256px\" srcset=\"https:\/\/www.enocean.com\/wp-content\/uploads\/Schmuckbilder\/enocean-hot-desking-1024x512.jpg 1024w, https:\/\/www.enocean.com\/wp-content\/uploads\/Schmuckbilder\/enocean-hot-desking-300x150.jpg 300w, https:\/\/www.enocean.com\/wp-content\/uploads\/Schmuckbilder\/enocean-hot-desking-768x384.jpg 768w, https:\/\/www.enocean.com\/wp-content\/uploads\/Schmuckbilder\/enocean-hot-desking-1536x768.jpg 1536w, https:\/\/www.enocean.com\/wp-content\/uploads\/Schmuckbilder\/enocean-hot-desking-2048x1024.jpg 2048w\" sizes=\"(max-width: 1024px) 100vw, 1024px\" \/><\/figure>\n<\/div>\n\n\n<p>Digital Catapult ben\u00f6tigte eine effektivere Methode, um die Verf\u00fcgbarkeit von Arbeitspl\u00e4tzen und Besprechungsr\u00e4umen abzufragen. Im B\u00fcro des Unternehmens in der Euston Road in London stehen zahlreiche Hotdesks, Einzelkabinen und Besprechungsr\u00e4ume zur Verf\u00fcgung.<\/p>\n\n\n\n<p>IAconnects installierte eine intelligente B\u00fcrol\u00f6sung, die es Mitarbeitern erm\u00f6glicht, die Verf\u00fcgbarkeit einzelner oder mehrerer Arbeitspl\u00e4tze und Besprechungsr\u00e4ume zu \u00fcberpr\u00fcfen. Dar\u00fcber hinaus k\u00f6nnen sie die Temperatur und den CO2-Gehalt der Luft in unterschiedlichen B\u00fcrobereichen abrufen. Die Installation umfasste: <\/p>\n\n\n\n<ul class=\"wp-block-list\">\n<li>ein IoT-Edge-Gateway MobiusFlow<\/li>\n\n\n\n<li>ein Node-RED-Dashboard, das es Mitarbeitern erlaubt, anhand mehrerer Faktoren den passenden Schreibtisch zu w\u00e4hlen<\/li>\n\n\n\n<li>Tischbelegungssensoren zur Erfassung verf\u00fcgbarer Arbeitspl\u00e4tze<\/li>\n\n\n\n<li>EnOcean-Magnetkontaktsensoren an T\u00fcren und Fenstern, die anzeigen, welche Fenster und T\u00fcren ge\u00f6ffnet bzw. geschlossen sind<\/li>\n\n\n\n<li>EnOcean-Pr\u00e4senzmelder f\u00fcr Besprechungsr\u00e4ume und Gemeinschaftsbereiche<\/li>\n\n\n\n<li>eine Kombination aus Temperatur-, Feuchtigkeits- und Luftqualit\u00e4tssensoren (Temperatur, Feuchtigkeit, CO2 und fl\u00fcchtige organische Verbindungen (VOC)) mit EnOcean-Technologie, die Geb\u00e4ude- und B\u00fcromanager benachrichtigen, sobald die Werte zu hoch sind und Ma\u00dfnahmen ergriffen werden m\u00fcssen<\/li>\n<\/ul>\n\n\n<style>.wp-block-kadence-spacer.kt-block-spacer-12491_ff7034-bd .kt-block-spacer{height:20px;}.wp-block-kadence-spacer.kt-block-spacer-12491_ff7034-bd .kt-divider{border-top-width:1px;height:1px;border-top-color:#eee;width:80%;border-top-style:solid;}<\/style>\n<div class=\"wp-block-kadence-spacer aligncenter kt-block-spacer-12491_ff7034-bd\"><div class=\"kt-block-spacer kt-block-spacer-halign-center\"><\/div><\/div>\n\n\n\n<div class=\"wp-block-columns is-layout-flex wp-container-core-columns-is-layout-9d6595d7 wp-block-columns-is-layout-flex\">\n<div class=\"wp-block-column is-layout-flow wp-block-column-is-layout-flow\"><\/div>\n<\/div>\n<\/div><\/section>\n\n\n\n<section class=\"wp-block-uagb-section uagb-section__wrap uagb-section__background-undefined uagb-block-c5fe25de\"><div class=\"uagb-section__overlay\"><\/div><div class=\"uagb-section__inner-wrap\">\n<h2 class=\"wp-block-heading\">Weitere Anwendungen<\/h2>\n\n\n\n<section class=\"wp-block-uagb-section uagb-section__wrap uagb-section__background-undefined uagb-block-93cea9e1 eo-3-spalten\"><div class=\"uagb-section__overlay\"><\/div><div class=\"uagb-section__inner-wrap\">\n<div class=\"wp-block-columns is-layout-flex wp-container-core-columns-is-layout-9d6595d7 wp-block-columns-is-layout-flex\">\n<div class=\"wp-block-column has-back-alternate-blue-background-color has-background ek-linked-block is-layout-flow wp-block-column-is-layout-flow\">\n<div class=\"wp-block-uagb-section uagb-section__wrap uagb-section__background-none uagb-block-bf44aeae\"><div class=\"uagb-section__overlay\"><\/div><div class=\"uagb-section__inner-wrap\">\n<h4 class=\"wp-block-heading has-text-align-center\">Smart Spaces<\/h4>\n\n\n\n<div class=\"wp-block-buttons is-horizontal is-content-justification-center is-layout-flex wp-container-core-buttons-is-layout-499968f5 wp-block-buttons-is-layout-flex\">\n<div class=\"wp-block-button is-style-transparent-button-pfeil\"><a class=\"wp-block-button__link wp-element-button\" href=\"https:\/\/www.enocean.com\/applications\/internet-of-things\/smart-spaces\/\">Mehr<\/a><\/div>\n<\/div>\n<\/div><\/div>\n<\/div>\n\n\n\n<div class=\"wp-block-column has-back-alternate-blue-background-color has-background ek-linked-block is-layout-flow wp-block-column-is-layout-flow\">\n<div class=\"wp-block-uagb-section uagb-section__wrap uagb-section__background-color uagb-block-4e89781e\"><div class=\"uagb-section__overlay\"><\/div><div class=\"uagb-section__inner-wrap\">\n<h4 class=\"wp-block-heading has-text-align-center\">Smart Cleaning<\/h4>\n\n\n\n<div class=\"wp-block-buttons is-horizontal is-content-justification-center is-layout-flex wp-container-core-buttons-is-layout-499968f5 wp-block-buttons-is-layout-flex\">\n<div class=\"wp-block-button is-style-transparent-button-pfeil\"><a class=\"wp-block-button__link wp-element-button\" href=\"https:\/\/www.enocean.com\/applications\/internet-of-things\/smart-cleaning\/\">Mehr<\/a><\/div>\n<\/div>\n<\/div><\/div>\n<\/div>\n\n\n\n<div class=\"wp-block-column has-back-alternate-blue-background-color has-background ek-linked-block is-layout-flow wp-block-column-is-layout-flow\">\n<div class=\"wp-block-uagb-section uagb-section__wrap uagb-section__background-color uagb-block-d35ba88f\"><div class=\"uagb-section__overlay\"><\/div><div class=\"uagb-section__inner-wrap\">\n<h4 class=\"wp-block-heading has-text-align-center\">Asset Management<\/h4>\n\n\n\n<div class=\"wp-block-buttons is-horizontal is-content-justification-center is-layout-flex wp-container-core-buttons-is-layout-499968f5 wp-block-buttons-is-layout-flex\">\n<div class=\"wp-block-button is-style-transparent-button-pfeil\"><a class=\"wp-block-button__link wp-element-button\" href=\"https:\/\/www.enocean.com\/applications\/internet-of-things\/asset-management\/\">Mehr<\/a><\/div>\n<\/div>\n<\/div><\/div>\n<\/div>\n<\/div>\n<\/div><\/section>\n<\/div><\/section>\n","protected":false},"excerpt":{"rendered":"","protected":false},"author":2,"featured_media":27187,"parent":12731,"menu_order":26,"comment_status":"closed","ping_status":"closed","template":"","meta":{"_acf_changed":false,"inline_featured_image":false,"_uag_custom_page_level_css":"","_kad_blocks_custom_css":"","_kad_blocks_head_custom_js":"","_kad_blocks_body_custom_js":"","_kad_blocks_footer_custom_js":"","footnotes":""},"class_list":["post-12491","page","type-page","status-publish","has-post-thumbnail","hentry"],"acf":[],"yoast_head":"<!-- This site is optimized with the Yoast SEO plugin v26.5 - https:\/\/yoast.com\/wordpress\/plugins\/seo\/ -->\n<title>Hotdesking - EnOcean<\/title>\n<meta name=\"robots\" content=\"index, follow, max-snippet:-1, max-image-preview:large, max-video-preview:-1\" \/>\n<link rel=\"canonical\" href=\"https:\/\/www.enocean.com\/de\/anwendungen\/smart-spaces\/hotdesking\/\" \/>\n<meta property=\"og:locale\" content=\"de_DE\" \/>\n<meta property=\"og:type\" content=\"article\" \/>\n<meta property=\"og:title\" content=\"Hotdesking - EnOcean\" \/>\n<meta property=\"og:url\" content=\"https:\/\/www.enocean.com\/de\/anwendungen\/smart-spaces\/hotdesking\/\" \/>\n<meta property=\"og:site_name\" content=\"EnOcean\" \/>\n<meta property=\"article:modified_time\" content=\"2025-03-12T12:01:06+00:00\" \/>\n<meta property=\"og:image\" content=\"https:\/\/www.enocean.com\/wp-content\/uploads\/Header\/eo_hot_desking_2048x613.jpg\" \/>\n\t<meta property=\"og:image:width\" content=\"2048\" \/>\n\t<meta property=\"og:image:height\" content=\"613\" \/>\n\t<meta property=\"og:image:type\" content=\"image\/jpeg\" \/>\n<meta name=\"twitter:card\" content=\"summary_large_image\" \/>\n<meta name=\"twitter:label1\" content=\"Gesch\u00e4tzte Lesezeit\" \/>\n\t<meta name=\"twitter:data1\" content=\"2\u00a0Minuten\" \/>\n<script type=\"application\/ld+json\" class=\"yoast-schema-graph\">{\"@context\":\"https:\/\/schema.org\",\"@graph\":[{\"@type\":\"WebPage\",\"@id\":\"https:\/\/www.enocean.com\/de\/anwendungen\/smart-spaces\/hotdesking\/\",\"url\":\"https:\/\/www.enocean.com\/de\/anwendungen\/smart-spaces\/hotdesking\/\",\"name\":\"Hotdesking - EnOcean\",\"isPartOf\":{\"@id\":\"https:\/\/www.enocean.com\/de\/#website\"},\"primaryImageOfPage\":{\"@id\":\"https:\/\/www.enocean.com\/de\/anwendungen\/smart-spaces\/hotdesking\/#primaryimage\"},\"image\":{\"@id\":\"https:\/\/www.enocean.com\/de\/anwendungen\/smart-spaces\/hotdesking\/#primaryimage\"},\"thumbnailUrl\":\"https:\/\/www.enocean.com\/wp-content\/uploads\/Header\/eo_hot_desking_2048x613.jpg\",\"datePublished\":\"2021-11-30T07:48:21+00:00\",\"dateModified\":\"2025-03-12T12:01:06+00:00\",\"breadcrumb\":{\"@id\":\"https:\/\/www.enocean.com\/de\/anwendungen\/smart-spaces\/hotdesking\/#breadcrumb\"},\"inLanguage\":\"de\",\"potentialAction\":[{\"@type\":\"ReadAction\",\"target\":[\"https:\/\/www.enocean.com\/de\/anwendungen\/smart-spaces\/hotdesking\/\"]}]},{\"@type\":\"ImageObject\",\"inLanguage\":\"de\",\"@id\":\"https:\/\/www.enocean.com\/de\/anwendungen\/smart-spaces\/hotdesking\/#primaryimage\",\"url\":\"https:\/\/www.enocean.com\/wp-content\/uploads\/Header\/eo_hot_desking_2048x613.jpg\",\"contentUrl\":\"https:\/\/www.enocean.com\/wp-content\/uploads\/Header\/eo_hot_desking_2048x613.jpg\",\"width\":2048,\"height\":613,\"caption\":\"EnOcean Hot Desking\"},{\"@type\":\"BreadcrumbList\",\"@id\":\"https:\/\/www.enocean.com\/de\/anwendungen\/smart-spaces\/hotdesking\/#breadcrumb\",\"itemListElement\":[{\"@type\":\"ListItem\",\"position\":1,\"name\":\"Startseite\",\"item\":\"https:\/\/www.enocean.com\/de\/\"},{\"@type\":\"ListItem\",\"position\":2,\"name\":\"Anwendungen\",\"item\":\"https:\/\/www.enocean.com\/de\/anwendungen\/\"},{\"@type\":\"ListItem\",\"position\":3,\"name\":\"Smart Spaces\",\"item\":\"https:\/\/www.enocean.com\/de\/anwendungen\/smart-spaces\/\"},{\"@type\":\"ListItem\",\"position\":4,\"name\":\"Hotdesking\"}]},{\"@type\":\"WebSite\",\"@id\":\"https:\/\/www.enocean.com\/de\/#website\",\"url\":\"https:\/\/www.enocean.com\/de\/\",\"name\":\"EnOcean\",\"description\":\"EnOcean Relaunch\",\"publisher\":{\"@id\":\"https:\/\/www.enocean.com\/de\/#organization\"},\"potentialAction\":[{\"@type\":\"SearchAction\",\"target\":{\"@type\":\"EntryPoint\",\"urlTemplate\":\"https:\/\/www.enocean.com\/de\/?s={search_term_string}\"},\"query-input\":{\"@type\":\"PropertyValueSpecification\",\"valueRequired\":true,\"valueName\":\"search_term_string\"}}],\"inLanguage\":\"de\"},{\"@type\":\"Organization\",\"@id\":\"https:\/\/www.enocean.com\/de\/#organization\",\"name\":\"EnOcean\",\"url\":\"https:\/\/www.enocean.com\/de\/\",\"logo\":{\"@type\":\"ImageObject\",\"inLanguage\":\"de\",\"@id\":\"https:\/\/www.enocean.com\/de\/#\/schema\/logo\/image\/\",\"url\":\"https:\/\/www.enocean.com\/wp-content\/uploads\/Logos\/1-1.png\",\"contentUrl\":\"https:\/\/www.enocean.com\/wp-content\/uploads\/Logos\/1-1.png\",\"width\":500,\"height\":500,\"caption\":\"EnOcean\"},\"image\":{\"@id\":\"https:\/\/www.enocean.com\/de\/#\/schema\/logo\/image\/\"},\"sameAs\":[\"https:\/\/www.linkedin.com\/company\/enocean\/\"]}]}<\/script>\n<!-- \/ Yoast SEO plugin. -->","yoast_head_json":{"title":"Hotdesking - EnOcean","robots":{"index":"index","follow":"follow","max-snippet":"max-snippet:-1","max-image-preview":"max-image-preview:large","max-video-preview":"max-video-preview:-1"},"canonical":"https:\/\/www.enocean.com\/de\/anwendungen\/smart-spaces\/hotdesking\/","og_locale":"de_DE","og_type":"article","og_title":"Hotdesking - EnOcean","og_url":"https:\/\/www.enocean.com\/de\/anwendungen\/smart-spaces\/hotdesking\/","og_site_name":"EnOcean","article_modified_time":"2025-03-12T12:01:06+00:00","og_image":[{"width":2048,"height":613,"url":"https:\/\/www.enocean.com\/wp-content\/uploads\/Header\/eo_hot_desking_2048x613.jpg","type":"image\/jpeg"}],"twitter_card":"summary_large_image","twitter_misc":{"Gesch\u00e4tzte Lesezeit":"2\u00a0Minuten"},"schema":{"@context":"https:\/\/schema.org","@graph":[{"@type":"WebPage","@id":"https:\/\/www.enocean.com\/de\/anwendungen\/smart-spaces\/hotdesking\/","url":"https:\/\/www.enocean.com\/de\/anwendungen\/smart-spaces\/hotdesking\/","name":"Hotdesking - EnOcean","isPartOf":{"@id":"https:\/\/www.enocean.com\/de\/#website"},"primaryImageOfPage":{"@id":"https:\/\/www.enocean.com\/de\/anwendungen\/smart-spaces\/hotdesking\/#primaryimage"},"image":{"@id":"https:\/\/www.enocean.com\/de\/anwendungen\/smart-spaces\/hotdesking\/#primaryimage"},"thumbnailUrl":"https:\/\/www.enocean.com\/wp-content\/uploads\/Header\/eo_hot_desking_2048x613.jpg","datePublished":"2021-11-30T07:48:21+00:00","dateModified":"2025-03-12T12:01:06+00:00","breadcrumb":{"@id":"https:\/\/www.enocean.com\/de\/anwendungen\/smart-spaces\/hotdesking\/#breadcrumb"},"inLanguage":"de","potentialAction":[{"@type":"ReadAction","target":["https:\/\/www.enocean.com\/de\/anwendungen\/smart-spaces\/hotdesking\/"]}]},{"@type":"ImageObject","inLanguage":"de","@id":"https:\/\/www.enocean.com\/de\/anwendungen\/smart-spaces\/hotdesking\/#primaryimage","url":"https:\/\/www.enocean.com\/wp-content\/uploads\/Header\/eo_hot_desking_2048x613.jpg","contentUrl":"https:\/\/www.enocean.com\/wp-content\/uploads\/Header\/eo_hot_desking_2048x613.jpg","width":2048,"height":613,"caption":"EnOcean Hot Desking"},{"@type":"BreadcrumbList","@id":"https:\/\/www.enocean.com\/de\/anwendungen\/smart-spaces\/hotdesking\/#breadcrumb","itemListElement":[{"@type":"ListItem","position":1,"name":"Startseite","item":"https:\/\/www.enocean.com\/de\/"},{"@type":"ListItem","position":2,"name":"Anwendungen","item":"https:\/\/www.enocean.com\/de\/anwendungen\/"},{"@type":"ListItem","position":3,"name":"Smart Spaces","item":"https:\/\/www.enocean.com\/de\/anwendungen\/smart-spaces\/"},{"@type":"ListItem","position":4,"name":"Hotdesking"}]},{"@type":"WebSite","@id":"https:\/\/www.enocean.com\/de\/#website","url":"https:\/\/www.enocean.com\/de\/","name":"EnOcean","description":"EnOcean Relaunch","publisher":{"@id":"https:\/\/www.enocean.com\/de\/#organization"},"potentialAction":[{"@type":"SearchAction","target":{"@type":"EntryPoint","urlTemplate":"https:\/\/www.enocean.com\/de\/?s={search_term_string}"},"query-input":{"@type":"PropertyValueSpecification","valueRequired":true,"valueName":"search_term_string"}}],"inLanguage":"de"},{"@type":"Organization","@id":"https:\/\/www.enocean.com\/de\/#organization","name":"EnOcean","url":"https:\/\/www.enocean.com\/de\/","logo":{"@type":"ImageObject","inLanguage":"de","@id":"https:\/\/www.enocean.com\/de\/#\/schema\/logo\/image\/","url":"https:\/\/www.enocean.com\/wp-content\/uploads\/Logos\/1-1.png","contentUrl":"https:\/\/www.enocean.com\/wp-content\/uploads\/Logos\/1-1.png","width":500,"height":500,"caption":"EnOcean"},"image":{"@id":"https:\/\/www.enocean.com\/de\/#\/schema\/logo\/image\/"},"sameAs":["https:\/\/www.linkedin.com\/company\/enocean\/"]}]}},"taxonomy_info":[],"featured_image_src_large":["https:\/\/www.enocean.com\/wp-content\/uploads\/Header\/eo_hot_desking_2048x613-1024x307.jpg",1024,307,true],"author_info":{"display_name":"Martin Ische","author_link":"https:\/\/www.enocean.com\/de\/author\/aundiu_ische\/"},"comment_info":0,"uagb_featured_image_src":{"full":["https:\/\/www.enocean.com\/wp-content\/uploads\/Header\/eo_hot_desking_2048x613.jpg",2048,613,false],"thumbnail":["https:\/\/www.enocean.com\/wp-content\/uploads\/Header\/eo_hot_desking_2048x613-150x45.jpg",150,45,true],"medium":["https:\/\/www.enocean.com\/wp-content\/uploads\/Header\/eo_hot_desking_2048x613-300x90.jpg",300,90,true],"medium_large":["https:\/\/www.enocean.com\/wp-content\/uploads\/Header\/eo_hot_desking_2048x613-768x230.jpg",768,230,true],"large":["https:\/\/www.enocean.com\/wp-content\/uploads\/Header\/eo_hot_desking_2048x613-1024x307.jpg",1024,307,true],"1536x1536":["https:\/\/www.enocean.com\/wp-content\/uploads\/Header\/eo_hot_desking_2048x613-1536x460.jpg",1536,460,true],"2048x2048":["https:\/\/www.enocean.com\/wp-content\/uploads\/Header\/eo_hot_desking_2048x613.jpg",2048,613,false]},"uagb_author_info":{"display_name":"Martin Ische","author_link":"https:\/\/www.enocean.com\/de\/author\/aundiu_ische\/"},"uagb_comment_info":0,"uagb_excerpt":null,"_links":{"self":[{"href":"https:\/\/www.enocean.com\/de\/wp-json\/wp\/v2\/pages\/12491","targetHints":{"allow":["GET"]}}],"collection":[{"href":"https:\/\/www.enocean.com\/de\/wp-json\/wp\/v2\/pages"}],"about":[{"href":"https:\/\/www.enocean.com\/de\/wp-json\/wp\/v2\/types\/page"}],"author":[{"embeddable":true,"href":"https:\/\/www.enocean.com\/de\/wp-json\/wp\/v2\/users\/2"}],"replies":[{"embeddable":true,"href":"https:\/\/www.enocean.com\/de\/wp-json\/wp\/v2\/comments?post=12491"}],"version-history":[{"count":4,"href":"https:\/\/www.enocean.com\/de\/wp-json\/wp\/v2\/pages\/12491\/revisions"}],"predecessor-version":[{"id":28086,"href":"https:\/\/www.enocean.com\/de\/wp-json\/wp\/v2\/pages\/12491\/revisions\/28086"}],"up":[{"embeddable":true,"href":"https:\/\/www.enocean.com\/de\/wp-json\/wp\/v2\/pages\/12731"}],"wp:featuredmedia":[{"embeddable":true,"href":"https:\/\/www.enocean.com\/de\/wp-json\/wp\/v2\/media\/27187"}],"wp:attachment":[{"href":"https:\/\/www.enocean.com\/de\/wp-json\/wp\/v2\/media?parent=12491"}],"curies":[{"name":"wp","href":"https:\/\/api.w.org\/{rel}","templated":true}]}}