{"id":12608,"date":"2021-12-01T08:52:23","date_gmt":"2021-12-01T08:52:23","guid":{"rendered":"https:\/\/www.enocean.com\/produktuebersicht\/"},"modified":"2022-03-22T11:57:33","modified_gmt":"2022-03-22T10:57:33","slug":"produktuebersicht","status":"publish","type":"page","link":"https:\/\/www.enocean.com\/de\/produkte\/produktuebersicht\/","title":{"rendered":"Produkt\u00fcbersicht"},"content":{"rendered":"<style>.wp-block-kadence-spacer.kt-block-spacer-_f61987-54 .kt-block-spacer{height:60px;}.wp-block-kadence-spacer.kt-block-spacer-_f61987-54 .kt-divider{border-top-width:1px;height:1px;border-top-color:#eee;width:80%;border-top-style:solid;}<\/style>\n<div class=\"wp-block-kadence-spacer aligncenter kt-block-spacer-_f61987-54\"><div class=\"kt-block-spacer kt-block-spacer-halign-center\"><\/div><\/div>\n\n\n\n<section class=\"wp-block-uagb-section uagb-section__wrap uagb-section__background-undefined uagb-block-ba259821\"><div class=\"uagb-section__overlay\"><\/div><div class=\"uagb-section__inner-wrap\">\n<h1 class=\"wp-block-heading\">Produkt\u00fcbersicht<\/h1>\n<\/div><\/section>\n\n\n\n<section class=\"wp-block-uagb-section uagb-section__wrap uagb-section__background-undefined uagb-block-e2c4200a eo-6-spalten-icons\"><div class=\"uagb-section__overlay\"><\/div><div class=\"uagb-section__inner-wrap\">\n<h2 class=\"wp-block-heading\">Kategorie w\u00e4hlen<\/h2>\n\n\n<style>.wp-block-kadence-spacer.kt-block-spacer-_34f105-24 .kt-block-spacer{height:30px;}.wp-block-kadence-spacer.kt-block-spacer-_34f105-24 .kt-divider{border-top-width:1px;height:1px;border-top-color:#eee;width:80%;border-top-style:solid;}<\/style>\n<div class=\"wp-block-kadence-spacer aligncenter kt-block-spacer-_34f105-24\"><div class=\"kt-block-spacer kt-block-spacer-halign-center\"><\/div><\/div>\n\n\n\n<div class=\"wp-block-columns is-layout-flex wp-container-core-columns-is-layout-9d6595d7 wp-block-columns-is-layout-flex\">\n<div class=\"wp-block-column ek-linked-block is-layout-flow wp-block-column-is-layout-flow\">\n<div class=\"wp-block-image\"><figure class=\"aligncenter size-full\"><img decoding=\"async\" width=\"400\" height=\"395\" src=\"https:\/\/www.enocean.com\/wp-content\/uploads\/Icons\/portfolio_blau-4.png\" alt=\"\" class=\"wp-image-16945\" srcset=\"https:\/\/www.enocean.com\/wp-content\/uploads\/Icons\/portfolio_blau-4.png 400w, https:\/\/www.enocean.com\/wp-content\/uploads\/Icons\/portfolio_blau-4-300x296.png 300w, https:\/\/www.enocean.com\/wp-content\/uploads\/Icons\/portfolio_blau-4-150x148.png 150w\" sizes=\"(max-width: 400px) 100vw, 400px\" \/><\/figure><\/div>\n\n\n\n<p class=\"has-text-align-center has-blue-color has-text-color\">Alle Produkte<\/p>\n<\/div>\n\n\n\n<div class=\"wp-block-column ek-linked-block is-layout-flow wp-block-column-is-layout-flow\">\n<div class=\"wp-block-image\"><figure class=\"aligncenter size-full\"><img decoding=\"async\" width=\"200\" height=\"200\" src=\"https:\/\/www.enocean.com\/wp-content\/uploads\/Icons\/29_switch.png\" alt=\"\" class=\"wp-image-5403\" srcset=\"https:\/\/www.enocean.com\/wp-content\/uploads\/Icons\/29_switch.png 200w, https:\/\/www.enocean.com\/wp-content\/uploads\/Icons\/29_switch-150x150.png 150w\" sizes=\"(max-width: 200px) 100vw, 200px\" \/><\/figure><\/div>\n\n\n\n<p class=\"has-text-align-center has-blue-color has-text-color\">Kinetische Schalter<\/p>\n<\/div>\n\n\n\n<div class=\"wp-block-column ek-linked-block is-layout-flow wp-block-column-is-layout-flow\">\n<div class=\"wp-block-image\"><figure class=\"aligncenter size-full\"><img decoding=\"async\" width=\"200\" height=\"200\" src=\"https:\/\/www.enocean.com\/wp-content\/uploads\/Icons\/30_sensor.png\" alt=\"\" class=\"wp-image-5409\" srcset=\"https:\/\/www.enocean.com\/wp-content\/uploads\/Icons\/30_sensor.png 200w, https:\/\/www.enocean.com\/wp-content\/uploads\/Icons\/30_sensor-150x150.png 150w\" sizes=\"(max-width: 200px) 100vw, 200px\" \/><\/figure><\/div>\n\n\n\n<p class=\"has-text-align-center has-blue-color has-text-color\">Energieautarke Sensoren<\/p>\n<\/div>\n\n\n\n<div class=\"wp-block-column ek-linked-block is-layout-flow wp-block-column-is-layout-flow\">\n<div class=\"wp-block-image\"><figure class=\"aligncenter size-full\"><img decoding=\"async\" width=\"200\" height=\"200\" src=\"https:\/\/www.enocean.com\/wp-content\/uploads\/Icons\/24_gateway.png\" alt=\"\" class=\"wp-image-5406\" srcset=\"https:\/\/www.enocean.com\/wp-content\/uploads\/Icons\/24_gateway.png 200w, https:\/\/www.enocean.com\/wp-content\/uploads\/Icons\/24_gateway-150x150.png 150w\" sizes=\"(max-width: 200px) 100vw, 200px\" \/><\/figure><\/div>\n\n\n\n<p class=\"has-text-align-center has-blue-color has-text-color\">Transceiver, Gateways &amp; Aktoren<\/p>\n<\/div>\n\n\n\n<div class=\"wp-block-column ek-linked-block is-layout-flow wp-block-column-is-layout-flow\">\n<div class=\"wp-block-image\"><figure class=\"aligncenter size-full\"><img decoding=\"async\" width=\"200\" height=\"200\" src=\"https:\/\/www.enocean.com\/wp-content\/uploads\/Icons\/18_internet-of-things.png\" alt=\"\" class=\"wp-image-5400\" srcset=\"https:\/\/www.enocean.com\/wp-content\/uploads\/Icons\/18_internet-of-things.png 200w, https:\/\/www.enocean.com\/wp-content\/uploads\/Icons\/18_internet-of-things-150x150.png 150w\" sizes=\"(max-width: 200px) 100vw, 200px\" \/><\/figure><\/div>\n\n\n\n<p class=\"has-text-align-center has-blue-color has-text-color\">IoT-Software, Entwicklungstools &amp; -kits<\/p>\n<\/div>\n<\/div>\n<\/div><\/section>\n\n\n\n<section class=\"wp-block-uagb-section uagb-section__wrap uagb-section__background-undefined uagb-block-1675ef90 eo-6-spalten-icons\"><div class=\"uagb-section__overlay\"><\/div><div class=\"uagb-section__inner-wrap\">\n<h2 class=\"wp-block-heading\">Frequenz w\u00e4hlen<\/h2>\n\n\n<style>.wp-block-kadence-spacer.kt-block-spacer-_df7fff-7f .kt-block-spacer{height:30px;}.wp-block-kadence-spacer.kt-block-spacer-_df7fff-7f .kt-divider{border-top-width:1px;height:1px;border-top-color:#eee;width:80%;border-top-style:solid;}<\/style>\n<div class=\"wp-block-kadence-spacer aligncenter kt-block-spacer-_df7fff-7f\"><div class=\"kt-block-spacer kt-block-spacer-halign-center\"><\/div><\/div>\n\n\n\n<div class=\"wp-block-columns is-layout-flex wp-container-core-columns-is-layout-9d6595d7 wp-block-columns-is-layout-flex\">\n<div class=\"wp-block-column ek-linked-block is-layout-flow wp-block-column-is-layout-flow\">\n<div class=\"wp-block-image\"><figure class=\"aligncenter size-thumbnail\"><img decoding=\"async\" width=\"150\" height=\"150\" src=\"https:\/\/www.enocean.com\/wp-content\/uploads\/Icons\/01_868-mhz-150x150.png\" alt=\"\" class=\"wp-image-17697\" srcset=\"https:\/\/www.enocean.com\/wp-content\/uploads\/Icons\/01_868-mhz-150x150.png 150w, https:\/\/www.enocean.com\/wp-content\/uploads\/Icons\/01_868-mhz.png 200w\" sizes=\"(max-width: 150px) 100vw, 150px\" \/><\/figure><\/div>\n\n\n\n<p class=\"has-text-align-center has-blue-color has-text-color\">EnOcean f\u00fcr Europa<\/p>\n<\/div>\n\n\n\n<div class=\"wp-block-column ek-linked-block is-layout-flow wp-block-column-is-layout-flow\">\n<div class=\"wp-block-image\"><figure class=\"aligncenter size-thumbnail\"><img decoding=\"async\" width=\"150\" height=\"150\" src=\"https:\/\/www.enocean.com\/wp-content\/uploads\/Icons\/02_902-mhz-150x150.png\" alt=\"\" class=\"wp-image-17691\" srcset=\"https:\/\/www.enocean.com\/wp-content\/uploads\/Icons\/02_902-mhz-150x150.png 150w, https:\/\/www.enocean.com\/wp-content\/uploads\/Icons\/02_902-mhz.png 200w\" sizes=\"(max-width: 150px) 100vw, 150px\" \/><\/figure><\/div>\n\n\n\n<p class=\"has-text-align-center has-blue-color has-text-color\">EnOcean f\u00fcr Nordamerika<\/p>\n<\/div>\n\n\n\n<div class=\"wp-block-column ek-linked-block is-layout-flow wp-block-column-is-layout-flow\">\n<div class=\"wp-block-image\"><figure class=\"aligncenter size-thumbnail\"><img decoding=\"async\" width=\"150\" height=\"150\" src=\"https:\/\/www.enocean.com\/wp-content\/uploads\/Icons\/03_928-mhz-150x150.png\" alt=\"\" class=\"wp-image-17693\" srcset=\"https:\/\/www.enocean.com\/wp-content\/uploads\/Icons\/03_928-mhz-150x150.png 150w, https:\/\/www.enocean.com\/wp-content\/uploads\/Icons\/03_928-mhz.png 200w\" sizes=\"(max-width: 150px) 100vw, 150px\" \/><\/figure><\/div>\n\n\n\n<p class=\"has-text-align-center has-blue-color has-text-color\">EnOcean f\u00fcr Japan<\/p>\n<\/div>\n\n\n\n<div class=\"wp-block-column ek-linked-block is-layout-flow wp-block-column-is-layout-flow\">\n<div class=\"wp-block-image\"><figure class=\"aligncenter size-full\"><img decoding=\"async\" width=\"200\" height=\"200\" src=\"https:\/\/www.enocean.com\/wp-content\/uploads\/Icons\/5-ghz_de.png\" alt=\"\" class=\"wp-image-17699\" srcset=\"https:\/\/www.enocean.com\/wp-content\/uploads\/Icons\/5-ghz_de.png 200w, https:\/\/www.enocean.com\/wp-content\/uploads\/Icons\/5-ghz_de-150x150.png 150w\" sizes=\"(max-width: 200px) 100vw, 200px\" \/><\/figure><\/div>\n\n\n\n<p class=\"has-text-align-center has-blue-color has-text-color\">Bluetooth weltweit<\/p>\n<\/div>\n\n\n\n<div class=\"wp-block-column ek-linked-block is-layout-flow wp-block-column-is-layout-flow\">\n<div class=\"wp-block-image\"><figure class=\"aligncenter size-full\"><img decoding=\"async\" width=\"200\" height=\"200\" src=\"https:\/\/www.enocean.com\/wp-content\/uploads\/Icons\/5-ghz_de.png\" alt=\"\" class=\"wp-image-17699\" srcset=\"https:\/\/www.enocean.com\/wp-content\/uploads\/Icons\/5-ghz_de.png 200w, https:\/\/www.enocean.com\/wp-content\/uploads\/Icons\/5-ghz_de-150x150.png 150w\" sizes=\"(max-width: 200px) 100vw, 200px\" \/><\/figure><\/div>\n\n\n\n<p class=\"has-text-align-center has-blue-color has-text-color\">Zigbee weltweit<\/p>\n<\/div>\n<\/div>\n\n\n\n<p><\/p>\n<\/div><\/section>\n\n\n\n<section class=\"wp-block-uagb-section uagb-section__wrap uagb-section__background-undefined uagb-block-b2cf198f\"><div class=\"uagb-section__overlay\"><\/div><div class=\"uagb-section__inner-wrap\">\n<h2 class=\"wp-block-heading\">Das Produktportfolio von EnOcean<\/h2>\n\n\n\n<p>Unser Produktportfolio reicht von kinetischen Schaltern und energieautarken Sensoren bis hin zu Software-Kits, Tools und Firmware f\u00fcr IoT-Anwendungen.  Die Schalter- und Sensormodule kommunizieren \u00fcber den von der <a href=\"https:\/\/www.enocean-alliance.org\/de\/\" target=\"_blank\" aria-label=\" (opens in a new tab)\" rel=\"noreferrer noopener\" class=\"ek-link\">EnOcean Alliance<\/a> eingef\u00fchrten EnOcean-Funkstandard im Sub-1-GHz-Bereich <a href=\"https:\/\/www.enocean-alliance.org\/de\/ueber-uns\/enocean-funkstandard\/\" target=\"_blank\" aria-label=\" (opens in a new tab)\" rel=\"noreferrer noopener\" class=\"ek-link\">(ISO\/IEC 14543-3-1X)<\/a>. Dieser hat sich aufgrund seiner hohen Zuverl\u00e4ssigkeit und Reichweite von bis zu 30&nbsp;Metern bestens in der Geb\u00e4udeautomation und im Smart Home bew\u00e4hrt. Standardisierte Sensorprofile stellen die Interoperabilit\u00e4t von mehr als 5.000&nbsp;Produkten des EnOcean-\u00d6kosystems sicher und erm\u00f6glichen so die Erstellung flexibel vernetzter Systeml\u00f6sungen. <\/p>\n\n\n\n<p>Zum EnOcean-Produktportfolio geh\u00f6ren auch batterielose Funkschaltmodule f\u00fcr das 2,4-GHz-Frequenzband: Zigbee Green Power-Systeme f\u00fcr weltweite Smart-Home-Anwendungen sowie Bluetooth Low Energy-Systeme, die Funkschaltmodule f\u00fcr die moderne Lichtsteuerung unterst\u00fctzen. <\/p>\n<\/div><\/section>\n\n\n\n<section class=\"wp-block-uagb-section uagb-section__wrap uagb-section__background-undefined uagb-block-b5c68089\"><div class=\"uagb-section__overlay\"><\/div><div class=\"uagb-section__inner-wrap\"><style>.kt-sc_eb7955-3f .kt-sc-imgcol, .kt-sc_eb7955-3f .kt-sc-textcol{min-height:385px;}.kt-sc_eb7955-3f .kt-sc-textcol{padding-top:24px;padding-right:24px;padding-bottom:24px;padding-left:24px;margin-top:0px;margin-right:0px;margin-bottom:0px;margin-left:0px;}@media all and (max-width: 767px){.kt-sc_eb7955-3f .kt-sc-imgcol, .kt-sc_eb7955-3f .kt-sc-textcol{min-height:450px;}}<\/style>\n<div class=\"wp-block-kadence-splitcontent aligncenter kt-sc_eb7955-3f\"><div class=\"kt-split-content-wrap kt-sc-media-side-left\" style=\"grid-template-columns:43% auto\"><div class=\"kt-sc-imgcol kt-sc-imgcol-bg-auto kt-sc-img-side-left\"><figure class=\"kt-split-content-media-image wp-image-container-4429\"><img decoding=\"async\" src=\"https:\/\/www.enocean.com\/wp-content\/uploads\/Logos\/easyfit_logo_byeno_pos_rgb.jpg\" alt=\"\" width=\"799\" height=\"228\" class=\"kt-split-content-img wp-image-4430\" srcset=\"https:\/\/www.enocean.com\/wp-content\/uploads\/Logos\/easyfit_logo_byeno_pos_rgb.jpg 799w, https:\/\/www.enocean.com\/wp-content\/uploads\/Logos\/easyfit_logo_byeno_pos_rgb-300x86.jpg 300w, https:\/\/www.enocean.com\/wp-content\/uploads\/Logos\/easyfit_logo_byeno_pos_rgb-768x219.jpg 768w\" sizes=\"(max-width: 799px) 100vw, 799px\" \/><\/figure><\/div><div class=\"kt-sc-textcol kt-sc-text-valign-center kt-sc-text-halign-left\" style=\"min-height:385px\"><div class=\"kt-sc-innter-col\">\n<p><strong>Easyfit \u2013 fertige Produkte f\u00fcr kabel- und batterielose LED-Steuerungen<\/strong><\/p>\n\n\n\n<p>Easyfit-Produkte sind batterielose Schalter und Sensoren, die durch Verwendung von Funkstandards wie EnOcean (902&nbsp;MHz f\u00fcr Nordamerika) und Bluetooth\u00ae Low Energy energieeffizientere, flexiblere und kosteng\u00fcnstigere LED-Beleuchtungsl\u00f6sungen erm\u00f6glichen.<\/p>\n\n\n\n<div class=\"wp-block-buttons is-layout-flex wp-block-buttons-is-layout-flex\">\n<div class=\"wp-block-button is-style-cta-button\"><a class=\"wp-block-button__link\" href=\"https:\/\/www.easyfit-controls.com\/de\/\" target=\"_blank\" rel=\"noreferrer noopener\" aria-label=\"opens a new tab\">Mehr erfahren<\/a><\/div>\n<\/div>\n<\/div><\/div><\/div><\/div>\n<\/div><\/section>\n\n\n\n<p><\/p>\n\n\n\n<p><\/p>\n","protected":false},"excerpt":{"rendered":"","protected":false},"author":7,"featured_media":16945,"parent":12892,"menu_order":25,"comment_status":"closed","ping_status":"closed","template":"","meta":{"_acf_changed":false,"inline_featured_image":false,"_uag_custom_page_level_css":"","_kad_blocks_custom_css":"","_kad_blocks_head_custom_js":"","_kad_blocks_body_custom_js":"","_kad_blocks_footer_custom_js":"","footnotes":""},"class_list":["post-12608","page","type-page","status-publish","has-post-thumbnail","hentry"],"acf":[],"yoast_head":"<!-- This site is optimized with the Yoast SEO plugin v26.5 - https:\/\/yoast.com\/wordpress\/plugins\/seo\/ -->\n<title>Produkt\u00fcbersicht - EnOcean<\/title>\n<meta name=\"robots\" content=\"index, follow, max-snippet:-1, max-image-preview:large, max-video-preview:-1\" \/>\n<link rel=\"canonical\" href=\"https:\/\/www.enocean.com\/de\/produkte\/produktuebersicht\/\" \/>\n<meta property=\"og:locale\" content=\"de_DE\" \/>\n<meta property=\"og:type\" content=\"article\" \/>\n<meta property=\"og:title\" content=\"Produkt\u00fcbersicht - EnOcean\" \/>\n<meta property=\"og:url\" content=\"https:\/\/www.enocean.com\/de\/produkte\/produktuebersicht\/\" \/>\n<meta property=\"og:site_name\" content=\"EnOcean\" \/>\n<meta property=\"article:modified_time\" content=\"2022-03-22T10:57:33+00:00\" \/>\n<meta property=\"og:image\" content=\"https:\/\/www.enocean.com\/wp-content\/uploads\/Icons\/portfolio_blau-4.png\" \/>\n<meta name=\"twitter:card\" content=\"summary_large_image\" \/>\n<meta name=\"twitter:label1\" content=\"Gesch\u00e4tzte Lesezeit\" \/>\n\t<meta name=\"twitter:data1\" content=\"3\u00a0Minuten\" \/>\n<script type=\"application\/ld+json\" class=\"yoast-schema-graph\">{\"@context\":\"https:\/\/schema.org\",\"@graph\":[{\"@type\":\"WebPage\",\"@id\":\"https:\/\/www.enocean.com\/de\/produkte\/produktuebersicht\/\",\"url\":\"https:\/\/www.enocean.com\/de\/produkte\/produktuebersicht\/\",\"name\":\"Produkt\u00fcbersicht - EnOcean\",\"isPartOf\":{\"@id\":\"https:\/\/www.enocean.com\/de\/#website\"},\"primaryImageOfPage\":{\"@id\":\"https:\/\/www.enocean.com\/de\/produkte\/produktuebersicht\/#primaryimage\"},\"image\":{\"@id\":\"https:\/\/www.enocean.com\/de\/produkte\/produktuebersicht\/#primaryimage\"},\"thumbnailUrl\":\"https:\/\/www.enocean.com\/wp-content\/uploads\/Icons\/portfolio_blau-4.png\",\"datePublished\":\"2021-12-01T08:52:23+00:00\",\"dateModified\":\"2022-03-22T10:57:33+00:00\",\"breadcrumb\":{\"@id\":\"https:\/\/www.enocean.com\/de\/produkte\/produktuebersicht\/#breadcrumb\"},\"inLanguage\":\"de\",\"potentialAction\":[{\"@type\":\"ReadAction\",\"target\":[\"https:\/\/www.enocean.com\/de\/produkte\/produktuebersicht\/\"]}]},{\"@type\":\"ImageObject\",\"inLanguage\":\"de\",\"@id\":\"https:\/\/www.enocean.com\/de\/produkte\/produktuebersicht\/#primaryimage\",\"url\":\"https:\/\/www.enocean.com\/wp-content\/uploads\/Icons\/portfolio_blau-4.png\",\"contentUrl\":\"https:\/\/www.enocean.com\/wp-content\/uploads\/Icons\/portfolio_blau-4.png\",\"width\":400,\"height\":395},{\"@type\":\"BreadcrumbList\",\"@id\":\"https:\/\/www.enocean.com\/de\/produkte\/produktuebersicht\/#breadcrumb\",\"itemListElement\":[{\"@type\":\"ListItem\",\"position\":1,\"name\":\"Startseite\",\"item\":\"https:\/\/www.enocean.com\/de\/\"},{\"@type\":\"ListItem\",\"position\":2,\"name\":\"Produkte\",\"item\":\"https:\/\/www.enocean.com\/de\/produkte\/\"},{\"@type\":\"ListItem\",\"position\":3,\"name\":\"Produkt\u00fcbersicht\"}]},{\"@type\":\"WebSite\",\"@id\":\"https:\/\/www.enocean.com\/de\/#website\",\"url\":\"https:\/\/www.enocean.com\/de\/\",\"name\":\"EnOcean\",\"description\":\"EnOcean Relaunch\",\"publisher\":{\"@id\":\"https:\/\/www.enocean.com\/de\/#organization\"},\"potentialAction\":[{\"@type\":\"SearchAction\",\"target\":{\"@type\":\"EntryPoint\",\"urlTemplate\":\"https:\/\/www.enocean.com\/de\/?s={search_term_string}\"},\"query-input\":{\"@type\":\"PropertyValueSpecification\",\"valueRequired\":true,\"valueName\":\"search_term_string\"}}],\"inLanguage\":\"de\"},{\"@type\":\"Organization\",\"@id\":\"https:\/\/www.enocean.com\/de\/#organization\",\"name\":\"EnOcean\",\"url\":\"https:\/\/www.enocean.com\/de\/\",\"logo\":{\"@type\":\"ImageObject\",\"inLanguage\":\"de\",\"@id\":\"https:\/\/www.enocean.com\/de\/#\/schema\/logo\/image\/\",\"url\":\"https:\/\/www.enocean.com\/wp-content\/uploads\/Logos\/1-1.png\",\"contentUrl\":\"https:\/\/www.enocean.com\/wp-content\/uploads\/Logos\/1-1.png\",\"width\":500,\"height\":500,\"caption\":\"EnOcean\"},\"image\":{\"@id\":\"https:\/\/www.enocean.com\/de\/#\/schema\/logo\/image\/\"},\"sameAs\":[\"https:\/\/www.linkedin.com\/company\/enocean\/\"]}]}<\/script>\n<!-- \/ Yoast SEO plugin. -->","yoast_head_json":{"title":"Produkt\u00fcbersicht - EnOcean","robots":{"index":"index","follow":"follow","max-snippet":"max-snippet:-1","max-image-preview":"max-image-preview:large","max-video-preview":"max-video-preview:-1"},"canonical":"https:\/\/www.enocean.com\/de\/produkte\/produktuebersicht\/","og_locale":"de_DE","og_type":"article","og_title":"Produkt\u00fcbersicht - EnOcean","og_url":"https:\/\/www.enocean.com\/de\/produkte\/produktuebersicht\/","og_site_name":"EnOcean","article_modified_time":"2022-03-22T10:57:33+00:00","og_image":[{"url":"https:\/\/www.enocean.com\/wp-content\/uploads\/Icons\/portfolio_blau-4.png","type":"","width":"","height":""}],"twitter_card":"summary_large_image","twitter_misc":{"Gesch\u00e4tzte Lesezeit":"3\u00a0Minuten"},"schema":{"@context":"https:\/\/schema.org","@graph":[{"@type":"WebPage","@id":"https:\/\/www.enocean.com\/de\/produkte\/produktuebersicht\/","url":"https:\/\/www.enocean.com\/de\/produkte\/produktuebersicht\/","name":"Produkt\u00fcbersicht - EnOcean","isPartOf":{"@id":"https:\/\/www.enocean.com\/de\/#website"},"primaryImageOfPage":{"@id":"https:\/\/www.enocean.com\/de\/produkte\/produktuebersicht\/#primaryimage"},"image":{"@id":"https:\/\/www.enocean.com\/de\/produkte\/produktuebersicht\/#primaryimage"},"thumbnailUrl":"https:\/\/www.enocean.com\/wp-content\/uploads\/Icons\/portfolio_blau-4.png","datePublished":"2021-12-01T08:52:23+00:00","dateModified":"2022-03-22T10:57:33+00:00","breadcrumb":{"@id":"https:\/\/www.enocean.com\/de\/produkte\/produktuebersicht\/#breadcrumb"},"inLanguage":"de","potentialAction":[{"@type":"ReadAction","target":["https:\/\/www.enocean.com\/de\/produkte\/produktuebersicht\/"]}]},{"@type":"ImageObject","inLanguage":"de","@id":"https:\/\/www.enocean.com\/de\/produkte\/produktuebersicht\/#primaryimage","url":"https:\/\/www.enocean.com\/wp-content\/uploads\/Icons\/portfolio_blau-4.png","contentUrl":"https:\/\/www.enocean.com\/wp-content\/uploads\/Icons\/portfolio_blau-4.png","width":400,"height":395},{"@type":"BreadcrumbList","@id":"https:\/\/www.enocean.com\/de\/produkte\/produktuebersicht\/#breadcrumb","itemListElement":[{"@type":"ListItem","position":1,"name":"Startseite","item":"https:\/\/www.enocean.com\/de\/"},{"@type":"ListItem","position":2,"name":"Produkte","item":"https:\/\/www.enocean.com\/de\/produkte\/"},{"@type":"ListItem","position":3,"name":"Produkt\u00fcbersicht"}]},{"@type":"WebSite","@id":"https:\/\/www.enocean.com\/de\/#website","url":"https:\/\/www.enocean.com\/de\/","name":"EnOcean","description":"EnOcean Relaunch","publisher":{"@id":"https:\/\/www.enocean.com\/de\/#organization"},"potentialAction":[{"@type":"SearchAction","target":{"@type":"EntryPoint","urlTemplate":"https:\/\/www.enocean.com\/de\/?s={search_term_string}"},"query-input":{"@type":"PropertyValueSpecification","valueRequired":true,"valueName":"search_term_string"}}],"inLanguage":"de"},{"@type":"Organization","@id":"https:\/\/www.enocean.com\/de\/#organization","name":"EnOcean","url":"https:\/\/www.enocean.com\/de\/","logo":{"@type":"ImageObject","inLanguage":"de","@id":"https:\/\/www.enocean.com\/de\/#\/schema\/logo\/image\/","url":"https:\/\/www.enocean.com\/wp-content\/uploads\/Logos\/1-1.png","contentUrl":"https:\/\/www.enocean.com\/wp-content\/uploads\/Logos\/1-1.png","width":500,"height":500,"caption":"EnOcean"},"image":{"@id":"https:\/\/www.enocean.com\/de\/#\/schema\/logo\/image\/"},"sameAs":["https:\/\/www.linkedin.com\/company\/enocean\/"]}]}},"taxonomy_info":[],"featured_image_src_large":["https:\/\/www.enocean.com\/wp-content\/uploads\/Icons\/portfolio_blau-4.png",400,395,false],"author_info":{"display_name":"Janina M\u00fcller","author_link":"https:\/\/www.enocean.com\/de\/author\/enocean_mueller\/"},"comment_info":0,"uagb_featured_image_src":{"full":["https:\/\/www.enocean.com\/wp-content\/uploads\/Icons\/portfolio_blau-4.png",400,395,false],"thumbnail":["https:\/\/www.enocean.com\/wp-content\/uploads\/Icons\/portfolio_blau-4-150x148.png",150,148,true],"medium":["https:\/\/www.enocean.com\/wp-content\/uploads\/Icons\/portfolio_blau-4-300x296.png",300,296,true],"medium_large":["https:\/\/www.enocean.com\/wp-content\/uploads\/Icons\/portfolio_blau-4.png",400,395,false],"large":["https:\/\/www.enocean.com\/wp-content\/uploads\/Icons\/portfolio_blau-4.png",400,395,false],"1536x1536":["https:\/\/www.enocean.com\/wp-content\/uploads\/Icons\/portfolio_blau-4.png",400,395,false],"2048x2048":["https:\/\/www.enocean.com\/wp-content\/uploads\/Icons\/portfolio_blau-4.png",400,395,false]},"uagb_author_info":{"display_name":"Janina M\u00fcller","author_link":"https:\/\/www.enocean.com\/de\/author\/enocean_mueller\/"},"uagb_comment_info":0,"uagb_excerpt":null,"_links":{"self":[{"href":"https:\/\/www.enocean.com\/de\/wp-json\/wp\/v2\/pages\/12608","targetHints":{"allow":["GET"]}}],"collection":[{"href":"https:\/\/www.enocean.com\/de\/wp-json\/wp\/v2\/pages"}],"about":[{"href":"https:\/\/www.enocean.com\/de\/wp-json\/wp\/v2\/types\/page"}],"author":[{"embeddable":true,"href":"https:\/\/www.enocean.com\/de\/wp-json\/wp\/v2\/users\/7"}],"replies":[{"embeddable":true,"href":"https:\/\/www.enocean.com\/de\/wp-json\/wp\/v2\/comments?post=12608"}],"version-history":[{"count":0,"href":"https:\/\/www.enocean.com\/de\/wp-json\/wp\/v2\/pages\/12608\/revisions"}],"up":[{"embeddable":true,"href":"https:\/\/www.enocean.com\/de\/wp-json\/wp\/v2\/pages\/12892"}],"wp:featuredmedia":[{"embeddable":true,"href":"https:\/\/www.enocean.com\/de\/wp-json\/wp\/v2\/media\/16945"}],"wp:attachment":[{"href":"https:\/\/www.enocean.com\/de\/wp-json\/wp\/v2\/media?parent=12608"}],"curies":[{"name":"wp","href":"https:\/\/api.w.org\/{rel}","templated":true}]}}