{"id":12612,"date":"2021-12-01T08:52:44","date_gmt":"2021-12-01T08:52:44","guid":{"rendered":"https:\/\/www.enocean.com\/energieautarke-sensoren-uebersicht\/"},"modified":"2025-12-17T15:32:08","modified_gmt":"2025-12-17T14:32:08","slug":"energieautarke-sensoren","status":"publish","type":"page","link":"https:\/\/www.enocean.com\/de\/produkte\/energieautarke-sensoren\/","title":{"rendered":"Energieautarke Sensoren\u00a0\u2013 \u00dcbersicht"},"content":{"rendered":"<style>.wp-block-kadence-spacer.kt-block-spacer-12612_96edcd-6c .kt-block-spacer{height:60px;}.wp-block-kadence-spacer.kt-block-spacer-12612_96edcd-6c .kt-divider{border-top-width:1px;height:1px;border-top-color:#eee;width:80%;border-top-style:solid;}<\/style>\n<div class=\"wp-block-kadence-spacer aligncenter kt-block-spacer-12612_96edcd-6c\"><div class=\"kt-block-spacer kt-block-spacer-halign-center\"><\/div><\/div>\n\n\n\n<section class=\"wp-block-uagb-section uagb-section__wrap uagb-section__background-none uagb-block-d093fafc\"><div class=\"uagb-section__overlay\"><\/div><div class=\"uagb-section__inner-wrap\">\n<h1 class=\"wp-block-heading\">Energieautarke Sensoren<\/h1>\n\n\n<style>.wp-block-kadence-spacer.kt-block-spacer-12612_f8b896-15 .kt-block-spacer{height:20px;}.wp-block-kadence-spacer.kt-block-spacer-12612_f8b896-15 .kt-divider{border-top-width:1px;height:1px;border-top-color:#eee;width:80%;border-top-style:solid;}<\/style>\n<div class=\"wp-block-kadence-spacer aligncenter kt-block-spacer-12612_f8b896-15\"><div class=\"kt-block-spacer kt-block-spacer-halign-center\"><\/div><\/div>\n\n\n\n<h2 class=\"wp-block-heading\">Batterielose Sensoren f\u00fcr energieeffiziente, sichere Geb\u00e4ude mit hohem Komfort<\/h2>\n\n\n<style>.wp-block-kadence-spacer.kt-block-spacer-12612_011ebf-ce .kt-block-spacer{height:20px;}.wp-block-kadence-spacer.kt-block-spacer-12612_011ebf-ce .kt-divider{border-top-width:1px;height:1px;border-top-color:#eee;width:80%;border-top-style:solid;}<\/style>\n<div class=\"wp-block-kadence-spacer aligncenter kt-block-spacer-12612_011ebf-ce\"><div class=\"kt-block-spacer kt-block-spacer-halign-center\"><\/div><\/div>\n\n\n<div class=\"wp-block-image\">\n<figure class=\"alignright size-full is-resized\"><img decoding=\"async\" width=\"1024\" height=\"576\" src=\"https:\/\/www.enocean.com\/wp-content\/uploads\/image-12.jpeg\" alt=\"\" class=\"wp-image-26287\" style=\"width:403px;height:auto\" srcset=\"https:\/\/www.enocean.com\/wp-content\/uploads\/image-12.jpeg 1024w, https:\/\/www.enocean.com\/wp-content\/uploads\/image-12-300x169.jpeg 300w, https:\/\/www.enocean.com\/wp-content\/uploads\/image-12-150x84.jpeg 150w, https:\/\/www.enocean.com\/wp-content\/uploads\/image-12-768x432.jpeg 768w\" sizes=\"(max-width: 1024px) 100vw, 1024px\" \/><\/figure>\n<\/div>\n\n\n<p class=\"has-text-align-left\">Unsere batterielosen Funksensoren nutzen Energie aus dem Umgebungslicht, die mithilfe kleiner Solarzellen gewonnen wird, oder aus geringsten Temperaturunterschieden. Sie machen Geb\u00e4ude nicht nur intelligent, sondern bilden auch die Grundlage f\u00fcr eine Vielzahl unterschiedlicher Anwendungen im Internet der Dinge (IoT). Unsere energieautarken Sensoren sammeln die Rohdaten, die f\u00fcr die Analyse und Visualisierung von intelligenten Geb\u00e4uden eine entscheidende Rolle spielen. Anhand von Informationen zu Temperatur, Feuchtigkeit und Beleuchtung sowie zur Nutzung von Fl\u00e4chen und einzelnen R\u00e4umen l\u00e4sst sich ein umfassender digitaler Geb\u00e4ude-Zwilling erstellen. <\/p>\n\n\n\n<p>Der <a class=\"ek-link\" href=\"https:\/\/www.enocean.com\/de\/produkte\/energieautarke-sensoren\/multisensor\/\">STM&nbsp;550<\/a> gilt als All-Star unter unseren energieautarken Sensoren: Er ist ein Temperatur-, Feuchte-, Beleuchtungs-, Beschleunigungs- und Magnetkontaktsensor im Original-PTM-Formfaktor. Unsere STM-Module dienen Herstellern als Kernelemente f\u00fcr energieautarke Sensoren, die flexibel und wartungsfrei Rohdaten f\u00fcr alle intelligenten Systeme liefern. Dank Energy Harvesting-Technologie tragen unsere Sensoren zu massiven Energie- und CO<sub>2<\/sub>-Einsparungen in Geb\u00e4uden bei.<\/p>\n<\/div><\/section>\n\n\n\n<section class=\"wp-block-uagb-section uagb-section__wrap uagb-section__background-undefined uagb-block-180ffb90 eo-6-spalten-icons\"><div class=\"uagb-section__overlay\"><\/div><div class=\"uagb-section__inner-wrap\">\n<h3 class=\"wp-block-heading\">Kategorie w\u00e4hlen<\/h3>\n\n\n<style>.wp-block-kadence-spacer.kt-block-spacer-12612_a5380a-83 .kt-block-spacer{height:30px;}.wp-block-kadence-spacer.kt-block-spacer-12612_a5380a-83 .kt-divider{border-top-width:1px;height:1px;border-top-color:#eee;width:80%;border-top-style:solid;}<\/style>\n<div class=\"wp-block-kadence-spacer aligncenter kt-block-spacer-12612_a5380a-83\"><div class=\"kt-block-spacer kt-block-spacer-halign-center\"><\/div><\/div>\n\n\n\n<div class=\"wp-block-columns is-layout-flex wp-container-core-columns-is-layout-9d6595d7 wp-block-columns-is-layout-flex\">\n<div class=\"wp-block-column ek-linked-block is-layout-flow wp-block-column-is-layout-flow\"><div class=\"wp-block-image\">\n<figure class=\"aligncenter size-thumbnail\"><img decoding=\"async\" width=\"150\" height=\"150\" src=\"https:\/\/www.enocean.com\/wp-content\/uploads\/Icons\/07_wireless-150x150.png\" alt=\"\" class=\"wp-image-5184\" srcset=\"https:\/\/www.enocean.com\/wp-content\/uploads\/Icons\/07_wireless-150x150.png 150w, https:\/\/www.enocean.com\/wp-content\/uploads\/Icons\/07_wireless.png 200w\" sizes=\"(max-width: 150px) 100vw, 150px\" \/><\/figure>\n<\/div>\n\n\n<p class=\"has-text-align-center has-blue-color has-text-color\"><\/p>\n\n\n\n<div class=\"wp-block-buttons is-content-justification-center is-layout-flex wp-container-core-buttons-is-layout-16018d1d wp-block-buttons-is-layout-flex\">\n<div class=\"wp-block-button is-style-cta-button-pfeil\"><a class=\"wp-block-button__link has-custom-font-size wp-element-button\" href=\"https:\/\/www.enocean.com\/de\/produkt-kategorie\/self-powered-sensors-de\/\" style=\"font-size:20px\">Alle Sensoren<\/a><\/div>\n<\/div>\n<\/div>\n\n\n\n<div class=\"wp-block-column ek-linked-block is-layout-flow wp-block-column-is-layout-flow\"><div class=\"wp-block-image\">\n<figure class=\"aligncenter size-thumbnail\"><a href=\"https:\/\/www.enocean.com\/de\/produkt-kategorie\/self-powered-sensors-components-de\/\"><img decoding=\"async\" width=\"150\" height=\"150\" src=\"https:\/\/www.enocean.com\/wp-content\/uploads\/Icons\/33b_systemkomponente-150x150.png\" alt=\"\" class=\"wp-image-9210\" srcset=\"https:\/\/www.enocean.com\/wp-content\/uploads\/Icons\/33b_systemkomponente-150x150.png 150w, https:\/\/www.enocean.com\/wp-content\/uploads\/Icons\/33b_systemkomponente.png 200w\" sizes=\"(max-width: 150px) 100vw, 150px\" \/><\/a><\/figure>\n<\/div>\n\n\n<p class=\"has-text-align-center has-blue-color has-text-color\"><\/p>\n\n\n\n<div class=\"wp-block-buttons is-content-justification-center is-layout-flex wp-container-core-buttons-is-layout-16018d1d wp-block-buttons-is-layout-flex\">\n<div class=\"wp-block-button is-style-cta-button-pfeil\"><a class=\"wp-block-button__link has-custom-font-size wp-element-button\" href=\"https:\/\/www.enocean.com\/de\/produkt-kategorie\/self-powered-sensors-components-de\/\" style=\"font-size:20px\">Komponenten<\/a><\/div>\n<\/div>\n<\/div>\n\n\n\n<div class=\"wp-block-column ek-linked-block is-layout-flow wp-block-column-is-layout-flow\"><div class=\"wp-block-image\">\n<figure class=\"aligncenter size-thumbnail\"><a href=\"https:\/\/www.enocean.com\/de\/produkt-kategorie\/self-powered-sensors-modules-de\/\"><img decoding=\"async\" width=\"150\" height=\"150\" src=\"https:\/\/www.enocean.com\/wp-content\/uploads\/Icons\/08_energy-harvesting-150x150.png\" alt=\"\" class=\"wp-image-9213\" srcset=\"https:\/\/www.enocean.com\/wp-content\/uploads\/Icons\/08_energy-harvesting-150x150.png 150w, https:\/\/www.enocean.com\/wp-content\/uploads\/Icons\/08_energy-harvesting.png 200w\" sizes=\"(max-width: 150px) 100vw, 150px\" \/><\/a><\/figure>\n<\/div>\n\n\n<p class=\"has-text-align-center has-blue-color has-text-color\"><\/p>\n\n\n\n<div class=\"wp-block-buttons is-content-justification-center is-layout-flex wp-container-core-buttons-is-layout-16018d1d wp-block-buttons-is-layout-flex\">\n<div class=\"wp-block-button is-style-cta-button-pfeil\"><a class=\"wp-block-button__link has-custom-font-size wp-element-button\" href=\"https:\/\/www.enocean.com\/de\/produkt-kategorie\/self-powered-sensors-modules-de\/\" style=\"font-size:20px\">Module<\/a><\/div>\n<\/div>\n<\/div>\n\n\n\n<div class=\"wp-block-column ek-linked-block is-layout-flow wp-block-column-is-layout-flow\"><div class=\"wp-block-image\">\n<figure class=\"aligncenter size-thumbnail\"><a href=\"https:\/\/www.enocean.com\/de\/produkt-kategorie\/self-powered-sensors-finished-products-de\/\"><img decoding=\"async\" width=\"150\" height=\"150\" src=\"https:\/\/www.enocean.com\/wp-content\/uploads\/Icons\/01_schalter_blau_trans_gross-150x150.png\" alt=\"\" class=\"wp-image-9207\" srcset=\"https:\/\/www.enocean.com\/wp-content\/uploads\/Icons\/01_schalter_blau_trans_gross-150x150.png 150w, https:\/\/www.enocean.com\/wp-content\/uploads\/Icons\/01_schalter_blau_trans_gross-300x300.png 300w, https:\/\/www.enocean.com\/wp-content\/uploads\/Icons\/01_schalter_blau_trans_gross.png 500w\" sizes=\"(max-width: 150px) 100vw, 150px\" \/><\/a><\/figure>\n<\/div>\n\n\n<p class=\"has-text-align-center has-blue-color has-text-color\"><\/p>\n\n\n\n<div class=\"wp-block-buttons is-content-justification-center is-layout-flex wp-container-core-buttons-is-layout-16018d1d wp-block-buttons-is-layout-flex\">\n<div class=\"wp-block-button is-style-cta-button-pfeil\"><a class=\"wp-block-button__link has-custom-font-size wp-element-button\" href=\"https:\/\/www.enocean.com\/de\/produkt-kategorie\/self-powered-sensors-finished-products-de\/\" style=\"font-size:20px\">Endprodukte<\/a><\/div>\n<\/div>\n<\/div>\n<\/div>\n<\/div><\/section>\n","protected":false},"excerpt":{"rendered":"","protected":false},"author":7,"featured_media":26284,"parent":12892,"menu_order":26,"comment_status":"closed","ping_status":"closed","template":"","meta":{"_acf_changed":false,"inline_featured_image":false,"_uag_custom_page_level_css":"","_kad_blocks_custom_css":"","_kad_blocks_head_custom_js":"","_kad_blocks_body_custom_js":"","_kad_blocks_footer_custom_js":"","footnotes":""},"class_list":["post-12612","page","type-page","status-publish","has-post-thumbnail","hentry"],"acf":[],"yoast_head":"<!-- This site is optimized with the Yoast SEO plugin v26.5 - https:\/\/yoast.com\/wordpress\/plugins\/seo\/ -->\n<title>Energieautarke Sensoren\u00a0\u2013 \u00dcbersicht - EnOcean<\/title>\n<meta name=\"robots\" content=\"index, follow, max-snippet:-1, max-image-preview:large, max-video-preview:-1\" \/>\n<link rel=\"canonical\" href=\"https:\/\/www.enocean.com\/de\/produkte\/energieautarke-sensoren\/\" \/>\n<meta property=\"og:locale\" content=\"de_DE\" \/>\n<meta property=\"og:type\" content=\"article\" \/>\n<meta property=\"og:title\" content=\"Energieautarke Sensoren\u00a0\u2013 \u00dcbersicht - EnOcean\" \/>\n<meta property=\"og:url\" content=\"https:\/\/www.enocean.com\/de\/produkte\/energieautarke-sensoren\/\" \/>\n<meta property=\"og:site_name\" content=\"EnOcean\" \/>\n<meta property=\"article:modified_time\" content=\"2025-12-17T14:32:08+00:00\" \/>\n<meta property=\"og:image\" content=\"https:\/\/www.enocean.com\/wp-content\/uploads\/Homepage\/COPIA.jpg\" \/>\n\t<meta property=\"og:image:width\" content=\"1378\" \/>\n\t<meta property=\"og:image:height\" content=\"800\" \/>\n\t<meta property=\"og:image:type\" content=\"image\/jpeg\" \/>\n<meta name=\"twitter:card\" content=\"summary_large_image\" \/>\n<meta name=\"twitter:label1\" content=\"Gesch\u00e4tzte Lesezeit\" \/>\n\t<meta name=\"twitter:data1\" content=\"2\u00a0Minuten\" \/>\n<script type=\"application\/ld+json\" class=\"yoast-schema-graph\">{\"@context\":\"https:\/\/schema.org\",\"@graph\":[{\"@type\":\"WebPage\",\"@id\":\"https:\/\/www.enocean.com\/de\/produkte\/energieautarke-sensoren\/\",\"url\":\"https:\/\/www.enocean.com\/de\/produkte\/energieautarke-sensoren\/\",\"name\":\"Energieautarke Sensoren\u00a0\u2013 \u00dcbersicht - EnOcean\",\"isPartOf\":{\"@id\":\"https:\/\/www.enocean.com\/de\/#website\"},\"primaryImageOfPage\":{\"@id\":\"https:\/\/www.enocean.com\/de\/produkte\/energieautarke-sensoren\/#primaryimage\"},\"image\":{\"@id\":\"https:\/\/www.enocean.com\/de\/produkte\/energieautarke-sensoren\/#primaryimage\"},\"thumbnailUrl\":\"https:\/\/www.enocean.com\/wp-content\/uploads\/Homepage\/COPIA.jpg\",\"datePublished\":\"2021-12-01T08:52:44+00:00\",\"dateModified\":\"2025-12-17T14:32:08+00:00\",\"breadcrumb\":{\"@id\":\"https:\/\/www.enocean.com\/de\/produkte\/energieautarke-sensoren\/#breadcrumb\"},\"inLanguage\":\"de\",\"potentialAction\":[{\"@type\":\"ReadAction\",\"target\":[\"https:\/\/www.enocean.com\/de\/produkte\/energieautarke-sensoren\/\"]}]},{\"@type\":\"ImageObject\",\"inLanguage\":\"de\",\"@id\":\"https:\/\/www.enocean.com\/de\/produkte\/energieautarke-sensoren\/#primaryimage\",\"url\":\"https:\/\/www.enocean.com\/wp-content\/uploads\/Homepage\/COPIA.jpg\",\"contentUrl\":\"https:\/\/www.enocean.com\/wp-content\/uploads\/Homepage\/COPIA.jpg\",\"width\":1378,\"height\":800},{\"@type\":\"BreadcrumbList\",\"@id\":\"https:\/\/www.enocean.com\/de\/produkte\/energieautarke-sensoren\/#breadcrumb\",\"itemListElement\":[{\"@type\":\"ListItem\",\"position\":1,\"name\":\"Startseite\",\"item\":\"https:\/\/www.enocean.com\/de\/\"},{\"@type\":\"ListItem\",\"position\":2,\"name\":\"Produkte\",\"item\":\"https:\/\/www.enocean.com\/de\/produkte\/\"},{\"@type\":\"ListItem\",\"position\":3,\"name\":\"Energieautarke Sensoren\u00a0\u2013 \u00dcbersicht\"}]},{\"@type\":\"WebSite\",\"@id\":\"https:\/\/www.enocean.com\/de\/#website\",\"url\":\"https:\/\/www.enocean.com\/de\/\",\"name\":\"EnOcean\",\"description\":\"EnOcean Relaunch\",\"publisher\":{\"@id\":\"https:\/\/www.enocean.com\/de\/#organization\"},\"potentialAction\":[{\"@type\":\"SearchAction\",\"target\":{\"@type\":\"EntryPoint\",\"urlTemplate\":\"https:\/\/www.enocean.com\/de\/?s={search_term_string}\"},\"query-input\":{\"@type\":\"PropertyValueSpecification\",\"valueRequired\":true,\"valueName\":\"search_term_string\"}}],\"inLanguage\":\"de\"},{\"@type\":\"Organization\",\"@id\":\"https:\/\/www.enocean.com\/de\/#organization\",\"name\":\"EnOcean\",\"url\":\"https:\/\/www.enocean.com\/de\/\",\"logo\":{\"@type\":\"ImageObject\",\"inLanguage\":\"de\",\"@id\":\"https:\/\/www.enocean.com\/de\/#\/schema\/logo\/image\/\",\"url\":\"https:\/\/www.enocean.com\/wp-content\/uploads\/Logos\/1-1.png\",\"contentUrl\":\"https:\/\/www.enocean.com\/wp-content\/uploads\/Logos\/1-1.png\",\"width\":500,\"height\":500,\"caption\":\"EnOcean\"},\"image\":{\"@id\":\"https:\/\/www.enocean.com\/de\/#\/schema\/logo\/image\/\"},\"sameAs\":[\"https:\/\/www.linkedin.com\/company\/enocean\/\"]}]}<\/script>\n<!-- \/ Yoast SEO plugin. -->","yoast_head_json":{"title":"Energieautarke Sensoren\u00a0\u2013 \u00dcbersicht - EnOcean","robots":{"index":"index","follow":"follow","max-snippet":"max-snippet:-1","max-image-preview":"max-image-preview:large","max-video-preview":"max-video-preview:-1"},"canonical":"https:\/\/www.enocean.com\/de\/produkte\/energieautarke-sensoren\/","og_locale":"de_DE","og_type":"article","og_title":"Energieautarke Sensoren\u00a0\u2013 \u00dcbersicht - EnOcean","og_url":"https:\/\/www.enocean.com\/de\/produkte\/energieautarke-sensoren\/","og_site_name":"EnOcean","article_modified_time":"2025-12-17T14:32:08+00:00","og_image":[{"width":1378,"height":800,"url":"https:\/\/www.enocean.com\/wp-content\/uploads\/Homepage\/COPIA.jpg","type":"image\/jpeg"}],"twitter_card":"summary_large_image","twitter_misc":{"Gesch\u00e4tzte Lesezeit":"2\u00a0Minuten"},"schema":{"@context":"https:\/\/schema.org","@graph":[{"@type":"WebPage","@id":"https:\/\/www.enocean.com\/de\/produkte\/energieautarke-sensoren\/","url":"https:\/\/www.enocean.com\/de\/produkte\/energieautarke-sensoren\/","name":"Energieautarke Sensoren\u00a0\u2013 \u00dcbersicht - EnOcean","isPartOf":{"@id":"https:\/\/www.enocean.com\/de\/#website"},"primaryImageOfPage":{"@id":"https:\/\/www.enocean.com\/de\/produkte\/energieautarke-sensoren\/#primaryimage"},"image":{"@id":"https:\/\/www.enocean.com\/de\/produkte\/energieautarke-sensoren\/#primaryimage"},"thumbnailUrl":"https:\/\/www.enocean.com\/wp-content\/uploads\/Homepage\/COPIA.jpg","datePublished":"2021-12-01T08:52:44+00:00","dateModified":"2025-12-17T14:32:08+00:00","breadcrumb":{"@id":"https:\/\/www.enocean.com\/de\/produkte\/energieautarke-sensoren\/#breadcrumb"},"inLanguage":"de","potentialAction":[{"@type":"ReadAction","target":["https:\/\/www.enocean.com\/de\/produkte\/energieautarke-sensoren\/"]}]},{"@type":"ImageObject","inLanguage":"de","@id":"https:\/\/www.enocean.com\/de\/produkte\/energieautarke-sensoren\/#primaryimage","url":"https:\/\/www.enocean.com\/wp-content\/uploads\/Homepage\/COPIA.jpg","contentUrl":"https:\/\/www.enocean.com\/wp-content\/uploads\/Homepage\/COPIA.jpg","width":1378,"height":800},{"@type":"BreadcrumbList","@id":"https:\/\/www.enocean.com\/de\/produkte\/energieautarke-sensoren\/#breadcrumb","itemListElement":[{"@type":"ListItem","position":1,"name":"Startseite","item":"https:\/\/www.enocean.com\/de\/"},{"@type":"ListItem","position":2,"name":"Produkte","item":"https:\/\/www.enocean.com\/de\/produkte\/"},{"@type":"ListItem","position":3,"name":"Energieautarke Sensoren\u00a0\u2013 \u00dcbersicht"}]},{"@type":"WebSite","@id":"https:\/\/www.enocean.com\/de\/#website","url":"https:\/\/www.enocean.com\/de\/","name":"EnOcean","description":"EnOcean Relaunch","publisher":{"@id":"https:\/\/www.enocean.com\/de\/#organization"},"potentialAction":[{"@type":"SearchAction","target":{"@type":"EntryPoint","urlTemplate":"https:\/\/www.enocean.com\/de\/?s={search_term_string}"},"query-input":{"@type":"PropertyValueSpecification","valueRequired":true,"valueName":"search_term_string"}}],"inLanguage":"de"},{"@type":"Organization","@id":"https:\/\/www.enocean.com\/de\/#organization","name":"EnOcean","url":"https:\/\/www.enocean.com\/de\/","logo":{"@type":"ImageObject","inLanguage":"de","@id":"https:\/\/www.enocean.com\/de\/#\/schema\/logo\/image\/","url":"https:\/\/www.enocean.com\/wp-content\/uploads\/Logos\/1-1.png","contentUrl":"https:\/\/www.enocean.com\/wp-content\/uploads\/Logos\/1-1.png","width":500,"height":500,"caption":"EnOcean"},"image":{"@id":"https:\/\/www.enocean.com\/de\/#\/schema\/logo\/image\/"},"sameAs":["https:\/\/www.linkedin.com\/company\/enocean\/"]}]}},"taxonomy_info":[],"featured_image_src_large":["https:\/\/www.enocean.com\/wp-content\/uploads\/Homepage\/COPIA-1024x594.jpg",1024,594,true],"author_info":{"display_name":"Janina M\u00fcller","author_link":"https:\/\/www.enocean.com\/de\/author\/enocean_mueller\/"},"comment_info":0,"uagb_featured_image_src":{"full":["https:\/\/www.enocean.com\/wp-content\/uploads\/Homepage\/COPIA.jpg",1378,800,false],"thumbnail":["https:\/\/www.enocean.com\/wp-content\/uploads\/Homepage\/COPIA-150x87.jpg",150,87,true],"medium":["https:\/\/www.enocean.com\/wp-content\/uploads\/Homepage\/COPIA-300x174.jpg",300,174,true],"medium_large":["https:\/\/www.enocean.com\/wp-content\/uploads\/Homepage\/COPIA-768x446.jpg",768,446,true],"large":["https:\/\/www.enocean.com\/wp-content\/uploads\/Homepage\/COPIA-1024x594.jpg",1024,594,true],"1536x1536":["https:\/\/www.enocean.com\/wp-content\/uploads\/Homepage\/COPIA.jpg",1378,800,false],"2048x2048":["https:\/\/www.enocean.com\/wp-content\/uploads\/Homepage\/COPIA.jpg",1378,800,false]},"uagb_author_info":{"display_name":"Janina M\u00fcller","author_link":"https:\/\/www.enocean.com\/de\/author\/enocean_mueller\/"},"uagb_comment_info":0,"uagb_excerpt":null,"_links":{"self":[{"href":"https:\/\/www.enocean.com\/de\/wp-json\/wp\/v2\/pages\/12612","targetHints":{"allow":["GET"]}}],"collection":[{"href":"https:\/\/www.enocean.com\/de\/wp-json\/wp\/v2\/pages"}],"about":[{"href":"https:\/\/www.enocean.com\/de\/wp-json\/wp\/v2\/types\/page"}],"author":[{"embeddable":true,"href":"https:\/\/www.enocean.com\/de\/wp-json\/wp\/v2\/users\/7"}],"replies":[{"embeddable":true,"href":"https:\/\/www.enocean.com\/de\/wp-json\/wp\/v2\/comments?post=12612"}],"version-history":[{"count":13,"href":"https:\/\/www.enocean.com\/de\/wp-json\/wp\/v2\/pages\/12612\/revisions"}],"predecessor-version":[{"id":31378,"href":"https:\/\/www.enocean.com\/de\/wp-json\/wp\/v2\/pages\/12612\/revisions\/31378"}],"up":[{"embeddable":true,"href":"https:\/\/www.enocean.com\/de\/wp-json\/wp\/v2\/pages\/12892"}],"wp:featuredmedia":[{"embeddable":true,"href":"https:\/\/www.enocean.com\/de\/wp-json\/wp\/v2\/media\/26284"}],"wp:attachment":[{"href":"https:\/\/www.enocean.com\/de\/wp-json\/wp\/v2\/media?parent=12612"}],"curies":[{"name":"wp","href":"https:\/\/api.w.org\/{rel}","templated":true}]}}