{"id":12614,"date":"2021-12-01T08:52:55","date_gmt":"2021-12-01T08:52:55","guid":{"rendered":"https:\/\/www.enocean.com\/aktoren-gateways-uebersicht\/"},"modified":"2025-12-17T15:39:59","modified_gmt":"2025-12-17T14:39:59","slug":"aktoren-gateways","status":"publish","type":"page","link":"https:\/\/www.enocean.com\/de\/produkte\/aktoren-gateways\/","title":{"rendered":"Transceiver,  Gateways &#038; Aktoren\u00a0\u2013 \u00dcbersicht"},"content":{"rendered":"<style>.wp-block-kadence-spacer.kt-block-spacer-12614_2b0434-85 .kt-block-spacer{height:60px;}.wp-block-kadence-spacer.kt-block-spacer-12614_2b0434-85 .kt-divider{border-top-width:1px;height:1px;border-top-color:#eee;width:80%;border-top-style:solid;}<\/style>\n<div class=\"wp-block-kadence-spacer aligncenter kt-block-spacer-12614_2b0434-85\"><div class=\"kt-block-spacer kt-block-spacer-halign-center\"><\/div><\/div>\n\n\n\n<section class=\"wp-block-uagb-section uagb-section__wrap uagb-section__background-none uagb-block-c4ea4a40\"><div class=\"uagb-section__overlay\"><\/div><div class=\"uagb-section__inner-wrap\">\n<h1 class=\"wp-block-heading\">Transceiver, Gateways &amp; Aktoren <\/h1>\n\n\n<style>.wp-block-kadence-spacer.kt-block-spacer-12614_26b2d3-53 .kt-block-spacer{height:20px;}.wp-block-kadence-spacer.kt-block-spacer-12614_26b2d3-53 .kt-divider{border-top-width:1px;height:1px;border-top-color:#eee;width:80%;border-top-style:solid;}<\/style>\n<div class=\"wp-block-kadence-spacer aligncenter kt-block-spacer-12614_26b2d3-53\"><div class=\"kt-block-spacer kt-block-spacer-halign-center\"><\/div><\/div>\n\n\n\n<h2 class=\"wp-block-heading\">Geb\u00e4udeautomation leicht gemacht<\/h2>\n\n\n\n<p>Intelligente Geb\u00e4ude lassen sich mithilfe von Aktoren automatisieren und digitalisieren. Unsere Funk-Transceiver-Module kommunizieren mit anderen EnOcean-basierten Ger\u00e4ten und erm\u00f6glichen so einfache L\u00f6sungen, etwa f\u00fcr die LED-Beleuchtungs- und Heizungssteuerung sowie IoT-L\u00f6sungen \u00fcber Gateways zur Cloud. <\/p>\n<\/div><\/section>\n\n\n\n<section class=\"wp-block-uagb-section uagb-section__wrap uagb-section__background-undefined uagb-block-4dd5fcfa eo-6-spalten-icons\"><div class=\"uagb-section__overlay\"><\/div><div class=\"uagb-section__inner-wrap\">\n<h3 class=\"wp-block-heading\">Kategorie w\u00e4hlen<\/h3>\n\n\n<style>.wp-block-kadence-spacer.kt-block-spacer-12614_81f208-76 .kt-block-spacer{height:30px;}.wp-block-kadence-spacer.kt-block-spacer-12614_81f208-76 .kt-divider{border-top-width:1px;height:1px;border-top-color:#eee;width:80%;border-top-style:solid;}<\/style>\n<div class=\"wp-block-kadence-spacer aligncenter kt-block-spacer-12614_81f208-76\"><div class=\"kt-block-spacer kt-block-spacer-halign-center\"><\/div><\/div>\n\n\n\n<div class=\"wp-block-columns is-layout-flex wp-container-core-columns-is-layout-9d6595d7 wp-block-columns-is-layout-flex\">\n<div class=\"wp-block-column ek-linked-block is-layout-flow wp-block-column-is-layout-flow\"><div class=\"wp-block-image\">\n<figure class=\"aligncenter size-thumbnail\"><img decoding=\"async\" width=\"150\" height=\"150\" src=\"https:\/\/www.enocean.com\/wp-content\/uploads\/Icons\/33b_systemkomponente-150x150.png\" alt=\"\" class=\"wp-image-9210\" srcset=\"https:\/\/www.enocean.com\/wp-content\/uploads\/Icons\/33b_systemkomponente-150x150.png 150w, https:\/\/www.enocean.com\/wp-content\/uploads\/Icons\/33b_systemkomponente.png 200w\" sizes=\"(max-width: 150px) 100vw, 150px\" \/><\/figure>\n<\/div>\n\n\n<div class=\"wp-block-buttons is-content-justification-center is-layout-flex wp-container-core-buttons-is-layout-16018d1d wp-block-buttons-is-layout-flex\">\n<div class=\"wp-block-button is-style-cta-button-pfeil\"><a class=\"wp-block-button__link has-custom-font-size wp-element-button\" href=\"https:\/\/www.enocean.com\/de\/produkt-kategorie\/actuators-gateways-components-de\/\" style=\"font-size:20px\">Komponenten<\/a><\/div>\n<\/div>\n<\/div>\n\n\n\n<div class=\"wp-block-column ek-linked-block is-layout-flow wp-block-column-is-layout-flow\"><div class=\"wp-block-image\">\n<figure class=\"aligncenter size-thumbnail\"><img decoding=\"async\" width=\"150\" height=\"150\" src=\"https:\/\/www.enocean.com\/wp-content\/uploads\/Icons\/01_schalter_blau_trans_gross-150x150.png\" alt=\"\" class=\"wp-image-9207\" srcset=\"https:\/\/www.enocean.com\/wp-content\/uploads\/Icons\/01_schalter_blau_trans_gross-150x150.png 150w, https:\/\/www.enocean.com\/wp-content\/uploads\/Icons\/01_schalter_blau_trans_gross-300x300.png 300w, https:\/\/www.enocean.com\/wp-content\/uploads\/Icons\/01_schalter_blau_trans_gross.png 500w\" sizes=\"(max-width: 150px) 100vw, 150px\" \/><\/figure>\n<\/div>\n\n\n<div class=\"wp-block-buttons is-content-justification-center is-layout-flex wp-container-core-buttons-is-layout-16018d1d wp-block-buttons-is-layout-flex\">\n<div class=\"wp-block-button is-style-cta-button-pfeil\"><a class=\"wp-block-button__link wp-element-button\" href=\"https:\/\/www.enocean.com\/de\/produkt-kategorie\/actuators-gateways-finished-products-de\/\">Endprodukte<\/a><\/div>\n<\/div>\n<\/div>\n\n\n\n<div class=\"wp-block-column ek-linked-block is-layout-flow wp-block-column-is-layout-flow\"><div class=\"wp-block-image is-resized\">\n<figure class=\"aligncenter size-thumbnail\"><img decoding=\"async\" width=\"422\" height=\"417\" src=\"https:\/\/www.enocean.com\/wp-content\/uploads\/Icons\/portfolio_blau_neu.png\" alt=\"\" class=\"wp-image-16858\" srcset=\"https:\/\/www.enocean.com\/wp-content\/uploads\/Icons\/portfolio_blau_neu.png 422w, https:\/\/www.enocean.com\/wp-content\/uploads\/Icons\/portfolio_blau_neu-300x296.png 300w, https:\/\/www.enocean.com\/wp-content\/uploads\/Icons\/portfolio_blau_neu-150x148.png 150w\" sizes=\"(max-width: 422px) 100vw, 422px\" \/><\/figure>\n<\/div>\n\n\n<div class=\"wp-block-buttons is-content-justification-center is-layout-flex wp-container-core-buttons-is-layout-16018d1d wp-block-buttons-is-layout-flex\">\n<div class=\"wp-block-button is-style-cta-button-pfeil\"><a class=\"wp-block-button__link wp-element-button\" href=\"https:\/\/www.enocean.com\/de\/produkt-kategorie\/transceivers-gateways-actuators-de\/\">Alle Produkte<\/a><\/div>\n<\/div>\n<\/div>\n<\/div>\n<\/div><\/section>\n","protected":false},"excerpt":{"rendered":"","protected":false},"author":7,"featured_media":5405,"parent":12892,"menu_order":25,"comment_status":"closed","ping_status":"closed","template":"","meta":{"_acf_changed":false,"inline_featured_image":false,"_uag_custom_page_level_css":"","_kad_blocks_custom_css":"","_kad_blocks_head_custom_js":"","_kad_blocks_body_custom_js":"","_kad_blocks_footer_custom_js":"","footnotes":""},"class_list":["post-12614","page","type-page","status-publish","has-post-thumbnail","hentry"],"acf":[],"yoast_head":"<!-- This site is optimized with the Yoast SEO plugin v26.5 - https:\/\/yoast.com\/wordpress\/plugins\/seo\/ -->\n<title>Transceiver, Gateways &amp; Aktoren\u00a0\u2013 \u00dcbersicht - EnOcean<\/title>\n<meta name=\"robots\" content=\"index, follow, max-snippet:-1, max-image-preview:large, max-video-preview:-1\" \/>\n<link rel=\"canonical\" href=\"https:\/\/www.enocean.com\/de\/produkte\/aktoren-gateways\/\" \/>\n<meta property=\"og:locale\" content=\"de_DE\" \/>\n<meta property=\"og:type\" content=\"article\" \/>\n<meta property=\"og:title\" content=\"Transceiver, Gateways &amp; Aktoren\u00a0\u2013 \u00dcbersicht - EnOcean\" \/>\n<meta property=\"og:url\" content=\"https:\/\/www.enocean.com\/de\/produkte\/aktoren-gateways\/\" \/>\n<meta property=\"og:site_name\" content=\"EnOcean\" \/>\n<meta property=\"article:modified_time\" content=\"2025-12-17T14:39:59+00:00\" \/>\n<meta property=\"og:image\" content=\"https:\/\/www.enocean.com\/wp-content\/uploads\/Icons\/24_gateway.png\" \/>\n\t<meta property=\"og:image:width\" content=\"200\" \/>\n\t<meta property=\"og:image:height\" content=\"200\" \/>\n\t<meta property=\"og:image:type\" content=\"image\/png\" \/>\n<meta name=\"twitter:card\" content=\"summary_large_image\" \/>\n<meta name=\"twitter:label1\" content=\"Gesch\u00e4tzte Lesezeit\" \/>\n\t<meta name=\"twitter:data1\" content=\"2\u00a0Minuten\" \/>\n<script type=\"application\/ld+json\" class=\"yoast-schema-graph\">{\"@context\":\"https:\/\/schema.org\",\"@graph\":[{\"@type\":\"WebPage\",\"@id\":\"https:\/\/www.enocean.com\/de\/produkte\/aktoren-gateways\/\",\"url\":\"https:\/\/www.enocean.com\/de\/produkte\/aktoren-gateways\/\",\"name\":\"Transceiver, Gateways & Aktoren\u00a0\u2013 \u00dcbersicht - EnOcean\",\"isPartOf\":{\"@id\":\"https:\/\/www.enocean.com\/de\/#website\"},\"primaryImageOfPage\":{\"@id\":\"https:\/\/www.enocean.com\/de\/produkte\/aktoren-gateways\/#primaryimage\"},\"image\":{\"@id\":\"https:\/\/www.enocean.com\/de\/produkte\/aktoren-gateways\/#primaryimage\"},\"thumbnailUrl\":\"https:\/\/www.enocean.com\/wp-content\/uploads\/Icons\/24_gateway.png\",\"datePublished\":\"2021-12-01T08:52:55+00:00\",\"dateModified\":\"2025-12-17T14:39:59+00:00\",\"breadcrumb\":{\"@id\":\"https:\/\/www.enocean.com\/de\/produkte\/aktoren-gateways\/#breadcrumb\"},\"inLanguage\":\"de\",\"potentialAction\":[{\"@type\":\"ReadAction\",\"target\":[\"https:\/\/www.enocean.com\/de\/produkte\/aktoren-gateways\/\"]}]},{\"@type\":\"ImageObject\",\"inLanguage\":\"de\",\"@id\":\"https:\/\/www.enocean.com\/de\/produkte\/aktoren-gateways\/#primaryimage\",\"url\":\"https:\/\/www.enocean.com\/wp-content\/uploads\/Icons\/24_gateway.png\",\"contentUrl\":\"https:\/\/www.enocean.com\/wp-content\/uploads\/Icons\/24_gateway.png\",\"width\":200,\"height\":200,\"caption\":\"Blue icon of a central vertical processor with arrows indicating input and output data flow from left and right\"},{\"@type\":\"BreadcrumbList\",\"@id\":\"https:\/\/www.enocean.com\/de\/produkte\/aktoren-gateways\/#breadcrumb\",\"itemListElement\":[{\"@type\":\"ListItem\",\"position\":1,\"name\":\"Startseite\",\"item\":\"https:\/\/www.enocean.com\/de\/\"},{\"@type\":\"ListItem\",\"position\":2,\"name\":\"Produkte\",\"item\":\"https:\/\/www.enocean.com\/de\/produkte\/\"},{\"@type\":\"ListItem\",\"position\":3,\"name\":\"Transceiver, Gateways &#038; Aktoren\u00a0\u2013 \u00dcbersicht\"}]},{\"@type\":\"WebSite\",\"@id\":\"https:\/\/www.enocean.com\/de\/#website\",\"url\":\"https:\/\/www.enocean.com\/de\/\",\"name\":\"EnOcean\",\"description\":\"EnOcean Relaunch\",\"publisher\":{\"@id\":\"https:\/\/www.enocean.com\/de\/#organization\"},\"potentialAction\":[{\"@type\":\"SearchAction\",\"target\":{\"@type\":\"EntryPoint\",\"urlTemplate\":\"https:\/\/www.enocean.com\/de\/?s={search_term_string}\"},\"query-input\":{\"@type\":\"PropertyValueSpecification\",\"valueRequired\":true,\"valueName\":\"search_term_string\"}}],\"inLanguage\":\"de\"},{\"@type\":\"Organization\",\"@id\":\"https:\/\/www.enocean.com\/de\/#organization\",\"name\":\"EnOcean\",\"url\":\"https:\/\/www.enocean.com\/de\/\",\"logo\":{\"@type\":\"ImageObject\",\"inLanguage\":\"de\",\"@id\":\"https:\/\/www.enocean.com\/de\/#\/schema\/logo\/image\/\",\"url\":\"https:\/\/www.enocean.com\/wp-content\/uploads\/Logos\/1-1.png\",\"contentUrl\":\"https:\/\/www.enocean.com\/wp-content\/uploads\/Logos\/1-1.png\",\"width\":500,\"height\":500,\"caption\":\"EnOcean\"},\"image\":{\"@id\":\"https:\/\/www.enocean.com\/de\/#\/schema\/logo\/image\/\"},\"sameAs\":[\"https:\/\/www.linkedin.com\/company\/enocean\/\"]}]}<\/script>\n<!-- \/ Yoast SEO plugin. -->","yoast_head_json":{"title":"Transceiver, Gateways & Aktoren\u00a0\u2013 \u00dcbersicht - EnOcean","robots":{"index":"index","follow":"follow","max-snippet":"max-snippet:-1","max-image-preview":"max-image-preview:large","max-video-preview":"max-video-preview:-1"},"canonical":"https:\/\/www.enocean.com\/de\/produkte\/aktoren-gateways\/","og_locale":"de_DE","og_type":"article","og_title":"Transceiver, Gateways & Aktoren\u00a0\u2013 \u00dcbersicht - EnOcean","og_url":"https:\/\/www.enocean.com\/de\/produkte\/aktoren-gateways\/","og_site_name":"EnOcean","article_modified_time":"2025-12-17T14:39:59+00:00","og_image":[{"width":200,"height":200,"url":"https:\/\/www.enocean.com\/wp-content\/uploads\/Icons\/24_gateway.png","type":"image\/png"}],"twitter_card":"summary_large_image","twitter_misc":{"Gesch\u00e4tzte Lesezeit":"2\u00a0Minuten"},"schema":{"@context":"https:\/\/schema.org","@graph":[{"@type":"WebPage","@id":"https:\/\/www.enocean.com\/de\/produkte\/aktoren-gateways\/","url":"https:\/\/www.enocean.com\/de\/produkte\/aktoren-gateways\/","name":"Transceiver, Gateways & Aktoren\u00a0\u2013 \u00dcbersicht - EnOcean","isPartOf":{"@id":"https:\/\/www.enocean.com\/de\/#website"},"primaryImageOfPage":{"@id":"https:\/\/www.enocean.com\/de\/produkte\/aktoren-gateways\/#primaryimage"},"image":{"@id":"https:\/\/www.enocean.com\/de\/produkte\/aktoren-gateways\/#primaryimage"},"thumbnailUrl":"https:\/\/www.enocean.com\/wp-content\/uploads\/Icons\/24_gateway.png","datePublished":"2021-12-01T08:52:55+00:00","dateModified":"2025-12-17T14:39:59+00:00","breadcrumb":{"@id":"https:\/\/www.enocean.com\/de\/produkte\/aktoren-gateways\/#breadcrumb"},"inLanguage":"de","potentialAction":[{"@type":"ReadAction","target":["https:\/\/www.enocean.com\/de\/produkte\/aktoren-gateways\/"]}]},{"@type":"ImageObject","inLanguage":"de","@id":"https:\/\/www.enocean.com\/de\/produkte\/aktoren-gateways\/#primaryimage","url":"https:\/\/www.enocean.com\/wp-content\/uploads\/Icons\/24_gateway.png","contentUrl":"https:\/\/www.enocean.com\/wp-content\/uploads\/Icons\/24_gateway.png","width":200,"height":200,"caption":"Blue icon of a central vertical processor with arrows indicating input and output data flow from left and right"},{"@type":"BreadcrumbList","@id":"https:\/\/www.enocean.com\/de\/produkte\/aktoren-gateways\/#breadcrumb","itemListElement":[{"@type":"ListItem","position":1,"name":"Startseite","item":"https:\/\/www.enocean.com\/de\/"},{"@type":"ListItem","position":2,"name":"Produkte","item":"https:\/\/www.enocean.com\/de\/produkte\/"},{"@type":"ListItem","position":3,"name":"Transceiver, Gateways &#038; Aktoren\u00a0\u2013 \u00dcbersicht"}]},{"@type":"WebSite","@id":"https:\/\/www.enocean.com\/de\/#website","url":"https:\/\/www.enocean.com\/de\/","name":"EnOcean","description":"EnOcean Relaunch","publisher":{"@id":"https:\/\/www.enocean.com\/de\/#organization"},"potentialAction":[{"@type":"SearchAction","target":{"@type":"EntryPoint","urlTemplate":"https:\/\/www.enocean.com\/de\/?s={search_term_string}"},"query-input":{"@type":"PropertyValueSpecification","valueRequired":true,"valueName":"search_term_string"}}],"inLanguage":"de"},{"@type":"Organization","@id":"https:\/\/www.enocean.com\/de\/#organization","name":"EnOcean","url":"https:\/\/www.enocean.com\/de\/","logo":{"@type":"ImageObject","inLanguage":"de","@id":"https:\/\/www.enocean.com\/de\/#\/schema\/logo\/image\/","url":"https:\/\/www.enocean.com\/wp-content\/uploads\/Logos\/1-1.png","contentUrl":"https:\/\/www.enocean.com\/wp-content\/uploads\/Logos\/1-1.png","width":500,"height":500,"caption":"EnOcean"},"image":{"@id":"https:\/\/www.enocean.com\/de\/#\/schema\/logo\/image\/"},"sameAs":["https:\/\/www.linkedin.com\/company\/enocean\/"]}]}},"taxonomy_info":[],"featured_image_src_large":["https:\/\/www.enocean.com\/wp-content\/uploads\/Icons\/24_gateway.png",200,200,false],"author_info":{"display_name":"Janina M\u00fcller","author_link":"https:\/\/www.enocean.com\/de\/author\/enocean_mueller\/"},"comment_info":0,"uagb_featured_image_src":{"full":["https:\/\/www.enocean.com\/wp-content\/uploads\/Icons\/24_gateway.png",200,200,false],"thumbnail":["https:\/\/www.enocean.com\/wp-content\/uploads\/Icons\/24_gateway-150x150.png",150,150,true],"medium":["https:\/\/www.enocean.com\/wp-content\/uploads\/Icons\/24_gateway.png",200,200,false],"medium_large":["https:\/\/www.enocean.com\/wp-content\/uploads\/Icons\/24_gateway.png",200,200,false],"large":["https:\/\/www.enocean.com\/wp-content\/uploads\/Icons\/24_gateway.png",200,200,false],"1536x1536":["https:\/\/www.enocean.com\/wp-content\/uploads\/Icons\/24_gateway.png",200,200,false],"2048x2048":["https:\/\/www.enocean.com\/wp-content\/uploads\/Icons\/24_gateway.png",200,200,false]},"uagb_author_info":{"display_name":"Janina M\u00fcller","author_link":"https:\/\/www.enocean.com\/de\/author\/enocean_mueller\/"},"uagb_comment_info":0,"uagb_excerpt":null,"_links":{"self":[{"href":"https:\/\/www.enocean.com\/de\/wp-json\/wp\/v2\/pages\/12614","targetHints":{"allow":["GET"]}}],"collection":[{"href":"https:\/\/www.enocean.com\/de\/wp-json\/wp\/v2\/pages"}],"about":[{"href":"https:\/\/www.enocean.com\/de\/wp-json\/wp\/v2\/types\/page"}],"author":[{"embeddable":true,"href":"https:\/\/www.enocean.com\/de\/wp-json\/wp\/v2\/users\/7"}],"replies":[{"embeddable":true,"href":"https:\/\/www.enocean.com\/de\/wp-json\/wp\/v2\/comments?post=12614"}],"version-history":[{"count":2,"href":"https:\/\/www.enocean.com\/de\/wp-json\/wp\/v2\/pages\/12614\/revisions"}],"predecessor-version":[{"id":31382,"href":"https:\/\/www.enocean.com\/de\/wp-json\/wp\/v2\/pages\/12614\/revisions\/31382"}],"up":[{"embeddable":true,"href":"https:\/\/www.enocean.com\/de\/wp-json\/wp\/v2\/pages\/12892"}],"wp:featuredmedia":[{"embeddable":true,"href":"https:\/\/www.enocean.com\/de\/wp-json\/wp\/v2\/media\/5405"}],"wp:attachment":[{"href":"https:\/\/www.enocean.com\/de\/wp-json\/wp\/v2\/media?parent=12614"}],"curies":[{"name":"wp","href":"https:\/\/api.w.org\/{rel}","templated":true}]}}