{"id":12616,"date":"2021-12-01T08:53:12","date_gmt":"2021-12-01T08:53:12","guid":{"rendered":"https:\/\/www.enocean.com\/ultra-low-power-management\/"},"modified":"2025-12-16T13:01:05","modified_gmt":"2025-12-16T12:01:05","slug":"ultra-low-power-management","status":"publish","type":"page","link":"https:\/\/www.enocean.com\/de\/technologie\/ultra-low-power-management\/","title":{"rendered":"Ultra-Low-Power-Management"},"content":{"rendered":"\n<div class=\"wp-block-cover is-light eo-visualheader\"><img decoding=\"async\" class=\"wp-block-cover__image-background wp-image-27123\" alt=\"Ultra Low Power Management\" src=\"https:\/\/www.enocean.com\/wp-content\/uploads\/Header\/eo_ultra_low_power_management_2048x613.jpg\" data-object-fit=\"cover\"\/><span aria-hidden=\"true\" class=\"wp-block-cover__background has-background-dim-0 has-background-dim\" style=\"background-color:#b4bdc2\"><\/span><div class=\"wp-block-cover__inner-container is-layout-flow wp-block-cover-is-layout-flow\">\n<p class=\"has-text-align-center has-large-font-size\"><\/p>\n<\/div><\/div>\n\n\n\n<section class=\"wp-block-uagb-section uagb-section__wrap uagb-section__background-undefined uagb-block-b08fb30a\"><div class=\"uagb-section__overlay\"><\/div><div class=\"uagb-section__inner-wrap\">\n<h1 class=\"wp-block-heading\">Ultra-low Power Management<\/h1>\n<\/div><\/section>\n\n\n\n<section class=\"wp-block-uagb-section uagb-section__wrap uagb-section__background-undefined uagb-block-af608f3e\"><div class=\"uagb-section__overlay\"><\/div><div class=\"uagb-section__inner-wrap\">\n<h2 class=\"wp-block-heading\">Die Funktechnologie f\u00fcr batterielose Sensorl\u00f6sungen basiert auf intelligentem Energiemanagement und hocheffizienten Energiespeichern. <\/h2>\n<\/div><\/section>\n\n\n\n<section class=\"wp-block-uagb-section uagb-section__wrap uagb-section__background-undefined uagb-block-066a465b\"><div class=\"uagb-section__overlay\"><\/div><div class=\"uagb-section__inner-wrap\"><div class=\"wp-block-image\">\n<figure class=\"alignright size-full\"><img decoding=\"async\" width=\"200\" height=\"200\" src=\"https:\/\/www.enocean.com\/wp-content\/uploads\/Icons\/14_ultra-low-power.png\" alt=\"\" class=\"wp-image-5182\" srcset=\"https:\/\/www.enocean.com\/wp-content\/uploads\/Icons\/14_ultra-low-power.png 200w, https:\/\/www.enocean.com\/wp-content\/uploads\/Icons\/14_ultra-low-power-150x150.png 150w\" sizes=\"(max-width: 200px) 100vw, 200px\" \/><\/figure>\n<\/div>\n\n\n<p>Um Daten in einem intelligenten System zu erfassen und zu verarbeiten, sind energieautarke Funksensorl\u00f6sungen erforderlich. Unsere batterielosen EnOcean-Module erm\u00f6glichen es Ihnen, eigene L\u00f6sungen zu erstellen. Was das Besondere an ihnen ist? Sie kombinieren miniaturisierte Energiewandler mit \u00e4u\u00dferst stromsparender Elektronik und zuverl\u00e4ssiger Funktechnik. Die besonderen Eigenschaften des EnOcean-Protokolls sorgen f\u00fcr eine extrem energieeffiziente Kommunikation. <\/p>\n\n\n\n<p>Die meisten Energiewandler liefern nur sehr geringe Strommengen, die akkumuliert werden m\u00fcssen, w\u00e4hrend sich das System im Ruhezustand befindet. Dabei werden lediglich kleinste Energiemengen verbraucht. Aufgrund ihrer geringen Blindleistungsaufnahme sind die EnOcean-Sensoren hierf\u00fcr hervorragend geeignet. Die neueste Generation der <a href=\"https:\/\/www.enocean.com\/de\/produkte\/energieautarke-sensoren\/\" class=\"ek-link\">energieautarken EnOcean-Funksensoren<\/a> weist einen Standby-Verbrauch von nur 100 Nanoampere (nA) oder weniger auf. <\/p>\n\n\n\n<p>Unser Know-how besteht darin, Low-Power-Funkstandards mittels unserer <a href=\"https:\/\/www.enocean.com\/de\/technologie\/energy-harvesting\/\" class=\"ek-link\">Energy Harvesting-Technologie<\/a> mit unseren Systemen zu kombinieren. <\/p>\n<\/div><\/section>\n\n\n\n<section class=\"wp-block-uagb-section uagb-section__wrap uagb-section__background-undefined uagb-block-fe7a68ea\"><div class=\"uagb-section__overlay\"><\/div><div class=\"uagb-section__inner-wrap\">\n<div class=\"wp-block-uagb-section uagb-section__wrap uagb-section__background-color uagb-block-c5953afc\"><div class=\"uagb-section__overlay\"><\/div><div class=\"uagb-section__inner-wrap\">\n<h3 class=\"wp-block-heading\">Vorteile auf einen Blick <\/h3>\n\n\n\n<div class=\"wp-block-columns is-layout-flex wp-container-core-columns-is-layout-9d6595d7 wp-block-columns-is-layout-flex\">\n<div class=\"wp-block-column is-layout-flow wp-block-column-is-layout-flow\">\n<figure class=\"wp-block-image size-large is-resized\"><img decoding=\"async\" width=\"1024\" height=\"683\" src=\"https:\/\/www.enocean.com\/wp-content\/uploads\/Schmuckbilder\/GettyImages-1165699989-1024x683.jpg\" alt=\"\" class=\"wp-image-8755\" style=\"width:347px;height:231px\" srcset=\"https:\/\/www.enocean.com\/wp-content\/uploads\/Schmuckbilder\/GettyImages-1165699989-1024x683.jpg 1024w, https:\/\/www.enocean.com\/wp-content\/uploads\/Schmuckbilder\/GettyImages-1165699989-300x200.jpg 300w, https:\/\/www.enocean.com\/wp-content\/uploads\/Schmuckbilder\/GettyImages-1165699989-768x512.jpg 768w, https:\/\/www.enocean.com\/wp-content\/uploads\/Schmuckbilder\/GettyImages-1165699989-1536x1024.jpg 1536w, https:\/\/www.enocean.com\/wp-content\/uploads\/Schmuckbilder\/GettyImages-1165699989-2048x1365.jpg 2048w\" sizes=\"(max-width: 1024px) 100vw, 1024px\" \/><\/figure>\n<\/div>\n\n\n\n<div class=\"wp-block-column is-layout-flow wp-block-column-is-layout-flow\"><style>.wp-block-kadence-spacer.kt-block-spacer-12616_748c14-dc .kt-block-spacer{height:20px;}.wp-block-kadence-spacer.kt-block-spacer-12616_748c14-dc .kt-divider{border-top-width:1px;height:1px;border-top-color:#eee;width:80%;border-top-style:solid;}<\/style>\n<div class=\"wp-block-kadence-spacer aligncenter kt-block-spacer-12616_748c14-dc\"><div class=\"kt-block-spacer kt-block-spacer-halign-center\"><\/div><\/div>\n<\/div>\n<\/div>\n<\/div><\/div>\n<\/div><\/section>\n\n\n\n<section class=\"wp-block-uagb-section uagb-section__wrap uagb-section__background-undefined uagb-block-99e59ae9\"><div class=\"uagb-section__overlay\"><\/div><div class=\"uagb-section__inner-wrap\">\n<h2 class=\"wp-block-heading\">Hilfreiche Whitepapers<\/h2>\n\n\n\n<div class=\"wp-block-group eo-linklist ek-linked-block\"><div class=\"wp-block-group__inner-container is-layout-flow wp-block-group-is-layout-flow\"><style>.wp-block-kadence-icon.kt-svg-icons12616_e46483-e2{justify-content:center;}<\/style>\n<div class=\"wp-block-kadence-icon kt-svg-icons kt-svg-icons12616_e46483-e2 alignnone\"><style>.kt-svg-item-12616_a6f0f5-8d .kb-svg-icon-wrap, .kt-svg-style-stacked.kt-svg-item-12616_a6f0f5-8d .kb-svg-icon-wrap{color:#003274;font-size:24px;margin-top:4px;}<\/style>\n<div class=\"wp-block-kadence-single-icon kt-svg-style-default kt-svg-icon-wrap kt-svg-item-12616_a6f0f5-8d\"><span class=\"kb-svg-icon-wrap kb-svg-icon-fe_download\"><svg viewBox=\"0 0 24 24\"  fill=\"none\" stroke=\"currentColor\" stroke-width=\"2.5\" stroke-linecap=\"round\" stroke-linejoin=\"round\" xmlns=\"http:\/\/www.w3.org\/2000\/svg\"  aria-hidden=\"true\"><path d=\"M21 15v4a2 2 0 0 1-2 2H5a2 2 0 0 1-2-2v-4\"\/><polyline points=\"7 10 12 15 17 10\"\/><line x1=\"12\" y1=\"15\" x2=\"12\" y2=\"3\"\/><\/svg><\/span><\/div>\n<\/div>\n\n\n\n<p>03\/2020<\/p>\n\n\n\n<div class=\"wp-block-file\"><a href=\"https:\/\/www.enocean.com\/wp-content\/uploads\/redaktion\/pdf\/white_paper\/redaktion\/pdf\/white_paper\/WhitePaper_EnOcean_Product_Integration_v3.0.pdf\">The Easy Way to Energy Harvesting Wireless Products<\/a><\/div>\n\n\n\n<p>(PDF)<\/p>\n<\/div><\/div>\n\n\n\n<div class=\"wp-block-group eo-linklist ek-linked-block\"><div class=\"wp-block-group__inner-container is-layout-flow wp-block-group-is-layout-flow\"><style>.wp-block-kadence-icon.kt-svg-icons12616_0f8f76-85{justify-content:center;}<\/style>\n<div class=\"wp-block-kadence-icon kt-svg-icons kt-svg-icons12616_0f8f76-85 alignnone\"><style>.kt-svg-item-12616_d96cc7-54 .kb-svg-icon-wrap, .kt-svg-style-stacked.kt-svg-item-12616_d96cc7-54 .kb-svg-icon-wrap{color:#003274;font-size:24px;margin-top:4px;}<\/style>\n<div class=\"wp-block-kadence-single-icon kt-svg-style-default kt-svg-icon-wrap kt-svg-item-12616_d96cc7-54\"><span class=\"kb-svg-icon-wrap kb-svg-icon-fe_download\"><svg viewBox=\"0 0 24 24\"  fill=\"none\" stroke=\"currentColor\" stroke-width=\"2.5\" stroke-linecap=\"round\" stroke-linejoin=\"round\" xmlns=\"http:\/\/www.w3.org\/2000\/svg\"  aria-hidden=\"true\"><path d=\"M21 15v4a2 2 0 0 1-2 2H5a2 2 0 0 1-2-2v-4\"\/><polyline points=\"7 10 12 15 17 10\"\/><line x1=\"12\" y1=\"15\" x2=\"12\" y2=\"3\"\/><\/svg><\/span><\/div>\n<\/div>\n\n\n\n<p>02\/2020<\/p>\n\n\n\n<div class=\"wp-block-file\"><a href=\"https:\/\/www.enocean.com\/wp-content\/uploads\/redaktion\/pdf\/white_paper\/redaktion\/pdf\/white_paper\/WhitePaper_Getting_Started_With_EnOcean_v3.0.pdf\">EnOcean \u2013 The World of Energy Harvesting Wireless Technology<\/a><\/div>\n\n\n\n<p>(PDF)<\/p>\n<\/div><\/div>\n\n\n\n<div class=\"wp-block-group eo-linklist ek-linked-block\"><div class=\"wp-block-group__inner-container is-layout-flow wp-block-group-is-layout-flow\"><style>.wp-block-kadence-icon.kt-svg-icons12616_93a04a-22{justify-content:center;}<\/style>\n<div class=\"wp-block-kadence-icon kt-svg-icons kt-svg-icons12616_93a04a-22 alignnone\"><style>.kt-svg-item-12616_95f5d2-a3 .kb-svg-icon-wrap, .kt-svg-style-stacked.kt-svg-item-12616_95f5d2-a3 .kb-svg-icon-wrap{color:#003274;font-size:24px;margin-top:4px;}<\/style>\n<div class=\"wp-block-kadence-single-icon kt-svg-style-default kt-svg-icon-wrap kt-svg-item-12616_95f5d2-a3\"><span class=\"kb-svg-icon-wrap kb-svg-icon-fe_download\"><svg viewBox=\"0 0 24 24\"  fill=\"none\" stroke=\"currentColor\" stroke-width=\"2.5\" stroke-linecap=\"round\" stroke-linejoin=\"round\" xmlns=\"http:\/\/www.w3.org\/2000\/svg\"  aria-hidden=\"true\"><path d=\"M21 15v4a2 2 0 0 1-2 2H5a2 2 0 0 1-2-2v-4\"\/><polyline points=\"7 10 12 15 17 10\"\/><line x1=\"12\" y1=\"15\" x2=\"12\" y2=\"3\"\/><\/svg><\/span><\/div>\n<\/div>\n\n\n\n<p>08\/2019<\/p>\n\n\n\n<div class=\"wp-block-file\"><a href=\"https:\/\/www.enocean.com\/wp-content\/uploads\/redaktion\/pdf\/white_paper\/redaktion\/pdf\/white_paper\/WhitePaper_Internet_of_Things_EnOcean_v2.0.pdf\">Energy Harvesting Wireless Power for the Internet of Things<\/a><\/div>\n\n\n\n<p>(PDF)<\/p>\n<\/div><\/div>\n<\/div><\/section>\n","protected":false},"excerpt":{"rendered":"","protected":false},"author":7,"featured_media":0,"parent":12891,"menu_order":13,"comment_status":"closed","ping_status":"closed","template":"","meta":{"_acf_changed":false,"inline_featured_image":false,"_uag_custom_page_level_css":"","_kad_blocks_custom_css":"","_kad_blocks_head_custom_js":"","_kad_blocks_body_custom_js":"","_kad_blocks_footer_custom_js":"","footnotes":""},"class_list":["post-12616","page","type-page","status-publish","hentry"],"acf":[],"yoast_head":"<!-- This site is optimized with the Yoast SEO plugin v26.5 - https:\/\/yoast.com\/wordpress\/plugins\/seo\/ -->\n<title>Ultra-Low-Power-Management - EnOcean<\/title>\n<meta name=\"description\" content=\"Die Funktechnologie f\u00fcr batterielose Sensorl\u00f6sungen basiert auf intelligentem Energiemanagement und hocheffizienten Energiespeichern.\" \/>\n<meta name=\"robots\" content=\"index, follow, max-snippet:-1, max-image-preview:large, max-video-preview:-1\" \/>\n<link rel=\"canonical\" href=\"https:\/\/www.enocean.com\/de\/technologie\/ultra-low-power-management\/\" \/>\n<meta property=\"og:locale\" content=\"de_DE\" \/>\n<meta property=\"og:type\" content=\"article\" \/>\n<meta property=\"og:title\" content=\"Ultra-Low-Power-Management - EnOcean\" \/>\n<meta property=\"og:description\" content=\"Die Funktechnologie f\u00fcr batterielose Sensorl\u00f6sungen basiert auf intelligentem Energiemanagement und hocheffizienten Energiespeichern.\" \/>\n<meta property=\"og:url\" content=\"https:\/\/www.enocean.com\/de\/technologie\/ultra-low-power-management\/\" \/>\n<meta property=\"og:site_name\" content=\"EnOcean\" \/>\n<meta property=\"article:modified_time\" content=\"2025-12-16T12:01:05+00:00\" \/>\n<meta property=\"og:image\" content=\"https:\/\/www.enocean.com\/wp-content\/uploads\/Header\/eo_ultra_low_power_management_2048x613.jpg\" \/>\n\t<meta property=\"og:image:width\" content=\"2048\" \/>\n\t<meta property=\"og:image:height\" content=\"613\" \/>\n\t<meta property=\"og:image:type\" content=\"image\/jpeg\" \/>\n<meta name=\"twitter:card\" content=\"summary_large_image\" \/>\n<meta name=\"twitter:label1\" content=\"Gesch\u00e4tzte Lesezeit\" \/>\n\t<meta name=\"twitter:data1\" content=\"2\u00a0Minuten\" \/>\n<script type=\"application\/ld+json\" class=\"yoast-schema-graph\">{\"@context\":\"https:\/\/schema.org\",\"@graph\":[{\"@type\":\"WebPage\",\"@id\":\"https:\/\/www.enocean.com\/de\/technologie\/ultra-low-power-management\/\",\"url\":\"https:\/\/www.enocean.com\/de\/technologie\/ultra-low-power-management\/\",\"name\":\"Ultra-Low-Power-Management - EnOcean\",\"isPartOf\":{\"@id\":\"https:\/\/www.enocean.com\/de\/#website\"},\"primaryImageOfPage\":{\"@id\":\"https:\/\/www.enocean.com\/de\/technologie\/ultra-low-power-management\/#primaryimage\"},\"image\":{\"@id\":\"https:\/\/www.enocean.com\/de\/technologie\/ultra-low-power-management\/#primaryimage\"},\"thumbnailUrl\":\"https:\/\/www.enocean.com\/wp-content\/uploads\/Header\/eo_ultra_low_power_management_2048x613.jpg\",\"datePublished\":\"2021-12-01T08:53:12+00:00\",\"dateModified\":\"2025-12-16T12:01:05+00:00\",\"description\":\"Die Funktechnologie f\u00fcr batterielose Sensorl\u00f6sungen basiert auf intelligentem Energiemanagement und hocheffizienten Energiespeichern.\",\"breadcrumb\":{\"@id\":\"https:\/\/www.enocean.com\/de\/technologie\/ultra-low-power-management\/#breadcrumb\"},\"inLanguage\":\"de\",\"potentialAction\":[{\"@type\":\"ReadAction\",\"target\":[\"https:\/\/www.enocean.com\/de\/technologie\/ultra-low-power-management\/\"]}]},{\"@type\":\"ImageObject\",\"inLanguage\":\"de\",\"@id\":\"https:\/\/www.enocean.com\/de\/technologie\/ultra-low-power-management\/#primaryimage\",\"url\":\"https:\/\/www.enocean.com\/wp-content\/uploads\/Header\/eo_ultra_low_power_management_2048x613.jpg\",\"contentUrl\":\"https:\/\/www.enocean.com\/wp-content\/uploads\/Header\/eo_ultra_low_power_management_2048x613.jpg\"},{\"@type\":\"BreadcrumbList\",\"@id\":\"https:\/\/www.enocean.com\/de\/technologie\/ultra-low-power-management\/#breadcrumb\",\"itemListElement\":[{\"@type\":\"ListItem\",\"position\":1,\"name\":\"Startseite\",\"item\":\"https:\/\/www.enocean.com\/de\/\"},{\"@type\":\"ListItem\",\"position\":2,\"name\":\"Technologie\",\"item\":\"https:\/\/www.enocean.com\/de\/technologie\/\"},{\"@type\":\"ListItem\",\"position\":3,\"name\":\"Ultra-Low-Power-Management\"}]},{\"@type\":\"WebSite\",\"@id\":\"https:\/\/www.enocean.com\/de\/#website\",\"url\":\"https:\/\/www.enocean.com\/de\/\",\"name\":\"EnOcean\",\"description\":\"EnOcean Relaunch\",\"publisher\":{\"@id\":\"https:\/\/www.enocean.com\/de\/#organization\"},\"potentialAction\":[{\"@type\":\"SearchAction\",\"target\":{\"@type\":\"EntryPoint\",\"urlTemplate\":\"https:\/\/www.enocean.com\/de\/?s={search_term_string}\"},\"query-input\":{\"@type\":\"PropertyValueSpecification\",\"valueRequired\":true,\"valueName\":\"search_term_string\"}}],\"inLanguage\":\"de\"},{\"@type\":\"Organization\",\"@id\":\"https:\/\/www.enocean.com\/de\/#organization\",\"name\":\"EnOcean\",\"url\":\"https:\/\/www.enocean.com\/de\/\",\"logo\":{\"@type\":\"ImageObject\",\"inLanguage\":\"de\",\"@id\":\"https:\/\/www.enocean.com\/de\/#\/schema\/logo\/image\/\",\"url\":\"https:\/\/www.enocean.com\/wp-content\/uploads\/Logos\/1-1.png\",\"contentUrl\":\"https:\/\/www.enocean.com\/wp-content\/uploads\/Logos\/1-1.png\",\"width\":500,\"height\":500,\"caption\":\"EnOcean\"},\"image\":{\"@id\":\"https:\/\/www.enocean.com\/de\/#\/schema\/logo\/image\/\"},\"sameAs\":[\"https:\/\/www.linkedin.com\/company\/enocean\/\"]}]}<\/script>\n<!-- \/ Yoast SEO plugin. -->","yoast_head_json":{"title":"Ultra-Low-Power-Management - EnOcean","description":"Die Funktechnologie f\u00fcr batterielose Sensorl\u00f6sungen basiert auf intelligentem Energiemanagement und hocheffizienten Energiespeichern.","robots":{"index":"index","follow":"follow","max-snippet":"max-snippet:-1","max-image-preview":"max-image-preview:large","max-video-preview":"max-video-preview:-1"},"canonical":"https:\/\/www.enocean.com\/de\/technologie\/ultra-low-power-management\/","og_locale":"de_DE","og_type":"article","og_title":"Ultra-Low-Power-Management - EnOcean","og_description":"Die Funktechnologie f\u00fcr batterielose Sensorl\u00f6sungen basiert auf intelligentem Energiemanagement und hocheffizienten Energiespeichern.","og_url":"https:\/\/www.enocean.com\/de\/technologie\/ultra-low-power-management\/","og_site_name":"EnOcean","article_modified_time":"2025-12-16T12:01:05+00:00","og_image":[{"width":2048,"height":613,"url":"https:\/\/www.enocean.com\/wp-content\/uploads\/Header\/eo_ultra_low_power_management_2048x613.jpg","type":"image\/jpeg"}],"twitter_card":"summary_large_image","twitter_misc":{"Gesch\u00e4tzte Lesezeit":"2\u00a0Minuten"},"schema":{"@context":"https:\/\/schema.org","@graph":[{"@type":"WebPage","@id":"https:\/\/www.enocean.com\/de\/technologie\/ultra-low-power-management\/","url":"https:\/\/www.enocean.com\/de\/technologie\/ultra-low-power-management\/","name":"Ultra-Low-Power-Management - EnOcean","isPartOf":{"@id":"https:\/\/www.enocean.com\/de\/#website"},"primaryImageOfPage":{"@id":"https:\/\/www.enocean.com\/de\/technologie\/ultra-low-power-management\/#primaryimage"},"image":{"@id":"https:\/\/www.enocean.com\/de\/technologie\/ultra-low-power-management\/#primaryimage"},"thumbnailUrl":"https:\/\/www.enocean.com\/wp-content\/uploads\/Header\/eo_ultra_low_power_management_2048x613.jpg","datePublished":"2021-12-01T08:53:12+00:00","dateModified":"2025-12-16T12:01:05+00:00","description":"Die Funktechnologie f\u00fcr batterielose Sensorl\u00f6sungen basiert auf intelligentem Energiemanagement und hocheffizienten Energiespeichern.","breadcrumb":{"@id":"https:\/\/www.enocean.com\/de\/technologie\/ultra-low-power-management\/#breadcrumb"},"inLanguage":"de","potentialAction":[{"@type":"ReadAction","target":["https:\/\/www.enocean.com\/de\/technologie\/ultra-low-power-management\/"]}]},{"@type":"ImageObject","inLanguage":"de","@id":"https:\/\/www.enocean.com\/de\/technologie\/ultra-low-power-management\/#primaryimage","url":"https:\/\/www.enocean.com\/wp-content\/uploads\/Header\/eo_ultra_low_power_management_2048x613.jpg","contentUrl":"https:\/\/www.enocean.com\/wp-content\/uploads\/Header\/eo_ultra_low_power_management_2048x613.jpg"},{"@type":"BreadcrumbList","@id":"https:\/\/www.enocean.com\/de\/technologie\/ultra-low-power-management\/#breadcrumb","itemListElement":[{"@type":"ListItem","position":1,"name":"Startseite","item":"https:\/\/www.enocean.com\/de\/"},{"@type":"ListItem","position":2,"name":"Technologie","item":"https:\/\/www.enocean.com\/de\/technologie\/"},{"@type":"ListItem","position":3,"name":"Ultra-Low-Power-Management"}]},{"@type":"WebSite","@id":"https:\/\/www.enocean.com\/de\/#website","url":"https:\/\/www.enocean.com\/de\/","name":"EnOcean","description":"EnOcean Relaunch","publisher":{"@id":"https:\/\/www.enocean.com\/de\/#organization"},"potentialAction":[{"@type":"SearchAction","target":{"@type":"EntryPoint","urlTemplate":"https:\/\/www.enocean.com\/de\/?s={search_term_string}"},"query-input":{"@type":"PropertyValueSpecification","valueRequired":true,"valueName":"search_term_string"}}],"inLanguage":"de"},{"@type":"Organization","@id":"https:\/\/www.enocean.com\/de\/#organization","name":"EnOcean","url":"https:\/\/www.enocean.com\/de\/","logo":{"@type":"ImageObject","inLanguage":"de","@id":"https:\/\/www.enocean.com\/de\/#\/schema\/logo\/image\/","url":"https:\/\/www.enocean.com\/wp-content\/uploads\/Logos\/1-1.png","contentUrl":"https:\/\/www.enocean.com\/wp-content\/uploads\/Logos\/1-1.png","width":500,"height":500,"caption":"EnOcean"},"image":{"@id":"https:\/\/www.enocean.com\/de\/#\/schema\/logo\/image\/"},"sameAs":["https:\/\/www.linkedin.com\/company\/enocean\/"]}]}},"taxonomy_info":[],"featured_image_src_large":false,"author_info":{"display_name":"Janina M\u00fcller","author_link":"https:\/\/www.enocean.com\/de\/author\/enocean_mueller\/"},"comment_info":0,"uagb_featured_image_src":{"full":false,"thumbnail":false,"medium":false,"medium_large":false,"large":false,"1536x1536":false,"2048x2048":false},"uagb_author_info":{"display_name":"Janina M\u00fcller","author_link":"https:\/\/www.enocean.com\/de\/author\/enocean_mueller\/"},"uagb_comment_info":0,"uagb_excerpt":null,"_links":{"self":[{"href":"https:\/\/www.enocean.com\/de\/wp-json\/wp\/v2\/pages\/12616","targetHints":{"allow":["GET"]}}],"collection":[{"href":"https:\/\/www.enocean.com\/de\/wp-json\/wp\/v2\/pages"}],"about":[{"href":"https:\/\/www.enocean.com\/de\/wp-json\/wp\/v2\/types\/page"}],"author":[{"embeddable":true,"href":"https:\/\/www.enocean.com\/de\/wp-json\/wp\/v2\/users\/7"}],"replies":[{"embeddable":true,"href":"https:\/\/www.enocean.com\/de\/wp-json\/wp\/v2\/comments?post=12616"}],"version-history":[{"count":2,"href":"https:\/\/www.enocean.com\/de\/wp-json\/wp\/v2\/pages\/12616\/revisions"}],"predecessor-version":[{"id":31337,"href":"https:\/\/www.enocean.com\/de\/wp-json\/wp\/v2\/pages\/12616\/revisions\/31337"}],"up":[{"embeddable":true,"href":"https:\/\/www.enocean.com\/de\/wp-json\/wp\/v2\/pages\/12891"}],"wp:attachment":[{"href":"https:\/\/www.enocean.com\/de\/wp-json\/wp\/v2\/media?parent=12616"}],"curies":[{"name":"wp","href":"https:\/\/api.w.org\/{rel}","templated":true}]}}