{"id":12618,"date":"2021-12-01T08:53:26","date_gmt":"2021-12-01T08:53:26","guid":{"rendered":"https:\/\/www.enocean.com\/nfc\/"},"modified":"2025-01-07T09:15:33","modified_gmt":"2025-01-07T08:15:33","slug":"nfc","status":"publish","type":"page","link":"https:\/\/www.enocean.com\/de\/technologie\/nfc\/","title":{"rendered":"NFC"},"content":{"rendered":"\n<div class=\"wp-block-cover is-light eo-visualheader\"><span aria-hidden=\"true\" class=\"wp-block-cover__background has-background-dim-0 has-background-dim\" style=\"background-color:#a7b7c3\"><\/span><img decoding=\"async\" width=\"2048\" height=\"614\" class=\"wp-block-cover__image-background wp-image-27169\" alt=\"\" src=\"https:\/\/www.enocean.com\/wp-content\/uploads\/Header\/eo_NFC_2048x613.jpg\" data-object-fit=\"cover\" srcset=\"https:\/\/www.enocean.com\/wp-content\/uploads\/Header\/eo_NFC_2048x613.jpg 2048w, https:\/\/www.enocean.com\/wp-content\/uploads\/Header\/eo_NFC_2048x613-300x90.jpg 300w, https:\/\/www.enocean.com\/wp-content\/uploads\/Header\/eo_NFC_2048x613-1024x307.jpg 1024w, https:\/\/www.enocean.com\/wp-content\/uploads\/Header\/eo_NFC_2048x613-150x45.jpg 150w, https:\/\/www.enocean.com\/wp-content\/uploads\/Header\/eo_NFC_2048x613-768x230.jpg 768w, https:\/\/www.enocean.com\/wp-content\/uploads\/Header\/eo_NFC_2048x613-1536x461.jpg 1536w\" sizes=\"(max-width: 2048px) 100vw, 2048px\" \/><div class=\"wp-block-cover__inner-container is-layout-flow wp-block-cover-is-layout-flow\">\n<p class=\"has-text-align-center has-large-font-size\"><\/p>\n<\/div><\/div>\n\n\n\n<section class=\"wp-block-uagb-section uagb-section__wrap uagb-section__background-undefined uagb-block-2abaed5d\"><div class=\"uagb-section__overlay\"><\/div><div class=\"uagb-section__inner-wrap\">\n<h1 class=\"wp-block-heading\">Near Field Communication<\/h1>\n<\/div><\/section>\n\n\n\n<section class=\"wp-block-uagb-section uagb-section__wrap uagb-section__background-none uagb-block-5e7f4c5e\"><div class=\"uagb-section__overlay\"><\/div><div class=\"uagb-section__inner-wrap\">\n<h2 class=\"wp-block-heading\">Energy Harvesting und NFC&nbsp;\u2013 das perfekte Duo! <\/h2>\n\n\n\n<p>Bei Sensorsystemen f\u00fcr intelligente Geb\u00e4ude und IoT-Anwendungen ist eine schnelle und einfache Implementierung das A&nbsp;und&nbsp;O. Denn h\u00e4ufig sind einzelne Geb\u00e4ude mit tausenden Sensoren ausgestattet, um die erforderlichen Daten f\u00fcr individuelle und bedarfsgesteuerte Prozesse zu liefern. Mithilfe von Near Field Communication (NFC) lassen sich unsere Energy-Harvesting-Ger\u00e4te schnell und einfach konfigurieren und installieren&nbsp;\u2013 passgenau f\u00fcr Ihre individuellen Anforderungen und Umgebungen. <\/p>\n\n\n\n<p>Wie das funktioniert? Bei dieser Art der Funkkommunikation werden Daten von einem NFC-Ger\u00e4t, etwa einem batterielosen EnOcean-Funkmodul, \u00fcber eine kurze Strecke von maximal zwei Zentimetern an ein NFC-Leseger\u00e4t \u00fcbertragen. Leseger\u00e4te k\u00f6nnen beispielsweise NFC-f\u00e4hige Smartphones oder Tablets sein. Aufgrund der geringen Entfernung zwischen den beiden Ger\u00e4ten eignet sich NFC hervorragend f\u00fcr die Daten\u00fcbertragung, denn so sind Ihre Daten besonders gut gesch\u00fctzt.<\/p>\n\n\n\n<p>Ausf\u00fchrlichere Informationen \u00fcber die Kombination von Energy Harvesting und NFC finden Sie in unserem <a href=\"https:\/\/www.enocean.com\/wp-content\/uploads\/redaktion\/pdf\/white_paper\/c1216en_-_white_paper_nfc_energy_harvesting_en.pdf\" target=\"_blank\" aria-label=\"white paper (opens in a new tab)\" rel=\"noreferrer noopener\" class=\"ek-link\">Whitepaper<\/a>. <\/p>\n<\/div><\/section>\n\n\n\n<section class=\"wp-block-uagb-section uagb-section__wrap uagb-section__background-undefined uagb-block-88dbf5c6 eo-2-spalten\"><div class=\"uagb-section__overlay\"><\/div><div class=\"uagb-section__inner-wrap\">\n<h2 class=\"wp-block-heading\">Starten Sie jetzt Ihr Projekt<\/h2>\n\n\n\n<div class=\"wp-block-columns is-layout-flex wp-container-core-columns-is-layout-9d6595d7 wp-block-columns-is-layout-flex\">\n<div class=\"wp-block-column is-layout-flow wp-block-column-is-layout-flow\">\n<figure class=\"wp-block-image size-full\"><img decoding=\"async\" width=\"256\" height=\"256\" src=\"https:\/\/www.enocean.com\/wp-content\/uploads\/Icons\/eo_NFC_256x256.png\" alt=\"\" class=\"wp-image-15555\" srcset=\"https:\/\/www.enocean.com\/wp-content\/uploads\/Icons\/eo_NFC_256x256.png 256w, https:\/\/www.enocean.com\/wp-content\/uploads\/Icons\/eo_NFC_256x256-150x150.png 150w\" sizes=\"(max-width: 256px) 100vw, 256px\" \/><\/figure>\n\n\n\n<div class=\"wp-block-uagb-section uagb-section__wrap uagb-section__background-none uagb-block-d01ba764\"><div class=\"uagb-section__overlay\"><\/div><div class=\"uagb-section__inner-wrap\">\n<h3 class=\"wp-block-heading\">EnOcean NFC Configurator<\/h3>\n\n\n\n<p>Mit dem NFC Configurator k\u00f6nnen Sie s\u00e4mtliche verf\u00fcgbaren Parameter Ihres EnOcean-Produkts mit Ihrem Computer schreiben und lesen. <\/p>\n\n\n\n<div class=\"wp-block-buttons is-layout-flex wp-block-buttons-is-layout-flex\">\n<div class=\"wp-block-button is-style-tertiary-button\"><a class=\"wp-block-button__link wp-element-button\" href=\"https:\/\/www.enocean.com\/de\/support\/entwicklungstools\/#nfcconfigurator\" target=\"_blank\" rel=\"noreferrer noopener\" aria-label=\"opens a new tab\">Download<\/a><\/div>\n<\/div>\n<\/div><\/div>\n<\/div>\n\n\n\n<div class=\"wp-block-column is-layout-flow wp-block-column-is-layout-flow\">\n<figure class=\"wp-block-image size-full\"><img decoding=\"async\" width=\"256\" height=\"256\" src=\"https:\/\/www.enocean.com\/wp-content\/uploads\/Icons\/eo_ToolApp_256x256.png\" alt=\"\" class=\"wp-image-15557\" srcset=\"https:\/\/www.enocean.com\/wp-content\/uploads\/Icons\/eo_ToolApp_256x256.png 256w, https:\/\/www.enocean.com\/wp-content\/uploads\/Icons\/eo_ToolApp_256x256-150x150.png 150w\" sizes=\"(max-width: 256px) 100vw, 256px\" \/><\/figure>\n\n\n\n<div class=\"wp-block-uagb-section uagb-section__wrap uagb-section__background-none uagb-block-39246b34\"><div class=\"uagb-section__overlay\"><\/div><div class=\"uagb-section__inner-wrap\">\n<h3 class=\"wp-block-heading\">EnOcean Tool<\/h3>\n\n\n\n<p>Erm\u00f6glicht es, die Eigenschaften ausgew\u00e4hlter EnOcean-Produkte zu bestimmen und einzelne Informationen \u00fcber die NFC-Schnittstelle Ihres Smartphones auszulesen. <\/p>\n\n\n\n<div class=\"wp-block-buttons is-layout-flex wp-block-buttons-is-layout-flex\">\n<div class=\"wp-block-button is-style-tertiary-button\"><a class=\"wp-block-button__link wp-element-button\" href=\"https:\/\/apps.apple.com\/de\/app\/enocean-tool\/id1497283202\" target=\"_blank\" rel=\"noreferrer noopener\" aria-label=\"opens a new tab\">Download f\u00fcr iOS<\/a><\/div>\n<\/div>\n\n\n\n<div class=\"wp-block-buttons is-layout-flex wp-block-buttons-is-layout-flex\">\n<div class=\"wp-block-button is-style-tertiary-button\"><a class=\"wp-block-button__link wp-element-button\" href=\"https:\/\/play.google.com\/store\/apps\/details?id=de.enocean.easytool&amp;gl=DE\" target=\"_blank\" rel=\"noreferrer noopener\" aria-label=\"opens a new tab\">Download f\u00fcr Android<\/a><\/div>\n<\/div>\n<\/div><\/div>\n<\/div>\n<\/div>\n<\/div><\/section>\n","protected":false},"excerpt":{"rendered":"","protected":false},"author":7,"featured_media":27169,"parent":12891,"menu_order":0,"comment_status":"closed","ping_status":"closed","template":"","meta":{"_acf_changed":false,"inline_featured_image":false,"_uag_custom_page_level_css":"","_kad_blocks_custom_css":"","_kad_blocks_head_custom_js":"","_kad_blocks_body_custom_js":"","_kad_blocks_footer_custom_js":"","footnotes":""},"class_list":["post-12618","page","type-page","status-publish","has-post-thumbnail","hentry"],"acf":[],"yoast_head":"<!-- This site is optimized with the Yoast SEO plugin v26.5 - https:\/\/yoast.com\/wordpress\/plugins\/seo\/ -->\n<title>NFC - EnOcean<\/title>\n<meta name=\"robots\" content=\"index, follow, max-snippet:-1, max-image-preview:large, max-video-preview:-1\" \/>\n<link rel=\"canonical\" href=\"https:\/\/www.enocean.com\/de\/technologie\/nfc\/\" \/>\n<meta property=\"og:locale\" content=\"de_DE\" \/>\n<meta property=\"og:type\" content=\"article\" \/>\n<meta property=\"og:title\" content=\"NFC - EnOcean\" \/>\n<meta property=\"og:url\" content=\"https:\/\/www.enocean.com\/de\/technologie\/nfc\/\" \/>\n<meta property=\"og:site_name\" content=\"EnOcean\" \/>\n<meta property=\"article:modified_time\" content=\"2025-01-07T08:15:33+00:00\" \/>\n<meta property=\"og:image\" content=\"https:\/\/www.enocean.com\/wp-content\/uploads\/Header\/eo_energy-harvesting_02_2048x613-1.jpg\" \/>\n\t<meta property=\"og:image:width\" content=\"2048\" \/>\n\t<meta property=\"og:image:height\" content=\"613\" \/>\n\t<meta property=\"og:image:type\" content=\"image\/jpeg\" \/>\n<meta name=\"twitter:card\" content=\"summary_large_image\" \/>\n<meta name=\"twitter:label1\" content=\"Gesch\u00e4tzte Lesezeit\" \/>\n\t<meta name=\"twitter:data1\" content=\"2\u00a0Minuten\" \/>\n<script type=\"application\/ld+json\" class=\"yoast-schema-graph\">{\"@context\":\"https:\/\/schema.org\",\"@graph\":[{\"@type\":\"WebPage\",\"@id\":\"https:\/\/www.enocean.com\/de\/technologie\/nfc\/\",\"url\":\"https:\/\/www.enocean.com\/de\/technologie\/nfc\/\",\"name\":\"NFC - EnOcean\",\"isPartOf\":{\"@id\":\"https:\/\/www.enocean.com\/de\/#website\"},\"primaryImageOfPage\":{\"@id\":\"https:\/\/www.enocean.com\/de\/technologie\/nfc\/#primaryimage\"},\"image\":{\"@id\":\"https:\/\/www.enocean.com\/de\/technologie\/nfc\/#primaryimage\"},\"thumbnailUrl\":\"https:\/\/www.enocean.com\/wp-content\/uploads\/Header\/eo_NFC_2048x613.jpg\",\"datePublished\":\"2021-12-01T08:53:26+00:00\",\"dateModified\":\"2025-01-07T08:15:33+00:00\",\"breadcrumb\":{\"@id\":\"https:\/\/www.enocean.com\/de\/technologie\/nfc\/#breadcrumb\"},\"inLanguage\":\"de\",\"potentialAction\":[{\"@type\":\"ReadAction\",\"target\":[\"https:\/\/www.enocean.com\/de\/technologie\/nfc\/\"]}]},{\"@type\":\"ImageObject\",\"inLanguage\":\"de\",\"@id\":\"https:\/\/www.enocean.com\/de\/technologie\/nfc\/#primaryimage\",\"url\":\"https:\/\/www.enocean.com\/wp-content\/uploads\/Header\/eo_NFC_2048x613.jpg\",\"contentUrl\":\"https:\/\/www.enocean.com\/wp-content\/uploads\/Header\/eo_NFC_2048x613.jpg\",\"width\":2048,\"height\":614,\"caption\":\"EnOcean NFC\"},{\"@type\":\"BreadcrumbList\",\"@id\":\"https:\/\/www.enocean.com\/de\/technologie\/nfc\/#breadcrumb\",\"itemListElement\":[{\"@type\":\"ListItem\",\"position\":1,\"name\":\"Startseite\",\"item\":\"https:\/\/www.enocean.com\/de\/\"},{\"@type\":\"ListItem\",\"position\":2,\"name\":\"Technologie\",\"item\":\"https:\/\/www.enocean.com\/de\/technologie\/\"},{\"@type\":\"ListItem\",\"position\":3,\"name\":\"NFC\"}]},{\"@type\":\"WebSite\",\"@id\":\"https:\/\/www.enocean.com\/de\/#website\",\"url\":\"https:\/\/www.enocean.com\/de\/\",\"name\":\"EnOcean\",\"description\":\"EnOcean Relaunch\",\"publisher\":{\"@id\":\"https:\/\/www.enocean.com\/de\/#organization\"},\"potentialAction\":[{\"@type\":\"SearchAction\",\"target\":{\"@type\":\"EntryPoint\",\"urlTemplate\":\"https:\/\/www.enocean.com\/de\/?s={search_term_string}\"},\"query-input\":{\"@type\":\"PropertyValueSpecification\",\"valueRequired\":true,\"valueName\":\"search_term_string\"}}],\"inLanguage\":\"de\"},{\"@type\":\"Organization\",\"@id\":\"https:\/\/www.enocean.com\/de\/#organization\",\"name\":\"EnOcean\",\"url\":\"https:\/\/www.enocean.com\/de\/\",\"logo\":{\"@type\":\"ImageObject\",\"inLanguage\":\"de\",\"@id\":\"https:\/\/www.enocean.com\/de\/#\/schema\/logo\/image\/\",\"url\":\"https:\/\/www.enocean.com\/wp-content\/uploads\/Logos\/1-1.png\",\"contentUrl\":\"https:\/\/www.enocean.com\/wp-content\/uploads\/Logos\/1-1.png\",\"width\":500,\"height\":500,\"caption\":\"EnOcean\"},\"image\":{\"@id\":\"https:\/\/www.enocean.com\/de\/#\/schema\/logo\/image\/\"},\"sameAs\":[\"https:\/\/www.linkedin.com\/company\/enocean\/\"]}]}<\/script>\n<!-- \/ Yoast SEO plugin. -->","yoast_head_json":{"title":"NFC - EnOcean","robots":{"index":"index","follow":"follow","max-snippet":"max-snippet:-1","max-image-preview":"max-image-preview:large","max-video-preview":"max-video-preview:-1"},"canonical":"https:\/\/www.enocean.com\/de\/technologie\/nfc\/","og_locale":"de_DE","og_type":"article","og_title":"NFC - EnOcean","og_url":"https:\/\/www.enocean.com\/de\/technologie\/nfc\/","og_site_name":"EnOcean","article_modified_time":"2025-01-07T08:15:33+00:00","og_image":[{"width":2048,"height":613,"url":"https:\/\/www.enocean.com\/wp-content\/uploads\/Header\/eo_energy-harvesting_02_2048x613-1.jpg","type":"image\/jpeg"}],"twitter_card":"summary_large_image","twitter_misc":{"Gesch\u00e4tzte Lesezeit":"2\u00a0Minuten"},"schema":{"@context":"https:\/\/schema.org","@graph":[{"@type":"WebPage","@id":"https:\/\/www.enocean.com\/de\/technologie\/nfc\/","url":"https:\/\/www.enocean.com\/de\/technologie\/nfc\/","name":"NFC - EnOcean","isPartOf":{"@id":"https:\/\/www.enocean.com\/de\/#website"},"primaryImageOfPage":{"@id":"https:\/\/www.enocean.com\/de\/technologie\/nfc\/#primaryimage"},"image":{"@id":"https:\/\/www.enocean.com\/de\/technologie\/nfc\/#primaryimage"},"thumbnailUrl":"https:\/\/www.enocean.com\/wp-content\/uploads\/Header\/eo_NFC_2048x613.jpg","datePublished":"2021-12-01T08:53:26+00:00","dateModified":"2025-01-07T08:15:33+00:00","breadcrumb":{"@id":"https:\/\/www.enocean.com\/de\/technologie\/nfc\/#breadcrumb"},"inLanguage":"de","potentialAction":[{"@type":"ReadAction","target":["https:\/\/www.enocean.com\/de\/technologie\/nfc\/"]}]},{"@type":"ImageObject","inLanguage":"de","@id":"https:\/\/www.enocean.com\/de\/technologie\/nfc\/#primaryimage","url":"https:\/\/www.enocean.com\/wp-content\/uploads\/Header\/eo_NFC_2048x613.jpg","contentUrl":"https:\/\/www.enocean.com\/wp-content\/uploads\/Header\/eo_NFC_2048x613.jpg","width":2048,"height":614,"caption":"EnOcean NFC"},{"@type":"BreadcrumbList","@id":"https:\/\/www.enocean.com\/de\/technologie\/nfc\/#breadcrumb","itemListElement":[{"@type":"ListItem","position":1,"name":"Startseite","item":"https:\/\/www.enocean.com\/de\/"},{"@type":"ListItem","position":2,"name":"Technologie","item":"https:\/\/www.enocean.com\/de\/technologie\/"},{"@type":"ListItem","position":3,"name":"NFC"}]},{"@type":"WebSite","@id":"https:\/\/www.enocean.com\/de\/#website","url":"https:\/\/www.enocean.com\/de\/","name":"EnOcean","description":"EnOcean Relaunch","publisher":{"@id":"https:\/\/www.enocean.com\/de\/#organization"},"potentialAction":[{"@type":"SearchAction","target":{"@type":"EntryPoint","urlTemplate":"https:\/\/www.enocean.com\/de\/?s={search_term_string}"},"query-input":{"@type":"PropertyValueSpecification","valueRequired":true,"valueName":"search_term_string"}}],"inLanguage":"de"},{"@type":"Organization","@id":"https:\/\/www.enocean.com\/de\/#organization","name":"EnOcean","url":"https:\/\/www.enocean.com\/de\/","logo":{"@type":"ImageObject","inLanguage":"de","@id":"https:\/\/www.enocean.com\/de\/#\/schema\/logo\/image\/","url":"https:\/\/www.enocean.com\/wp-content\/uploads\/Logos\/1-1.png","contentUrl":"https:\/\/www.enocean.com\/wp-content\/uploads\/Logos\/1-1.png","width":500,"height":500,"caption":"EnOcean"},"image":{"@id":"https:\/\/www.enocean.com\/de\/#\/schema\/logo\/image\/"},"sameAs":["https:\/\/www.linkedin.com\/company\/enocean\/"]}]}},"taxonomy_info":[],"featured_image_src_large":["https:\/\/www.enocean.com\/wp-content\/uploads\/Header\/eo_NFC_2048x613-1024x307.jpg",1024,307,true],"author_info":{"display_name":"Janina M\u00fcller","author_link":"https:\/\/www.enocean.com\/de\/author\/enocean_mueller\/"},"comment_info":0,"uagb_featured_image_src":{"full":["https:\/\/www.enocean.com\/wp-content\/uploads\/Header\/eo_NFC_2048x613.jpg",2048,614,false],"thumbnail":["https:\/\/www.enocean.com\/wp-content\/uploads\/Header\/eo_NFC_2048x613-150x45.jpg",150,45,true],"medium":["https:\/\/www.enocean.com\/wp-content\/uploads\/Header\/eo_NFC_2048x613-300x90.jpg",300,90,true],"medium_large":["https:\/\/www.enocean.com\/wp-content\/uploads\/Header\/eo_NFC_2048x613-768x230.jpg",768,230,true],"large":["https:\/\/www.enocean.com\/wp-content\/uploads\/Header\/eo_NFC_2048x613-1024x307.jpg",1024,307,true],"1536x1536":["https:\/\/www.enocean.com\/wp-content\/uploads\/Header\/eo_NFC_2048x613-1536x461.jpg",1536,461,true],"2048x2048":["https:\/\/www.enocean.com\/wp-content\/uploads\/Header\/eo_NFC_2048x613.jpg",2048,614,false]},"uagb_author_info":{"display_name":"Janina M\u00fcller","author_link":"https:\/\/www.enocean.com\/de\/author\/enocean_mueller\/"},"uagb_comment_info":0,"uagb_excerpt":null,"_links":{"self":[{"href":"https:\/\/www.enocean.com\/de\/wp-json\/wp\/v2\/pages\/12618","targetHints":{"allow":["GET"]}}],"collection":[{"href":"https:\/\/www.enocean.com\/de\/wp-json\/wp\/v2\/pages"}],"about":[{"href":"https:\/\/www.enocean.com\/de\/wp-json\/wp\/v2\/types\/page"}],"author":[{"embeddable":true,"href":"https:\/\/www.enocean.com\/de\/wp-json\/wp\/v2\/users\/7"}],"replies":[{"embeddable":true,"href":"https:\/\/www.enocean.com\/de\/wp-json\/wp\/v2\/comments?post=12618"}],"version-history":[{"count":1,"href":"https:\/\/www.enocean.com\/de\/wp-json\/wp\/v2\/pages\/12618\/revisions"}],"predecessor-version":[{"id":27301,"href":"https:\/\/www.enocean.com\/de\/wp-json\/wp\/v2\/pages\/12618\/revisions\/27301"}],"up":[{"embeddable":true,"href":"https:\/\/www.enocean.com\/de\/wp-json\/wp\/v2\/pages\/12891"}],"wp:featuredmedia":[{"embeddable":true,"href":"https:\/\/www.enocean.com\/de\/wp-json\/wp\/v2\/media\/27169"}],"wp:attachment":[{"href":"https:\/\/www.enocean.com\/de\/wp-json\/wp\/v2\/media?parent=12618"}],"curies":[{"name":"wp","href":"https:\/\/api.w.org\/{rel}","templated":true}]}}