{"id":12727,"date":"2021-12-02T12:45:07","date_gmt":"2021-12-02T12:45:07","guid":{"rendered":"https:\/\/www.enocean.com\/asset-management\/"},"modified":"2025-07-14T09:21:16","modified_gmt":"2025-07-14T07:21:16","slug":"asset-management","status":"publish","type":"page","link":"https:\/\/www.enocean.com\/de\/anwendungen\/smart-spaces\/asset-management\/","title":{"rendered":"Asset Management"},"content":{"rendered":"\n<div class=\"wp-block-cover is-light eo-visualheader\"><img decoding=\"async\" width=\"2048\" height=\"613\" class=\"wp-block-cover__image-background wp-image-27206\" alt=\"\" src=\"https:\/\/www.enocean.com\/wp-content\/uploads\/eo_asset-management_2048x613.jpg\" data-object-fit=\"cover\" srcset=\"https:\/\/www.enocean.com\/wp-content\/uploads\/eo_asset-management_2048x613.jpg 2048w, https:\/\/www.enocean.com\/wp-content\/uploads\/eo_asset-management_2048x613-300x90.jpg 300w, https:\/\/www.enocean.com\/wp-content\/uploads\/eo_asset-management_2048x613-1024x307.jpg 1024w, https:\/\/www.enocean.com\/wp-content\/uploads\/eo_asset-management_2048x613-150x45.jpg 150w, https:\/\/www.enocean.com\/wp-content\/uploads\/eo_asset-management_2048x613-768x230.jpg 768w, https:\/\/www.enocean.com\/wp-content\/uploads\/eo_asset-management_2048x613-1536x460.jpg 1536w\" sizes=\"(max-width: 2048px) 100vw, 2048px\" \/><span aria-hidden=\"true\" class=\"wp-block-cover__background has-background-dim-0 has-background-dim\" style=\"background-color:#a09186\"><\/span><div class=\"wp-block-cover__inner-container is-layout-flow wp-block-cover-is-layout-flow\">\n<p class=\"has-text-align-center has-large-font-size\"><\/p>\n<\/div><\/div>\n\n\n\n<section class=\"wp-block-uagb-section uagb-section__wrap uagb-section__background-undefined uagb-block-d118690d\"><div class=\"uagb-section__overlay\"><\/div><div class=\"uagb-section__inner-wrap\">\n<h1 class=\"wp-block-heading\">Asset Management<\/h1>\n<\/div><\/section>\n\n\n\n<section class=\"wp-block-uagb-section uagb-section__wrap uagb-section__background-undefined uagb-block-b1926181\"><div class=\"uagb-section__overlay\"><\/div><div class=\"uagb-section__inner-wrap\">\n<h2 class=\"wp-block-heading\">IoT-Sensoren verfolgen den Status Ihrer Objekte in Echtzeit<\/h2>\n\n\n\n<p>Nicht zu wissen, wo sich die Dinge im Betrieb befinden, ist nicht nur frustrierend, wenn man den halben Tag lang nach etwas sucht, sondern hat auch Auswirkungen auf die Effizienz und im schlimmsten Fall auf den Ertrag des Unternehmens. Hinzu kommt, dass Sie keinen Einblick in den Wartungsstatus Ihrer Objekte haben.<\/p>\n\n\n\n<p>Bei diesen \u201eObjekten\u201c kann es sich um Handt\u00fccher mit einem St\u00fcckpreis von wenigen Euro im Umlaufverm\u00f6gen handeln, aber auch um gro\u00dfe Maschinen, die im Anlageverm\u00f6gen mit mehreren Millionen zu Buche schlagen. Hier kommen unsere L\u00f6sungen f\u00fcr das Internet der Dinge ins Spiel.<\/p>\n\n\n\n<p>Mit IoT-basiertem Asset Management l\u00e4sst sich sehr gut feststellen, wie und wo Objekte genutzt werden. Echtzeit-Informationen zum Verbleib, Wartungsstatus und Allgemeinzustand der Objekte sind f\u00fcr ihren st\u00f6rungsfreien und dauerhaften Einsatz unverzichtbar.<\/p>\n<\/div><\/section>\n\n\n\n<section class=\"wp-block-uagb-section uagb-section__wrap uagb-section__background-undefined uagb-block-920e4361 eo-2-spalten-horizontal\"><div class=\"uagb-section__overlay\"><\/div><div class=\"uagb-section__inner-wrap\">\n<div class=\"wp-block-columns eo-single-row has-back-alternate-blue-background-color has-background is-layout-flex wp-container-core-columns-is-layout-9d6595d7 wp-block-columns-is-layout-flex\">\n<div class=\"wp-block-column is-layout-flow wp-block-column-is-layout-flow\">\n<figure class=\"wp-block-image size-full\"><img decoding=\"async\" width=\"900\" height=\"900\" src=\"https:\/\/www.enocean.com\/wp-content\/uploads\/Schmuckbilder\/enocean-asset-management_square.jpg\" alt=\"\" class=\"wp-image-10847\" srcset=\"https:\/\/www.enocean.com\/wp-content\/uploads\/Schmuckbilder\/enocean-asset-management_square.jpg 900w, https:\/\/www.enocean.com\/wp-content\/uploads\/Schmuckbilder\/enocean-asset-management_square-300x300.jpg 300w, https:\/\/www.enocean.com\/wp-content\/uploads\/Schmuckbilder\/enocean-asset-management_square-150x150.jpg 150w, https:\/\/www.enocean.com\/wp-content\/uploads\/Schmuckbilder\/enocean-asset-management_square-768x768.jpg 768w\" sizes=\"(max-width: 900px) 100vw, 900px\" \/><\/figure>\n\n\n\n<p><\/p>\n<\/div>\n\n\n\n<div class=\"wp-block-column is-vertically-aligned-center is-layout-flow wp-block-column-is-layout-flow\">\n<div class=\"wp-block-uagb-section uagb-section__wrap uagb-section__background-none uagb-block-025d5ae9\"><div class=\"uagb-section__overlay\"><\/div><div class=\"uagb-section__inner-wrap\">\n<h2 class=\"wp-block-heading\">Warum ist es so wichtig, zu wissen, wo sich die Dinge befinden?<\/h2>\n\n\n\n<ul class=\"wp-block-list\">\n<li>Vermeidung von Verm\u00f6gensverlusten<\/li>\n\n\n\n<li>Optimierung der Nutzung von Verm\u00f6genswerten<\/li>\n\n\n\n<li>Schutz vor Diebstahl<\/li>\n\n\n\n<li>Verringerung von Personalkosten<\/li>\n\n\n\n<li>Bessere \u00dcberwachung der Instandhaltung<\/li>\n<\/ul>\n\n\n\n<p><\/p>\n\n\n\n<p><\/p>\n\n\n\n<div class=\"wp-block-buttons is-layout-flex wp-block-buttons-is-layout-flex\"><\/div>\n<\/div><\/div>\n<\/div>\n<\/div>\n<\/div><\/section>\n\n\n\n<section class=\"wp-block-uagb-section uagb-section__wrap uagb-section__background-undefined uagb-block-97335572\"><div class=\"uagb-section__overlay\"><\/div><div class=\"uagb-section__inner-wrap\">\n<p>IoT-Sensoren erfassen die f\u00fcr den Einblick in die Nutzung von Verm\u00f6genswerten erforderlichen Daten. Funksensoren haben den gro\u00dfen Vorteil, dass sie im Gegensatz zu kabelgebundenen Sensoren selbst an beweglichen Objekten direkt angebracht werden k\u00f6nnen. Aber auch batteriebetriebene Sensoren sind nicht ganz unproblematisch, wenn Sie nicht laufend an allen Ecken und Enden Batterien austauschen m\u00f6chten&nbsp;\u2013 die nat\u00fcrlich immer zum unpassendsten Zeitpunkt zur Neige gehen. Deshalb sind batterielose Funksensoren von EnOcean die ideale L\u00f6sung f\u00fcr das IoT-basierte Asset Management. Befestigen Sie sie einfach direkt an jedem beliebigen Objekt und sie erfassen die Rohdaten zuverl\u00e4ssig, in Echtzeit und ganz ohne Wartung.<\/p>\n<\/div><\/section>\n\n\n\n<section class=\"wp-block-uagb-section uagb-section__wrap uagb-section__background-undefined uagb-block-b5fb080e\"><div class=\"uagb-section__overlay\"><\/div><div class=\"uagb-section__inner-wrap\">\n<h2 class=\"wp-block-heading\">Fallstudie: Bessere Krankenhauslogistik dank IoT<\/h2>\n\n\n<div class=\"wp-block-image is-resized\">\n<figure class=\"alignright size-large\"><img decoding=\"async\" width=\"1024\" height=\"683\" src=\"https:\/\/www.enocean.com\/wp-content\/uploads\/Bilder-Partner\/enocean-ingy-asset-management-1024x683.jpg\" alt=\"\" class=\"wp-image-9913\" style=\"width:458px;height:auto\" srcset=\"https:\/\/www.enocean.com\/wp-content\/uploads\/Bilder-Partner\/enocean-ingy-asset-management-1024x683.jpg 1024w, https:\/\/www.enocean.com\/wp-content\/uploads\/Bilder-Partner\/enocean-ingy-asset-management-300x200.jpg 300w, https:\/\/www.enocean.com\/wp-content\/uploads\/Bilder-Partner\/enocean-ingy-asset-management-768x512.jpg 768w, https:\/\/www.enocean.com\/wp-content\/uploads\/Bilder-Partner\/enocean-ingy-asset-management-1536x1024.jpg 1536w, https:\/\/www.enocean.com\/wp-content\/uploads\/Bilder-Partner\/enocean-ingy-asset-management-2048x1365.jpg 2048w\" sizes=\"(max-width: 1024px) 100vw, 1024px\" \/><\/figure>\n<\/div>\n\n\n<p>Die energiearme Funktechnologie von EnOcean verbessert die Krankenhausabl\u00e4ufe, indem sie die Logistik und das Anlagenmanagement optimiert. Selbstversorgende EnOcean- und Bluetooth-IoT-Ger\u00e4te, die nur minimale Verkabelung ben\u00f6tigen, k\u00f6nnen schnell \u00fcber eine begrenzte Anzahl von 5G\/4G- oder Wi-Fi-Hubs vernetzt werden, wodurch eine nahtlose Integration ohne Unterbrechung des t\u00e4glichen medizinischen Betriebs gew\u00e4hrleistet wird.<\/p>\n\n\n\n<p>Diese Ger\u00e4te bieten integrierte Ortungsdienste, die Patienten bei der Navigation \u00fcber mobile Apps unterst\u00fctzen und das Echtzeit-Tracking von Ger\u00e4ten wie Rollst\u00fchlen und Krankentragen erm\u00f6glichen. Dar\u00fcber hinaus \u00fcberwachen sie die Transportbedingungen von Proben und bieten Funktionen f\u00fcr Serviceanfragen, wodurch die Gesamtleistung und die Patientenversorgung verbessert werden.<\/p>\n\n\n<style>.wp-block-kadence-spacer.kt-block-spacer-12727_da61e1-b3 .kt-block-spacer{height:20px;}.wp-block-kadence-spacer.kt-block-spacer-12727_da61e1-b3 .kt-divider{border-top-width:1px;height:1px;border-top-color:#eee;width:80%;border-top-style:solid;}<\/style>\n<div class=\"wp-block-kadence-spacer aligncenter kt-block-spacer-12727_da61e1-b3\"><div class=\"kt-block-spacer kt-block-spacer-halign-center\"><\/div><\/div>\n\n\n\n<div class=\"wp-block-columns is-layout-flex wp-container-core-columns-is-layout-9d6595d7 wp-block-columns-is-layout-flex\">\n<div class=\"wp-block-column is-layout-flow wp-block-column-is-layout-flow\">\n<div class=\"wp-block-buttons is-horizontal is-content-justification-left is-layout-flex wp-container-core-buttons-is-layout-7e5fce0a wp-block-buttons-is-layout-flex\">\n<div class=\"wp-block-button is-style-CTA Button ohne Icon is-style-cta-button\"><a class=\"wp-block-button__link wp-element-button\" href=\"https:\/\/www.enocean.com\/de\/enocean-de\/undagrid\/\" target=\"_blank\" rel=\"noreferrer noopener\" aria-label=\"opens a new tab\">Vollst\u00e4ndige Fallstudie<\/a><\/div>\n<\/div>\n<\/div>\n<\/div>\n<\/div><\/section>\n\n\n\n<section class=\"wp-block-uagb-section uagb-section__wrap uagb-section__background-color uagb-block-5161a765\"><div class=\"uagb-section__overlay\"><\/div><div class=\"uagb-section__inner-wrap\">\n<h2 class=\"wp-block-heading has-text-align-center has-white-color has-text-color has-link-color wp-elements-6fbed109f7f529919b876bbc88d8aa8c\">Entdecken Sie Undagrid, hier erwachen Objekte zum Leben.<\/h2>\n\n\n<div class=\"wp-block-image is-resized\">\n<figure class=\"aligncenter size-full\"><img decoding=\"async\" width=\"170\" height=\"37\" src=\"https:\/\/www.enocean.com\/wp-content\/uploads\/Logos\/undagrid-logo.svg\" alt=\"\" class=\"wp-image-27512\" style=\"aspect-ratio:2.93;object-fit:contain;width:367px;height:auto\"\/><\/figure>\n<\/div>\n\n\n<p class=\"has-white-color has-text-color has-link-color wp-elements-45be9dfe494f10fd225760422883c631\">Undagrid ist ein niederl\u00e4ndisches Unternehmen und Teil der EnOcean-Familie, das sich auf drahtlose Standort- und Anlagen\u00fcberwachungstechnologien spezialisiert hat. Durch den Einsatz von K\u00fcnstlicher Intelligenz (KI) und dem Internet der Dinge (IoT) bietet Undagrid Echtzeiteinblicke in die Nutzung von Anlagen und steigert so die betriebliche Effizienz in verschiedenen Branchen. Ihre L\u00f6sungen werden in Sektoren wie der Luftfahrt und Logistik weit verbreitet eingesetzt, mit namhaften Kunden wie Lufthansa und DHL.<\/p>\n\n\n\n<p class=\"has-white-color has-text-color has-link-color wp-elements-4ebd5b0672c2469de3b70cd5feedbae1\">Die integrierte Technologie wird das Anlagenmanagement in Branchen wie Luftfahrt, Logistik, Pharmazie und Gesundheitswesen revolutionieren, indem sie Echtzeiteinblicke und verwertbare Daten zu Standort und Zustand von Anlagen bereitstellt. Undagrid ist Teil von EnOcean.<\/p>\n\n\n<style>.wp-block-kadence-spacer.kt-block-spacer-12727_fda3d8-a1 .kt-block-spacer{height:20px;}.wp-block-kadence-spacer.kt-block-spacer-12727_fda3d8-a1 .kt-divider{border-top-width:1px;height:1px;border-top-color:#eee;width:80%;border-top-style:solid;}<\/style>\n<div class=\"wp-block-kadence-spacer aligncenter kt-block-spacer-12727_fda3d8-a1\"><div class=\"kt-block-spacer kt-block-spacer-halign-center\"><\/div><\/div>\n\n\n\n<div class=\"wp-block-columns is-layout-flex wp-container-core-columns-is-layout-9d6595d7 wp-block-columns-is-layout-flex\">\n<div class=\"wp-block-column is-layout-flow wp-block-column-is-layout-flow\">\n<div class=\"wp-block-buttons is-horizontal is-content-justification-center is-layout-flex wp-container-core-buttons-is-layout-499968f5 wp-block-buttons-is-layout-flex\">\n<div class=\"wp-block-button is-style-CTA Button ohne Icon is-style-cta-button\"><a class=\"wp-block-button__link has-blue-color has-text-color has-background has-link-color wp-element-button\" href=\"https:\/\/undagrid.com\/\" style=\"background-color:#fbac00\" target=\"_blank\" rel=\"noreferrer noopener nofollow\" aria-label=\"opens a new tab\">Entdecken Sie mehr<\/a><\/div>\n<\/div>\n<\/div>\n<\/div>\n<\/div><\/section>\n\n\n\n<section class=\"wp-block-uagb-section uagb-section__wrap uagb-section__background-undefined uagb-block-0087c3f1\"><div class=\"uagb-section__overlay\"><\/div><div class=\"uagb-section__inner-wrap\">\n<h2 class=\"wp-block-heading\">Weitere Anwendungen<\/h2>\n\n\n\n<section class=\"wp-block-uagb-section uagb-section__wrap uagb-section__background-undefined uagb-block-ad27dadf eo-3-spalten\"><div class=\"uagb-section__overlay\"><\/div><div class=\"uagb-section__inner-wrap\">\n<div class=\"wp-block-columns is-layout-flex wp-container-core-columns-is-layout-9d6595d7 wp-block-columns-is-layout-flex\">\n<div class=\"wp-block-column has-back-alternate-blue-background-color has-background ek-linked-block is-layout-flow wp-block-column-is-layout-flow\">\n<div class=\"wp-block-uagb-section uagb-section__wrap uagb-section__background-none uagb-block-ed5aa9be\"><div class=\"uagb-section__overlay\"><\/div><div class=\"uagb-section__inner-wrap\">\n<h4 class=\"wp-block-heading has-text-align-center\">Smart Spaces<\/h4>\n\n\n\n<div class=\"wp-block-buttons is-horizontal is-content-justification-center is-layout-flex wp-container-core-buttons-is-layout-499968f5 wp-block-buttons-is-layout-flex\">\n<div class=\"wp-block-button is-style-transparent-button-pfeil\"><a class=\"wp-block-button__link wp-element-button\" href=\"https:\/\/www.enocean.com\/applications\/internet-of-things\/smart-spaces\/\">Mehr<\/a><\/div>\n<\/div>\n<\/div><\/div>\n<\/div>\n\n\n\n<div class=\"wp-block-column has-back-alternate-blue-background-color has-background ek-linked-block is-layout-flow wp-block-column-is-layout-flow\">\n<div class=\"wp-block-uagb-section uagb-section__wrap uagb-section__background-color uagb-block-b0bdfba0\"><div class=\"uagb-section__overlay\"><\/div><div class=\"uagb-section__inner-wrap\">\n<h4 class=\"wp-block-heading has-text-align-center\">Smart Cleaning<\/h4>\n\n\n\n<div class=\"wp-block-buttons is-horizontal is-content-justification-center is-layout-flex wp-container-core-buttons-is-layout-499968f5 wp-block-buttons-is-layout-flex\">\n<div class=\"wp-block-button is-style-transparent-button-pfeil\"><a class=\"wp-block-button__link wp-element-button\" href=\"https:\/\/www.enocean.com\/applications\/internet-of-things\/smart-cleaning\/\">Mehr<\/a><\/div>\n<\/div>\n<\/div><\/div>\n<\/div>\n\n\n\n<div class=\"wp-block-column has-back-alternate-blue-background-color has-background ek-linked-block is-layout-flow wp-block-column-is-layout-flow\">\n<div class=\"wp-block-uagb-section uagb-section__wrap uagb-section__background-color uagb-block-cb57b2b3\"><div class=\"uagb-section__overlay\"><\/div><div class=\"uagb-section__inner-wrap\">\n<h4 class=\"wp-block-heading has-text-align-center\">Hotdesking<\/h4>\n\n\n\n<div class=\"wp-block-buttons is-horizontal is-content-justification-center is-layout-flex wp-container-core-buttons-is-layout-499968f5 wp-block-buttons-is-layout-flex\">\n<div class=\"wp-block-button is-style-transparent-button-pfeil\"><a class=\"wp-block-button__link wp-element-button\" href=\"https:\/\/www.enocean.com\/applications\/internet-of-things\/hot-desking\/\">Mehr<\/a><\/div>\n<\/div>\n<\/div><\/div>\n<\/div>\n<\/div>\n<\/div><\/section>\n<\/div><\/section>\n","protected":false},"excerpt":{"rendered":"","protected":false},"author":2,"featured_media":27179,"parent":12731,"menu_order":25,"comment_status":"closed","ping_status":"closed","template":"","meta":{"_acf_changed":false,"inline_featured_image":false,"_uag_custom_page_level_css":"","_kad_blocks_custom_css":"","_kad_blocks_head_custom_js":"","_kad_blocks_body_custom_js":"","_kad_blocks_footer_custom_js":"","footnotes":""},"class_list":["post-12727","page","type-page","status-publish","has-post-thumbnail","hentry"],"acf":[],"yoast_head":"<!-- This site is optimized with the Yoast SEO plugin v26.5 - https:\/\/yoast.com\/wordpress\/plugins\/seo\/ -->\n<title>Asset Management - EnOcean<\/title>\n<meta name=\"robots\" content=\"index, follow, max-snippet:-1, max-image-preview:large, max-video-preview:-1\" \/>\n<link rel=\"canonical\" href=\"https:\/\/www.enocean.com\/de\/anwendungen\/smart-spaces\/asset-management\/\" \/>\n<meta property=\"og:locale\" content=\"de_DE\" \/>\n<meta property=\"og:type\" content=\"article\" \/>\n<meta property=\"og:title\" content=\"Asset Management - EnOcean\" \/>\n<meta property=\"og:url\" content=\"https:\/\/www.enocean.com\/de\/anwendungen\/smart-spaces\/asset-management\/\" \/>\n<meta property=\"og:site_name\" content=\"EnOcean\" \/>\n<meta property=\"article:modified_time\" content=\"2025-07-14T07:21:16+00:00\" \/>\n<meta property=\"og:image\" content=\"https:\/\/www.enocean.com\/wp-content\/uploads\/Header\/eo_asset-management_2048x613-1.jpg\" \/>\n\t<meta property=\"og:image:width\" content=\"2048\" \/>\n\t<meta property=\"og:image:height\" content=\"613\" \/>\n\t<meta property=\"og:image:type\" content=\"image\/jpeg\" \/>\n<meta name=\"twitter:card\" content=\"summary_large_image\" \/>\n<meta name=\"twitter:label1\" content=\"Gesch\u00e4tzte Lesezeit\" \/>\n\t<meta name=\"twitter:data1\" content=\"4\u00a0Minuten\" \/>\n<script type=\"application\/ld+json\" class=\"yoast-schema-graph\">{\"@context\":\"https:\/\/schema.org\",\"@graph\":[{\"@type\":\"WebPage\",\"@id\":\"https:\/\/www.enocean.com\/de\/anwendungen\/smart-spaces\/asset-management\/\",\"url\":\"https:\/\/www.enocean.com\/de\/anwendungen\/smart-spaces\/asset-management\/\",\"name\":\"Asset Management - EnOcean\",\"isPartOf\":{\"@id\":\"https:\/\/www.enocean.com\/de\/#website\"},\"primaryImageOfPage\":{\"@id\":\"https:\/\/www.enocean.com\/de\/anwendungen\/smart-spaces\/asset-management\/#primaryimage\"},\"image\":{\"@id\":\"https:\/\/www.enocean.com\/de\/anwendungen\/smart-spaces\/asset-management\/#primaryimage\"},\"thumbnailUrl\":\"https:\/\/www.enocean.com\/wp-content\/uploads\/Header\/eo_asset-management_2048x613-1.jpg\",\"datePublished\":\"2021-12-02T12:45:07+00:00\",\"dateModified\":\"2025-07-14T07:21:16+00:00\",\"breadcrumb\":{\"@id\":\"https:\/\/www.enocean.com\/de\/anwendungen\/smart-spaces\/asset-management\/#breadcrumb\"},\"inLanguage\":\"de\",\"potentialAction\":[{\"@type\":\"ReadAction\",\"target\":[\"https:\/\/www.enocean.com\/de\/anwendungen\/smart-spaces\/asset-management\/\"]}]},{\"@type\":\"ImageObject\",\"inLanguage\":\"de\",\"@id\":\"https:\/\/www.enocean.com\/de\/anwendungen\/smart-spaces\/asset-management\/#primaryimage\",\"url\":\"https:\/\/www.enocean.com\/wp-content\/uploads\/Header\/eo_asset-management_2048x613-1.jpg\",\"contentUrl\":\"https:\/\/www.enocean.com\/wp-content\/uploads\/Header\/eo_asset-management_2048x613-1.jpg\",\"width\":2048,\"height\":613,\"caption\":\"EnOcean Asset Management\"},{\"@type\":\"BreadcrumbList\",\"@id\":\"https:\/\/www.enocean.com\/de\/anwendungen\/smart-spaces\/asset-management\/#breadcrumb\",\"itemListElement\":[{\"@type\":\"ListItem\",\"position\":1,\"name\":\"Startseite\",\"item\":\"https:\/\/www.enocean.com\/de\/\"},{\"@type\":\"ListItem\",\"position\":2,\"name\":\"Anwendungen\",\"item\":\"https:\/\/www.enocean.com\/de\/anwendungen\/\"},{\"@type\":\"ListItem\",\"position\":3,\"name\":\"Smart Spaces\",\"item\":\"https:\/\/www.enocean.com\/de\/anwendungen\/smart-spaces\/\"},{\"@type\":\"ListItem\",\"position\":4,\"name\":\"Asset Management\"}]},{\"@type\":\"WebSite\",\"@id\":\"https:\/\/www.enocean.com\/de\/#website\",\"url\":\"https:\/\/www.enocean.com\/de\/\",\"name\":\"EnOcean\",\"description\":\"EnOcean Relaunch\",\"publisher\":{\"@id\":\"https:\/\/www.enocean.com\/de\/#organization\"},\"potentialAction\":[{\"@type\":\"SearchAction\",\"target\":{\"@type\":\"EntryPoint\",\"urlTemplate\":\"https:\/\/www.enocean.com\/de\/?s={search_term_string}\"},\"query-input\":{\"@type\":\"PropertyValueSpecification\",\"valueRequired\":true,\"valueName\":\"search_term_string\"}}],\"inLanguage\":\"de\"},{\"@type\":\"Organization\",\"@id\":\"https:\/\/www.enocean.com\/de\/#organization\",\"name\":\"EnOcean\",\"url\":\"https:\/\/www.enocean.com\/de\/\",\"logo\":{\"@type\":\"ImageObject\",\"inLanguage\":\"de\",\"@id\":\"https:\/\/www.enocean.com\/de\/#\/schema\/logo\/image\/\",\"url\":\"https:\/\/www.enocean.com\/wp-content\/uploads\/Logos\/1-1.png\",\"contentUrl\":\"https:\/\/www.enocean.com\/wp-content\/uploads\/Logos\/1-1.png\",\"width\":500,\"height\":500,\"caption\":\"EnOcean\"},\"image\":{\"@id\":\"https:\/\/www.enocean.com\/de\/#\/schema\/logo\/image\/\"},\"sameAs\":[\"https:\/\/www.linkedin.com\/company\/enocean\/\"]}]}<\/script>\n<!-- \/ Yoast SEO plugin. -->","yoast_head_json":{"title":"Asset Management - EnOcean","robots":{"index":"index","follow":"follow","max-snippet":"max-snippet:-1","max-image-preview":"max-image-preview:large","max-video-preview":"max-video-preview:-1"},"canonical":"https:\/\/www.enocean.com\/de\/anwendungen\/smart-spaces\/asset-management\/","og_locale":"de_DE","og_type":"article","og_title":"Asset Management - EnOcean","og_url":"https:\/\/www.enocean.com\/de\/anwendungen\/smart-spaces\/asset-management\/","og_site_name":"EnOcean","article_modified_time":"2025-07-14T07:21:16+00:00","og_image":[{"width":2048,"height":613,"url":"https:\/\/www.enocean.com\/wp-content\/uploads\/Header\/eo_asset-management_2048x613-1.jpg","type":"image\/jpeg"}],"twitter_card":"summary_large_image","twitter_misc":{"Gesch\u00e4tzte Lesezeit":"4\u00a0Minuten"},"schema":{"@context":"https:\/\/schema.org","@graph":[{"@type":"WebPage","@id":"https:\/\/www.enocean.com\/de\/anwendungen\/smart-spaces\/asset-management\/","url":"https:\/\/www.enocean.com\/de\/anwendungen\/smart-spaces\/asset-management\/","name":"Asset Management - EnOcean","isPartOf":{"@id":"https:\/\/www.enocean.com\/de\/#website"},"primaryImageOfPage":{"@id":"https:\/\/www.enocean.com\/de\/anwendungen\/smart-spaces\/asset-management\/#primaryimage"},"image":{"@id":"https:\/\/www.enocean.com\/de\/anwendungen\/smart-spaces\/asset-management\/#primaryimage"},"thumbnailUrl":"https:\/\/www.enocean.com\/wp-content\/uploads\/Header\/eo_asset-management_2048x613-1.jpg","datePublished":"2021-12-02T12:45:07+00:00","dateModified":"2025-07-14T07:21:16+00:00","breadcrumb":{"@id":"https:\/\/www.enocean.com\/de\/anwendungen\/smart-spaces\/asset-management\/#breadcrumb"},"inLanguage":"de","potentialAction":[{"@type":"ReadAction","target":["https:\/\/www.enocean.com\/de\/anwendungen\/smart-spaces\/asset-management\/"]}]},{"@type":"ImageObject","inLanguage":"de","@id":"https:\/\/www.enocean.com\/de\/anwendungen\/smart-spaces\/asset-management\/#primaryimage","url":"https:\/\/www.enocean.com\/wp-content\/uploads\/Header\/eo_asset-management_2048x613-1.jpg","contentUrl":"https:\/\/www.enocean.com\/wp-content\/uploads\/Header\/eo_asset-management_2048x613-1.jpg","width":2048,"height":613,"caption":"EnOcean Asset Management"},{"@type":"BreadcrumbList","@id":"https:\/\/www.enocean.com\/de\/anwendungen\/smart-spaces\/asset-management\/#breadcrumb","itemListElement":[{"@type":"ListItem","position":1,"name":"Startseite","item":"https:\/\/www.enocean.com\/de\/"},{"@type":"ListItem","position":2,"name":"Anwendungen","item":"https:\/\/www.enocean.com\/de\/anwendungen\/"},{"@type":"ListItem","position":3,"name":"Smart Spaces","item":"https:\/\/www.enocean.com\/de\/anwendungen\/smart-spaces\/"},{"@type":"ListItem","position":4,"name":"Asset Management"}]},{"@type":"WebSite","@id":"https:\/\/www.enocean.com\/de\/#website","url":"https:\/\/www.enocean.com\/de\/","name":"EnOcean","description":"EnOcean Relaunch","publisher":{"@id":"https:\/\/www.enocean.com\/de\/#organization"},"potentialAction":[{"@type":"SearchAction","target":{"@type":"EntryPoint","urlTemplate":"https:\/\/www.enocean.com\/de\/?s={search_term_string}"},"query-input":{"@type":"PropertyValueSpecification","valueRequired":true,"valueName":"search_term_string"}}],"inLanguage":"de"},{"@type":"Organization","@id":"https:\/\/www.enocean.com\/de\/#organization","name":"EnOcean","url":"https:\/\/www.enocean.com\/de\/","logo":{"@type":"ImageObject","inLanguage":"de","@id":"https:\/\/www.enocean.com\/de\/#\/schema\/logo\/image\/","url":"https:\/\/www.enocean.com\/wp-content\/uploads\/Logos\/1-1.png","contentUrl":"https:\/\/www.enocean.com\/wp-content\/uploads\/Logos\/1-1.png","width":500,"height":500,"caption":"EnOcean"},"image":{"@id":"https:\/\/www.enocean.com\/de\/#\/schema\/logo\/image\/"},"sameAs":["https:\/\/www.linkedin.com\/company\/enocean\/"]}]}},"taxonomy_info":[],"featured_image_src_large":["https:\/\/www.enocean.com\/wp-content\/uploads\/Header\/eo_asset-management_2048x613-1-1024x307.jpg",1024,307,true],"author_info":{"display_name":"Martin Ische","author_link":"https:\/\/www.enocean.com\/de\/author\/aundiu_ische\/"},"comment_info":0,"uagb_featured_image_src":{"full":["https:\/\/www.enocean.com\/wp-content\/uploads\/Header\/eo_asset-management_2048x613-1.jpg",2048,613,false],"thumbnail":["https:\/\/www.enocean.com\/wp-content\/uploads\/Header\/eo_asset-management_2048x613-1-150x45.jpg",150,45,true],"medium":["https:\/\/www.enocean.com\/wp-content\/uploads\/Header\/eo_asset-management_2048x613-1-300x90.jpg",300,90,true],"medium_large":["https:\/\/www.enocean.com\/wp-content\/uploads\/Header\/eo_asset-management_2048x613-1-768x230.jpg",768,230,true],"large":["https:\/\/www.enocean.com\/wp-content\/uploads\/Header\/eo_asset-management_2048x613-1-1024x307.jpg",1024,307,true],"1536x1536":["https:\/\/www.enocean.com\/wp-content\/uploads\/Header\/eo_asset-management_2048x613-1-1536x460.jpg",1536,460,true],"2048x2048":["https:\/\/www.enocean.com\/wp-content\/uploads\/Header\/eo_asset-management_2048x613-1.jpg",2048,613,false]},"uagb_author_info":{"display_name":"Martin Ische","author_link":"https:\/\/www.enocean.com\/de\/author\/aundiu_ische\/"},"uagb_comment_info":0,"uagb_excerpt":null,"_links":{"self":[{"href":"https:\/\/www.enocean.com\/de\/wp-json\/wp\/v2\/pages\/12727","targetHints":{"allow":["GET"]}}],"collection":[{"href":"https:\/\/www.enocean.com\/de\/wp-json\/wp\/v2\/pages"}],"about":[{"href":"https:\/\/www.enocean.com\/de\/wp-json\/wp\/v2\/types\/page"}],"author":[{"embeddable":true,"href":"https:\/\/www.enocean.com\/de\/wp-json\/wp\/v2\/users\/2"}],"replies":[{"embeddable":true,"href":"https:\/\/www.enocean.com\/de\/wp-json\/wp\/v2\/comments?post=12727"}],"version-history":[{"count":4,"href":"https:\/\/www.enocean.com\/de\/wp-json\/wp\/v2\/pages\/12727\/revisions"}],"predecessor-version":[{"id":29962,"href":"https:\/\/www.enocean.com\/de\/wp-json\/wp\/v2\/pages\/12727\/revisions\/29962"}],"up":[{"embeddable":true,"href":"https:\/\/www.enocean.com\/de\/wp-json\/wp\/v2\/pages\/12731"}],"wp:featuredmedia":[{"embeddable":true,"href":"https:\/\/www.enocean.com\/de\/wp-json\/wp\/v2\/media\/27179"}],"wp:attachment":[{"href":"https:\/\/www.enocean.com\/de\/wp-json\/wp\/v2\/media?parent=12727"}],"curies":[{"name":"wp","href":"https:\/\/api.w.org\/{rel}","templated":true}]}}