{"id":12729,"date":"2021-12-02T12:45:26","date_gmt":"2021-12-02T12:45:26","guid":{"rendered":"https:\/\/www.enocean.com\/smart-cleaning\/"},"modified":"2025-01-03T12:56:26","modified_gmt":"2025-01-03T11:56:26","slug":"smart-cleaning","status":"publish","type":"page","link":"https:\/\/www.enocean.com\/de\/anwendungen\/smart-spaces\/smart-cleaning\/","title":{"rendered":"Smart Cleaning"},"content":{"rendered":"\n<div class=\"wp-block-cover is-light eo-visualheader\"><span aria-hidden=\"true\" class=\"wp-block-cover__background has-background-dim-0 has-background-dim\" style=\"background-color:#968b85\"><\/span><img decoding=\"async\" width=\"2048\" height=\"613\" class=\"wp-block-cover__image-background wp-image-27141\" alt=\"\" src=\"https:\/\/www.enocean.com\/wp-content\/uploads\/Header\/eo_smart_cleaning_2048x613.jpg\" data-object-fit=\"cover\" srcset=\"https:\/\/www.enocean.com\/wp-content\/uploads\/Header\/eo_smart_cleaning_2048x613.jpg 2048w, https:\/\/www.enocean.com\/wp-content\/uploads\/Header\/eo_smart_cleaning_2048x613-300x90.jpg 300w, https:\/\/www.enocean.com\/wp-content\/uploads\/Header\/eo_smart_cleaning_2048x613-1024x307.jpg 1024w, https:\/\/www.enocean.com\/wp-content\/uploads\/Header\/eo_smart_cleaning_2048x613-150x45.jpg 150w, https:\/\/www.enocean.com\/wp-content\/uploads\/Header\/eo_smart_cleaning_2048x613-768x230.jpg 768w, https:\/\/www.enocean.com\/wp-content\/uploads\/Header\/eo_smart_cleaning_2048x613-1536x460.jpg 1536w\" sizes=\"(max-width: 2048px) 100vw, 2048px\" \/><div class=\"wp-block-cover__inner-container is-layout-flow wp-block-cover-is-layout-flow\">\n<p class=\"has-text-align-center has-large-font-size\"><\/p>\n<\/div><\/div>\n\n\n\n<section class=\"wp-block-uagb-section uagb-section__wrap uagb-section__background-undefined uagb-block-a2a14ecd\"><div class=\"uagb-section__overlay\"><\/div><div class=\"uagb-section__inner-wrap\">\n<h1 class=\"wp-block-heading\">Smart Cleaning<\/h1>\n<\/div><\/section>\n\n\n\n<section class=\"wp-block-uagb-section uagb-section__wrap uagb-section__background-undefined uagb-block-eaf0ad93\"><div class=\"uagb-section__overlay\"><\/div><div class=\"uagb-section__inner-wrap\">\n<h2 class=\"wp-block-heading\">Unsere Sensoren sagen Bescheid, wenn geputzt werden muss<\/h2>\n\n\n\n<p>Wir alle legen Wert auf saubere Arbeitsbereiche und hygienische Waschr\u00e4ume in \u00f6ffentlichen Geb\u00e4uden. In den meisten F\u00e4llen werden Geb\u00e4ude w\u00f6chentlich nach einem festen Plan gereinigt. Aber ist das wirklich die effizienteste Art und Weise, daf\u00fcr zu sorgen, dass alle Bereiche stets so sauber wie m\u00f6glich sind? Wir sind \u00fcberzeugt, dass es bessere M\u00f6glichkeiten gibt. Dazu m\u00fcssen wir wissen, wie h\u00e4ufig Schreibtische, Konferenzr\u00e4ume und Toiletten tats\u00e4chlich genutzt werden. Denn es macht einen gro\u00dfen Unterschied, ob ein Raum, der einmal w\u00f6chentlich gereinigt wird, t\u00e4glich oder nur alle 14&nbsp;Tage belegt ist. Dasselbe gilt auch f\u00fcr die Toiletten an einem Flughafen: Wenn keine Fl\u00fcge gehen, braucht man auch die Sanit\u00e4rbereiche nicht st\u00e4ndig zu putzen. Wenn aber gerade erst ein Flugzeug gelandet ist, nutzen so viele Menschen die Toiletten, dass sie unbedingt gereinigt werden m\u00fcssen. <\/p>\n\n\n\n<p>Entscheidend ist, dass wir nicht blind vorgegebenen Putzpl\u00e4nen folgen, sondern auf Smart Cleaning setzen&nbsp;\u2013 mithilfe unserer kabellosen Funksensoren und der digitalen L\u00f6sungen unserer Partner. Die Sensoren sagen uns, wie h\u00e4ufig Schreibtische und Konferenzr\u00e4ume benutzt werden, ob Seifenspender in Waschr\u00e4umen leer sind oder wie viele Personen auf der Toilette waren. So k\u00f6nnen Sie Ihr Reinigungsteam gezielt dann in ein Geb\u00e4ude schicken, wenn tats\u00e4chlich geputzt werden muss. Damit die Menschen dort ein hygienisch sauberes Umfeld vorfinden, in dem sie sich rundum wohl f\u00fchlen.<\/p>\n<\/div><\/section>\n\n\n\n<section class=\"wp-block-uagb-section uagb-section__wrap uagb-section__background-undefined uagb-block-8c31f70d\"><div class=\"uagb-section__overlay\"><\/div><div class=\"uagb-section__inner-wrap\">\n<h2 class=\"wp-block-heading\">Anwendungsf\u00e4lle<\/h2>\n\n\n<style>.kt-tabs-id12729_96e2bb-ac > .kt-tabs-content-wrap > .wp-block-kadence-tab{border-top:1px solid #003274;border-right:0px solid #003274;border-bottom:0px solid #003274;border-left:0px solid #003274;border-top-left-radius:0px;border-top-right-radius:0px;border-bottom-right-radius:0px;border-bottom-left-radius:0px;padding-top:20px;padding-right:20px;padding-bottom:20px;padding-left:20px;background:#ffffff;}.wp-block-kadence-tabs .kt-tabs-id12729_96e2bb-ac > .kt-tabs-title-list li{margin-top:0px;margin-right:8px;margin-bottom:-5px;margin-left:0px;}.wp-block-kadence-tabs .kt-tabs-id12729_96e2bb-ac > .kt-tabs-title-list li:last-child{margin-right:0px;}.wp-block-kadence-tabs .kt-tabs-id12729_96e2bb-ac > .kt-tabs-title-list li .kt-tab-title, .wp-block-kadence-tabs .kt-tabs-id12729_96e2bb-ac > .kt-tabs-content-wrap > .kt-tabs-accordion-title .kt-tab-title{line-height:1.4em;font-weight:regular;font-style:normal;border-top-width:1px;border-right-width:1px;border-bottom-width:0px;border-left-width:1px;border-top-left-radius:4px;border-top-right-radius:4px;border-bottom-right-radius:0px;border-bottom-left-radius:0px;padding-top:9px;padding-right:10px;padding-bottom:8px;padding-left:10px;border-color:#ffffff;color:#333333;background:#ffffff;}.wp-block-kadence-tabs .kt-tabs-id12729_96e2bb-ac > .kt-tabs-content-wrap > .kt-tabs-accordion-title .kt-tab-title{margin-top:0px;margin-right:8px;margin-bottom:-5px;margin-left:0px;}.wp-block-kadence-tabs .kt-tabs-id12729_96e2bb-ac > .kt-tabs-title-list li .kt-tab-title:hover, .wp-block-kadence-tabs .kt-tabs-id12729_96e2bb-ac > .kt-tabs-content-wrap > .kt-tabs-accordion-title .kt-tab-title:hover{border-color:#eeeeee;color:#003274;background:#ffffff;}.wp-block-kadence-tabs .kt-tabs-id12729_96e2bb-ac > .kt-tabs-title-list li.kt-tab-title-active .kt-tab-title, .wp-block-kadence-tabs .kt-tabs-id12729_96e2bb-ac > .kt-tabs-content-wrap > .kt-tabs-accordion-title.kt-tab-title-active .kt-tab-title{border-color:#003274;color:#003274;background:#ffffff;}@media all and (max-width: 1024px){.kt-tabs-id12729_96e2bb-ac > .kt-tabs-content-wrap > .wp-block-kadence-tab{border-top:1px solid #003274;border-right:0px solid #003274;border-bottom:0px solid #003274;border-left:0px solid #003274;}}@media all and (max-width: 767px){.kt-tabs-id12729_96e2bb-ac > .kt-tabs-content-wrap > .wp-block-kadence-tab{border-top:1px solid #003274;border-right:0px solid #003274;border-bottom:0px solid #003274;border-left:0px solid #003274;}}<\/style>\n<div class=\"wp-block-kadence-tabs alignnone\"><div class=\"kt-tabs-wrap kt-tabs-id12729_96e2bb-ac kt-tabs-has-2-tabs kt-active-tab-1 kt-tabs-layout-tabs kt-tabs-tablet-layout-tabs kt-tabs-mobile-layout-tabs kt-tab-alignment-left \"><ul class=\"kt-tabs-title-list\"><li id=\"tab-cws\" class=\"kt-title-item kt-title-item-1 kt-tabs-svg-show-always kt-tabs-icon-side-right kt-tab-title-active\"><a href=\"#tab-cws\" data-tab=\"1\" class=\"kt-tab-title kt-tab-title-1 \"><span class=\"kt-title-text\">CWS<\/span><\/a><\/li><li id=\"tab-winshine\" class=\"kt-title-item kt-title-item-2 kt-tabs-svg-show-always kt-tabs-icon-side-right kt-tab-title-inactive\"><a href=\"#tab-winshine\" data-tab=\"2\" class=\"kt-tab-title kt-tab-title-2 \"><span class=\"kt-title-text\">WinShine<\/span><\/a><\/li><\/ul><div class=\"kt-tabs-content-wrap\">\n<div class=\"wp-block-kadence-tab kt-tab-inner-content kt-inner-tab-1 kt-inner-taba2c4b6-f3\"><div class=\"kt-tab-inner-content-inner\">\n<h3 class=\"wp-block-heading\">Digitale Waschrauml\u00f6sungen f\u00fcr optimales Hygienemanagement<\/h3>\n\n\n<div class=\"wp-block-image\">\n<figure class=\"alignright size-large is-resized\"><img decoding=\"async\" width=\"1024\" height=\"724\" src=\"https:\/\/www.enocean.com\/wp-content\/uploads\/Bilder-Partner\/CWS-ParadiseLine-RoyalRed-SmartMate-1024x724.jpg\" alt=\"\" class=\"wp-image-9722\" style=\"width:512px;height:362px\" srcset=\"https:\/\/www.enocean.com\/wp-content\/uploads\/Bilder-Partner\/CWS-ParadiseLine-RoyalRed-SmartMate-1024x724.jpg 1024w, https:\/\/www.enocean.com\/wp-content\/uploads\/Bilder-Partner\/CWS-ParadiseLine-RoyalRed-SmartMate-300x212.jpg 300w, https:\/\/www.enocean.com\/wp-content\/uploads\/Bilder-Partner\/CWS-ParadiseLine-RoyalRed-SmartMate-768x543.jpg 768w, https:\/\/www.enocean.com\/wp-content\/uploads\/Bilder-Partner\/CWS-ParadiseLine-RoyalRed-SmartMate-1536x1086.jpg 1536w, https:\/\/www.enocean.com\/wp-content\/uploads\/Bilder-Partner\/CWS-ParadiseLine-RoyalRed-SmartMate-2048x1448.jpg 2048w\" sizes=\"(max-width: 1024px) 100vw, 1024px\" \/><\/figure>\n<\/div>\n\n\n<p>Die Corona-Pandemie hat die Weltwirtschaft ersch\u00fcttert und die Art und Weise, wie wir leben, arbeiten und Gesch\u00e4fte machen, grundlegend ver\u00e4ndert. Wir sind \u00fcberzeugt, dass die Technik f\u00fcr die Bew\u00e4ltigung der neuen Herausforderungen in der Reinigungs- und Hygienebranche eine entscheidendere Rolle spielen wird als je zuvor. Aufeinander abgestimmte IoT-L\u00f6sungen und innovative Technologien sind eine gro\u00dfe Hilfe f\u00fcr unsere Unternehmen.<\/p>\n\n\n\n<div class=\"wp-block-buttons is-layout-flex wp-block-buttons-is-layout-flex\">\n<div class=\"wp-block-button is-style-cta-button\"><a class=\"wp-block-button__link wp-element-button\" href=\"https:\/\/perpetuum.enocean.com\/02-2020\/cws-digitale-waschraumloesungen-fur-optimales-hygienemanagement\/\" target=\"_blank\" rel=\"noreferrer noopener\" aria-label=\"opens a new tab\">Vollst\u00e4ndige Fallstudie<\/a><\/div>\n<\/div>\n<\/div><\/div>\n\n\n\n<div class=\"wp-block-kadence-tab kt-tab-inner-content kt-inner-tab-2 kt-inner-tabfdea9a-b8\"><div class=\"kt-tab-inner-content-inner\">\n<h3 class=\"wp-block-heading\">Big-Data-Technologie f\u00fcr \u00f6ffentliche Toiletten<\/h3>\n\n\n<div class=\"wp-block-image\">\n<figure class=\"alignright size-large is-resized\"><img decoding=\"async\" width=\"1024\" height=\"576\" src=\"https:\/\/www.enocean.com\/wp-content\/uploads\/Bilder-Partner\/perpetuum-1-2020-winshine-distribution-map-1024x576.jpeg\" alt=\"\" class=\"wp-image-9727\" style=\"width:512px;height:288px\" srcset=\"https:\/\/www.enocean.com\/wp-content\/uploads\/Bilder-Partner\/perpetuum-1-2020-winshine-distribution-map-1024x576.jpeg 1024w, https:\/\/www.enocean.com\/wp-content\/uploads\/Bilder-Partner\/perpetuum-1-2020-winshine-distribution-map-300x169.jpeg 300w, https:\/\/www.enocean.com\/wp-content\/uploads\/Bilder-Partner\/perpetuum-1-2020-winshine-distribution-map-768x432.jpeg 768w, https:\/\/www.enocean.com\/wp-content\/uploads\/Bilder-Partner\/perpetuum-1-2020-winshine-distribution-map-1536x864.jpeg 1536w, https:\/\/www.enocean.com\/wp-content\/uploads\/Bilder-Partner\/perpetuum-1-2020-winshine-distribution-map.jpeg 1920w\" sizes=\"(max-width: 1024px) 100vw, 1024px\" \/><\/figure>\n<\/div>\n\n\n<p>Ob Krankenh\u00e4user, Flugh\u00e4fen, Bahnh\u00f6fe oder Einkaufszentren&nbsp;\u2013 \u00fcberall befindet sich eine gro\u00dfe Anzahl \u00f6ffentlicher Toiletten, die h\u00e4ufig in Anspruch genommen werden. Sie sauber und funktionst\u00fcchtig zu halten, erfordert einen immensen Aufwand. Au\u00dferdem w\u00e4re es sehr praktisch, wenn man Warteschlangen zu anderen WCs umleiten und damit Wartezeiten vermeiden, Papierhandt\u00fccher und Desinfektionsmittel rechtzeitig nachf\u00fcllen und stets f\u00fcr frische Luft sorgen k\u00f6nnte. <\/p>\n\n\n\n<p>Das Internet der Dinge (IoT) bietet viele neue M\u00f6glichkeiten, \u00f6ffentliche Toiletten auf diese Weise zu verwalten und den zur Verf\u00fcgung stehenden Platz so zu nutzen, dass sich die Menschen wohler f\u00fchlen.<\/p>\n\n\n\n<div class=\"wp-block-buttons is-layout-flex wp-block-buttons-is-layout-flex\">\n<div class=\"wp-block-button is-style-cta-button\"><a class=\"wp-block-button__link wp-element-button\" href=\"https:\/\/perpetuum.enocean.com\/01-2020\/winshine-big-data-fuer-oeffentliche-toiletten\/\" target=\"_blank\" rel=\"noreferrer noopener\" aria-label=\"opens a new tab\">Vollst\u00e4ndige Fallstudie<\/a><\/div>\n<\/div>\n<\/div><\/div>\n<\/div><\/div><\/div>\n<\/div><\/section>\n\n\n\n<section class=\"wp-block-uagb-section uagb-section__wrap uagb-section__background-undefined uagb-block-9f01968a\"><div class=\"uagb-section__overlay\"><\/div><div class=\"uagb-section__inner-wrap\">\n<h2 class=\"wp-block-heading\">Weitere Anwendungen<\/h2>\n\n\n\n<section class=\"wp-block-uagb-section uagb-section__wrap uagb-section__background-undefined uagb-block-8943fb18 eo-3-spalten\"><div class=\"uagb-section__overlay\"><\/div><div class=\"uagb-section__inner-wrap\">\n<div class=\"wp-block-columns is-layout-flex wp-container-core-columns-is-layout-9d6595d7 wp-block-columns-is-layout-flex\">\n<div class=\"wp-block-column has-back-alternate-blue-background-color has-background ek-linked-block is-layout-flow wp-block-column-is-layout-flow\">\n<div class=\"wp-block-uagb-section uagb-section__wrap uagb-section__background-none uagb-block-c615b910\"><div class=\"uagb-section__overlay\"><\/div><div class=\"uagb-section__inner-wrap\">\n<h4 class=\"wp-block-heading has-text-align-center\">Smart Spaces<\/h4>\n\n\n\n<div class=\"wp-block-buttons is-horizontal is-content-justification-center is-layout-flex wp-container-core-buttons-is-layout-499968f5 wp-block-buttons-is-layout-flex\">\n<div class=\"wp-block-button is-style-transparent-button-pfeil\"><a class=\"wp-block-button__link wp-element-button\" href=\"https:\/\/www.enocean.com\/applications\/internet-of-things\/smart-spaces\/\">Mehr<\/a><\/div>\n<\/div>\n<\/div><\/div>\n<\/div>\n\n\n\n<div class=\"wp-block-column has-back-alternate-blue-background-color has-background ek-linked-block is-layout-flow wp-block-column-is-layout-flow\">\n<div class=\"wp-block-uagb-section uagb-section__wrap uagb-section__background-color uagb-block-54cdf37d\"><div class=\"uagb-section__overlay\"><\/div><div class=\"uagb-section__inner-wrap\">\n<h4 class=\"wp-block-heading has-text-align-center\">Asset Management<\/h4>\n\n\n\n<div class=\"wp-block-buttons is-horizontal is-content-justification-center is-layout-flex wp-container-core-buttons-is-layout-499968f5 wp-block-buttons-is-layout-flex\">\n<div class=\"wp-block-button is-style-transparent-button-pfeil\"><a class=\"wp-block-button__link wp-element-button\" href=\"https:\/\/www.enocean.com\/applications\/internet-of-things\/asset-management\/\">Mehr<\/a><\/div>\n<\/div>\n<\/div><\/div>\n<\/div>\n\n\n\n<div class=\"wp-block-column has-back-alternate-blue-background-color has-background ek-linked-block is-layout-flow wp-block-column-is-layout-flow\">\n<div class=\"wp-block-uagb-section uagb-section__wrap uagb-section__background-color uagb-block-458c00e9\"><div class=\"uagb-section__overlay\"><\/div><div class=\"uagb-section__inner-wrap\">\n<h4 class=\"wp-block-heading has-text-align-center\">Hotdesking<\/h4>\n\n\n\n<div class=\"wp-block-buttons is-horizontal is-content-justification-center is-layout-flex wp-container-core-buttons-is-layout-499968f5 wp-block-buttons-is-layout-flex\">\n<div class=\"wp-block-button is-style-transparent-button-pfeil\"><a class=\"wp-block-button__link wp-element-button\" href=\"https:\/\/www.enocean.com\/applications\/internet-of-things\/hot-desking\/\">Mehr<\/a><\/div>\n<\/div>\n<\/div><\/div>\n<\/div>\n<\/div>\n<\/div><\/section>\n<\/div><\/section>\n","protected":false},"excerpt":{"rendered":"","protected":false},"author":2,"featured_media":27141,"parent":12731,"menu_order":24,"comment_status":"closed","ping_status":"closed","template":"","meta":{"_acf_changed":false,"inline_featured_image":false,"_uag_custom_page_level_css":"","_kad_blocks_custom_css":"","_kad_blocks_head_custom_js":"","_kad_blocks_body_custom_js":"","_kad_blocks_footer_custom_js":"","footnotes":""},"class_list":["post-12729","page","type-page","status-publish","has-post-thumbnail","hentry"],"acf":[],"yoast_head":"<!-- This site is optimized with the Yoast SEO plugin v26.5 - https:\/\/yoast.com\/wordpress\/plugins\/seo\/ -->\n<title>Smart Cleaning - EnOcean<\/title>\n<meta name=\"robots\" content=\"index, follow, max-snippet:-1, max-image-preview:large, max-video-preview:-1\" \/>\n<link rel=\"canonical\" href=\"https:\/\/www.enocean.com\/de\/anwendungen\/smart-spaces\/smart-cleaning\/\" \/>\n<meta property=\"og:locale\" content=\"de_DE\" \/>\n<meta property=\"og:type\" content=\"article\" \/>\n<meta property=\"og:title\" content=\"Smart Cleaning - EnOcean\" \/>\n<meta property=\"og:url\" content=\"https:\/\/www.enocean.com\/de\/anwendungen\/smart-spaces\/smart-cleaning\/\" \/>\n<meta property=\"og:site_name\" content=\"EnOcean\" \/>\n<meta property=\"article:modified_time\" content=\"2025-01-03T11:56:26+00:00\" \/>\n<meta property=\"og:image\" content=\"https:\/\/www.enocean.com\/wp-content\/uploads\/Header\/eo_smart_cleaning_01_2048x613.jpg\" \/>\n\t<meta property=\"og:image:width\" content=\"2048\" \/>\n\t<meta property=\"og:image:height\" content=\"613\" \/>\n\t<meta property=\"og:image:type\" content=\"image\/jpeg\" \/>\n<meta name=\"twitter:card\" content=\"summary_large_image\" \/>\n<meta name=\"twitter:label1\" content=\"Gesch\u00e4tzte Lesezeit\" \/>\n\t<meta name=\"twitter:data1\" content=\"3\u00a0Minuten\" \/>\n<script type=\"application\/ld+json\" class=\"yoast-schema-graph\">{\"@context\":\"https:\/\/schema.org\",\"@graph\":[{\"@type\":\"WebPage\",\"@id\":\"https:\/\/www.enocean.com\/de\/anwendungen\/smart-spaces\/smart-cleaning\/\",\"url\":\"https:\/\/www.enocean.com\/de\/anwendungen\/smart-spaces\/smart-cleaning\/\",\"name\":\"Smart Cleaning - EnOcean\",\"isPartOf\":{\"@id\":\"https:\/\/www.enocean.com\/de\/#website\"},\"primaryImageOfPage\":{\"@id\":\"https:\/\/www.enocean.com\/de\/anwendungen\/smart-spaces\/smart-cleaning\/#primaryimage\"},\"image\":{\"@id\":\"https:\/\/www.enocean.com\/de\/anwendungen\/smart-spaces\/smart-cleaning\/#primaryimage\"},\"thumbnailUrl\":\"https:\/\/www.enocean.com\/wp-content\/uploads\/Header\/eo_smart_cleaning_2048x613.jpg\",\"datePublished\":\"2021-12-02T12:45:26+00:00\",\"dateModified\":\"2025-01-03T11:56:26+00:00\",\"breadcrumb\":{\"@id\":\"https:\/\/www.enocean.com\/de\/anwendungen\/smart-spaces\/smart-cleaning\/#breadcrumb\"},\"inLanguage\":\"de\",\"potentialAction\":[{\"@type\":\"ReadAction\",\"target\":[\"https:\/\/www.enocean.com\/de\/anwendungen\/smart-spaces\/smart-cleaning\/\"]}]},{\"@type\":\"ImageObject\",\"inLanguage\":\"de\",\"@id\":\"https:\/\/www.enocean.com\/de\/anwendungen\/smart-spaces\/smart-cleaning\/#primaryimage\",\"url\":\"https:\/\/www.enocean.com\/wp-content\/uploads\/Header\/eo_smart_cleaning_2048x613.jpg\",\"contentUrl\":\"https:\/\/www.enocean.com\/wp-content\/uploads\/Header\/eo_smart_cleaning_2048x613.jpg\",\"width\":2048,\"height\":613,\"caption\":\"EnOcean Smart Cleaning\"},{\"@type\":\"BreadcrumbList\",\"@id\":\"https:\/\/www.enocean.com\/de\/anwendungen\/smart-spaces\/smart-cleaning\/#breadcrumb\",\"itemListElement\":[{\"@type\":\"ListItem\",\"position\":1,\"name\":\"Startseite\",\"item\":\"https:\/\/www.enocean.com\/de\/\"},{\"@type\":\"ListItem\",\"position\":2,\"name\":\"Anwendungen\",\"item\":\"https:\/\/www.enocean.com\/de\/anwendungen\/\"},{\"@type\":\"ListItem\",\"position\":3,\"name\":\"Smart Spaces\",\"item\":\"https:\/\/www.enocean.com\/de\/anwendungen\/smart-spaces\/\"},{\"@type\":\"ListItem\",\"position\":4,\"name\":\"Smart Cleaning\"}]},{\"@type\":\"WebSite\",\"@id\":\"https:\/\/www.enocean.com\/de\/#website\",\"url\":\"https:\/\/www.enocean.com\/de\/\",\"name\":\"EnOcean\",\"description\":\"EnOcean Relaunch\",\"publisher\":{\"@id\":\"https:\/\/www.enocean.com\/de\/#organization\"},\"potentialAction\":[{\"@type\":\"SearchAction\",\"target\":{\"@type\":\"EntryPoint\",\"urlTemplate\":\"https:\/\/www.enocean.com\/de\/?s={search_term_string}\"},\"query-input\":{\"@type\":\"PropertyValueSpecification\",\"valueRequired\":true,\"valueName\":\"search_term_string\"}}],\"inLanguage\":\"de\"},{\"@type\":\"Organization\",\"@id\":\"https:\/\/www.enocean.com\/de\/#organization\",\"name\":\"EnOcean\",\"url\":\"https:\/\/www.enocean.com\/de\/\",\"logo\":{\"@type\":\"ImageObject\",\"inLanguage\":\"de\",\"@id\":\"https:\/\/www.enocean.com\/de\/#\/schema\/logo\/image\/\",\"url\":\"https:\/\/www.enocean.com\/wp-content\/uploads\/Logos\/1-1.png\",\"contentUrl\":\"https:\/\/www.enocean.com\/wp-content\/uploads\/Logos\/1-1.png\",\"width\":500,\"height\":500,\"caption\":\"EnOcean\"},\"image\":{\"@id\":\"https:\/\/www.enocean.com\/de\/#\/schema\/logo\/image\/\"},\"sameAs\":[\"https:\/\/www.linkedin.com\/company\/enocean\/\"]}]}<\/script>\n<!-- \/ Yoast SEO plugin. -->","yoast_head_json":{"title":"Smart Cleaning - EnOcean","robots":{"index":"index","follow":"follow","max-snippet":"max-snippet:-1","max-image-preview":"max-image-preview:large","max-video-preview":"max-video-preview:-1"},"canonical":"https:\/\/www.enocean.com\/de\/anwendungen\/smart-spaces\/smart-cleaning\/","og_locale":"de_DE","og_type":"article","og_title":"Smart Cleaning - EnOcean","og_url":"https:\/\/www.enocean.com\/de\/anwendungen\/smart-spaces\/smart-cleaning\/","og_site_name":"EnOcean","article_modified_time":"2025-01-03T11:56:26+00:00","og_image":[{"width":2048,"height":613,"url":"https:\/\/www.enocean.com\/wp-content\/uploads\/Header\/eo_smart_cleaning_01_2048x613.jpg","type":"image\/jpeg"}],"twitter_card":"summary_large_image","twitter_misc":{"Gesch\u00e4tzte Lesezeit":"3\u00a0Minuten"},"schema":{"@context":"https:\/\/schema.org","@graph":[{"@type":"WebPage","@id":"https:\/\/www.enocean.com\/de\/anwendungen\/smart-spaces\/smart-cleaning\/","url":"https:\/\/www.enocean.com\/de\/anwendungen\/smart-spaces\/smart-cleaning\/","name":"Smart Cleaning - EnOcean","isPartOf":{"@id":"https:\/\/www.enocean.com\/de\/#website"},"primaryImageOfPage":{"@id":"https:\/\/www.enocean.com\/de\/anwendungen\/smart-spaces\/smart-cleaning\/#primaryimage"},"image":{"@id":"https:\/\/www.enocean.com\/de\/anwendungen\/smart-spaces\/smart-cleaning\/#primaryimage"},"thumbnailUrl":"https:\/\/www.enocean.com\/wp-content\/uploads\/Header\/eo_smart_cleaning_2048x613.jpg","datePublished":"2021-12-02T12:45:26+00:00","dateModified":"2025-01-03T11:56:26+00:00","breadcrumb":{"@id":"https:\/\/www.enocean.com\/de\/anwendungen\/smart-spaces\/smart-cleaning\/#breadcrumb"},"inLanguage":"de","potentialAction":[{"@type":"ReadAction","target":["https:\/\/www.enocean.com\/de\/anwendungen\/smart-spaces\/smart-cleaning\/"]}]},{"@type":"ImageObject","inLanguage":"de","@id":"https:\/\/www.enocean.com\/de\/anwendungen\/smart-spaces\/smart-cleaning\/#primaryimage","url":"https:\/\/www.enocean.com\/wp-content\/uploads\/Header\/eo_smart_cleaning_2048x613.jpg","contentUrl":"https:\/\/www.enocean.com\/wp-content\/uploads\/Header\/eo_smart_cleaning_2048x613.jpg","width":2048,"height":613,"caption":"EnOcean Smart Cleaning"},{"@type":"BreadcrumbList","@id":"https:\/\/www.enocean.com\/de\/anwendungen\/smart-spaces\/smart-cleaning\/#breadcrumb","itemListElement":[{"@type":"ListItem","position":1,"name":"Startseite","item":"https:\/\/www.enocean.com\/de\/"},{"@type":"ListItem","position":2,"name":"Anwendungen","item":"https:\/\/www.enocean.com\/de\/anwendungen\/"},{"@type":"ListItem","position":3,"name":"Smart Spaces","item":"https:\/\/www.enocean.com\/de\/anwendungen\/smart-spaces\/"},{"@type":"ListItem","position":4,"name":"Smart Cleaning"}]},{"@type":"WebSite","@id":"https:\/\/www.enocean.com\/de\/#website","url":"https:\/\/www.enocean.com\/de\/","name":"EnOcean","description":"EnOcean Relaunch","publisher":{"@id":"https:\/\/www.enocean.com\/de\/#organization"},"potentialAction":[{"@type":"SearchAction","target":{"@type":"EntryPoint","urlTemplate":"https:\/\/www.enocean.com\/de\/?s={search_term_string}"},"query-input":{"@type":"PropertyValueSpecification","valueRequired":true,"valueName":"search_term_string"}}],"inLanguage":"de"},{"@type":"Organization","@id":"https:\/\/www.enocean.com\/de\/#organization","name":"EnOcean","url":"https:\/\/www.enocean.com\/de\/","logo":{"@type":"ImageObject","inLanguage":"de","@id":"https:\/\/www.enocean.com\/de\/#\/schema\/logo\/image\/","url":"https:\/\/www.enocean.com\/wp-content\/uploads\/Logos\/1-1.png","contentUrl":"https:\/\/www.enocean.com\/wp-content\/uploads\/Logos\/1-1.png","width":500,"height":500,"caption":"EnOcean"},"image":{"@id":"https:\/\/www.enocean.com\/de\/#\/schema\/logo\/image\/"},"sameAs":["https:\/\/www.linkedin.com\/company\/enocean\/"]}]}},"taxonomy_info":[],"featured_image_src_large":["https:\/\/www.enocean.com\/wp-content\/uploads\/Header\/eo_smart_cleaning_2048x613-1024x307.jpg",1024,307,true],"author_info":{"display_name":"Martin Ische","author_link":"https:\/\/www.enocean.com\/de\/author\/aundiu_ische\/"},"comment_info":0,"uagb_featured_image_src":{"full":["https:\/\/www.enocean.com\/wp-content\/uploads\/Header\/eo_smart_cleaning_2048x613.jpg",2048,613,false],"thumbnail":["https:\/\/www.enocean.com\/wp-content\/uploads\/Header\/eo_smart_cleaning_2048x613-150x45.jpg",150,45,true],"medium":["https:\/\/www.enocean.com\/wp-content\/uploads\/Header\/eo_smart_cleaning_2048x613-300x90.jpg",300,90,true],"medium_large":["https:\/\/www.enocean.com\/wp-content\/uploads\/Header\/eo_smart_cleaning_2048x613-768x230.jpg",768,230,true],"large":["https:\/\/www.enocean.com\/wp-content\/uploads\/Header\/eo_smart_cleaning_2048x613-1024x307.jpg",1024,307,true],"1536x1536":["https:\/\/www.enocean.com\/wp-content\/uploads\/Header\/eo_smart_cleaning_2048x613-1536x460.jpg",1536,460,true],"2048x2048":["https:\/\/www.enocean.com\/wp-content\/uploads\/Header\/eo_smart_cleaning_2048x613.jpg",2048,613,false]},"uagb_author_info":{"display_name":"Martin Ische","author_link":"https:\/\/www.enocean.com\/de\/author\/aundiu_ische\/"},"uagb_comment_info":0,"uagb_excerpt":null,"_links":{"self":[{"href":"https:\/\/www.enocean.com\/de\/wp-json\/wp\/v2\/pages\/12729","targetHints":{"allow":["GET"]}}],"collection":[{"href":"https:\/\/www.enocean.com\/de\/wp-json\/wp\/v2\/pages"}],"about":[{"href":"https:\/\/www.enocean.com\/de\/wp-json\/wp\/v2\/types\/page"}],"author":[{"embeddable":true,"href":"https:\/\/www.enocean.com\/de\/wp-json\/wp\/v2\/users\/2"}],"replies":[{"embeddable":true,"href":"https:\/\/www.enocean.com\/de\/wp-json\/wp\/v2\/comments?post=12729"}],"version-history":[{"count":1,"href":"https:\/\/www.enocean.com\/de\/wp-json\/wp\/v2\/pages\/12729\/revisions"}],"predecessor-version":[{"id":27260,"href":"https:\/\/www.enocean.com\/de\/wp-json\/wp\/v2\/pages\/12729\/revisions\/27260"}],"up":[{"embeddable":true,"href":"https:\/\/www.enocean.com\/de\/wp-json\/wp\/v2\/pages\/12731"}],"wp:featuredmedia":[{"embeddable":true,"href":"https:\/\/www.enocean.com\/de\/wp-json\/wp\/v2\/media\/27141"}],"wp:attachment":[{"href":"https:\/\/www.enocean.com\/de\/wp-json\/wp\/v2\/media?parent=12729"}],"curies":[{"name":"wp","href":"https:\/\/api.w.org\/{rel}","templated":true}]}}