{"id":12790,"date":"2021-12-03T10:13:23","date_gmt":"2021-12-03T10:13:23","guid":{"rendered":"https:\/\/www.enocean.com\/nachruestung\/"},"modified":"2025-01-03T13:19:41","modified_gmt":"2025-01-03T12:19:41","slug":"nachruestung","status":"publish","type":"page","link":"https:\/\/www.enocean.com\/de\/anwendungen\/smart-home\/nachruestung\/","title":{"rendered":"Nachr\u00fcstung"},"content":{"rendered":"\n<div class=\"wp-block-cover is-light eo-visualheader\"><span aria-hidden=\"true\" class=\"wp-block-cover__background has-background-dim-0 has-background-dim\" style=\"background-color:#9ca5a9\"><\/span><img decoding=\"async\" width=\"2048\" height=\"613\" class=\"wp-block-cover__image-background wp-image-27134\" alt=\"\" src=\"https:\/\/www.enocean.com\/wp-content\/uploads\/Header\/eo_smart_home_retrofit_2048x613.jpg\" data-object-fit=\"cover\" srcset=\"https:\/\/www.enocean.com\/wp-content\/uploads\/Header\/eo_smart_home_retrofit_2048x613.jpg 2048w, https:\/\/www.enocean.com\/wp-content\/uploads\/Header\/eo_smart_home_retrofit_2048x613-300x90.jpg 300w, https:\/\/www.enocean.com\/wp-content\/uploads\/Header\/eo_smart_home_retrofit_2048x613-1024x307.jpg 1024w, https:\/\/www.enocean.com\/wp-content\/uploads\/Header\/eo_smart_home_retrofit_2048x613-150x45.jpg 150w, https:\/\/www.enocean.com\/wp-content\/uploads\/Header\/eo_smart_home_retrofit_2048x613-768x230.jpg 768w, https:\/\/www.enocean.com\/wp-content\/uploads\/Header\/eo_smart_home_retrofit_2048x613-1536x460.jpg 1536w\" sizes=\"(max-width: 2048px) 100vw, 2048px\" \/><div class=\"wp-block-cover__inner-container is-layout-flow wp-block-cover-is-layout-flow\">\n<p class=\"has-text-align-center has-large-font-size\"><\/p>\n<\/div><\/div>\n\n\n\n<section class=\"wp-block-uagb-section uagb-section__wrap uagb-section__background-undefined uagb-block-ebf85b66\"><div class=\"uagb-section__overlay\"><\/div><div class=\"uagb-section__inner-wrap\">\n<h1 class=\"wp-block-heading\">Nachr\u00fcstung<\/h1>\n<\/div><\/section>\n\n\n\n<section class=\"wp-block-uagb-section uagb-section__wrap uagb-section__background-undefined uagb-block-9b0920b4\"><div class=\"uagb-section__overlay\"><\/div><div class=\"uagb-section__inner-wrap\">\n<h2 class=\"wp-block-heading\">Mit unseren batterielosen und energieautarken Produkten verwandeln Sie jedes Geb\u00e4ude in ein Smart Home<\/h2>\n\n\n\n<p>Nicht nur Neubauten haben das Zeug zum Smart Home: Mit der richtigen Technologie und den richtigen Partnern ist die Nachr\u00fcstung bestehender Geb\u00e4ude ein Kinderspiel.<\/p>\n\n\n\n<p>Modernisierungsarbeiten an Immobilien sind meist nicht nur teuer und zeitaufw\u00e4ndig, sondern auch eine echte Nervenprobe f\u00fcr die Bewohner. Mit dem L\u00e4rm der Arbeiten und dem st\u00e4ndigen Schmutz im Haus werden die Wochen auf der Baustelle zu einer gef\u00fchlten Ewigkeit. Manchmal sind Bauarbeiten nat\u00fcrlich unvermeidbar, etwa wenn die Substanz des Geb\u00e4udes br\u00fcchig geworden ist. Doch es gibt keinen Grund, gleich das ganze Haus auf den Kopf zu stellen, nur weil man es smart machen m\u00f6chte. In manchen F\u00e4llen, zum Beispiel bei denkmalgesch\u00fctzten Bauten, d\u00fcrfen \u00fcberhaupt keine W\u00e4nde aufgerissen oder sonstige Arbeiten an der Bausubstanz vorgenommen werden. Mit unseren Produkten und den L\u00f6sungen unserer Partner l\u00e4sst sich jedes Geb\u00e4ude in ein Smart Home verwandeln, ohne W\u00e4nde zu \u00f6ffnen oder meterweise nicht nachhaltige Kabel zu verlegen. Und dabei kommen sie ganz ohne Batterien aus.<\/p>\n\n\n\n<p>Unsere energieautarken Funkschalter und -sensoren sind ideal f\u00fcr Nachr\u00fcstungen jeder Art. Da sie ihre Energie aus der Umgebung beziehen, brauchen sie weder Batterien noch Kabel. Das ist gro\u00dfartig, denn dadurch lassen sich die Ger\u00e4te ganz einfach an W\u00e4nden, Decken und sogar Fenstern anbringen&nbsp;\u2013 wo immer Sie wollen. Und mit dem Wechseln von Batterien und Erneuern von Kabeln ist so auch endg\u00fcltig Schluss!<\/p>\n<\/div><\/section>\n\n\n\n<section class=\"wp-block-uagb-section uagb-section__wrap uagb-section__background-undefined uagb-block-e588c487\"><div class=\"uagb-section__overlay\"><\/div><div class=\"uagb-section__inner-wrap\">\n<h2 class=\"wp-block-heading\">Anwendungsf\u00e4lle<\/h2>\n\n\n<style>.kt-tabs-id12790_eea815-9b > .kt-tabs-content-wrap > .wp-block-kadence-tab{border-top:1px solid #003274;border-right:0px solid #003274;border-bottom:0px solid #003274;border-left:0px solid #003274;border-top-left-radius:0px;border-top-right-radius:0px;border-bottom-right-radius:0px;border-bottom-left-radius:0px;padding-top:20px;padding-right:20px;padding-bottom:20px;padding-left:20px;background:#ffffff;}.wp-block-kadence-tabs .kt-tabs-id12790_eea815-9b > .kt-tabs-title-list li{margin-top:0px;margin-right:8px;margin-bottom:-5px;margin-left:0px;}.wp-block-kadence-tabs .kt-tabs-id12790_eea815-9b > .kt-tabs-title-list li:last-child{margin-right:0px;}.wp-block-kadence-tabs .kt-tabs-id12790_eea815-9b > .kt-tabs-title-list li .kt-tab-title, .wp-block-kadence-tabs .kt-tabs-id12790_eea815-9b > .kt-tabs-content-wrap > .kt-tabs-accordion-title .kt-tab-title{line-height:1.4em;font-weight:regular;font-style:normal;border-top-width:1px;border-right-width:1px;border-bottom-width:0px;border-left-width:1px;border-top-left-radius:4px;border-top-right-radius:4px;border-bottom-right-radius:0px;border-bottom-left-radius:0px;padding-top:9px;padding-right:10px;padding-bottom:8px;padding-left:10px;border-color:#ffffff;color:#333333;background:#ffffff;}.wp-block-kadence-tabs .kt-tabs-id12790_eea815-9b > .kt-tabs-content-wrap > .kt-tabs-accordion-title .kt-tab-title{margin-top:0px;margin-right:8px;margin-bottom:-5px;margin-left:0px;}.wp-block-kadence-tabs .kt-tabs-id12790_eea815-9b > .kt-tabs-title-list li .kt-tab-title:hover, .wp-block-kadence-tabs .kt-tabs-id12790_eea815-9b > .kt-tabs-content-wrap > .kt-tabs-accordion-title .kt-tab-title:hover{border-color:#eeeeee;color:#003274;background:#ffffff;}.wp-block-kadence-tabs .kt-tabs-id12790_eea815-9b > .kt-tabs-title-list li.kt-tab-title-active .kt-tab-title, .wp-block-kadence-tabs .kt-tabs-id12790_eea815-9b > .kt-tabs-content-wrap > .kt-tabs-accordion-title.kt-tab-title-active .kt-tab-title{border-color:#003274;color:#003274;background:#ffffff;}@media all and (max-width: 1024px){.kt-tabs-id12790_eea815-9b > .kt-tabs-content-wrap > .wp-block-kadence-tab{border-top:1px solid #003274;border-right:0px solid #003274;border-bottom:0px solid #003274;border-left:0px solid #003274;}}@media all and (max-width: 767px){.kt-tabs-id12790_eea815-9b > .kt-tabs-content-wrap > .wp-block-kadence-tab{border-top:1px solid #003274;border-right:0px solid #003274;border-bottom:0px solid #003274;border-left:0px solid #003274;}}<\/style>\n<div class=\"wp-block-kadence-tabs alignnone\"><div class=\"kt-tabs-wrap kt-tabs-id12790_eea815-9b kt-tabs-has-2-tabs kt-active-tab-1 kt-tabs-layout-tabs kt-tabs-tablet-layout-tabs kt-tabs-mobile-layout-accordion kt-tab-alignment-left kt-create-accordion\"><ul class=\"kt-tabs-title-list\"><li id=\"tab-eltakoampmediola\" class=\"kt-title-item kt-title-item-1 kt-tabs-svg-show-always kt-tabs-icon-side-right kt-tab-title-active\"><a href=\"#tab-eltakoampmediola\" data-tab=\"1\" class=\"kt-tab-title kt-tab-title-1 \"><span class=\"kt-title-text\">Eltako &amp; mediola<\/span><\/a><\/li><li id=\"tab-smarthomepaderbornev\" class=\"kt-title-item kt-title-item-2 kt-tabs-svg-show-always kt-tabs-icon-side-right kt-tab-title-inactive\"><a href=\"#tab-smarthomepaderbornev\" data-tab=\"2\" class=\"kt-tab-title kt-tab-title-2 \"><span class=\"kt-title-text\">Smarthome Paderborn e. V.<\/span><\/a><\/li><\/ul><div class=\"kt-tabs-content-wrap\">\n<div class=\"wp-block-kadence-tab kt-tab-inner-content kt-inner-tab-1 kt-inner-tab346c72-e8\"><div class=\"kt-tab-inner-content-inner\">\n<h3 class=\"wp-block-heading\">Das Eigenheim zum Smart Home nachr\u00fcsten<\/h3>\n\n\n\n<p>Wie einfach und unkompliziert die Nachr\u00fcstung eines Eigenheims zu einem vollwertigen Smart Home auf Basis der offenen mediola-L\u00f6sungen sein kann, zeigen die Smart-Home-Spezialisten von mediola in einem gemeinsamen Projekt mit Eltako. Dabei wurde ein bestehendes Wohnhaus mit der preisgekr\u00f6nten mediola-Zentrale, EnOcean-Funkkomponenten und weiterer trendiger Technik smartifiziert&nbsp;\u2013 ganz ohne aufwendige Verkabelung.<\/p>\n\n\n\n<div class=\"wp-block-buttons is-layout-flex wp-block-buttons-is-layout-flex\">\n<div class=\"wp-block-button is-style-cta-button\"><a class=\"wp-block-button__link wp-element-button\" href=\"https:\/\/perpetuum.enocean.com\/01-2021\/mediola-eltako-eigenheim-zum-smart-home-nachruesten\/\" target=\"_blank\" rel=\"noreferrer noopener\" aria-label=\"opens a new tab\">Vollst\u00e4ndige Fallstudie<\/a><\/div>\n<\/div>\n<\/div><\/div>\n\n\n\n<div class=\"wp-block-kadence-tab kt-tab-inner-content kt-inner-tab-2 kt-inner-tab99b0c0-45\"><div class=\"kt-tab-inner-content-inner\">\n<h3 class=\"wp-block-heading\">Smart Home nachr\u00fcsten \u2013 energieeffizient, sicher und komfortabel<\/h3>\n\n\n\n<p>Ein bestehendes Haus nachtr\u00e4glich smart zu machen, bietet sich nicht nur bei einer kompletten Sanierung an. Es gibt viele Gr\u00fcnde, ein Haus oder eine Wohnung nachzur\u00fcsten. W\u00e4hrend manche Bewohner sich f\u00fcr das Rundum-Paket mit energieeffizienter Beleuchtungs- und Heizungssteuerung, integrierter Alarmanlage und Entertainment-Paket entscheiden, k\u00f6nnen auch andere Beweggr\u00fcnde im Vordergrund stehen.<\/p>\n\n\n\n<p>Besonders bei gr\u00f6\u00dferen Projekten kann eine fachm\u00e4nnische Planung mit umfassender Dokumentation hilfreich sein. Bei diesem Musterprojekt hat der Smarthome Paderborn e.&nbsp;V. das bestehende Haus einer sechsk\u00f6pfigen Familie in Paderborn zu einem Smart Home nachger\u00fcstet.<\/p>\n\n\n\n<div class=\"wp-block-buttons is-layout-flex wp-block-buttons-is-layout-flex\">\n<div class=\"wp-block-button is-style-cta-button\"><a class=\"wp-block-button__link wp-element-button\" href=\"https:\/\/perpetuum.enocean.com\/01-2021\/smart-home-nachruesten-energieeffizient-sicher-komfortabel\/\" target=\"_blank\" rel=\"noreferrer noopener\" aria-label=\"opens a new tab\">Vollst\u00e4ndige Fallstudie<\/a><\/div>\n<\/div>\n<\/div><\/div>\n<\/div><\/div><\/div>\n<\/div><\/section>\n\n\n<style>.wp-block-kadence-spacer.kt-block-spacer-12790_2fb0eb-c7 .kt-block-spacer{height:20px;}.wp-block-kadence-spacer.kt-block-spacer-12790_2fb0eb-c7 .kt-divider{border-top-width:1px;height:1px;border-top-color:#eee;width:80%;border-top-style:solid;}<\/style>\n<div class=\"wp-block-kadence-spacer aligncenter kt-block-spacer-12790_2fb0eb-c7\"><div class=\"kt-block-spacer kt-block-spacer-halign-center\"><\/div><\/div>\n\n\n\n<section class=\"wp-block-uagb-section uagb-section__wrap uagb-section__background-undefined uagb-block-66ae94e6\"><div class=\"uagb-section__overlay\"><\/div><div class=\"uagb-section__inner-wrap\">\n<h2 class=\"wp-block-heading\">Weitere Anwendungen<\/h2>\n\n\n\n<section class=\"wp-block-uagb-section uagb-section__wrap uagb-section__background-undefined uagb-block-fc508c46\"><div class=\"uagb-section__overlay\"><\/div><div class=\"uagb-section__inner-wrap\">\n<section class=\"wp-block-uagb-section uagb-section__wrap uagb-section__background-undefined uagb-block-4f4a912b eo-3-spalten\"><div class=\"uagb-section__overlay\"><\/div><div class=\"uagb-section__inner-wrap\">\n<div class=\"wp-block-columns is-layout-flex wp-container-core-columns-is-layout-9d6595d7 wp-block-columns-is-layout-flex\">\n<div class=\"wp-block-column has-back-alternate-blue-background-color has-background ek-linked-block is-layout-flow wp-block-column-is-layout-flow\">\n<div class=\"wp-block-uagb-section uagb-section__wrap uagb-section__background-color uagb-block-feb30f23\"><div class=\"uagb-section__overlay\"><\/div><div class=\"uagb-section__inner-wrap\">\n<h4 class=\"wp-block-heading has-text-align-center\">Intelligente Beleuchtung<\/h4>\n\n\n\n<div class=\"wp-block-buttons is-horizontal is-content-justification-center is-layout-flex wp-container-core-buttons-is-layout-499968f5 wp-block-buttons-is-layout-flex\">\n<div class=\"wp-block-button is-style-transparent-button-pfeil\"><a class=\"wp-block-button__link wp-element-button\" href=\"https:\/\/www.enocean.com\/de\/anwendungen\/gebaeudeautomation\/smart-lighting\/\">Mehr<\/a><\/div>\n<\/div>\n<\/div><\/div>\n<\/div>\n\n\n\n<div class=\"wp-block-column has-back-alternate-blue-background-color has-background ek-linked-block is-layout-flow wp-block-column-is-layout-flow\">\n<div class=\"wp-block-uagb-section uagb-section__wrap uagb-section__background-color uagb-block-861ed539\"><div class=\"uagb-section__overlay\"><\/div><div class=\"uagb-section__inner-wrap\">\n<h4 class=\"wp-block-heading has-text-align-center\">Intelligente Beleuchtung: Das R\u00fcckgrat f\u00fcr intelligente R\u00e4ume<\/h4>\n\n\n\n<div class=\"wp-block-buttons is-horizontal is-content-justification-center is-layout-flex wp-container-core-buttons-is-layout-499968f5 wp-block-buttons-is-layout-flex\">\n<div class=\"wp-block-button is-style-transparent-button-pfeil\"><a class=\"wp-block-button__link wp-element-button\" href=\"https:\/\/www.enocean.com\/de\/category\/intelligente-beleuchtung\/\">Mehr<\/a><\/div>\n<\/div>\n<\/div><\/div>\n<\/div>\n<\/div>\n<\/div><\/section>\n<\/div><\/section>\n<\/div><\/section>\n","protected":false},"excerpt":{"rendered":"","protected":false},"author":2,"featured_media":27134,"parent":13920,"menu_order":22,"comment_status":"closed","ping_status":"closed","template":"","meta":{"_acf_changed":false,"inline_featured_image":false,"_uag_custom_page_level_css":"","_kad_blocks_custom_css":"","_kad_blocks_head_custom_js":"","_kad_blocks_body_custom_js":"","_kad_blocks_footer_custom_js":"","footnotes":""},"class_list":["post-12790","page","type-page","status-publish","has-post-thumbnail","hentry"],"acf":[],"yoast_head":"<!-- This site is optimized with the Yoast SEO plugin v26.5 - https:\/\/yoast.com\/wordpress\/plugins\/seo\/ -->\n<title>Nachr\u00fcstung - EnOcean<\/title>\n<meta name=\"robots\" content=\"index, follow, max-snippet:-1, max-image-preview:large, max-video-preview:-1\" \/>\n<link rel=\"canonical\" href=\"https:\/\/www.enocean.com\/de\/anwendungen\/smart-home\/nachruestung\/\" \/>\n<meta property=\"og:locale\" content=\"de_DE\" \/>\n<meta property=\"og:type\" content=\"article\" \/>\n<meta property=\"og:title\" content=\"Nachr\u00fcstung - EnOcean\" \/>\n<meta property=\"og:url\" content=\"https:\/\/www.enocean.com\/de\/anwendungen\/smart-home\/nachruestung\/\" \/>\n<meta property=\"og:site_name\" content=\"EnOcean\" \/>\n<meta property=\"article:modified_time\" content=\"2025-01-03T12:19:41+00:00\" \/>\n<meta property=\"og:image\" content=\"https:\/\/www.enocean.com\/wp-content\/uploads\/Header\/eo_application_smart-home_04_2048x613.jpg\" \/>\n\t<meta property=\"og:image:width\" content=\"2048\" \/>\n\t<meta property=\"og:image:height\" content=\"613\" \/>\n\t<meta property=\"og:image:type\" content=\"image\/jpeg\" \/>\n<meta name=\"twitter:card\" content=\"summary_large_image\" \/>\n<meta name=\"twitter:label1\" content=\"Gesch\u00e4tzte Lesezeit\" \/>\n\t<meta name=\"twitter:data1\" content=\"3\u00a0Minuten\" \/>\n<script type=\"application\/ld+json\" class=\"yoast-schema-graph\">{\"@context\":\"https:\/\/schema.org\",\"@graph\":[{\"@type\":\"WebPage\",\"@id\":\"https:\/\/www.enocean.com\/de\/anwendungen\/smart-home\/nachruestung\/\",\"url\":\"https:\/\/www.enocean.com\/de\/anwendungen\/smart-home\/nachruestung\/\",\"name\":\"Nachr\u00fcstung - EnOcean\",\"isPartOf\":{\"@id\":\"https:\/\/www.enocean.com\/de\/#website\"},\"primaryImageOfPage\":{\"@id\":\"https:\/\/www.enocean.com\/de\/anwendungen\/smart-home\/nachruestung\/#primaryimage\"},\"image\":{\"@id\":\"https:\/\/www.enocean.com\/de\/anwendungen\/smart-home\/nachruestung\/#primaryimage\"},\"thumbnailUrl\":\"https:\/\/www.enocean.com\/wp-content\/uploads\/Header\/eo_smart_home_retrofit_2048x613.jpg\",\"datePublished\":\"2021-12-03T10:13:23+00:00\",\"dateModified\":\"2025-01-03T12:19:41+00:00\",\"breadcrumb\":{\"@id\":\"https:\/\/www.enocean.com\/de\/anwendungen\/smart-home\/nachruestung\/#breadcrumb\"},\"inLanguage\":\"de\",\"potentialAction\":[{\"@type\":\"ReadAction\",\"target\":[\"https:\/\/www.enocean.com\/de\/anwendungen\/smart-home\/nachruestung\/\"]}]},{\"@type\":\"ImageObject\",\"inLanguage\":\"de\",\"@id\":\"https:\/\/www.enocean.com\/de\/anwendungen\/smart-home\/nachruestung\/#primaryimage\",\"url\":\"https:\/\/www.enocean.com\/wp-content\/uploads\/Header\/eo_smart_home_retrofit_2048x613.jpg\",\"contentUrl\":\"https:\/\/www.enocean.com\/wp-content\/uploads\/Header\/eo_smart_home_retrofit_2048x613.jpg\",\"width\":2048,\"height\":613,\"caption\":\"EnOcean Smart Home Retrofit\"},{\"@type\":\"BreadcrumbList\",\"@id\":\"https:\/\/www.enocean.com\/de\/anwendungen\/smart-home\/nachruestung\/#breadcrumb\",\"itemListElement\":[{\"@type\":\"ListItem\",\"position\":1,\"name\":\"Startseite\",\"item\":\"https:\/\/www.enocean.com\/de\/\"},{\"@type\":\"ListItem\",\"position\":2,\"name\":\"Anwendungen\",\"item\":\"https:\/\/www.enocean.com\/de\/anwendungen\/\"},{\"@type\":\"ListItem\",\"position\":3,\"name\":\"Smart Home\",\"item\":\"https:\/\/www.enocean.com\/de\/anwendungen\/smart-home\/\"},{\"@type\":\"ListItem\",\"position\":4,\"name\":\"Nachr\u00fcstung\"}]},{\"@type\":\"WebSite\",\"@id\":\"https:\/\/www.enocean.com\/de\/#website\",\"url\":\"https:\/\/www.enocean.com\/de\/\",\"name\":\"EnOcean\",\"description\":\"EnOcean Relaunch\",\"publisher\":{\"@id\":\"https:\/\/www.enocean.com\/de\/#organization\"},\"potentialAction\":[{\"@type\":\"SearchAction\",\"target\":{\"@type\":\"EntryPoint\",\"urlTemplate\":\"https:\/\/www.enocean.com\/de\/?s={search_term_string}\"},\"query-input\":{\"@type\":\"PropertyValueSpecification\",\"valueRequired\":true,\"valueName\":\"search_term_string\"}}],\"inLanguage\":\"de\"},{\"@type\":\"Organization\",\"@id\":\"https:\/\/www.enocean.com\/de\/#organization\",\"name\":\"EnOcean\",\"url\":\"https:\/\/www.enocean.com\/de\/\",\"logo\":{\"@type\":\"ImageObject\",\"inLanguage\":\"de\",\"@id\":\"https:\/\/www.enocean.com\/de\/#\/schema\/logo\/image\/\",\"url\":\"https:\/\/www.enocean.com\/wp-content\/uploads\/Logos\/1-1.png\",\"contentUrl\":\"https:\/\/www.enocean.com\/wp-content\/uploads\/Logos\/1-1.png\",\"width\":500,\"height\":500,\"caption\":\"EnOcean\"},\"image\":{\"@id\":\"https:\/\/www.enocean.com\/de\/#\/schema\/logo\/image\/\"},\"sameAs\":[\"https:\/\/www.linkedin.com\/company\/enocean\/\"]}]}<\/script>\n<!-- \/ Yoast SEO plugin. -->","yoast_head_json":{"title":"Nachr\u00fcstung - EnOcean","robots":{"index":"index","follow":"follow","max-snippet":"max-snippet:-1","max-image-preview":"max-image-preview:large","max-video-preview":"max-video-preview:-1"},"canonical":"https:\/\/www.enocean.com\/de\/anwendungen\/smart-home\/nachruestung\/","og_locale":"de_DE","og_type":"article","og_title":"Nachr\u00fcstung - EnOcean","og_url":"https:\/\/www.enocean.com\/de\/anwendungen\/smart-home\/nachruestung\/","og_site_name":"EnOcean","article_modified_time":"2025-01-03T12:19:41+00:00","og_image":[{"width":2048,"height":613,"url":"https:\/\/www.enocean.com\/wp-content\/uploads\/Header\/eo_application_smart-home_04_2048x613.jpg","type":"image\/jpeg"}],"twitter_card":"summary_large_image","twitter_misc":{"Gesch\u00e4tzte Lesezeit":"3\u00a0Minuten"},"schema":{"@context":"https:\/\/schema.org","@graph":[{"@type":"WebPage","@id":"https:\/\/www.enocean.com\/de\/anwendungen\/smart-home\/nachruestung\/","url":"https:\/\/www.enocean.com\/de\/anwendungen\/smart-home\/nachruestung\/","name":"Nachr\u00fcstung - EnOcean","isPartOf":{"@id":"https:\/\/www.enocean.com\/de\/#website"},"primaryImageOfPage":{"@id":"https:\/\/www.enocean.com\/de\/anwendungen\/smart-home\/nachruestung\/#primaryimage"},"image":{"@id":"https:\/\/www.enocean.com\/de\/anwendungen\/smart-home\/nachruestung\/#primaryimage"},"thumbnailUrl":"https:\/\/www.enocean.com\/wp-content\/uploads\/Header\/eo_smart_home_retrofit_2048x613.jpg","datePublished":"2021-12-03T10:13:23+00:00","dateModified":"2025-01-03T12:19:41+00:00","breadcrumb":{"@id":"https:\/\/www.enocean.com\/de\/anwendungen\/smart-home\/nachruestung\/#breadcrumb"},"inLanguage":"de","potentialAction":[{"@type":"ReadAction","target":["https:\/\/www.enocean.com\/de\/anwendungen\/smart-home\/nachruestung\/"]}]},{"@type":"ImageObject","inLanguage":"de","@id":"https:\/\/www.enocean.com\/de\/anwendungen\/smart-home\/nachruestung\/#primaryimage","url":"https:\/\/www.enocean.com\/wp-content\/uploads\/Header\/eo_smart_home_retrofit_2048x613.jpg","contentUrl":"https:\/\/www.enocean.com\/wp-content\/uploads\/Header\/eo_smart_home_retrofit_2048x613.jpg","width":2048,"height":613,"caption":"EnOcean Smart Home Retrofit"},{"@type":"BreadcrumbList","@id":"https:\/\/www.enocean.com\/de\/anwendungen\/smart-home\/nachruestung\/#breadcrumb","itemListElement":[{"@type":"ListItem","position":1,"name":"Startseite","item":"https:\/\/www.enocean.com\/de\/"},{"@type":"ListItem","position":2,"name":"Anwendungen","item":"https:\/\/www.enocean.com\/de\/anwendungen\/"},{"@type":"ListItem","position":3,"name":"Smart Home","item":"https:\/\/www.enocean.com\/de\/anwendungen\/smart-home\/"},{"@type":"ListItem","position":4,"name":"Nachr\u00fcstung"}]},{"@type":"WebSite","@id":"https:\/\/www.enocean.com\/de\/#website","url":"https:\/\/www.enocean.com\/de\/","name":"EnOcean","description":"EnOcean Relaunch","publisher":{"@id":"https:\/\/www.enocean.com\/de\/#organization"},"potentialAction":[{"@type":"SearchAction","target":{"@type":"EntryPoint","urlTemplate":"https:\/\/www.enocean.com\/de\/?s={search_term_string}"},"query-input":{"@type":"PropertyValueSpecification","valueRequired":true,"valueName":"search_term_string"}}],"inLanguage":"de"},{"@type":"Organization","@id":"https:\/\/www.enocean.com\/de\/#organization","name":"EnOcean","url":"https:\/\/www.enocean.com\/de\/","logo":{"@type":"ImageObject","inLanguage":"de","@id":"https:\/\/www.enocean.com\/de\/#\/schema\/logo\/image\/","url":"https:\/\/www.enocean.com\/wp-content\/uploads\/Logos\/1-1.png","contentUrl":"https:\/\/www.enocean.com\/wp-content\/uploads\/Logos\/1-1.png","width":500,"height":500,"caption":"EnOcean"},"image":{"@id":"https:\/\/www.enocean.com\/de\/#\/schema\/logo\/image\/"},"sameAs":["https:\/\/www.linkedin.com\/company\/enocean\/"]}]}},"taxonomy_info":[],"featured_image_src_large":["https:\/\/www.enocean.com\/wp-content\/uploads\/Header\/eo_smart_home_retrofit_2048x613-1024x307.jpg",1024,307,true],"author_info":{"display_name":"Martin Ische","author_link":"https:\/\/www.enocean.com\/de\/author\/aundiu_ische\/"},"comment_info":0,"uagb_featured_image_src":{"full":["https:\/\/www.enocean.com\/wp-content\/uploads\/Header\/eo_smart_home_retrofit_2048x613.jpg",2048,613,false],"thumbnail":["https:\/\/www.enocean.com\/wp-content\/uploads\/Header\/eo_smart_home_retrofit_2048x613-150x45.jpg",150,45,true],"medium":["https:\/\/www.enocean.com\/wp-content\/uploads\/Header\/eo_smart_home_retrofit_2048x613-300x90.jpg",300,90,true],"medium_large":["https:\/\/www.enocean.com\/wp-content\/uploads\/Header\/eo_smart_home_retrofit_2048x613-768x230.jpg",768,230,true],"large":["https:\/\/www.enocean.com\/wp-content\/uploads\/Header\/eo_smart_home_retrofit_2048x613-1024x307.jpg",1024,307,true],"1536x1536":["https:\/\/www.enocean.com\/wp-content\/uploads\/Header\/eo_smart_home_retrofit_2048x613-1536x460.jpg",1536,460,true],"2048x2048":["https:\/\/www.enocean.com\/wp-content\/uploads\/Header\/eo_smart_home_retrofit_2048x613.jpg",2048,613,false]},"uagb_author_info":{"display_name":"Martin Ische","author_link":"https:\/\/www.enocean.com\/de\/author\/aundiu_ische\/"},"uagb_comment_info":0,"uagb_excerpt":null,"_links":{"self":[{"href":"https:\/\/www.enocean.com\/de\/wp-json\/wp\/v2\/pages\/12790","targetHints":{"allow":["GET"]}}],"collection":[{"href":"https:\/\/www.enocean.com\/de\/wp-json\/wp\/v2\/pages"}],"about":[{"href":"https:\/\/www.enocean.com\/de\/wp-json\/wp\/v2\/types\/page"}],"author":[{"embeddable":true,"href":"https:\/\/www.enocean.com\/de\/wp-json\/wp\/v2\/users\/2"}],"replies":[{"embeddable":true,"href":"https:\/\/www.enocean.com\/de\/wp-json\/wp\/v2\/comments?post=12790"}],"version-history":[{"count":2,"href":"https:\/\/www.enocean.com\/de\/wp-json\/wp\/v2\/pages\/12790\/revisions"}],"predecessor-version":[{"id":27275,"href":"https:\/\/www.enocean.com\/de\/wp-json\/wp\/v2\/pages\/12790\/revisions\/27275"}],"up":[{"embeddable":true,"href":"https:\/\/www.enocean.com\/de\/wp-json\/wp\/v2\/pages\/13920"}],"wp:featuredmedia":[{"embeddable":true,"href":"https:\/\/www.enocean.com\/de\/wp-json\/wp\/v2\/media\/27134"}],"wp:attachment":[{"href":"https:\/\/www.enocean.com\/de\/wp-json\/wp\/v2\/media?parent=12790"}],"curies":[{"name":"wp","href":"https:\/\/api.w.org\/{rel}","templated":true}]}}