{"id":12803,"date":"2021-12-03T13:08:56","date_gmt":"2021-12-03T13:08:56","guid":{"rendered":"https:\/\/www.enocean.com\/partnerschaften\/"},"modified":"2025-05-21T18:02:39","modified_gmt":"2025-05-21T16:02:39","slug":"partnerschaften","status":"publish","type":"page","link":"https:\/\/www.enocean.com\/de\/anwendungen\/partnerschaften\/","title":{"rendered":"Partnerschaften"},"content":{"rendered":"\n<div class=\"wp-block-cover is-light eo-visualheader is-style-default\"><span aria-hidden=\"true\" class=\"wp-block-cover__background has-background-dim-0 has-background-dim\" style=\"background-color:#979998\"><\/span><img decoding=\"async\" width=\"2048\" height=\"683\" class=\"wp-block-cover__image-background wp-image-27171\" alt=\"\" src=\"https:\/\/www.enocean.com\/wp-content\/uploads\/Header\/eo_partnerships_2048x613.jpg\" data-object-fit=\"cover\" srcset=\"https:\/\/www.enocean.com\/wp-content\/uploads\/Header\/eo_partnerships_2048x613.jpg 2048w, https:\/\/www.enocean.com\/wp-content\/uploads\/Header\/eo_partnerships_2048x613-300x100.jpg 300w, https:\/\/www.enocean.com\/wp-content\/uploads\/Header\/eo_partnerships_2048x613-1024x342.jpg 1024w, https:\/\/www.enocean.com\/wp-content\/uploads\/Header\/eo_partnerships_2048x613-150x50.jpg 150w, https:\/\/www.enocean.com\/wp-content\/uploads\/Header\/eo_partnerships_2048x613-768x256.jpg 768w, https:\/\/www.enocean.com\/wp-content\/uploads\/Header\/eo_partnerships_2048x613-1536x512.jpg 1536w\" sizes=\"(max-width: 2048px) 100vw, 2048px\" \/><div class=\"wp-block-cover__inner-container is-layout-flow wp-block-cover-is-layout-flow\">\n<p class=\"has-text-align-center has-large-font-size\"><\/p>\n<\/div><\/div>\n\n\n\n<section class=\"wp-block-uagb-section uagb-section__wrap uagb-section__background-undefined uagb-block-6970681e\"><div class=\"uagb-section__overlay\"><\/div><div class=\"uagb-section__inner-wrap\">\n<h1 class=\"wp-block-heading\">Partnerschaften: Antrieb f\u00fcr Interoperabilit\u00e4t und Innovation<\/h1>\n\n\n\n<section class=\"wp-block-uagb-section uagb-section__wrap uagb-section__background-none uagb-block-f551ff15\"><div class=\"uagb-section__overlay\"><\/div><div class=\"uagb-section__inner-wrap\">\n<p>Bei EnOcean glauben wir an die Kraft von Partnerschaften, um Fortschritt voranzutreiben. Als Technologieanbieter, der mit mehreren Funkstandards arbeitet, sind wir auf starke Kooperationen angewiesen, um eine nahtlose Interoperabilit\u00e4t zwischen Ger\u00e4ten und Systemen zu gew\u00e4hrleisten. Diese Partnerschaften gewinnen an Bedeutung, je weiter sich die Technologien entwickeln \u2013 und sie erm\u00f6glichen es uns, schneller zu innovieren, intelligenter zu skalieren und bessere L\u00f6sungen f\u00fcr unsere Kunden bereitzustellen.<\/p>\n\n\n\n<p>Entdecken Sie die Schl\u00fcsselpartnerschaften, mit denen wir die Zukunft des batterielosen IoT gestalten.<\/p>\n\n\n\n<p><\/p>\n\n\n\n<div style=\"height:30px\" aria-hidden=\"true\" class=\"wp-block-spacer\"><\/div>\n\n\n\n<h2 class=\"wp-block-heading\"><strong>EnOcean Alliance<\/strong><\/h2>\n\n\n\n<div class=\"wp-block-columns is-layout-flex wp-container-core-columns-is-layout-9d6595d7 wp-block-columns-is-layout-flex\">\n<div class=\"wp-block-column is-layout-flow wp-block-column-is-layout-flow\" style=\"flex-basis:66.66%\">\n<p>EnOcean ist Initiator und treibende Kraft hinter der EnOcean Alliance \u2013 einem internationalen Netzwerk mit \u00fcber 400 Mitgliedern, die mehr als 5.000 interoperable Ger\u00e4te auf Basis des EnOcean-Funkstandards anbieten. Gemeinsam erm\u00f6glichen wir energieeffiziente Geb\u00e4ude, innovative Servicemodelle und flexible, kosteneffiziente R\u00e4ume. Die EnOcean Alliance spielt eine entscheidende Rolle bei der weltweiten F\u00f6rderung standardisierter, intelligenter IoT-L\u00f6sungen.<\/p>\n\n\n\n<div class=\"wp-block-buttons is-content-justification-center is-layout-flex wp-container-core-buttons-is-layout-16018d1d wp-block-buttons-is-layout-flex\">\n<div class=\"wp-block-button\"><a class=\"wp-block-button__link has-white-color has-blue-background-color has-text-color has-background has-link-color wp-element-button\" href=\"https:\/\/www.enocean-alliance.org\/\" style=\"border-radius:8px\">EnOcean Alliance Website<\/a><\/div>\n<\/div>\n<\/div>\n\n\n\n<div class=\"wp-block-column is-vertically-aligned-top is-layout-flow wp-block-column-is-layout-flow\" style=\"flex-basis:33.33%\"><div class=\"wp-block-image\">\n<figure class=\"alignright size-full\"><img decoding=\"async\" width=\"500\" height=\"500\" src=\"https:\/\/www.enocean.com\/wp-content\/uploads\/Alliance-Event\/Partnership\/2.png\" alt=\"\" class=\"wp-image-29023\" srcset=\"https:\/\/www.enocean.com\/wp-content\/uploads\/Alliance-Event\/Partnership\/2.png 500w, https:\/\/www.enocean.com\/wp-content\/uploads\/Alliance-Event\/Partnership\/2-300x300.png 300w, https:\/\/www.enocean.com\/wp-content\/uploads\/Alliance-Event\/Partnership\/2-150x150.png 150w\" sizes=\"(max-width: 500px) 100vw, 500px\" \/><\/figure>\n<\/div><\/div>\n<\/div>\n\n\n\n<div style=\"height:30px\" aria-hidden=\"true\" class=\"wp-block-spacer\"><\/div>\n\n\n\n<h2 class=\"wp-block-heading\"><strong>Battery-free by EnOcean<\/strong><\/h2>\n\n\n\n<div class=\"wp-block-columns is-layout-flex wp-container-core-columns-is-layout-9d6595d7 wp-block-columns-is-layout-flex\">\n<div class=\"wp-block-column is-layout-flow wp-block-column-is-layout-flow\" style=\"flex-basis:33.33%\">\n<figure class=\"wp-block-image size-full\"><img decoding=\"async\" width=\"500\" height=\"500\" src=\"https:\/\/www.enocean.com\/wp-content\/uploads\/Alliance-Event\/Partnership\/1.png\" alt=\"\" class=\"wp-image-29021\" srcset=\"https:\/\/www.enocean.com\/wp-content\/uploads\/Alliance-Event\/Partnership\/1.png 500w, https:\/\/www.enocean.com\/wp-content\/uploads\/Alliance-Event\/Partnership\/1-300x300.png 300w, https:\/\/www.enocean.com\/wp-content\/uploads\/Alliance-Event\/Partnership\/1-150x150.png 150w\" sizes=\"(max-width: 500px) 100vw, 500px\" \/><\/figure>\n<\/div>\n\n\n\n<div class=\"wp-block-column is-layout-flow wp-block-column-is-layout-flow\" style=\"flex-basis:66.66%\">\n<p>Battery-free Produkte sind besser f\u00fcr die Umwelt \u2013 und besser f\u00fcr den Geb\u00e4udebetrieb. Unser Programm \u201eBattery-free by EnOcean\u201c hebt echte energieautarke Ger\u00e4te hervor, die weder Batterien noch Kabel ben\u00f6tigen.<\/p>\n\n\n\n<p>Wir laden Hersteller ein, Teil des Programms zu werden und das Logo \u201eBattery-free by EnOcean\u201c zu nutzen, um ihre nachhaltigen Innovationen zu bewerben. Gleichzeitig unterst\u00fctzen wir Geb\u00e4udeplaner, Facility Manager und Endnutzer dabei, batterielose L\u00f6sungen zu erkennen und gezielt nachzufragen \u2013 f\u00fcr intelligentere und umweltfreundlichere Geb\u00e4ude.<\/p>\n\n\n\n<div class=\"wp-block-buttons is-content-justification-center is-layout-flex wp-container-core-buttons-is-layout-16018d1d wp-block-buttons-is-layout-flex\">\n<div class=\"wp-block-button\"><a class=\"wp-block-button__link has-white-color has-blue-background-color has-text-color has-background has-link-color wp-element-button\" href=\"https:\/\/www.enocean.com\/en\/applications\/partnerships\/battery-free-products\/\" style=\"border-radius:8px\">Battery-free Page<\/a><\/div>\n<\/div>\n<\/div>\n<\/div>\n\n\n\n<div style=\"height:30px\" aria-hidden=\"true\" class=\"wp-block-spacer\"><\/div>\n\n\n\n<h2 class=\"wp-block-heading\"><strong>HPE Aruba Networking<\/strong><\/h2>\n\n\n\n<p>Intelligente R\u00e4ume brauchen intelligente Infrastrukturen. Deshalb arbeitet EnOcean mit HPE Aruba Networking zusammen, um unsere energieautarken IoT-Ger\u00e4te mit deren sicherer Edge Services Platform zu verbinden. Das Ergebnis: vereinfachte Integration, sichere Datenerfassung und eine leistungsstarke Grundlage f\u00fcr moderne, energieeffiziente Geb\u00e4ude.<\/p>\n\n\n\n<div class=\"wp-block-buttons is-content-justification-center is-layout-flex wp-container-core-buttons-is-layout-16018d1d wp-block-buttons-is-layout-flex\">\n<div class=\"wp-block-button\"><a class=\"wp-block-button__link has-white-color has-blue-background-color has-text-color has-background has-link-color wp-element-button\" href=\"https:\/\/www.enocean.com\/en\/applications\/partnerships\/aruba\/\" style=\"border-radius:8px\">Partnership Page<\/a><\/div>\n<\/div>\n\n\n\n<div style=\"height:30px\" aria-hidden=\"true\" class=\"wp-block-spacer\"><\/div>\n\n\n\n<h2 class=\"wp-block-heading\"><strong>Bluetooth Partners<\/strong><\/h2>\n\n\n\n<p>Die kabellosen, energieautarken Wandschalter und Sensoren von EnOcean sind f\u00fcr Bluetooth Low Energy optimiert \u2013 ideal f\u00fcr Bluetooth-basierte Beleuchtungssysteme. Dank NFC-basierter Integration, flexibler Platzierung und null Wartungsaufwand bieten unsere batterielosen Bluetooth-L\u00f6sungen weltweite Skalierbarkeit und unvergleichlichen Komfort.<\/p>\n\n\n\n<div class=\"wp-block-buttons is-content-justification-center is-layout-flex wp-container-core-buttons-is-layout-16018d1d wp-block-buttons-is-layout-flex\">\n<div class=\"wp-block-button\"><a class=\"wp-block-button__link has-white-color has-blue-background-color has-text-color has-background has-link-color wp-element-button\" href=\"https:\/\/www.easyfit-controls.com\/de\/easyfit-fuer-bluetooth-systeme\/\" style=\"border-radius:8px\" target=\"_blank\" rel=\"noreferrer noopener\" aria-label=\"opens a new tab\">Bluetooth Partner<\/a><\/div>\n<\/div>\n\n\n\n<h2 class=\"wp-block-heading\"><strong>Zertifizierte Design-Partner<\/strong><\/h2>\n\n\n\n<p>Unsere zertifizierten Designpartner unterst\u00fctzen Sie bei der Entwicklung von Hardware und Software sowie bei der Systemintegration. So k\u00f6nnen Sie EnOcean-basierte L\u00f6sungen effizient entwickeln und implementieren. Ganz gleich, ob Sie neue Produkte entwickeln oder die EnOcean-Technologie in bestehende Systeme integrieren, diese Partner bieten Ihnen das technische Know-how und die kosteng\u00fcnstigen Dienstleistungen, die Sie ben\u00f6tigen, um Ihre Projekte schnell auf den Markt zu bringen.<\/p>\n\n\n\n<div class=\"wp-block-buttons is-content-justification-center is-layout-flex wp-container-core-buttons-is-layout-16018d1d wp-block-buttons-is-layout-flex\">\n<div class=\"wp-block-button\"><a class=\"wp-block-button__link has-white-color has-blue-background-color has-text-color has-background has-link-color wp-element-button\" href=\"https:\/\/www.enocean.com\/de\/support\/zertifizierte-design-partner\/\" style=\"border-radius:8px\" target=\"_blank\" rel=\"noreferrer noopener\" aria-label=\"opens a new tab\">Zertifizierte Design-Partner<\/a><\/div>\n<\/div>\n<\/div><\/section>\n\n\n\n<section class=\"wp-block-uagb-section uagb-section__wrap uagb-section__background-undefined uagb-block-878ac02b eo-2-spalten-horizontal\"><div class=\"uagb-section__overlay\"><\/div><div class=\"uagb-section__inner-wrap\">\n<div class=\"wp-block-columns eo-single-row has-back-alternate-blue-background-color has-background is-layout-flex wp-container-core-columns-is-layout-9d6595d7 wp-block-columns-is-layout-flex\">\n<div class=\"wp-block-column is-vertically-aligned-center is-layout-flow wp-block-column-is-layout-flow\">\n<div class=\"wp-block-uagb-section uagb-section__wrap uagb-section__background-none uagb-block-8cbaced6\"><div class=\"uagb-section__overlay\"><\/div><div class=\"uagb-section__inner-wrap\">\n<h2 class=\"wp-block-heading\">Lassen Sie uns sprechen!<\/h2>\n\n\n\n<p>Wir freuen uns darauf, mit Ihnen \u00fcber Ihre individuelle L\u00f6sung f\u00fcr Ihr Smart Home, Ihr intelligentes Geb\u00e4ude oder Ihre IoT-Anwendung zu sprechen und Sie mit den richtigen Partnern zusammenzubringen.<\/p>\n\n\n\n<div class=\"wp-block-buttons is-layout-flex wp-block-buttons-is-layout-flex\">\n<div class=\"wp-block-button is-style-cta-button\"><a class=\"wp-block-button__link wp-element-button\" href=\"https:\/\/www.enocean.com\/de\/about-us\/kontakt\/\">Kontakt<\/a><\/div>\n<\/div>\n<\/div><\/div>\n<\/div>\n\n\n\n<div class=\"wp-block-column is-layout-flow wp-block-column-is-layout-flow\">\n<figure class=\"wp-block-image size-large\"><img decoding=\"async\" width=\"1024\" height=\"1024\" src=\"https:\/\/www.enocean.com\/wp-content\/uploads\/Schmuckbilder\/enocean-partnerships-help-scaled-1-1024x1024.jpg\" alt=\"\" class=\"wp-image-9186\" srcset=\"https:\/\/www.enocean.com\/wp-content\/uploads\/Schmuckbilder\/enocean-partnerships-help-scaled-1-1024x1024.jpg 1024w, https:\/\/www.enocean.com\/wp-content\/uploads\/Schmuckbilder\/enocean-partnerships-help-scaled-1-300x300.jpg 300w, https:\/\/www.enocean.com\/wp-content\/uploads\/Schmuckbilder\/enocean-partnerships-help-scaled-1-150x150.jpg 150w, https:\/\/www.enocean.com\/wp-content\/uploads\/Schmuckbilder\/enocean-partnerships-help-scaled-1-768x768.jpg 768w, https:\/\/www.enocean.com\/wp-content\/uploads\/Schmuckbilder\/enocean-partnerships-help-scaled-1-1536x1536.jpg 1536w, https:\/\/www.enocean.com\/wp-content\/uploads\/Schmuckbilder\/enocean-partnerships-help-scaled-1.jpg 1560w\" sizes=\"(max-width: 1024px) 100vw, 1024px\" \/><\/figure>\n\n\n\n<p><\/p>\n<\/div>\n<\/div>\n<\/div><\/section>\n<\/div><\/section>\n\n\n\n<p><\/p>\n","protected":false},"excerpt":{"rendered":"","protected":false},"author":2,"featured_media":27171,"parent":12893,"menu_order":25,"comment_status":"closed","ping_status":"closed","template":"","meta":{"_acf_changed":false,"inline_featured_image":false,"_uag_custom_page_level_css":"","_kad_blocks_custom_css":"","_kad_blocks_head_custom_js":"","_kad_blocks_body_custom_js":"","_kad_blocks_footer_custom_js":"","footnotes":""},"class_list":["post-12803","page","type-page","status-publish","has-post-thumbnail","hentry"],"acf":[],"yoast_head":"<!-- This site is optimized with the Yoast SEO plugin v26.5 - https:\/\/yoast.com\/wordpress\/plugins\/seo\/ -->\n<title>Partnerschaften - EnOcean<\/title>\n<meta name=\"description\" content=\"Erfahren Sie, wie die Partner von EnOcean interoperable, batterielose IoT-L\u00f6sungen f\u00fcr intelligentere, nachhaltigere Geb\u00e4ude erm\u00f6glichen.\" \/>\n<meta name=\"robots\" content=\"index, follow, max-snippet:-1, max-image-preview:large, max-video-preview:-1\" \/>\n<link rel=\"canonical\" href=\"https:\/\/www.enocean.com\/de\/anwendungen\/partnerschaften\/\" \/>\n<meta property=\"og:locale\" content=\"de_DE\" \/>\n<meta property=\"og:type\" content=\"article\" \/>\n<meta property=\"og:title\" content=\"Partnerschaften - EnOcean\" \/>\n<meta property=\"og:description\" content=\"Erfahren Sie, wie die Partner von EnOcean interoperable, batterielose IoT-L\u00f6sungen f\u00fcr intelligentere, nachhaltigere Geb\u00e4ude erm\u00f6glichen.\" \/>\n<meta property=\"og:url\" content=\"https:\/\/www.enocean.com\/de\/anwendungen\/partnerschaften\/\" \/>\n<meta property=\"og:site_name\" content=\"EnOcean\" \/>\n<meta property=\"article:modified_time\" content=\"2025-05-21T16:02:39+00:00\" \/>\n<meta property=\"og:image\" content=\"https:\/\/www.enocean.com\/wp-content\/uploads\/Header\/eo_partnerships_2048x613.jpg\" \/>\n\t<meta property=\"og:image:width\" content=\"2048\" \/>\n\t<meta property=\"og:image:height\" content=\"683\" \/>\n\t<meta property=\"og:image:type\" content=\"image\/jpeg\" \/>\n<meta name=\"twitter:card\" content=\"summary_large_image\" \/>\n<meta name=\"twitter:label1\" content=\"Gesch\u00e4tzte Lesezeit\" \/>\n\t<meta name=\"twitter:data1\" content=\"3\u00a0Minuten\" \/>\n<script type=\"application\/ld+json\" class=\"yoast-schema-graph\">{\"@context\":\"https:\/\/schema.org\",\"@graph\":[{\"@type\":\"WebPage\",\"@id\":\"https:\/\/www.enocean.com\/de\/anwendungen\/partnerschaften\/\",\"url\":\"https:\/\/www.enocean.com\/de\/anwendungen\/partnerschaften\/\",\"name\":\"Partnerschaften - EnOcean\",\"isPartOf\":{\"@id\":\"https:\/\/www.enocean.com\/de\/#website\"},\"primaryImageOfPage\":{\"@id\":\"https:\/\/www.enocean.com\/de\/anwendungen\/partnerschaften\/#primaryimage\"},\"image\":{\"@id\":\"https:\/\/www.enocean.com\/de\/anwendungen\/partnerschaften\/#primaryimage\"},\"thumbnailUrl\":\"https:\/\/www.enocean.com\/wp-content\/uploads\/Header\/eo_partnerships_2048x613.jpg\",\"datePublished\":\"2021-12-03T13:08:56+00:00\",\"dateModified\":\"2025-05-21T16:02:39+00:00\",\"description\":\"Erfahren Sie, wie die Partner von EnOcean interoperable, batterielose IoT-L\u00f6sungen f\u00fcr intelligentere, nachhaltigere Geb\u00e4ude erm\u00f6glichen.\",\"breadcrumb\":{\"@id\":\"https:\/\/www.enocean.com\/de\/anwendungen\/partnerschaften\/#breadcrumb\"},\"inLanguage\":\"de\",\"potentialAction\":[{\"@type\":\"ReadAction\",\"target\":[\"https:\/\/www.enocean.com\/de\/anwendungen\/partnerschaften\/\"]}]},{\"@type\":\"ImageObject\",\"inLanguage\":\"de\",\"@id\":\"https:\/\/www.enocean.com\/de\/anwendungen\/partnerschaften\/#primaryimage\",\"url\":\"https:\/\/www.enocean.com\/wp-content\/uploads\/Header\/eo_partnerships_2048x613.jpg\",\"contentUrl\":\"https:\/\/www.enocean.com\/wp-content\/uploads\/Header\/eo_partnerships_2048x613.jpg\",\"width\":2048,\"height\":683,\"caption\":\"EnOcean Partnership\"},{\"@type\":\"BreadcrumbList\",\"@id\":\"https:\/\/www.enocean.com\/de\/anwendungen\/partnerschaften\/#breadcrumb\",\"itemListElement\":[{\"@type\":\"ListItem\",\"position\":1,\"name\":\"Startseite\",\"item\":\"https:\/\/www.enocean.com\/de\/\"},{\"@type\":\"ListItem\",\"position\":2,\"name\":\"Anwendungen\",\"item\":\"https:\/\/www.enocean.com\/de\/anwendungen\/\"},{\"@type\":\"ListItem\",\"position\":3,\"name\":\"Partnerschaften\"}]},{\"@type\":\"WebSite\",\"@id\":\"https:\/\/www.enocean.com\/de\/#website\",\"url\":\"https:\/\/www.enocean.com\/de\/\",\"name\":\"EnOcean\",\"description\":\"EnOcean Relaunch\",\"publisher\":{\"@id\":\"https:\/\/www.enocean.com\/de\/#organization\"},\"potentialAction\":[{\"@type\":\"SearchAction\",\"target\":{\"@type\":\"EntryPoint\",\"urlTemplate\":\"https:\/\/www.enocean.com\/de\/?s={search_term_string}\"},\"query-input\":{\"@type\":\"PropertyValueSpecification\",\"valueRequired\":true,\"valueName\":\"search_term_string\"}}],\"inLanguage\":\"de\"},{\"@type\":\"Organization\",\"@id\":\"https:\/\/www.enocean.com\/de\/#organization\",\"name\":\"EnOcean\",\"url\":\"https:\/\/www.enocean.com\/de\/\",\"logo\":{\"@type\":\"ImageObject\",\"inLanguage\":\"de\",\"@id\":\"https:\/\/www.enocean.com\/de\/#\/schema\/logo\/image\/\",\"url\":\"https:\/\/www.enocean.com\/wp-content\/uploads\/Logos\/1-1.png\",\"contentUrl\":\"https:\/\/www.enocean.com\/wp-content\/uploads\/Logos\/1-1.png\",\"width\":500,\"height\":500,\"caption\":\"EnOcean\"},\"image\":{\"@id\":\"https:\/\/www.enocean.com\/de\/#\/schema\/logo\/image\/\"},\"sameAs\":[\"https:\/\/www.linkedin.com\/company\/enocean\/\"]}]}<\/script>\n<!-- \/ Yoast SEO plugin. -->","yoast_head_json":{"title":"Partnerschaften - EnOcean","description":"Erfahren Sie, wie die Partner von EnOcean interoperable, batterielose IoT-L\u00f6sungen f\u00fcr intelligentere, nachhaltigere Geb\u00e4ude erm\u00f6glichen.","robots":{"index":"index","follow":"follow","max-snippet":"max-snippet:-1","max-image-preview":"max-image-preview:large","max-video-preview":"max-video-preview:-1"},"canonical":"https:\/\/www.enocean.com\/de\/anwendungen\/partnerschaften\/","og_locale":"de_DE","og_type":"article","og_title":"Partnerschaften - EnOcean","og_description":"Erfahren Sie, wie die Partner von EnOcean interoperable, batterielose IoT-L\u00f6sungen f\u00fcr intelligentere, nachhaltigere Geb\u00e4ude erm\u00f6glichen.","og_url":"https:\/\/www.enocean.com\/de\/anwendungen\/partnerschaften\/","og_site_name":"EnOcean","article_modified_time":"2025-05-21T16:02:39+00:00","og_image":[{"width":2048,"height":683,"url":"https:\/\/www.enocean.com\/wp-content\/uploads\/Header\/eo_partnerships_2048x613.jpg","type":"image\/jpeg"}],"twitter_card":"summary_large_image","twitter_misc":{"Gesch\u00e4tzte Lesezeit":"3\u00a0Minuten"},"schema":{"@context":"https:\/\/schema.org","@graph":[{"@type":"WebPage","@id":"https:\/\/www.enocean.com\/de\/anwendungen\/partnerschaften\/","url":"https:\/\/www.enocean.com\/de\/anwendungen\/partnerschaften\/","name":"Partnerschaften - EnOcean","isPartOf":{"@id":"https:\/\/www.enocean.com\/de\/#website"},"primaryImageOfPage":{"@id":"https:\/\/www.enocean.com\/de\/anwendungen\/partnerschaften\/#primaryimage"},"image":{"@id":"https:\/\/www.enocean.com\/de\/anwendungen\/partnerschaften\/#primaryimage"},"thumbnailUrl":"https:\/\/www.enocean.com\/wp-content\/uploads\/Header\/eo_partnerships_2048x613.jpg","datePublished":"2021-12-03T13:08:56+00:00","dateModified":"2025-05-21T16:02:39+00:00","description":"Erfahren Sie, wie die Partner von EnOcean interoperable, batterielose IoT-L\u00f6sungen f\u00fcr intelligentere, nachhaltigere Geb\u00e4ude erm\u00f6glichen.","breadcrumb":{"@id":"https:\/\/www.enocean.com\/de\/anwendungen\/partnerschaften\/#breadcrumb"},"inLanguage":"de","potentialAction":[{"@type":"ReadAction","target":["https:\/\/www.enocean.com\/de\/anwendungen\/partnerschaften\/"]}]},{"@type":"ImageObject","inLanguage":"de","@id":"https:\/\/www.enocean.com\/de\/anwendungen\/partnerschaften\/#primaryimage","url":"https:\/\/www.enocean.com\/wp-content\/uploads\/Header\/eo_partnerships_2048x613.jpg","contentUrl":"https:\/\/www.enocean.com\/wp-content\/uploads\/Header\/eo_partnerships_2048x613.jpg","width":2048,"height":683,"caption":"EnOcean Partnership"},{"@type":"BreadcrumbList","@id":"https:\/\/www.enocean.com\/de\/anwendungen\/partnerschaften\/#breadcrumb","itemListElement":[{"@type":"ListItem","position":1,"name":"Startseite","item":"https:\/\/www.enocean.com\/de\/"},{"@type":"ListItem","position":2,"name":"Anwendungen","item":"https:\/\/www.enocean.com\/de\/anwendungen\/"},{"@type":"ListItem","position":3,"name":"Partnerschaften"}]},{"@type":"WebSite","@id":"https:\/\/www.enocean.com\/de\/#website","url":"https:\/\/www.enocean.com\/de\/","name":"EnOcean","description":"EnOcean Relaunch","publisher":{"@id":"https:\/\/www.enocean.com\/de\/#organization"},"potentialAction":[{"@type":"SearchAction","target":{"@type":"EntryPoint","urlTemplate":"https:\/\/www.enocean.com\/de\/?s={search_term_string}"},"query-input":{"@type":"PropertyValueSpecification","valueRequired":true,"valueName":"search_term_string"}}],"inLanguage":"de"},{"@type":"Organization","@id":"https:\/\/www.enocean.com\/de\/#organization","name":"EnOcean","url":"https:\/\/www.enocean.com\/de\/","logo":{"@type":"ImageObject","inLanguage":"de","@id":"https:\/\/www.enocean.com\/de\/#\/schema\/logo\/image\/","url":"https:\/\/www.enocean.com\/wp-content\/uploads\/Logos\/1-1.png","contentUrl":"https:\/\/www.enocean.com\/wp-content\/uploads\/Logos\/1-1.png","width":500,"height":500,"caption":"EnOcean"},"image":{"@id":"https:\/\/www.enocean.com\/de\/#\/schema\/logo\/image\/"},"sameAs":["https:\/\/www.linkedin.com\/company\/enocean\/"]}]}},"taxonomy_info":[],"featured_image_src_large":["https:\/\/www.enocean.com\/wp-content\/uploads\/Header\/eo_partnerships_2048x613-1024x342.jpg",1024,342,true],"author_info":{"display_name":"Martin Ische","author_link":"https:\/\/www.enocean.com\/de\/author\/aundiu_ische\/"},"comment_info":0,"uagb_featured_image_src":{"full":["https:\/\/www.enocean.com\/wp-content\/uploads\/Header\/eo_partnerships_2048x613.jpg",2048,683,false],"thumbnail":["https:\/\/www.enocean.com\/wp-content\/uploads\/Header\/eo_partnerships_2048x613-150x50.jpg",150,50,true],"medium":["https:\/\/www.enocean.com\/wp-content\/uploads\/Header\/eo_partnerships_2048x613-300x100.jpg",300,100,true],"medium_large":["https:\/\/www.enocean.com\/wp-content\/uploads\/Header\/eo_partnerships_2048x613-768x256.jpg",768,256,true],"large":["https:\/\/www.enocean.com\/wp-content\/uploads\/Header\/eo_partnerships_2048x613-1024x342.jpg",1024,342,true],"1536x1536":["https:\/\/www.enocean.com\/wp-content\/uploads\/Header\/eo_partnerships_2048x613-1536x512.jpg",1536,512,true],"2048x2048":["https:\/\/www.enocean.com\/wp-content\/uploads\/Header\/eo_partnerships_2048x613.jpg",2048,683,false]},"uagb_author_info":{"display_name":"Martin Ische","author_link":"https:\/\/www.enocean.com\/de\/author\/aundiu_ische\/"},"uagb_comment_info":0,"uagb_excerpt":null,"_links":{"self":[{"href":"https:\/\/www.enocean.com\/de\/wp-json\/wp\/v2\/pages\/12803","targetHints":{"allow":["GET"]}}],"collection":[{"href":"https:\/\/www.enocean.com\/de\/wp-json\/wp\/v2\/pages"}],"about":[{"href":"https:\/\/www.enocean.com\/de\/wp-json\/wp\/v2\/types\/page"}],"author":[{"embeddable":true,"href":"https:\/\/www.enocean.com\/de\/wp-json\/wp\/v2\/users\/2"}],"replies":[{"embeddable":true,"href":"https:\/\/www.enocean.com\/de\/wp-json\/wp\/v2\/comments?post=12803"}],"version-history":[{"count":5,"href":"https:\/\/www.enocean.com\/de\/wp-json\/wp\/v2\/pages\/12803\/revisions"}],"predecessor-version":[{"id":29323,"href":"https:\/\/www.enocean.com\/de\/wp-json\/wp\/v2\/pages\/12803\/revisions\/29323"}],"up":[{"embeddable":true,"href":"https:\/\/www.enocean.com\/de\/wp-json\/wp\/v2\/pages\/12893"}],"wp:featuredmedia":[{"embeddable":true,"href":"https:\/\/www.enocean.com\/de\/wp-json\/wp\/v2\/media\/27171"}],"wp:attachment":[{"href":"https:\/\/www.enocean.com\/de\/wp-json\/wp\/v2\/media?parent=12803"}],"curies":[{"name":"wp","href":"https:\/\/api.w.org\/{rel}","templated":true}]}}