{"id":12804,"date":"2021-12-03T13:09:07","date_gmt":"2021-12-03T13:09:07","guid":{"rendered":"https:\/\/www.enocean.com\/vision-mission\/"},"modified":"2025-02-04T15:25:31","modified_gmt":"2025-02-04T14:25:31","slug":"vision-mission","status":"publish","type":"page","link":"https:\/\/www.enocean.com\/de\/about-us\/vision-mission\/","title":{"rendered":"Vision &#038; Mission"},"content":{"rendered":"\n<div class=\"wp-block-cover is-light has-custom-content-position is-position-center-left eo-visualheader\"><span aria-hidden=\"true\" class=\"wp-block-cover__background has-background-dim-0 has-background-dim\" style=\"background-color:#b1c5ae\"><\/span><img decoding=\"async\" width=\"2048\" height=\"613\" class=\"wp-block-cover__image-background wp-image-27119\" alt=\"Mission and Vision of EnOcean\" src=\"https:\/\/www.enocean.com\/wp-content\/uploads\/Header\/eo_vision-mission_2048x613.jpg\" data-object-fit=\"cover\" srcset=\"https:\/\/www.enocean.com\/wp-content\/uploads\/Header\/eo_vision-mission_2048x613.jpg 2048w, https:\/\/www.enocean.com\/wp-content\/uploads\/Header\/eo_vision-mission_2048x613-300x90.jpg 300w, https:\/\/www.enocean.com\/wp-content\/uploads\/Header\/eo_vision-mission_2048x613-1024x307.jpg 1024w, https:\/\/www.enocean.com\/wp-content\/uploads\/Header\/eo_vision-mission_2048x613-150x45.jpg 150w, https:\/\/www.enocean.com\/wp-content\/uploads\/Header\/eo_vision-mission_2048x613-768x230.jpg 768w, https:\/\/www.enocean.com\/wp-content\/uploads\/Header\/eo_vision-mission_2048x613-1536x460.jpg 1536w\" sizes=\"(max-width: 2048px) 100vw, 2048px\" \/><div class=\"wp-block-cover__inner-container is-layout-flow wp-block-cover-is-layout-flow\">\n<p class=\"has-text-align-center has-large-font-size\"><\/p>\n<\/div><\/div>\n\n\n\n<section class=\"wp-block-uagb-section uagb-section__wrap uagb-section__background-undefined uagb-block-23ae8f4e\"><div class=\"uagb-section__overlay\"><\/div><div class=\"uagb-section__inner-wrap\">\n<h1 class=\"wp-block-heading\">Vision &amp; Mission<\/h1>\n<\/div><\/section>\n\n\n\n<section class=\"wp-block-uagb-section uagb-section__wrap uagb-section__background-undefined uagb-block-0fab8885 eo-2-spalten-horizontal\"><div class=\"uagb-section__overlay\"><\/div><div class=\"uagb-section__inner-wrap\">\n<h2 class=\"wp-block-heading\">Unsere Vision<\/h2>\n\n\n\n<p>Unsere Vision spiegelt unser unerm\u00fcdliches Engagement f\u00fcr Nachhaltigkeit wider. Wir entwickeln innovative L\u00f6sungen, die den Weg in eine nachhaltigere Zukunft ebnen. Unsere IoT-L\u00f6sungen helfen Unternehmen gezielt, ihre Kohlenstoffemissionen zu senken und die Energieeffizienz in ihren R\u00e4umlichkeiten zu steigern.<\/p>\n\n\n<style>.kt-img-overlay12804_026da1-48 .kt-image-overlay-wrap{max-width:2048px;overflow:hidden;}.kt-img-overlay12804_026da1-48{padding-top:var(--global-kb-spacing-xs, 1rem);padding-bottom:var(--global-kb-spacing-xs, 1rem);}.kt-img-overlay12804_026da1-48 .kt-image-overlay-wrap .kt-block-intrisic{padding-bottom:29.9316%;}.kt-img-overlay12804_026da1-48 .kt-image-overlay-color-wrapper{opacity:1;}.kt-img-overlay12804_026da1-48 .kt-image-overlay-wrap:has(:focus-visible) .kt-image-overlay-color-wrapper{opacity:1 !important;}.kt-img-overlay12804_026da1-48 .kt-image-overlay-wrap:hover .kt-image-overlay-color-wrapper{opacity:1 !important;}.kt-img-overlay12804_026da1-48 .kt-image-overlay-color{background-color:#333333;opacity:0.65;}.kt-img-overlay12804_026da1-48 .kt-image-overlay-message{border-top:0px solid rgba(255,255,255,0.8);border-right:0px solid rgba(255,255,255,0.8);border-bottom:0px solid rgba(255,255,255,0.8);border-left:0px solid rgba(255,255,255,0.8);inset:10px;}.wp-block-kadence-imageoverlay.kt-img-overlay12804_026da1-48 .kt-image-overlay-message .image-overlay-title{color:#fff;background:rgba(0, 0, 0, 0);padding-top:0px;padding-right:0px;padding-bottom:0px;padding-left:0px;margin-top:50px;margin-right:50px;margin-bottom:50px;margin-left:50px;font-size:30px;font-family:-apple-system,BlinkMacSystemFont,\"Segoe UI\",Roboto,Oxygen-Sans,Ubuntu,Cantarell,\"Helvetica Neue\",sans-serif, \"Apple Color Emoji\", \"Segoe UI Emoji\", \"Segoe UI Symbol\";font-weight:inherit;font-style:normal;}.kt-img-overlay12804_026da1-48 .kt-image-overlay-divider{border-top-color:#fff;border-top-width:1px;width:80%;border-top-style:none;}.wp-block-kadence-imageoverlay.kt-img-overlay12804_026da1-48 .kt-image-overlay-message .image-overlay-subtitle{color:#fff;background:rgba(0, 0, 0, 0);padding-top:5px;padding-right:5px;padding-bottom:5px;padding-left:5px;margin-top:0px;margin-right:0px;margin-bottom:0px;margin-left:0px;font-weight:regular;font-style:normal;}@media all and (max-width: 1024px){.kt-img-overlay12804_026da1-48 .kt-image-overlay-wrap{max-width:2048px;}}@media all and (max-width: 1024px){.kt-img-overlay12804_026da1-48 .kt-image-overlay-message{border-top:0px solid rgba(255,255,255,0.8);border-right:0px solid rgba(255,255,255,0.8);border-bottom:0px solid rgba(255,255,255,0.8);border-left:0px solid rgba(255,255,255,0.8);}}@media all and (max-width: 767px){.kt-img-overlay12804_026da1-48 .kt-image-overlay-wrap{max-width:2048px;}.kt-img-overlay12804_026da1-48 .kt-image-overlay-message{border-top:0px solid rgba(255,255,255,0.8);border-right:0px solid rgba(255,255,255,0.8);border-bottom:0px solid rgba(255,255,255,0.8);border-left:0px solid rgba(255,255,255,0.8);}}<\/style>\n<div class=\"kt-img-overlay12804_026da1-48 aligncenter wp-block-kadence-imageoverlay\"><div class=\"kt-image-overlay-wrap kt-over-image-zoomin\"><div class=\"kt-block-intrisic\"><img decoding=\"async\" src=\"https:\/\/www.enocean.com\/wp-content\/uploads\/Header\/eo_header_sustainability_2048x613.jpg\" alt=\"Enabling sustainable smart spaces for now and tomorrow\" width=\"2048\" height=\"613\" class=\"kt-img-overlay wp-image-27167\"\/><div class=\"kt-image-overlay-color-wrapper\"><div class=\"kt-image-overlay-color\"><\/div><\/div><span class=\"kt-imageoverlay-link\"><div class=\"kt-image-overlay-message kt-over-substyle-visible kt-over-valign-center kt-over-halign-center\"><div class=\"kt-image-overlay-inner\"><p class=\"image-overlay-title\"><strong>Enabling sustainable smart spaces<\/strong><br><strong>for<\/strong> <strong>now and tomorrow.<\/strong><\/p><\/div><\/div><\/span><\/div><\/div><\/div>\n<\/div><\/section>\n\n\n\n<section class=\"wp-block-uagb-section uagb-section__wrap uagb-section__background-undefined uagb-block-eae2bace eo-2-spalten-horizontal\"><div class=\"uagb-section__overlay\"><\/div><div class=\"uagb-section__inner-wrap\">\n<h2 class=\"wp-block-heading\">Unsere Mission<\/h2>\n\n\n\n<p>Wir entwickeln hochwertige innovative und nachhaltige IoT-L\u00f6sungen. Diese gewinnen Energie aus der Umgebung, senken Energieverbrauch und CO<sub>2<\/sub>-Emissionen und steigern die Energieeffizienz von Geb\u00e4uden sowie Wohn- und Arbeitsr\u00e4umen. Unsere L\u00f6sungen helfen Unternehmen, ihre Abl\u00e4ufe mit Asset-Tracking und Sensorik zu optimieren und die Effizienz in allen M\u00e4rkten zu steigern. Wir schaffen intelligente Umgebungen, die nicht nur die Bed\u00fcrfnisse unserer Kunden erf\u00fcllen, sondern auch positiv zum Klimaschutz beitragen.<\/p>\n\n\n\n<p>Um dies f\u00fcr unsere Kunden sicherzustellen, haben wir klare <strong>Leitlinien<\/strong> f\u00fcr unser t\u00e4gliches Handeln formuliert:<\/p>\n\n\n<style>.wp-block-kadence-iconlist.kt-svg-icon-list-items12804_976d06-88:not(.this-stops-third-party-issues){margin-top:0px;margin-bottom:0px;}.wp-block-kadence-iconlist.kt-svg-icon-list-items12804_976d06-88 ul.kt-svg-icon-list:not(.this-prevents-issues):not(.this-stops-third-party-issues):not(.tijsloc){margin-top:0px;margin-right:0px;margin-bottom:var(--global-kb-spacing-sm, 1.5rem);margin-left:0px;}.wp-block-kadence-iconlist.kt-svg-icon-list-items12804_976d06-88 ul.kt-svg-icon-list{grid-row-gap:10px;}.wp-block-kadence-iconlist.kt-svg-icon-list-items12804_976d06-88 ul.kt-svg-icon-list .kt-svg-icon-list-item-wrap .kt-svg-icon-list-single{margin-right:15px;}.kt-svg-icon-list-items12804_976d06-88 ul.kt-svg-icon-list .kt-svg-icon-list-level-0 .kt-svg-icon-list-single svg{font-size:20px;}<\/style>\n<div class=\"wp-block-kadence-iconlist kt-svg-icon-list-items kt-svg-icon-list-items12804_976d06-88 kt-svg-icon-list-columns-1 alignnone\"><ul class=\"kt-svg-icon-list\"><style>.kt-svg-icon-list-item-12804_8c518c-0f .kt-svg-icon-list-text mark.kt-highlight{background-color:unset;font-style:normal;color:#f76a0c;-webkit-box-decoration-break:clone;box-decoration-break:clone;padding-top:0px;padding-right:0px;padding-bottom:0px;padding-left:0px;}<\/style>\n<li class=\"wp-block-kadence-listitem kt-svg-icon-list-item-wrap kt-svg-icon-list-item-12804_8c518c-0f\"><span class=\"kb-svg-icon-wrap kb-svg-icon-fe_check kt-svg-icon-list-single\"><svg viewBox=\"0 0 24 24\"  fill=\"none\" stroke=\"currentColor\" stroke-width=\"2\" stroke-linecap=\"round\" stroke-linejoin=\"round\" xmlns=\"http:\/\/www.w3.org\/2000\/svg\"  aria-hidden=\"true\"><polyline points=\"20 6 9 17 4 12\"\/><\/svg><\/span><span class=\"kt-svg-icon-list-text\">Wir reduzieren den \u00f6kologischen Fu\u00dfabdruck unserer Kunden.<\/span><\/li>\n\n\n<style>.kt-svg-icon-list-item-12804_504b8b-f8 .kt-svg-icon-list-text mark.kt-highlight{background-color:unset;font-style:normal;color:#f76a0c;-webkit-box-decoration-break:clone;box-decoration-break:clone;padding-top:0px;padding-right:0px;padding-bottom:0px;padding-left:0px;}<\/style>\n<li class=\"wp-block-kadence-listitem kt-svg-icon-list-item-wrap kt-svg-icon-list-item-12804_504b8b-f8\"><span class=\"kb-svg-icon-wrap kb-svg-icon-fe_check kt-svg-icon-list-single\"><svg viewBox=\"0 0 24 24\"  fill=\"none\" stroke=\"currentColor\" stroke-width=\"2\" stroke-linecap=\"round\" stroke-linejoin=\"round\" xmlns=\"http:\/\/www.w3.org\/2000\/svg\"  aria-hidden=\"true\"><polyline points=\"20 6 9 17 4 12\"\/><\/svg><\/span><span class=\"kt-svg-icon-list-text\">Wir gestalten R\u00e4ume nachhaltig und intelligent.<\/span><\/li>\n\n\n<style>.kt-svg-icon-list-item-12804_d4042e-d2 .kt-svg-icon-list-text mark.kt-highlight{background-color:unset;font-style:normal;color:#f76a0c;-webkit-box-decoration-break:clone;box-decoration-break:clone;padding-top:0px;padding-right:0px;padding-bottom:0px;padding-left:0px;}<\/style>\n<li class=\"wp-block-kadence-listitem kt-svg-icon-list-item-wrap kt-svg-icon-list-item-12804_d4042e-d2\"><span class=\"kb-svg-icon-wrap kb-svg-icon-fe_check kt-svg-icon-list-single\"><svg viewBox=\"0 0 24 24\"  fill=\"none\" stroke=\"currentColor\" stroke-width=\"2\" stroke-linecap=\"round\" stroke-linejoin=\"round\" xmlns=\"http:\/\/www.w3.org\/2000\/svg\"  aria-hidden=\"true\"><polyline points=\"20 6 9 17 4 12\"\/><\/svg><\/span><span class=\"kt-svg-icon-list-text\">Wir stellen den Komfort unserer Kunden an erste Stelle.<\/span><\/li>\n\n\n<style>.kt-svg-icon-list-item-12804_ad7859-57 .kt-svg-icon-list-text mark.kt-highlight{background-color:unset;font-style:normal;color:#f76a0c;-webkit-box-decoration-break:clone;box-decoration-break:clone;padding-top:0px;padding-right:0px;padding-bottom:0px;padding-left:0px;}<\/style>\n<li class=\"wp-block-kadence-listitem kt-svg-icon-list-item-wrap kt-svg-icon-list-item-12804_ad7859-57\"><span class=\"kb-svg-icon-wrap kb-svg-icon-fe_check kt-svg-icon-list-single\"><svg viewBox=\"0 0 24 24\"  fill=\"none\" stroke=\"currentColor\" stroke-width=\"2\" stroke-linecap=\"round\" stroke-linejoin=\"round\" xmlns=\"http:\/\/www.w3.org\/2000\/svg\"  aria-hidden=\"true\"><polyline points=\"20 6 9 17 4 12\"\/><\/svg><\/span><span class=\"kt-svg-icon-list-text\">Wir agieren als verl\u00e4sslicher Partner und f\u00f6rdern ein vorteilhaftes \u00d6kosystem.<\/span><\/li>\n\n\n<style>.kt-svg-icon-list-item-12804_835c6f-99 .kt-svg-icon-list-text mark.kt-highlight{background-color:unset;font-style:normal;color:#f76a0c;-webkit-box-decoration-break:clone;box-decoration-break:clone;padding-top:0px;padding-right:0px;padding-bottom:0px;padding-left:0px;}<\/style>\n<li class=\"wp-block-kadence-listitem kt-svg-icon-list-item-wrap kt-svg-icon-list-item-12804_835c6f-99\"><span class=\"kb-svg-icon-wrap kb-svg-icon-fe_check kt-svg-icon-list-single\"><svg viewBox=\"0 0 24 24\"  fill=\"none\" stroke=\"currentColor\" stroke-width=\"2\" stroke-linecap=\"round\" stroke-linejoin=\"round\" xmlns=\"http:\/\/www.w3.org\/2000\/svg\"  aria-hidden=\"true\"><polyline points=\"20 6 9 17 4 12\"\/><\/svg><\/span><span class=\"kt-svg-icon-list-text\">Wir erleichtern die Berichterstattung zu Umwelt, Sozialem und Governance f\u00fcr unsere Stakeholder.<\/span><\/li>\n<\/ul><\/div>\n<\/div><\/section>\n\n\n\n<section class=\"wp-block-uagb-section uagb-section__wrap uagb-section__background-undefined uagb-block-80e8ff16\"><div class=\"uagb-section__overlay\"><\/div><div class=\"uagb-section__inner-wrap\"><\/div><\/section>\n","protected":false},"excerpt":{"rendered":"","protected":false},"author":3,"featured_media":27119,"parent":12855,"menu_order":8,"comment_status":"closed","ping_status":"closed","template":"","meta":{"_acf_changed":false,"inline_featured_image":false,"_uag_custom_page_level_css":"","_kad_blocks_custom_css":"","_kad_blocks_head_custom_js":"","_kad_blocks_body_custom_js":"","_kad_blocks_footer_custom_js":"","footnotes":""},"class_list":["post-12804","page","type-page","status-publish","has-post-thumbnail","hentry"],"acf":[],"yoast_head":"<!-- This site is optimized with the Yoast SEO plugin v26.5 - https:\/\/yoast.com\/wordpress\/plugins\/seo\/ -->\n<title>Vision &amp; Mission - EnOcean<\/title>\n<meta name=\"description\" content=\"Im Mittelpunkt der Vision unseres Unternehmens steht das unerm\u00fcdliche Engagement f\u00fcr Nachhaltigkeit und die Reduktion von CO2 Emissionen.\" \/>\n<meta name=\"robots\" content=\"index, follow, max-snippet:-1, max-image-preview:large, max-video-preview:-1\" \/>\n<link rel=\"canonical\" href=\"https:\/\/www.enocean.com\/de\/about-us\/vision-mission\/\" \/>\n<meta property=\"og:locale\" content=\"de_DE\" \/>\n<meta property=\"og:type\" content=\"article\" \/>\n<meta property=\"og:title\" content=\"Vision &amp; Mission - EnOcean\" \/>\n<meta property=\"og:description\" content=\"Im Mittelpunkt der Vision unseres Unternehmens steht das unerm\u00fcdliche Engagement f\u00fcr Nachhaltigkeit und die Reduktion von CO2 Emissionen.\" \/>\n<meta property=\"og:url\" content=\"https:\/\/www.enocean.com\/de\/about-us\/vision-mission\/\" \/>\n<meta property=\"og:site_name\" content=\"EnOcean\" \/>\n<meta property=\"article:modified_time\" content=\"2025-02-04T14:25:31+00:00\" \/>\n<meta property=\"og:image\" content=\"https:\/\/www.enocean.com\/wp-content\/uploads\/Header\/enocean-vision-mission-header-1.jpg\" \/>\n\t<meta property=\"og:image:width\" content=\"1536\" \/>\n\t<meta property=\"og:image:height\" content=\"550\" \/>\n\t<meta property=\"og:image:type\" content=\"image\/jpeg\" \/>\n<meta name=\"twitter:card\" content=\"summary_large_image\" \/>\n<meta name=\"twitter:label1\" content=\"Gesch\u00e4tzte Lesezeit\" \/>\n\t<meta name=\"twitter:data1\" content=\"3\u00a0Minuten\" \/>\n<script type=\"application\/ld+json\" class=\"yoast-schema-graph\">{\"@context\":\"https:\/\/schema.org\",\"@graph\":[{\"@type\":\"WebPage\",\"@id\":\"https:\/\/www.enocean.com\/de\/about-us\/vision-mission\/\",\"url\":\"https:\/\/www.enocean.com\/de\/about-us\/vision-mission\/\",\"name\":\"Vision & Mission - EnOcean\",\"isPartOf\":{\"@id\":\"https:\/\/www.enocean.com\/de\/#website\"},\"primaryImageOfPage\":{\"@id\":\"https:\/\/www.enocean.com\/de\/about-us\/vision-mission\/#primaryimage\"},\"image\":{\"@id\":\"https:\/\/www.enocean.com\/de\/about-us\/vision-mission\/#primaryimage\"},\"thumbnailUrl\":\"https:\/\/www.enocean.com\/wp-content\/uploads\/Header\/eo_vision-mission_2048x613.jpg\",\"datePublished\":\"2021-12-03T13:09:07+00:00\",\"dateModified\":\"2025-02-04T14:25:31+00:00\",\"description\":\"Im Mittelpunkt der Vision unseres Unternehmens steht das unerm\u00fcdliche Engagement f\u00fcr Nachhaltigkeit und die Reduktion von CO2 Emissionen.\",\"breadcrumb\":{\"@id\":\"https:\/\/www.enocean.com\/de\/about-us\/vision-mission\/#breadcrumb\"},\"inLanguage\":\"de\",\"potentialAction\":[{\"@type\":\"ReadAction\",\"target\":[\"https:\/\/www.enocean.com\/de\/about-us\/vision-mission\/\"]}]},{\"@type\":\"ImageObject\",\"inLanguage\":\"de\",\"@id\":\"https:\/\/www.enocean.com\/de\/about-us\/vision-mission\/#primaryimage\",\"url\":\"https:\/\/www.enocean.com\/wp-content\/uploads\/Header\/eo_vision-mission_2048x613.jpg\",\"contentUrl\":\"https:\/\/www.enocean.com\/wp-content\/uploads\/Header\/eo_vision-mission_2048x613.jpg\",\"width\":2048,\"height\":613,\"caption\":\"Mission and Vision of EnOcean\"},{\"@type\":\"BreadcrumbList\",\"@id\":\"https:\/\/www.enocean.com\/de\/about-us\/vision-mission\/#breadcrumb\",\"itemListElement\":[{\"@type\":\"ListItem\",\"position\":1,\"name\":\"Startseite\",\"item\":\"https:\/\/www.enocean.com\/de\/\"},{\"@type\":\"ListItem\",\"position\":2,\"name\":\"\u00dcber EnOcean\",\"item\":\"https:\/\/www.enocean.com\/de\/about-us\/\"},{\"@type\":\"ListItem\",\"position\":3,\"name\":\"Vision &#038; Mission\"}]},{\"@type\":\"WebSite\",\"@id\":\"https:\/\/www.enocean.com\/de\/#website\",\"url\":\"https:\/\/www.enocean.com\/de\/\",\"name\":\"EnOcean\",\"description\":\"EnOcean Relaunch\",\"publisher\":{\"@id\":\"https:\/\/www.enocean.com\/de\/#organization\"},\"potentialAction\":[{\"@type\":\"SearchAction\",\"target\":{\"@type\":\"EntryPoint\",\"urlTemplate\":\"https:\/\/www.enocean.com\/de\/?s={search_term_string}\"},\"query-input\":{\"@type\":\"PropertyValueSpecification\",\"valueRequired\":true,\"valueName\":\"search_term_string\"}}],\"inLanguage\":\"de\"},{\"@type\":\"Organization\",\"@id\":\"https:\/\/www.enocean.com\/de\/#organization\",\"name\":\"EnOcean\",\"url\":\"https:\/\/www.enocean.com\/de\/\",\"logo\":{\"@type\":\"ImageObject\",\"inLanguage\":\"de\",\"@id\":\"https:\/\/www.enocean.com\/de\/#\/schema\/logo\/image\/\",\"url\":\"https:\/\/www.enocean.com\/wp-content\/uploads\/Logos\/1-1.png\",\"contentUrl\":\"https:\/\/www.enocean.com\/wp-content\/uploads\/Logos\/1-1.png\",\"width\":500,\"height\":500,\"caption\":\"EnOcean\"},\"image\":{\"@id\":\"https:\/\/www.enocean.com\/de\/#\/schema\/logo\/image\/\"},\"sameAs\":[\"https:\/\/www.linkedin.com\/company\/enocean\/\"]}]}<\/script>\n<!-- \/ Yoast SEO plugin. -->","yoast_head_json":{"title":"Vision & Mission - EnOcean","description":"Im Mittelpunkt der Vision unseres Unternehmens steht das unerm\u00fcdliche Engagement f\u00fcr Nachhaltigkeit und die Reduktion von CO2 Emissionen.","robots":{"index":"index","follow":"follow","max-snippet":"max-snippet:-1","max-image-preview":"max-image-preview:large","max-video-preview":"max-video-preview:-1"},"canonical":"https:\/\/www.enocean.com\/de\/about-us\/vision-mission\/","og_locale":"de_DE","og_type":"article","og_title":"Vision & Mission - EnOcean","og_description":"Im Mittelpunkt der Vision unseres Unternehmens steht das unerm\u00fcdliche Engagement f\u00fcr Nachhaltigkeit und die Reduktion von CO2 Emissionen.","og_url":"https:\/\/www.enocean.com\/de\/about-us\/vision-mission\/","og_site_name":"EnOcean","article_modified_time":"2025-02-04T14:25:31+00:00","og_image":[{"width":1536,"height":550,"url":"https:\/\/www.enocean.com\/wp-content\/uploads\/Header\/enocean-vision-mission-header-1.jpg","type":"image\/jpeg"}],"twitter_card":"summary_large_image","twitter_misc":{"Gesch\u00e4tzte Lesezeit":"3\u00a0Minuten"},"schema":{"@context":"https:\/\/schema.org","@graph":[{"@type":"WebPage","@id":"https:\/\/www.enocean.com\/de\/about-us\/vision-mission\/","url":"https:\/\/www.enocean.com\/de\/about-us\/vision-mission\/","name":"Vision & Mission - EnOcean","isPartOf":{"@id":"https:\/\/www.enocean.com\/de\/#website"},"primaryImageOfPage":{"@id":"https:\/\/www.enocean.com\/de\/about-us\/vision-mission\/#primaryimage"},"image":{"@id":"https:\/\/www.enocean.com\/de\/about-us\/vision-mission\/#primaryimage"},"thumbnailUrl":"https:\/\/www.enocean.com\/wp-content\/uploads\/Header\/eo_vision-mission_2048x613.jpg","datePublished":"2021-12-03T13:09:07+00:00","dateModified":"2025-02-04T14:25:31+00:00","description":"Im Mittelpunkt der Vision unseres Unternehmens steht das unerm\u00fcdliche Engagement f\u00fcr Nachhaltigkeit und die Reduktion von CO2 Emissionen.","breadcrumb":{"@id":"https:\/\/www.enocean.com\/de\/about-us\/vision-mission\/#breadcrumb"},"inLanguage":"de","potentialAction":[{"@type":"ReadAction","target":["https:\/\/www.enocean.com\/de\/about-us\/vision-mission\/"]}]},{"@type":"ImageObject","inLanguage":"de","@id":"https:\/\/www.enocean.com\/de\/about-us\/vision-mission\/#primaryimage","url":"https:\/\/www.enocean.com\/wp-content\/uploads\/Header\/eo_vision-mission_2048x613.jpg","contentUrl":"https:\/\/www.enocean.com\/wp-content\/uploads\/Header\/eo_vision-mission_2048x613.jpg","width":2048,"height":613,"caption":"Mission and Vision of EnOcean"},{"@type":"BreadcrumbList","@id":"https:\/\/www.enocean.com\/de\/about-us\/vision-mission\/#breadcrumb","itemListElement":[{"@type":"ListItem","position":1,"name":"Startseite","item":"https:\/\/www.enocean.com\/de\/"},{"@type":"ListItem","position":2,"name":"\u00dcber EnOcean","item":"https:\/\/www.enocean.com\/de\/about-us\/"},{"@type":"ListItem","position":3,"name":"Vision &#038; Mission"}]},{"@type":"WebSite","@id":"https:\/\/www.enocean.com\/de\/#website","url":"https:\/\/www.enocean.com\/de\/","name":"EnOcean","description":"EnOcean Relaunch","publisher":{"@id":"https:\/\/www.enocean.com\/de\/#organization"},"potentialAction":[{"@type":"SearchAction","target":{"@type":"EntryPoint","urlTemplate":"https:\/\/www.enocean.com\/de\/?s={search_term_string}"},"query-input":{"@type":"PropertyValueSpecification","valueRequired":true,"valueName":"search_term_string"}}],"inLanguage":"de"},{"@type":"Organization","@id":"https:\/\/www.enocean.com\/de\/#organization","name":"EnOcean","url":"https:\/\/www.enocean.com\/de\/","logo":{"@type":"ImageObject","inLanguage":"de","@id":"https:\/\/www.enocean.com\/de\/#\/schema\/logo\/image\/","url":"https:\/\/www.enocean.com\/wp-content\/uploads\/Logos\/1-1.png","contentUrl":"https:\/\/www.enocean.com\/wp-content\/uploads\/Logos\/1-1.png","width":500,"height":500,"caption":"EnOcean"},"image":{"@id":"https:\/\/www.enocean.com\/de\/#\/schema\/logo\/image\/"},"sameAs":["https:\/\/www.linkedin.com\/company\/enocean\/"]}]}},"taxonomy_info":[],"featured_image_src_large":["https:\/\/www.enocean.com\/wp-content\/uploads\/Header\/eo_vision-mission_2048x613-1024x307.jpg",1024,307,true],"author_info":{"display_name":"Veronika Bliem","author_link":"https:\/\/www.enocean.com\/de\/author\/enocean_bliem\/"},"comment_info":0,"uagb_featured_image_src":{"full":["https:\/\/www.enocean.com\/wp-content\/uploads\/Header\/eo_vision-mission_2048x613.jpg",2048,613,false],"thumbnail":["https:\/\/www.enocean.com\/wp-content\/uploads\/Header\/eo_vision-mission_2048x613-150x45.jpg",150,45,true],"medium":["https:\/\/www.enocean.com\/wp-content\/uploads\/Header\/eo_vision-mission_2048x613-300x90.jpg",300,90,true],"medium_large":["https:\/\/www.enocean.com\/wp-content\/uploads\/Header\/eo_vision-mission_2048x613-768x230.jpg",768,230,true],"large":["https:\/\/www.enocean.com\/wp-content\/uploads\/Header\/eo_vision-mission_2048x613-1024x307.jpg",1024,307,true],"1536x1536":["https:\/\/www.enocean.com\/wp-content\/uploads\/Header\/eo_vision-mission_2048x613-1536x460.jpg",1536,460,true],"2048x2048":["https:\/\/www.enocean.com\/wp-content\/uploads\/Header\/eo_vision-mission_2048x613.jpg",2048,613,false]},"uagb_author_info":{"display_name":"Veronika Bliem","author_link":"https:\/\/www.enocean.com\/de\/author\/enocean_bliem\/"},"uagb_comment_info":0,"uagb_excerpt":null,"_links":{"self":[{"href":"https:\/\/www.enocean.com\/de\/wp-json\/wp\/v2\/pages\/12804","targetHints":{"allow":["GET"]}}],"collection":[{"href":"https:\/\/www.enocean.com\/de\/wp-json\/wp\/v2\/pages"}],"about":[{"href":"https:\/\/www.enocean.com\/de\/wp-json\/wp\/v2\/types\/page"}],"author":[{"embeddable":true,"href":"https:\/\/www.enocean.com\/de\/wp-json\/wp\/v2\/users\/3"}],"replies":[{"embeddable":true,"href":"https:\/\/www.enocean.com\/de\/wp-json\/wp\/v2\/comments?post=12804"}],"version-history":[{"count":13,"href":"https:\/\/www.enocean.com\/de\/wp-json\/wp\/v2\/pages\/12804\/revisions"}],"predecessor-version":[{"id":27669,"href":"https:\/\/www.enocean.com\/de\/wp-json\/wp\/v2\/pages\/12804\/revisions\/27669"}],"up":[{"embeddable":true,"href":"https:\/\/www.enocean.com\/de\/wp-json\/wp\/v2\/pages\/12855"}],"wp:featuredmedia":[{"embeddable":true,"href":"https:\/\/www.enocean.com\/de\/wp-json\/wp\/v2\/media\/27119"}],"wp:attachment":[{"href":"https:\/\/www.enocean.com\/de\/wp-json\/wp\/v2\/media?parent=12804"}],"curies":[{"name":"wp","href":"https:\/\/api.w.org\/{rel}","templated":true}]}}