{"id":12812,"date":"2021-12-03T13:10:06","date_gmt":"2021-12-03T13:10:06","guid":{"rendered":"https:\/\/www.enocean.com\/ueber-enocean\/"},"modified":"2024-04-04T21:32:33","modified_gmt":"2024-04-04T19:32:33","slug":"ueber-enocean","status":"publish","type":"page","link":"https:\/\/www.enocean.com\/de\/about-us\/ueber-enocean\/","title":{"rendered":"\u00dcber EnOcean"},"content":{"rendered":"\n<div class=\"wp-block-cover eo-visualheader\"><span aria-hidden=\"true\" class=\"wp-block-cover__background has-background-dim-0 has-background-dim\"><\/span><img decoding=\"async\" width=\"1536\" height=\"550\" class=\"wp-block-cover__image-background wp-image-11280\" alt=\"\" src=\"https:\/\/www.enocean.com\/wp-content\/uploads\/Header\/enocean-about-us-header.jpg\" style=\"object-position:77% 59%\" data-object-fit=\"cover\" data-object-position=\"77% 59%\" srcset=\"https:\/\/www.enocean.com\/wp-content\/uploads\/Header\/enocean-about-us-header.jpg 1536w, https:\/\/www.enocean.com\/wp-content\/uploads\/Header\/enocean-about-us-header-300x107.jpg 300w, https:\/\/www.enocean.com\/wp-content\/uploads\/Header\/enocean-about-us-header-1024x367.jpg 1024w, https:\/\/www.enocean.com\/wp-content\/uploads\/Header\/enocean-about-us-header-150x54.jpg 150w, https:\/\/www.enocean.com\/wp-content\/uploads\/Header\/enocean-about-us-header-768x275.jpg 768w\" sizes=\"(max-width: 1536px) 100vw, 1536px\" \/><div class=\"wp-block-cover__inner-container is-layout-flow wp-block-cover-is-layout-flow\">\n<p class=\"has-text-align-center has-large-font-size\"><\/p>\n<\/div><\/div>\n\n\n\n<section class=\"wp-block-uagb-section uagb-section__wrap uagb-section__background-undefined uagb-block-9cb549db\"><div class=\"uagb-section__overlay\"><\/div><div class=\"uagb-section__inner-wrap\">\n<h1 class=\"wp-block-heading\">EnOcean&nbsp;\u2013 der Pionier der Energy Harvesting-Funktechnologie<\/h1>\n<\/div><\/section>\n\n\n\n<section class=\"wp-block-uagb-section uagb-section__wrap uagb-section__background-none uagb-block-4c6a0983\"><div class=\"uagb-section__overlay\"><\/div><div class=\"uagb-section__inner-wrap\">\n<p>Das Unternehmen mit Sitz in Oberhaching bei M\u00fcnchen stellt mit seiner ressourcenschonenden Energy Harvesting-Technologie wertvolle Daten f\u00fcr das Internet der Dinge (IoT) bereit. Seit mehr als 20 Jahren entwickelt EnOcean wartungsfreie Funkschalter und -sensoren, die ihre Energie aus der unmittelbaren Umgebung gewinnen: aus Bewegung, Licht oder Temperaturunterschieden. Sie ben\u00f6tigen weder Batterien noch Kabel. <\/p>\n\n\n\n<section class=\"wp-block-uagb-section uagb-section__wrap uagb-section__background-color uagb-block-26d1aba7 eo-6-spalten-icons\"><div class=\"uagb-section__overlay\"><\/div><div class=\"uagb-section__inner-wrap\">\n<section class=\"wp-block-uagb-section uagb-section__wrap uagb-section__background-none uagb-block-ae0ac4c8\"><div class=\"uagb-section__overlay\"><\/div><div class=\"uagb-section__inner-wrap\">\n<h3 class=\"wp-block-heading has-text-align-center\">Unsere Sensoren gewinnen ihre Energie aus der unmittelbaren Umgebung.<\/h3>\n<\/div><\/section>\n\n\n\n<div class=\"wp-block-columns is-layout-flex wp-container-core-columns-is-layout-9d6595d7 wp-block-columns-is-layout-flex\">\n<div class=\"wp-block-column ek-linked-block is-layout-flow wp-block-column-is-layout-flow\"><div class=\"wp-block-image\">\n<figure class=\"aligncenter size-full\"><img decoding=\"async\" width=\"200\" height=\"200\" src=\"https:\/\/www.enocean.com\/wp-content\/uploads\/Icons\/31_mechanical-energy-harvesting.png\" alt=\"\" class=\"wp-image-5175\" srcset=\"https:\/\/www.enocean.com\/wp-content\/uploads\/Icons\/31_mechanical-energy-harvesting.png 200w, https:\/\/www.enocean.com\/wp-content\/uploads\/Icons\/31_mechanical-energy-harvesting-150x150.png 150w\" sizes=\"(max-width: 200px) 100vw, 200px\" \/><\/figure>\n<\/div>\n\n\n<p class=\"has-text-align-center has-blue-color has-text-color\">Energie aus Bewegung<\/p>\n<\/div>\n\n\n\n<div class=\"wp-block-column ek-linked-block is-layout-flow wp-block-column-is-layout-flow\"><div class=\"wp-block-image\">\n<figure class=\"aligncenter size-full\"><img decoding=\"async\" width=\"200\" height=\"200\" src=\"https:\/\/www.enocean.com\/wp-content\/uploads\/Icons\/32_solar-energy-harvesting.png\" alt=\"\" class=\"wp-image-5169\" srcset=\"https:\/\/www.enocean.com\/wp-content\/uploads\/Icons\/32_solar-energy-harvesting.png 200w, https:\/\/www.enocean.com\/wp-content\/uploads\/Icons\/32_solar-energy-harvesting-150x150.png 150w\" sizes=\"(max-width: 200px) 100vw, 200px\" \/><\/figure>\n<\/div>\n\n\n<p class=\"has-text-align-center has-blue-color has-text-color\">Energie aus Licht<\/p>\n<\/div>\n\n\n\n<div class=\"wp-block-column ek-linked-block is-layout-flow wp-block-column-is-layout-flow\"><div class=\"wp-block-image\">\n<figure class=\"aligncenter size-full\"><img decoding=\"async\" width=\"200\" height=\"200\" src=\"https:\/\/www.enocean.com\/wp-content\/uploads\/Icons\/33a_thermo-energy-harvesting.png\" alt=\"\" class=\"wp-image-5172\" srcset=\"https:\/\/www.enocean.com\/wp-content\/uploads\/Icons\/33a_thermo-energy-harvesting.png 200w, https:\/\/www.enocean.com\/wp-content\/uploads\/Icons\/33a_thermo-energy-harvesting-150x150.png 150w\" sizes=\"(max-width: 200px) 100vw, 200px\" \/><\/figure>\n<\/div>\n\n\n<p class=\"has-text-align-center has-blue-color has-text-color\">Energie aus Temperaturunterschieden<\/p>\n<\/div>\n<\/div>\n<\/div><\/section>\n\n\n\n<p><\/p>\n\n\n\n<p>Die Kombination aus miniaturisierten Energiewandlern, \u00e4u\u00dferst stromsparender Elektronik und zuverl\u00e4ssiger Funktechnik auf Basis offener Standards (EnOcean, Zigbee und Bluetooth<sup>\u00ae<\/sup>) bildet das Fundament f\u00fcr digitalisierte Geb\u00e4ude, Dienstleistungen und Produktionsabl\u00e4ufe im Internet der Dinge. Unsere energieautarken L\u00f6sungen kommen in der Geb\u00e4udeautomation, dem Smart Home, der LED-Lichtsteuerung sowie in Industrieanwendungen zum Einsatz. <\/p>\n\n\n\n<p>Als Innovationstreiber ist EnOcean starker Partner f\u00fcr mehr als 350 f\u00fchrende Produkthersteller. Weltweit wurden bereits mehr als eine Million Geb\u00e4ude mit EnOcean-basierten Energy Harvesting-L\u00f6sungen ausgestattet. <\/p>\n\n\n\n<div class=\"wp-block-buttons is-layout-flex wp-block-buttons-is-layout-flex\">\n<div class=\"wp-block-button is-style-cta-button-pfeil\"><a class=\"wp-block-button__link wp-element-button\" href=\"https:\/\/www.enocean.com\/de\/about-us\/vision-mission\/\">Hier gehts weiter zu EnOcean&#8217;s Vision &amp; Mission<\/a><\/div>\n<\/div>\n<\/div><\/section>\n\n\n\n<section class=\"wp-block-uagb-section uagb-section__wrap uagb-section__background-undefined uagb-block-fa5e910d\"><div class=\"uagb-section__overlay\"><\/div><div class=\"uagb-section__inner-wrap\"><\/div><\/section>\n","protected":false},"excerpt":{"rendered":"","protected":false},"author":3,"featured_media":11280,"parent":12855,"menu_order":7,"comment_status":"closed","ping_status":"closed","template":"","meta":{"_acf_changed":false,"inline_featured_image":false,"_uag_custom_page_level_css":"","_kad_blocks_custom_css":"","_kad_blocks_head_custom_js":"","_kad_blocks_body_custom_js":"","_kad_blocks_footer_custom_js":"","footnotes":""},"class_list":["post-12812","page","type-page","status-publish","has-post-thumbnail","hentry"],"acf":[],"yoast_head":"<!-- This site is optimized with the Yoast SEO plugin v26.5 - https:\/\/yoast.com\/wordpress\/plugins\/seo\/ -->\n<title>\u00dcber EnOcean - EnOcean<\/title>\n<meta name=\"robots\" content=\"index, follow, max-snippet:-1, max-image-preview:large, max-video-preview:-1\" \/>\n<link rel=\"canonical\" href=\"https:\/\/www.enocean.com\/de\/about-us\/ueber-enocean\/\" \/>\n<meta property=\"og:locale\" content=\"de_DE\" \/>\n<meta property=\"og:type\" content=\"article\" \/>\n<meta property=\"og:title\" content=\"\u00dcber EnOcean - EnOcean\" \/>\n<meta property=\"og:url\" content=\"https:\/\/www.enocean.com\/de\/about-us\/ueber-enocean\/\" \/>\n<meta property=\"og:site_name\" content=\"EnOcean\" \/>\n<meta property=\"article:modified_time\" content=\"2024-04-04T19:32:33+00:00\" \/>\n<meta property=\"og:image\" content=\"https:\/\/www.enocean.com\/wp-content\/uploads\/Header\/enocean-about-us-header.jpg\" \/>\n<meta name=\"twitter:card\" content=\"summary_large_image\" \/>\n<meta name=\"twitter:label1\" content=\"Gesch\u00e4tzte Lesezeit\" \/>\n\t<meta name=\"twitter:data1\" content=\"4\u00a0Minuten\" \/>\n<script type=\"application\/ld+json\" class=\"yoast-schema-graph\">{\"@context\":\"https:\/\/schema.org\",\"@graph\":[{\"@type\":\"WebPage\",\"@id\":\"https:\/\/www.enocean.com\/de\/about-us\/ueber-enocean\/\",\"url\":\"https:\/\/www.enocean.com\/de\/about-us\/ueber-enocean\/\",\"name\":\"\u00dcber EnOcean - EnOcean\",\"isPartOf\":{\"@id\":\"https:\/\/www.enocean.com\/de\/#website\"},\"primaryImageOfPage\":{\"@id\":\"https:\/\/www.enocean.com\/de\/about-us\/ueber-enocean\/#primaryimage\"},\"image\":{\"@id\":\"https:\/\/www.enocean.com\/de\/about-us\/ueber-enocean\/#primaryimage\"},\"thumbnailUrl\":\"https:\/\/www.enocean.com\/wp-content\/uploads\/Header\/enocean-about-us-header.jpg\",\"datePublished\":\"2021-12-03T13:10:06+00:00\",\"dateModified\":\"2024-04-04T19:32:33+00:00\",\"breadcrumb\":{\"@id\":\"https:\/\/www.enocean.com\/de\/about-us\/ueber-enocean\/#breadcrumb\"},\"inLanguage\":\"de\",\"potentialAction\":[{\"@type\":\"ReadAction\",\"target\":[\"https:\/\/www.enocean.com\/de\/about-us\/ueber-enocean\/\"]}]},{\"@type\":\"ImageObject\",\"inLanguage\":\"de\",\"@id\":\"https:\/\/www.enocean.com\/de\/about-us\/ueber-enocean\/#primaryimage\",\"url\":\"https:\/\/www.enocean.com\/wp-content\/uploads\/Header\/enocean-about-us-header.jpg\",\"contentUrl\":\"https:\/\/www.enocean.com\/wp-content\/uploads\/Header\/enocean-about-us-header.jpg\",\"width\":1536,\"height\":550,\"caption\":\"EnOcean about us\"},{\"@type\":\"BreadcrumbList\",\"@id\":\"https:\/\/www.enocean.com\/de\/about-us\/ueber-enocean\/#breadcrumb\",\"itemListElement\":[{\"@type\":\"ListItem\",\"position\":1,\"name\":\"Startseite\",\"item\":\"https:\/\/www.enocean.com\/de\/\"},{\"@type\":\"ListItem\",\"position\":2,\"name\":\"\u00dcber EnOcean\",\"item\":\"https:\/\/www.enocean.com\/de\/about-us\/\"},{\"@type\":\"ListItem\",\"position\":3,\"name\":\"\u00dcber EnOcean\"}]},{\"@type\":\"WebSite\",\"@id\":\"https:\/\/www.enocean.com\/de\/#website\",\"url\":\"https:\/\/www.enocean.com\/de\/\",\"name\":\"EnOcean\",\"description\":\"EnOcean Relaunch\",\"publisher\":{\"@id\":\"https:\/\/www.enocean.com\/de\/#organization\"},\"potentialAction\":[{\"@type\":\"SearchAction\",\"target\":{\"@type\":\"EntryPoint\",\"urlTemplate\":\"https:\/\/www.enocean.com\/de\/?s={search_term_string}\"},\"query-input\":{\"@type\":\"PropertyValueSpecification\",\"valueRequired\":true,\"valueName\":\"search_term_string\"}}],\"inLanguage\":\"de\"},{\"@type\":\"Organization\",\"@id\":\"https:\/\/www.enocean.com\/de\/#organization\",\"name\":\"EnOcean\",\"url\":\"https:\/\/www.enocean.com\/de\/\",\"logo\":{\"@type\":\"ImageObject\",\"inLanguage\":\"de\",\"@id\":\"https:\/\/www.enocean.com\/de\/#\/schema\/logo\/image\/\",\"url\":\"https:\/\/www.enocean.com\/wp-content\/uploads\/Logos\/1-1.png\",\"contentUrl\":\"https:\/\/www.enocean.com\/wp-content\/uploads\/Logos\/1-1.png\",\"width\":500,\"height\":500,\"caption\":\"EnOcean\"},\"image\":{\"@id\":\"https:\/\/www.enocean.com\/de\/#\/schema\/logo\/image\/\"},\"sameAs\":[\"https:\/\/www.linkedin.com\/company\/enocean\/\"]}]}<\/script>\n<!-- \/ Yoast SEO plugin. -->","yoast_head_json":{"title":"\u00dcber EnOcean - EnOcean","robots":{"index":"index","follow":"follow","max-snippet":"max-snippet:-1","max-image-preview":"max-image-preview:large","max-video-preview":"max-video-preview:-1"},"canonical":"https:\/\/www.enocean.com\/de\/about-us\/ueber-enocean\/","og_locale":"de_DE","og_type":"article","og_title":"\u00dcber EnOcean - EnOcean","og_url":"https:\/\/www.enocean.com\/de\/about-us\/ueber-enocean\/","og_site_name":"EnOcean","article_modified_time":"2024-04-04T19:32:33+00:00","og_image":[{"url":"https:\/\/www.enocean.com\/wp-content\/uploads\/Header\/enocean-about-us-header.jpg","type":"","width":"","height":""}],"twitter_card":"summary_large_image","twitter_misc":{"Gesch\u00e4tzte Lesezeit":"4\u00a0Minuten"},"schema":{"@context":"https:\/\/schema.org","@graph":[{"@type":"WebPage","@id":"https:\/\/www.enocean.com\/de\/about-us\/ueber-enocean\/","url":"https:\/\/www.enocean.com\/de\/about-us\/ueber-enocean\/","name":"\u00dcber EnOcean - EnOcean","isPartOf":{"@id":"https:\/\/www.enocean.com\/de\/#website"},"primaryImageOfPage":{"@id":"https:\/\/www.enocean.com\/de\/about-us\/ueber-enocean\/#primaryimage"},"image":{"@id":"https:\/\/www.enocean.com\/de\/about-us\/ueber-enocean\/#primaryimage"},"thumbnailUrl":"https:\/\/www.enocean.com\/wp-content\/uploads\/Header\/enocean-about-us-header.jpg","datePublished":"2021-12-03T13:10:06+00:00","dateModified":"2024-04-04T19:32:33+00:00","breadcrumb":{"@id":"https:\/\/www.enocean.com\/de\/about-us\/ueber-enocean\/#breadcrumb"},"inLanguage":"de","potentialAction":[{"@type":"ReadAction","target":["https:\/\/www.enocean.com\/de\/about-us\/ueber-enocean\/"]}]},{"@type":"ImageObject","inLanguage":"de","@id":"https:\/\/www.enocean.com\/de\/about-us\/ueber-enocean\/#primaryimage","url":"https:\/\/www.enocean.com\/wp-content\/uploads\/Header\/enocean-about-us-header.jpg","contentUrl":"https:\/\/www.enocean.com\/wp-content\/uploads\/Header\/enocean-about-us-header.jpg","width":1536,"height":550,"caption":"EnOcean about us"},{"@type":"BreadcrumbList","@id":"https:\/\/www.enocean.com\/de\/about-us\/ueber-enocean\/#breadcrumb","itemListElement":[{"@type":"ListItem","position":1,"name":"Startseite","item":"https:\/\/www.enocean.com\/de\/"},{"@type":"ListItem","position":2,"name":"\u00dcber EnOcean","item":"https:\/\/www.enocean.com\/de\/about-us\/"},{"@type":"ListItem","position":3,"name":"\u00dcber EnOcean"}]},{"@type":"WebSite","@id":"https:\/\/www.enocean.com\/de\/#website","url":"https:\/\/www.enocean.com\/de\/","name":"EnOcean","description":"EnOcean Relaunch","publisher":{"@id":"https:\/\/www.enocean.com\/de\/#organization"},"potentialAction":[{"@type":"SearchAction","target":{"@type":"EntryPoint","urlTemplate":"https:\/\/www.enocean.com\/de\/?s={search_term_string}"},"query-input":{"@type":"PropertyValueSpecification","valueRequired":true,"valueName":"search_term_string"}}],"inLanguage":"de"},{"@type":"Organization","@id":"https:\/\/www.enocean.com\/de\/#organization","name":"EnOcean","url":"https:\/\/www.enocean.com\/de\/","logo":{"@type":"ImageObject","inLanguage":"de","@id":"https:\/\/www.enocean.com\/de\/#\/schema\/logo\/image\/","url":"https:\/\/www.enocean.com\/wp-content\/uploads\/Logos\/1-1.png","contentUrl":"https:\/\/www.enocean.com\/wp-content\/uploads\/Logos\/1-1.png","width":500,"height":500,"caption":"EnOcean"},"image":{"@id":"https:\/\/www.enocean.com\/de\/#\/schema\/logo\/image\/"},"sameAs":["https:\/\/www.linkedin.com\/company\/enocean\/"]}]}},"taxonomy_info":[],"featured_image_src_large":["https:\/\/www.enocean.com\/wp-content\/uploads\/Header\/enocean-about-us-header-1024x367.jpg",1024,367,true],"author_info":{"display_name":"Veronika Bliem","author_link":"https:\/\/www.enocean.com\/de\/author\/enocean_bliem\/"},"comment_info":0,"uagb_featured_image_src":{"full":["https:\/\/www.enocean.com\/wp-content\/uploads\/Header\/enocean-about-us-header.jpg",1536,550,false],"thumbnail":["https:\/\/www.enocean.com\/wp-content\/uploads\/Header\/enocean-about-us-header-150x54.jpg",150,54,true],"medium":["https:\/\/www.enocean.com\/wp-content\/uploads\/Header\/enocean-about-us-header-300x107.jpg",300,107,true],"medium_large":["https:\/\/www.enocean.com\/wp-content\/uploads\/Header\/enocean-about-us-header-768x275.jpg",768,275,true],"large":["https:\/\/www.enocean.com\/wp-content\/uploads\/Header\/enocean-about-us-header-1024x367.jpg",1024,367,true],"1536x1536":["https:\/\/www.enocean.com\/wp-content\/uploads\/Header\/enocean-about-us-header.jpg",1536,550,false],"2048x2048":["https:\/\/www.enocean.com\/wp-content\/uploads\/Header\/enocean-about-us-header.jpg",1536,550,false]},"uagb_author_info":{"display_name":"Veronika Bliem","author_link":"https:\/\/www.enocean.com\/de\/author\/enocean_bliem\/"},"uagb_comment_info":0,"uagb_excerpt":null,"_links":{"self":[{"href":"https:\/\/www.enocean.com\/de\/wp-json\/wp\/v2\/pages\/12812","targetHints":{"allow":["GET"]}}],"collection":[{"href":"https:\/\/www.enocean.com\/de\/wp-json\/wp\/v2\/pages"}],"about":[{"href":"https:\/\/www.enocean.com\/de\/wp-json\/wp\/v2\/types\/page"}],"author":[{"embeddable":true,"href":"https:\/\/www.enocean.com\/de\/wp-json\/wp\/v2\/users\/3"}],"replies":[{"embeddable":true,"href":"https:\/\/www.enocean.com\/de\/wp-json\/wp\/v2\/comments?post=12812"}],"version-history":[{"count":3,"href":"https:\/\/www.enocean.com\/de\/wp-json\/wp\/v2\/pages\/12812\/revisions"}],"predecessor-version":[{"id":22510,"href":"https:\/\/www.enocean.com\/de\/wp-json\/wp\/v2\/pages\/12812\/revisions\/22510"}],"up":[{"embeddable":true,"href":"https:\/\/www.enocean.com\/de\/wp-json\/wp\/v2\/pages\/12855"}],"wp:featuredmedia":[{"embeddable":true,"href":"https:\/\/www.enocean.com\/de\/wp-json\/wp\/v2\/media\/11280"}],"wp:attachment":[{"href":"https:\/\/www.enocean.com\/de\/wp-json\/wp\/v2\/media?parent=12812"}],"curies":[{"name":"wp","href":"https:\/\/api.w.org\/{rel}","templated":true}]}}