{"id":12890,"date":"2021-12-06T10:34:03","date_gmt":"2021-12-06T10:34:03","guid":{"rendered":"https:\/\/www.enocean.com\/support\/"},"modified":"2025-11-17T17:14:47","modified_gmt":"2025-11-17T16:14:47","slug":"support","status":"publish","type":"page","link":"https:\/\/www.enocean.com\/de\/support\/","title":{"rendered":"Support"},"content":{"rendered":"\n<figure class=\"wp-block-image size-full\"><img decoding=\"async\" width=\"2048\" height=\"613\" src=\"https:\/\/www.enocean.com\/wp-content\/uploads\/eo_WhitePaperheader_2048x613.jpg\" alt=\"\" class=\"wp-image-31094\" srcset=\"https:\/\/www.enocean.com\/wp-content\/uploads\/eo_WhitePaperheader_2048x613.jpg 2048w, https:\/\/www.enocean.com\/wp-content\/uploads\/eo_WhitePaperheader_2048x613-300x90.jpg 300w, https:\/\/www.enocean.com\/wp-content\/uploads\/eo_WhitePaperheader_2048x613-1024x307.jpg 1024w, https:\/\/www.enocean.com\/wp-content\/uploads\/eo_WhitePaperheader_2048x613-150x45.jpg 150w, https:\/\/www.enocean.com\/wp-content\/uploads\/eo_WhitePaperheader_2048x613-768x230.jpg 768w, https:\/\/www.enocean.com\/wp-content\/uploads\/eo_WhitePaperheader_2048x613-1536x460.jpg 1536w\" sizes=\"(max-width: 2048px) 100vw, 2048px\" \/><\/figure>\n\n\n\n<section class=\"wp-block-uagb-section uagb-section__wrap uagb-section__background-none uagb-block-e76cfbbc\"><div class=\"uagb-section__overlay\"><\/div><div class=\"uagb-section__inner-wrap\">\n<div style=\"height:20px\" aria-hidden=\"true\" class=\"wp-block-spacer\"><\/div>\n\n\n\n<h1 class=\"wp-block-heading\">Support<\/h1>\n\n\n\n<div style=\"height:20px\" aria-hidden=\"true\" class=\"wp-block-spacer\"><\/div>\n\n\n\n<p>Bei EnOcean sind wir f\u00fcr Sie da, um Ihnen zu helfen, das Beste aus unserer energieautarken Funktechnologie herauszuholen. Egal, ob Sie eine neue L\u00f6sung entwerfen, unsere Module integrieren oder Probleme beheben \u2013 hier finden Sie alles, was Sie brauchen. Wenn Sie weitere Unterst\u00fctzung ben\u00f6tigen, <a href=\"https:\/\/www.enocean.com\/de\/about-us\/kontakt\/\">kontaktieren Sie uns <\/a>\u2013 unser Team hilft Ihnen gerne weiter.<\/p>\n\n\n\n<div style=\"height:20px\" aria-hidden=\"true\" class=\"wp-block-spacer\"><\/div>\n\n\n\n<div class=\"wp-block-getwid-content-timeline\" data-animation=\"none\" data-filling=\"true\"><div class=\"wp-block-getwid-content-timeline__line\"><div class=\"wp-block-getwid-content-timeline__bar\"><\/div><\/div><div class=\"wp-block-getwid-content-timeline__wrapper\">\n<div class=\"wp-block-getwid-content-timeline-item\"><div class=\"wp-block-getwid-content-timeline-item__wrapper\"><div class=\"wp-block-getwid-content-timeline-item__card\"><div class=\"wp-block-getwid-content-timeline-item__card-wrapper\"><div class=\"wp-block-getwid-content-timeline-item__content-wrapper\">\n<h3 class=\"wp-block-heading\"><strong><strong>Qualit\u00e4t und Zuverl\u00e4ssigkeit<\/strong><\/strong><\/h3>\n\n\n\n<p>Erfahren Sie mehr \u00fcber EnOceans Engagement f\u00fcr Produktqualit\u00e4t, Pr\u00fcfstandards und bew\u00e4hrte Zuverl\u00e4ssigkeit, die eine langanhaltende Leistung im Einsatz gew\u00e4hrleisten.<\/p>\n\n\n\n<div class=\"wp-block-buttons is-layout-flex wp-block-buttons-is-layout-flex\">\n<div class=\"wp-block-button is-style-cta-button-pfeil\"><a class=\"wp-block-button__link wp-element-button\" href=\"https:\/\/www.enocean.com\/de\/support\/qualitaet-und-zuverlaessigkeit\/\" target=\"_blank\" rel=\"noreferrer noopener\" aria-label=\"opens a new tab\">Zur Seite<\/a><\/div>\n<\/div>\n<\/div><\/div><\/div><div class=\"wp-block-getwid-content-timeline-item__point\"><div class=\"wp-block-getwid-content-timeline-item__point-content\"><\/div><\/div><div class=\"wp-block-getwid-content-timeline-item__meta\"><\/div><\/div><\/div>\n\n\n\n<div class=\"wp-block-getwid-content-timeline-item\"><div class=\"wp-block-getwid-content-timeline-item__wrapper\"><div class=\"wp-block-getwid-content-timeline-item__card\"><div class=\"wp-block-getwid-content-timeline-item__card-wrapper\"><div class=\"wp-block-getwid-content-timeline-item__content-wrapper\">\n<h3 class=\"wp-block-heading\">Application Notes<\/h3>\n\n\n\n<p>Greifen Sie auf detaillierte technische Dokumente zu, die erkl\u00e4ren, wie EnOcean-basierte Systeme f\u00fcr verschiedene Anwendungen entworfen, konfiguriert und implementiert werden.<\/p>\n\n\n\n<div class=\"wp-block-buttons is-layout-flex wp-block-buttons-is-layout-flex\">\n<div class=\"wp-block-button is-style-cta-button-pfeil\"><a class=\"wp-block-button__link wp-element-button\" href=\"https:\/\/www.enocean.com\/de\/support\/application-notes\/\" target=\"_blank\" rel=\"noreferrer noopener\" aria-label=\"opens a new tab\">Zur Seite<\/a><\/div>\n<\/div>\n<\/div><\/div><\/div><div class=\"wp-block-getwid-content-timeline-item__point\"><div class=\"wp-block-getwid-content-timeline-item__point-content\"><\/div><\/div><div class=\"wp-block-getwid-content-timeline-item__meta\"><\/div><\/div><\/div>\n\n\n\n<div class=\"wp-block-getwid-content-timeline-item\"><div class=\"wp-block-getwid-content-timeline-item__wrapper\"><div class=\"wp-block-getwid-content-timeline-item__card\"><div class=\"wp-block-getwid-content-timeline-item__card-wrapper\"><div class=\"wp-block-getwid-content-timeline-item__content-wrapper\">\n<h3 class=\"wp-block-heading\"><strong>FAQ &amp; Wissensdatenbank<\/strong><\/h3>\n\n\n\n<p>Finden Sie Antworten auf h\u00e4ufig gestellte Fragen, erhalten Sie Tipps zur Fehlerbehebung und entdecken Sie tiefgreifende technische Einblicke zur Unterst\u00fctzung Ihrer Projekte.<\/p>\n\n\n\n<div class=\"wp-block-buttons is-layout-flex wp-block-buttons-is-layout-flex\">\n<div class=\"wp-block-button is-style-cta-button-pfeil\"><a class=\"wp-block-button__link wp-element-button\" href=\"https:\/\/www.enocean.com\/de\/support\/knowledge-base\/\" target=\"_blank\" rel=\"noreferrer noopener\" aria-label=\"opens a new tab\">Zur Seite<\/a><\/div>\n<\/div>\n<\/div><\/div><\/div><div class=\"wp-block-getwid-content-timeline-item__point\"><div class=\"wp-block-getwid-content-timeline-item__point-content\"><\/div><\/div><div class=\"wp-block-getwid-content-timeline-item__meta\"><\/div><\/div><\/div>\n\n\n\n<div class=\"wp-block-getwid-content-timeline-item\"><div class=\"wp-block-getwid-content-timeline-item__wrapper\"><div class=\"wp-block-getwid-content-timeline-item__card\"><div class=\"wp-block-getwid-content-timeline-item__card-wrapper\"><div class=\"wp-block-getwid-content-timeline-item__content-wrapper\">\n<h3 class=\"wp-block-heading\"><strong>Software-Tools &amp; Kits<\/strong><\/h3>\n\n\n\n<p>Entdecken Sie EnOceans Entwicklungstools, Softwarepakete und Starterkits, die Ihnen helfen, unsere Technologie einfach zu testen, zu evaluieren und zu integrieren.<\/p>\n\n\n\n<div class=\"wp-block-buttons is-layout-flex wp-block-buttons-is-layout-flex\">\n<div class=\"wp-block-button is-style-cta-button-pfeil\"><a class=\"wp-block-button__link wp-element-button\" href=\"https:\/\/www.enocean.com\/de\/support\/software-tools-kits\/\" target=\"_blank\" rel=\"noreferrer noopener\" aria-label=\"opens a new tab\">Zur Seite<\/a><\/div>\n<\/div>\n<\/div><\/div><\/div><div class=\"wp-block-getwid-content-timeline-item__point\"><div class=\"wp-block-getwid-content-timeline-item__point-content\"><\/div><\/div><div class=\"wp-block-getwid-content-timeline-item__meta\"><\/div><\/div><\/div>\n<\/div><\/div>\n\n\n\n<div style=\"height:20px\" aria-hidden=\"true\" class=\"wp-block-spacer\"><\/div>\n\n\n\n<p><\/p>\n<\/div><\/section>\n","protected":false},"excerpt":{"rendered":"","protected":false},"author":2,"featured_media":0,"parent":0,"menu_order":17,"comment_status":"closed","ping_status":"closed","template":"","meta":{"_acf_changed":false,"inline_featured_image":false,"_uag_custom_page_level_css":"","_kad_blocks_custom_css":"","_kad_blocks_head_custom_js":"","_kad_blocks_body_custom_js":"","_kad_blocks_footer_custom_js":"","footnotes":""},"class_list":["post-12890","page","type-page","status-publish","hentry"],"acf":[],"yoast_head":"<!-- This site is optimized with the Yoast SEO plugin v26.5 - https:\/\/yoast.com\/wordpress\/plugins\/seo\/ -->\n<title>Support - EnOcean<\/title>\n<meta name=\"description\" content=\"Unterst\u00fctzung f\u00fcr EnOceans energieerntende Funktechnologie \u2013 von der Entwicklung bis zur Fehlerbehebung.\" \/>\n<meta name=\"robots\" content=\"index, follow, max-snippet:-1, max-image-preview:large, max-video-preview:-1\" \/>\n<link rel=\"canonical\" href=\"https:\/\/www.enocean.com\/de\/support\/\" \/>\n<meta property=\"og:locale\" content=\"de_DE\" \/>\n<meta property=\"og:type\" content=\"article\" \/>\n<meta property=\"og:title\" content=\"Support - EnOcean\" \/>\n<meta property=\"og:description\" content=\"Unterst\u00fctzung f\u00fcr EnOceans energieerntende Funktechnologie \u2013 von der Entwicklung bis zur Fehlerbehebung.\" \/>\n<meta property=\"og:url\" content=\"https:\/\/www.enocean.com\/de\/support\/\" \/>\n<meta property=\"og:site_name\" content=\"EnOcean\" \/>\n<meta property=\"article:modified_time\" content=\"2025-11-17T16:14:47+00:00\" \/>\n<meta property=\"og:image\" content=\"https:\/\/www.enocean.com\/wp-content\/uploads\/eo_WhitePaperheader_2048x613.jpg\" \/>\n\t<meta property=\"og:image:width\" content=\"2048\" \/>\n\t<meta property=\"og:image:height\" content=\"613\" \/>\n\t<meta property=\"og:image:type\" content=\"image\/jpeg\" \/>\n<meta name=\"twitter:card\" content=\"summary_large_image\" \/>\n<meta name=\"twitter:label1\" content=\"Gesch\u00e4tzte Lesezeit\" \/>\n\t<meta name=\"twitter:data1\" content=\"1\u00a0Minute\" \/>\n<script type=\"application\/ld+json\" class=\"yoast-schema-graph\">{\"@context\":\"https:\/\/schema.org\",\"@graph\":[{\"@type\":\"WebPage\",\"@id\":\"https:\/\/www.enocean.com\/de\/support\/\",\"url\":\"https:\/\/www.enocean.com\/de\/support\/\",\"name\":\"Support - EnOcean\",\"isPartOf\":{\"@id\":\"https:\/\/www.enocean.com\/de\/#website\"},\"primaryImageOfPage\":{\"@id\":\"https:\/\/www.enocean.com\/de\/support\/#primaryimage\"},\"image\":{\"@id\":\"https:\/\/www.enocean.com\/de\/support\/#primaryimage\"},\"thumbnailUrl\":\"https:\/\/www.enocean.com\/wp-content\/uploads\/eo_WhitePaperheader_2048x613.jpg\",\"datePublished\":\"2021-12-06T10:34:03+00:00\",\"dateModified\":\"2025-11-17T16:14:47+00:00\",\"description\":\"Unterst\u00fctzung f\u00fcr EnOceans energieerntende Funktechnologie \u2013 von der Entwicklung bis zur Fehlerbehebung.\",\"breadcrumb\":{\"@id\":\"https:\/\/www.enocean.com\/de\/support\/#breadcrumb\"},\"inLanguage\":\"de\",\"potentialAction\":[{\"@type\":\"ReadAction\",\"target\":[\"https:\/\/www.enocean.com\/de\/support\/\"]}]},{\"@type\":\"ImageObject\",\"inLanguage\":\"de\",\"@id\":\"https:\/\/www.enocean.com\/de\/support\/#primaryimage\",\"url\":\"https:\/\/www.enocean.com\/wp-content\/uploads\/eo_WhitePaperheader_2048x613.jpg\",\"contentUrl\":\"https:\/\/www.enocean.com\/wp-content\/uploads\/eo_WhitePaperheader_2048x613.jpg\"},{\"@type\":\"BreadcrumbList\",\"@id\":\"https:\/\/www.enocean.com\/de\/support\/#breadcrumb\",\"itemListElement\":[{\"@type\":\"ListItem\",\"position\":1,\"name\":\"Startseite\",\"item\":\"https:\/\/www.enocean.com\/de\/\"},{\"@type\":\"ListItem\",\"position\":2,\"name\":\"Support\"}]},{\"@type\":\"WebSite\",\"@id\":\"https:\/\/www.enocean.com\/de\/#website\",\"url\":\"https:\/\/www.enocean.com\/de\/\",\"name\":\"EnOcean\",\"description\":\"EnOcean Relaunch\",\"publisher\":{\"@id\":\"https:\/\/www.enocean.com\/de\/#organization\"},\"potentialAction\":[{\"@type\":\"SearchAction\",\"target\":{\"@type\":\"EntryPoint\",\"urlTemplate\":\"https:\/\/www.enocean.com\/de\/?s={search_term_string}\"},\"query-input\":{\"@type\":\"PropertyValueSpecification\",\"valueRequired\":true,\"valueName\":\"search_term_string\"}}],\"inLanguage\":\"de\"},{\"@type\":\"Organization\",\"@id\":\"https:\/\/www.enocean.com\/de\/#organization\",\"name\":\"EnOcean\",\"url\":\"https:\/\/www.enocean.com\/de\/\",\"logo\":{\"@type\":\"ImageObject\",\"inLanguage\":\"de\",\"@id\":\"https:\/\/www.enocean.com\/de\/#\/schema\/logo\/image\/\",\"url\":\"https:\/\/www.enocean.com\/wp-content\/uploads\/Logos\/1-1.png\",\"contentUrl\":\"https:\/\/www.enocean.com\/wp-content\/uploads\/Logos\/1-1.png\",\"width\":500,\"height\":500,\"caption\":\"EnOcean\"},\"image\":{\"@id\":\"https:\/\/www.enocean.com\/de\/#\/schema\/logo\/image\/\"},\"sameAs\":[\"https:\/\/www.linkedin.com\/company\/enocean\/\"]}]}<\/script>\n<!-- \/ Yoast SEO plugin. -->","yoast_head_json":{"title":"Support - EnOcean","description":"Unterst\u00fctzung f\u00fcr EnOceans energieerntende Funktechnologie \u2013 von der Entwicklung bis zur Fehlerbehebung.","robots":{"index":"index","follow":"follow","max-snippet":"max-snippet:-1","max-image-preview":"max-image-preview:large","max-video-preview":"max-video-preview:-1"},"canonical":"https:\/\/www.enocean.com\/de\/support\/","og_locale":"de_DE","og_type":"article","og_title":"Support - EnOcean","og_description":"Unterst\u00fctzung f\u00fcr EnOceans energieerntende Funktechnologie \u2013 von der Entwicklung bis zur Fehlerbehebung.","og_url":"https:\/\/www.enocean.com\/de\/support\/","og_site_name":"EnOcean","article_modified_time":"2025-11-17T16:14:47+00:00","og_image":[{"width":2048,"height":613,"url":"https:\/\/www.enocean.com\/wp-content\/uploads\/eo_WhitePaperheader_2048x613.jpg","type":"image\/jpeg"}],"twitter_card":"summary_large_image","twitter_misc":{"Gesch\u00e4tzte Lesezeit":"1\u00a0Minute"},"schema":{"@context":"https:\/\/schema.org","@graph":[{"@type":"WebPage","@id":"https:\/\/www.enocean.com\/de\/support\/","url":"https:\/\/www.enocean.com\/de\/support\/","name":"Support - EnOcean","isPartOf":{"@id":"https:\/\/www.enocean.com\/de\/#website"},"primaryImageOfPage":{"@id":"https:\/\/www.enocean.com\/de\/support\/#primaryimage"},"image":{"@id":"https:\/\/www.enocean.com\/de\/support\/#primaryimage"},"thumbnailUrl":"https:\/\/www.enocean.com\/wp-content\/uploads\/eo_WhitePaperheader_2048x613.jpg","datePublished":"2021-12-06T10:34:03+00:00","dateModified":"2025-11-17T16:14:47+00:00","description":"Unterst\u00fctzung f\u00fcr EnOceans energieerntende Funktechnologie \u2013 von der Entwicklung bis zur Fehlerbehebung.","breadcrumb":{"@id":"https:\/\/www.enocean.com\/de\/support\/#breadcrumb"},"inLanguage":"de","potentialAction":[{"@type":"ReadAction","target":["https:\/\/www.enocean.com\/de\/support\/"]}]},{"@type":"ImageObject","inLanguage":"de","@id":"https:\/\/www.enocean.com\/de\/support\/#primaryimage","url":"https:\/\/www.enocean.com\/wp-content\/uploads\/eo_WhitePaperheader_2048x613.jpg","contentUrl":"https:\/\/www.enocean.com\/wp-content\/uploads\/eo_WhitePaperheader_2048x613.jpg"},{"@type":"BreadcrumbList","@id":"https:\/\/www.enocean.com\/de\/support\/#breadcrumb","itemListElement":[{"@type":"ListItem","position":1,"name":"Startseite","item":"https:\/\/www.enocean.com\/de\/"},{"@type":"ListItem","position":2,"name":"Support"}]},{"@type":"WebSite","@id":"https:\/\/www.enocean.com\/de\/#website","url":"https:\/\/www.enocean.com\/de\/","name":"EnOcean","description":"EnOcean Relaunch","publisher":{"@id":"https:\/\/www.enocean.com\/de\/#organization"},"potentialAction":[{"@type":"SearchAction","target":{"@type":"EntryPoint","urlTemplate":"https:\/\/www.enocean.com\/de\/?s={search_term_string}"},"query-input":{"@type":"PropertyValueSpecification","valueRequired":true,"valueName":"search_term_string"}}],"inLanguage":"de"},{"@type":"Organization","@id":"https:\/\/www.enocean.com\/de\/#organization","name":"EnOcean","url":"https:\/\/www.enocean.com\/de\/","logo":{"@type":"ImageObject","inLanguage":"de","@id":"https:\/\/www.enocean.com\/de\/#\/schema\/logo\/image\/","url":"https:\/\/www.enocean.com\/wp-content\/uploads\/Logos\/1-1.png","contentUrl":"https:\/\/www.enocean.com\/wp-content\/uploads\/Logos\/1-1.png","width":500,"height":500,"caption":"EnOcean"},"image":{"@id":"https:\/\/www.enocean.com\/de\/#\/schema\/logo\/image\/"},"sameAs":["https:\/\/www.linkedin.com\/company\/enocean\/"]}]}},"taxonomy_info":[],"featured_image_src_large":false,"author_info":{"display_name":"Martin Ische","author_link":"https:\/\/www.enocean.com\/de\/author\/aundiu_ische\/"},"comment_info":0,"uagb_featured_image_src":{"full":false,"thumbnail":false,"medium":false,"medium_large":false,"large":false,"1536x1536":false,"2048x2048":false},"uagb_author_info":{"display_name":"Martin Ische","author_link":"https:\/\/www.enocean.com\/de\/author\/aundiu_ische\/"},"uagb_comment_info":0,"uagb_excerpt":null,"_links":{"self":[{"href":"https:\/\/www.enocean.com\/de\/wp-json\/wp\/v2\/pages\/12890","targetHints":{"allow":["GET"]}}],"collection":[{"href":"https:\/\/www.enocean.com\/de\/wp-json\/wp\/v2\/pages"}],"about":[{"href":"https:\/\/www.enocean.com\/de\/wp-json\/wp\/v2\/types\/page"}],"author":[{"embeddable":true,"href":"https:\/\/www.enocean.com\/de\/wp-json\/wp\/v2\/users\/2"}],"replies":[{"embeddable":true,"href":"https:\/\/www.enocean.com\/de\/wp-json\/wp\/v2\/comments?post=12890"}],"version-history":[{"count":1,"href":"https:\/\/www.enocean.com\/de\/wp-json\/wp\/v2\/pages\/12890\/revisions"}],"predecessor-version":[{"id":31106,"href":"https:\/\/www.enocean.com\/de\/wp-json\/wp\/v2\/pages\/12890\/revisions\/31106"}],"wp:attachment":[{"href":"https:\/\/www.enocean.com\/de\/wp-json\/wp\/v2\/media?parent=12890"}],"curies":[{"name":"wp","href":"https:\/\/api.w.org\/{rel}","templated":true}]}}