{"id":12893,"date":"2021-12-06T10:34:54","date_gmt":"2021-12-06T10:34:54","guid":{"rendered":"https:\/\/www.enocean.com\/anwendungen\/"},"modified":"2025-06-03T14:08:28","modified_gmt":"2025-06-03T12:08:28","slug":"anwendungen","status":"publish","type":"page","link":"https:\/\/www.enocean.com\/de\/anwendungen\/","title":{"rendered":"Anwendungen"},"content":{"rendered":"\n<figure class=\"wp-block-image size-full\"><img decoding=\"async\" width=\"2048\" height=\"613\" src=\"https:\/\/www.enocean.com\/wp-content\/uploads\/Header\/eo_knowledge_base_2048x613.jpg\" alt=\"EnOcean Knowledge Base\" class=\"wp-image-27194\" srcset=\"https:\/\/www.enocean.com\/wp-content\/uploads\/Header\/eo_knowledge_base_2048x613.jpg 2048w, https:\/\/www.enocean.com\/wp-content\/uploads\/Header\/eo_knowledge_base_2048x613-300x90.jpg 300w, https:\/\/www.enocean.com\/wp-content\/uploads\/Header\/eo_knowledge_base_2048x613-1024x307.jpg 1024w, https:\/\/www.enocean.com\/wp-content\/uploads\/Header\/eo_knowledge_base_2048x613-150x45.jpg 150w, https:\/\/www.enocean.com\/wp-content\/uploads\/Header\/eo_knowledge_base_2048x613-768x230.jpg 768w, https:\/\/www.enocean.com\/wp-content\/uploads\/Header\/eo_knowledge_base_2048x613-1536x460.jpg 1536w\" sizes=\"(max-width: 2048px) 100vw, 2048px\" \/><\/figure>\n\n\n\n<section class=\"wp-block-uagb-section uagb-section__wrap uagb-section__background-none uagb-block-e6b9b743\"><div class=\"uagb-section__overlay\"><\/div><div class=\"uagb-section__inner-wrap\">\n<h2 class=\"wp-block-heading\">Zentrale M\u00e4rkte, die wir st\u00e4rken<\/h2>\n\n\n\n<p>EnOcean technology is redefining what\u2019s possible in some of today\u2019s most dynamic and demanding sectors. With our battery-free, wireless solutions, we help create intelligent environments that are efficient, flexible, and sustainable \u2014 while offering real-time insiDie EnOcean-Technologie definiert die M\u00f6glichkeiten in einigen der dynamischsten und anspruchsvollsten Branchen von heute neu. Mit unseren batterielosen, kabellosen L\u00f6sungen schaffen wir intelligente Umgebungen, die effizient, flexibel und nachhaltig sind \u2013 und gleichzeitig Echtzeiteinblicke bieten, die Komfort, Sicherheit und Leistung verbessern.<\/p>\n\n\n\n<p>Von der Optimierung der Innenraumluftqualit\u00e4t in Schulen und B\u00fcros \u00fcber die Erm\u00f6glichung vorausschauender Wartung in Krankenh\u00e4usern, die Verfolgung von hochwertigen G\u00fctern in der Logistik bis hin zur Verbesserung von Transparenz und Sicherheit in der Luftfahrt \u2013 unsere L\u00f6sungen liefern messbaren Mehrwert \u00fcberall dort, wo Zuverl\u00e4ssigkeit und Daten von gr\u00f6\u00dfter Bedeutung sind.<\/p>\n\n\n\n<p>Entdecken Sie, wie EnOcean Innovationen in diesen Schl\u00fcsselbranchen unterst\u00fctzt:<\/p>\n<\/div><\/section>\n\n\n\n<section class=\"wp-block-uagb-section uagb-section__wrap uagb-section__background-none uagb-block-1e45d382\"><div class=\"uagb-section__overlay\"><\/div><div class=\"uagb-section__inner-wrap\">\n<div class=\"wp-block-columns is-layout-flex wp-container-core-columns-is-layout-9d6595d7 wp-block-columns-is-layout-flex\">\n<div class=\"wp-block-column is-layout-flow wp-block-column-is-layout-flow\">\n<figure class=\"wp-block-image size-large\"><img decoding=\"async\" width=\"1024\" height=\"307\" src=\"https:\/\/www.enocean.com\/wp-content\/uploads\/Verticals\/5-1-1024x307.png\" alt=\"EnOcean technology improves learning spaces\" class=\"wp-image-28716\" style=\"aspect-ratio:16\/9;object-fit:cover\" srcset=\"https:\/\/www.enocean.com\/wp-content\/uploads\/Verticals\/5-1-1024x307.png 1024w, https:\/\/www.enocean.com\/wp-content\/uploads\/Verticals\/5-1-300x90.png 300w, https:\/\/www.enocean.com\/wp-content\/uploads\/Verticals\/5-1-150x45.png 150w, https:\/\/www.enocean.com\/wp-content\/uploads\/Verticals\/5-1-768x230.png 768w, https:\/\/www.enocean.com\/wp-content\/uploads\/Verticals\/5-1-1536x460.png 1536w, https:\/\/www.enocean.com\/wp-content\/uploads\/Verticals\/5-1-2048x613.png 2048w\" sizes=\"(max-width: 1024px) 100vw, 1024px\" \/><\/figure>\n\n\n\n<div style=\"height:20px\" aria-hidden=\"true\" class=\"wp-block-spacer\"><\/div>\n\n\n\n<p class=\"has-text-align-center\">Erhalten Sie sofortige Einblicke in die Bedingungen auf dem Campus, um den Komfort f\u00fcr Sch\u00fcler und Mitarbeiter zu verbessern, ein gesundes Lernumfeld zu f\u00f6rdern und die Betriebskosten zu senken.<\/p>\n\n\n\n<div style=\"height:20px\" aria-hidden=\"true\" class=\"wp-block-spacer\"><\/div>\n\n\n\n<div class=\"wp-block-buttons is-content-justification-center is-layout-flex wp-container-core-buttons-is-layout-16018d1d wp-block-buttons-is-layout-flex\">\n<div class=\"wp-block-button\"><a class=\"wp-block-button__link has-white-color has-blue-background-color has-text-color has-background has-link-color wp-element-button\" href=\"https:\/\/www.enocean.com\/de\/anwendungen\/intelligente-bildung\/\" style=\"border-radius:12px\">Smart Education<\/a><\/div>\n<\/div>\n<\/div>\n\n\n\n<div class=\"wp-block-column is-layout-flow wp-block-column-is-layout-flow\">\n<figure class=\"wp-block-image size-large\"><img decoding=\"async\" width=\"1024\" height=\"576\" src=\"https:\/\/www.enocean.com\/wp-content\/uploads\/Offices-behind-corporate-building-windows-ceiling-to-floor-glass-facade-in-steel-frame-1406896945_8192x5464-edited-1-1024x576.jpeg\" alt=\"\" class=\"wp-image-28433\" style=\"aspect-ratio:16\/9;object-fit:cover\" srcset=\"https:\/\/www.enocean.com\/wp-content\/uploads\/Offices-behind-corporate-building-windows-ceiling-to-floor-glass-facade-in-steel-frame-1406896945_8192x5464-edited-1-1024x576.jpeg 1024w, https:\/\/www.enocean.com\/wp-content\/uploads\/Offices-behind-corporate-building-windows-ceiling-to-floor-glass-facade-in-steel-frame-1406896945_8192x5464-edited-1-300x169.jpeg 300w, https:\/\/www.enocean.com\/wp-content\/uploads\/Offices-behind-corporate-building-windows-ceiling-to-floor-glass-facade-in-steel-frame-1406896945_8192x5464-edited-1-150x84.jpeg 150w, https:\/\/www.enocean.com\/wp-content\/uploads\/Offices-behind-corporate-building-windows-ceiling-to-floor-glass-facade-in-steel-frame-1406896945_8192x5464-edited-1-768x432.jpeg 768w, https:\/\/www.enocean.com\/wp-content\/uploads\/Offices-behind-corporate-building-windows-ceiling-to-floor-glass-facade-in-steel-frame-1406896945_8192x5464-edited-1-1536x864.jpeg 1536w\" sizes=\"(max-width: 1024px) 100vw, 1024px\" \/><\/figure>\n\n\n\n<div style=\"height:20px\" aria-hidden=\"true\" class=\"wp-block-spacer\"><\/div>\n\n\n\n<p class=\"has-text-align-center\">\u00dcberwachen Sie Ihren Arbeitsplatz in Echtzeit, um den Energieverbrauch zu optimieren, die Raumnutzung zu verbessern und ein ges\u00fcnderes, produktiveres B\u00fcro zu schaffen.<\/p>\n\n\n\n<div style=\"height:20px\" aria-hidden=\"true\" class=\"wp-block-spacer\"><\/div>\n\n\n\n<div class=\"wp-block-buttons is-content-justification-center is-layout-flex wp-container-core-buttons-is-layout-16018d1d wp-block-buttons-is-layout-flex\">\n<div class=\"wp-block-button\"><a class=\"wp-block-button__link has-white-color has-blue-background-color has-text-color has-background has-link-color wp-element-button\" href=\"https:\/\/www.enocean.com\/de\/anwendungen\/smartes-buro\/\" style=\"border-radius:12px\">Smart Office<\/a><\/div>\n<\/div>\n<\/div>\n<\/div>\n<\/div><\/section>\n\n\n\n<section class=\"wp-block-uagb-section uagb-section__wrap uagb-section__background-none uagb-block-61df2686\"><div class=\"uagb-section__overlay\"><\/div><div class=\"uagb-section__inner-wrap\">\n<div class=\"wp-block-columns is-layout-flex wp-container-core-columns-is-layout-9d6595d7 wp-block-columns-is-layout-flex\">\n<div class=\"wp-block-column is-layout-flow wp-block-column-is-layout-flow\">\n<figure class=\"wp-block-image size-large\"><img decoding=\"async\" width=\"1024\" height=\"691\" src=\"https:\/\/www.enocean.com\/wp-content\/uploads\/Verticals\/Empty-intensive-care-1360534492_8579x5792-1024x691.jpeg\" alt=\"\" class=\"wp-image-28379\" style=\"aspect-ratio:16\/9;object-fit:cover\" srcset=\"https:\/\/www.enocean.com\/wp-content\/uploads\/Verticals\/Empty-intensive-care-1360534492_8579x5792-1024x691.jpeg 1024w, https:\/\/www.enocean.com\/wp-content\/uploads\/Verticals\/Empty-intensive-care-1360534492_8579x5792-300x203.jpeg 300w, https:\/\/www.enocean.com\/wp-content\/uploads\/Verticals\/Empty-intensive-care-1360534492_8579x5792-150x101.jpeg 150w, https:\/\/www.enocean.com\/wp-content\/uploads\/Verticals\/Empty-intensive-care-1360534492_8579x5792-768x519.jpeg 768w, https:\/\/www.enocean.com\/wp-content\/uploads\/Verticals\/Empty-intensive-care-1360534492_8579x5792-1536x1037.jpeg 1536w, https:\/\/www.enocean.com\/wp-content\/uploads\/Verticals\/Empty-intensive-care-1360534492_8579x5792-2048x1383.jpeg 2048w\" sizes=\"(max-width: 1024px) 100vw, 1024px\" \/><\/figure>\n\n\n\n<div style=\"height:20px\" aria-hidden=\"true\" class=\"wp-block-spacer\"><\/div>\n\n\n\n<p class=\"has-text-align-center\">Bieten Sie gezielte Unterst\u00fctzung zum richtigen Zeitpunkt, um die Patientenversorgung zu verbessern und die betriebliche Reaktionsf\u00e4higkeit zu erh\u00f6hen.<\/p>\n\n\n\n<div style=\"height:20px\" aria-hidden=\"true\" class=\"wp-block-spacer\"><\/div>\n\n\n\n<div class=\"wp-block-buttons is-content-justification-center is-layout-flex wp-container-core-buttons-is-layout-16018d1d wp-block-buttons-is-layout-flex\">\n<div class=\"wp-block-button\"><a class=\"wp-block-button__link has-white-color has-blue-background-color has-text-color has-background has-link-color wp-element-button\" href=\"https:\/\/www.enocean.com\/de\/anwendungen\/gesundheitswesen\/\" style=\"border-radius:12px\">Healthcare<\/a><\/div>\n<\/div>\n<\/div>\n\n\n\n<div class=\"wp-block-column is-layout-flow wp-block-column-is-layout-flow\">\n<figure class=\"wp-block-image size-large\"><img decoding=\"async\" width=\"1024\" height=\"576\" src=\"https:\/\/www.enocean.com\/wp-content\/uploads\/Forklift-truck-in-warehouse-or-storage-and-shelves-with-cardboard-boxes.-1125121546_7200x4800-edited-1024x576.jpeg\" alt=\"Forklift truck in warehouse or storage and shelves with cardboard boxes.\" class=\"wp-image-28423\" style=\"aspect-ratio:16\/9;object-fit:cover\" srcset=\"https:\/\/www.enocean.com\/wp-content\/uploads\/Forklift-truck-in-warehouse-or-storage-and-shelves-with-cardboard-boxes.-1125121546_7200x4800-edited-1024x576.jpeg 1024w, https:\/\/www.enocean.com\/wp-content\/uploads\/Forklift-truck-in-warehouse-or-storage-and-shelves-with-cardboard-boxes.-1125121546_7200x4800-edited-300x169.jpeg 300w, https:\/\/www.enocean.com\/wp-content\/uploads\/Forklift-truck-in-warehouse-or-storage-and-shelves-with-cardboard-boxes.-1125121546_7200x4800-edited-150x84.jpeg 150w, https:\/\/www.enocean.com\/wp-content\/uploads\/Forklift-truck-in-warehouse-or-storage-and-shelves-with-cardboard-boxes.-1125121546_7200x4800-edited-768x432.jpeg 768w, https:\/\/www.enocean.com\/wp-content\/uploads\/Forklift-truck-in-warehouse-or-storage-and-shelves-with-cardboard-boxes.-1125121546_7200x4800-edited-1536x864.jpeg 1536w, https:\/\/www.enocean.com\/wp-content\/uploads\/Forklift-truck-in-warehouse-or-storage-and-shelves-with-cardboard-boxes.-1125121546_7200x4800-edited-2048x1151.jpeg 2048w\" sizes=\"(max-width: 1024px) 100vw, 1024px\" \/><\/figure>\n\n\n\n<div style=\"height:20px\" aria-hidden=\"true\" class=\"wp-block-spacer\"><\/div>\n\n\n\n<p class=\"has-text-align-center\">Nutzen Sie die Echtzeit-Sichtbarkeit von Verm\u00f6genswerten, um Arbeitsabl\u00e4ufe zu optimieren, Kosten zu minimieren und die Umweltbelastung zu verringern.<\/p>\n\n\n\n<div style=\"height:20px\" aria-hidden=\"true\" class=\"wp-block-spacer\"><\/div>\n\n\n\n<div class=\"wp-block-buttons is-content-justification-center is-layout-flex wp-container-core-buttons-is-layout-16018d1d wp-block-buttons-is-layout-flex\">\n<div class=\"wp-block-button\"><a class=\"wp-block-button__link has-white-color has-blue-background-color has-text-color has-background has-link-color wp-element-button\" href=\"https:\/\/www.enocean.com\/de\/anwendungen\/logistik\/\" style=\"border-radius:12px\">Logistics<\/a><\/div>\n<\/div>\n<\/div>\n<\/div>\n<\/div><\/section>\n\n\n\n<section class=\"wp-block-uagb-section uagb-section__wrap uagb-section__background-none uagb-block-71557970\"><div class=\"uagb-section__overlay\"><\/div><div class=\"uagb-section__inner-wrap\">\n<div class=\"wp-block-columns is-layout-flex wp-container-core-columns-is-layout-9d6595d7 wp-block-columns-is-layout-flex\">\n<div class=\"wp-block-column is-layout-flow wp-block-column-is-layout-flow\">\n<figure class=\"wp-block-image size-large\"><img decoding=\"async\" src=\"https:\/\/www.enocean.com\/wp-content\/uploads\/Verticals\/7-1024x307.png\" alt=\"\" class=\"wp-image-28714\"\/><\/figure>\n\n\n\n<div style=\"height:20px\" aria-hidden=\"true\" class=\"wp-block-spacer\"><\/div>\n\n\n\n<p>Behalten Sie die volle Kontrolle \u00fcber die Flughafenlogistik, um sicherzustellen, dass sich jeder Gegenstand und jede Person zur richtigen Zeit am richtigen Ort befindet \u2013 und so eine reibungslose, effiziente Passagierreise erm\u00f6glichen.<\/p>\n\n\n\n<div style=\"height:20px\" aria-hidden=\"true\" class=\"wp-block-spacer\"><\/div>\n\n\n\n<div class=\"wp-block-buttons is-content-justification-center is-layout-flex wp-container-core-buttons-is-layout-16018d1d wp-block-buttons-is-layout-flex\">\n<div class=\"wp-block-button\"><a class=\"wp-block-button__link has-white-color has-blue-background-color has-text-color has-background has-link-color wp-element-button\" href=\"https:\/\/www.enocean.com\/de\/anwendungen\/luftfahrt\/\" style=\"border-radius:12px\">Aviation<\/a><\/div>\n<\/div>\n<\/div>\n<\/div>\n<\/div><\/section>\n","protected":false},"excerpt":{"rendered":"","protected":false},"author":2,"featured_media":27202,"parent":0,"menu_order":26,"comment_status":"closed","ping_status":"closed","template":"","meta":{"_acf_changed":false,"inline_featured_image":false,"_uag_custom_page_level_css":"","_kad_blocks_custom_css":"","_kad_blocks_head_custom_js":"","_kad_blocks_body_custom_js":"","_kad_blocks_footer_custom_js":"","footnotes":""},"class_list":["post-12893","page","type-page","status-publish","has-post-thumbnail","hentry"],"acf":[],"yoast_head":"<!-- This site is optimized with the Yoast SEO plugin v26.5 - https:\/\/yoast.com\/wordpress\/plugins\/seo\/ -->\n<title>Anwendungen - EnOcean<\/title>\n<meta name=\"description\" content=\"Entdecken Sie, wie EnOceans energiegewinnende Technologie intelligente, nachhaltige L\u00f6sungen in zentralen M\u00e4rkten wie Bildung, B\u00fcro, Gesundheitswesen, Logistik und Luftfahrt erm\u00f6glicht.\" \/>\n<meta name=\"robots\" content=\"index, follow, max-snippet:-1, max-image-preview:large, max-video-preview:-1\" \/>\n<link rel=\"canonical\" href=\"https:\/\/www.enocean.com\/de\/anwendungen\/\" \/>\n<meta property=\"og:locale\" content=\"de_DE\" \/>\n<meta property=\"og:type\" content=\"article\" \/>\n<meta property=\"og:title\" content=\"Anwendungen - EnOcean\" \/>\n<meta property=\"og:description\" content=\"Entdecken Sie, wie EnOceans energiegewinnende Technologie intelligente, nachhaltige L\u00f6sungen in zentralen M\u00e4rkten wie Bildung, B\u00fcro, Gesundheitswesen, Logistik und Luftfahrt erm\u00f6glicht.\" \/>\n<meta property=\"og:url\" content=\"https:\/\/www.enocean.com\/de\/anwendungen\/\" \/>\n<meta property=\"og:site_name\" content=\"EnOcean\" \/>\n<meta property=\"article:modified_time\" content=\"2025-06-03T12:08:28+00:00\" \/>\n<meta property=\"og:image\" content=\"https:\/\/www.enocean.com\/wp-content\/uploads\/eo_knowledge_base_2048x613.jpg\" \/>\n\t<meta property=\"og:image:width\" content=\"2048\" \/>\n\t<meta property=\"og:image:height\" content=\"613\" \/>\n\t<meta property=\"og:image:type\" content=\"image\/jpeg\" \/>\n<meta name=\"twitter:card\" content=\"summary_large_image\" \/>\n<meta name=\"twitter:label1\" content=\"Gesch\u00e4tzte Lesezeit\" \/>\n\t<meta name=\"twitter:data1\" content=\"3\u00a0Minuten\" \/>\n<script type=\"application\/ld+json\" class=\"yoast-schema-graph\">{\"@context\":\"https:\/\/schema.org\",\"@graph\":[{\"@type\":\"WebPage\",\"@id\":\"https:\/\/www.enocean.com\/de\/anwendungen\/\",\"url\":\"https:\/\/www.enocean.com\/de\/anwendungen\/\",\"name\":\"Anwendungen - EnOcean\",\"isPartOf\":{\"@id\":\"https:\/\/www.enocean.com\/de\/#website\"},\"primaryImageOfPage\":{\"@id\":\"https:\/\/www.enocean.com\/de\/anwendungen\/#primaryimage\"},\"image\":{\"@id\":\"https:\/\/www.enocean.com\/de\/anwendungen\/#primaryimage\"},\"thumbnailUrl\":\"https:\/\/www.enocean.com\/wp-content\/uploads\/eo_knowledge_base_2048x613.jpg\",\"datePublished\":\"2021-12-06T10:34:54+00:00\",\"dateModified\":\"2025-06-03T12:08:28+00:00\",\"description\":\"Entdecken Sie, wie EnOceans energiegewinnende Technologie intelligente, nachhaltige L\u00f6sungen in zentralen M\u00e4rkten wie Bildung, B\u00fcro, Gesundheitswesen, Logistik und Luftfahrt erm\u00f6glicht.\",\"breadcrumb\":{\"@id\":\"https:\/\/www.enocean.com\/de\/anwendungen\/#breadcrumb\"},\"inLanguage\":\"de\",\"potentialAction\":[{\"@type\":\"ReadAction\",\"target\":[\"https:\/\/www.enocean.com\/de\/anwendungen\/\"]}]},{\"@type\":\"ImageObject\",\"inLanguage\":\"de\",\"@id\":\"https:\/\/www.enocean.com\/de\/anwendungen\/#primaryimage\",\"url\":\"https:\/\/www.enocean.com\/wp-content\/uploads\/eo_knowledge_base_2048x613.jpg\",\"contentUrl\":\"https:\/\/www.enocean.com\/wp-content\/uploads\/eo_knowledge_base_2048x613.jpg\",\"width\":2048,\"height\":613,\"caption\":\"EnOcean Knowledge Base\"},{\"@type\":\"BreadcrumbList\",\"@id\":\"https:\/\/www.enocean.com\/de\/anwendungen\/#breadcrumb\",\"itemListElement\":[{\"@type\":\"ListItem\",\"position\":1,\"name\":\"Startseite\",\"item\":\"https:\/\/www.enocean.com\/de\/\"},{\"@type\":\"ListItem\",\"position\":2,\"name\":\"Anwendungen\"}]},{\"@type\":\"WebSite\",\"@id\":\"https:\/\/www.enocean.com\/de\/#website\",\"url\":\"https:\/\/www.enocean.com\/de\/\",\"name\":\"EnOcean\",\"description\":\"EnOcean Relaunch\",\"publisher\":{\"@id\":\"https:\/\/www.enocean.com\/de\/#organization\"},\"potentialAction\":[{\"@type\":\"SearchAction\",\"target\":{\"@type\":\"EntryPoint\",\"urlTemplate\":\"https:\/\/www.enocean.com\/de\/?s={search_term_string}\"},\"query-input\":{\"@type\":\"PropertyValueSpecification\",\"valueRequired\":true,\"valueName\":\"search_term_string\"}}],\"inLanguage\":\"de\"},{\"@type\":\"Organization\",\"@id\":\"https:\/\/www.enocean.com\/de\/#organization\",\"name\":\"EnOcean\",\"url\":\"https:\/\/www.enocean.com\/de\/\",\"logo\":{\"@type\":\"ImageObject\",\"inLanguage\":\"de\",\"@id\":\"https:\/\/www.enocean.com\/de\/#\/schema\/logo\/image\/\",\"url\":\"https:\/\/www.enocean.com\/wp-content\/uploads\/Logos\/1-1.png\",\"contentUrl\":\"https:\/\/www.enocean.com\/wp-content\/uploads\/Logos\/1-1.png\",\"width\":500,\"height\":500,\"caption\":\"EnOcean\"},\"image\":{\"@id\":\"https:\/\/www.enocean.com\/de\/#\/schema\/logo\/image\/\"},\"sameAs\":[\"https:\/\/www.linkedin.com\/company\/enocean\/\"]}]}<\/script>\n<!-- \/ Yoast SEO plugin. -->","yoast_head_json":{"title":"Anwendungen - EnOcean","description":"Entdecken Sie, wie EnOceans energiegewinnende Technologie intelligente, nachhaltige L\u00f6sungen in zentralen M\u00e4rkten wie Bildung, B\u00fcro, Gesundheitswesen, Logistik und Luftfahrt erm\u00f6glicht.","robots":{"index":"index","follow":"follow","max-snippet":"max-snippet:-1","max-image-preview":"max-image-preview:large","max-video-preview":"max-video-preview:-1"},"canonical":"https:\/\/www.enocean.com\/de\/anwendungen\/","og_locale":"de_DE","og_type":"article","og_title":"Anwendungen - EnOcean","og_description":"Entdecken Sie, wie EnOceans energiegewinnende Technologie intelligente, nachhaltige L\u00f6sungen in zentralen M\u00e4rkten wie Bildung, B\u00fcro, Gesundheitswesen, Logistik und Luftfahrt erm\u00f6glicht.","og_url":"https:\/\/www.enocean.com\/de\/anwendungen\/","og_site_name":"EnOcean","article_modified_time":"2025-06-03T12:08:28+00:00","og_image":[{"width":2048,"height":613,"url":"https:\/\/www.enocean.com\/wp-content\/uploads\/eo_knowledge_base_2048x613.jpg","type":"image\/jpeg"}],"twitter_card":"summary_large_image","twitter_misc":{"Gesch\u00e4tzte Lesezeit":"3\u00a0Minuten"},"schema":{"@context":"https:\/\/schema.org","@graph":[{"@type":"WebPage","@id":"https:\/\/www.enocean.com\/de\/anwendungen\/","url":"https:\/\/www.enocean.com\/de\/anwendungen\/","name":"Anwendungen - EnOcean","isPartOf":{"@id":"https:\/\/www.enocean.com\/de\/#website"},"primaryImageOfPage":{"@id":"https:\/\/www.enocean.com\/de\/anwendungen\/#primaryimage"},"image":{"@id":"https:\/\/www.enocean.com\/de\/anwendungen\/#primaryimage"},"thumbnailUrl":"https:\/\/www.enocean.com\/wp-content\/uploads\/eo_knowledge_base_2048x613.jpg","datePublished":"2021-12-06T10:34:54+00:00","dateModified":"2025-06-03T12:08:28+00:00","description":"Entdecken Sie, wie EnOceans energiegewinnende Technologie intelligente, nachhaltige L\u00f6sungen in zentralen M\u00e4rkten wie Bildung, B\u00fcro, Gesundheitswesen, Logistik und Luftfahrt erm\u00f6glicht.","breadcrumb":{"@id":"https:\/\/www.enocean.com\/de\/anwendungen\/#breadcrumb"},"inLanguage":"de","potentialAction":[{"@type":"ReadAction","target":["https:\/\/www.enocean.com\/de\/anwendungen\/"]}]},{"@type":"ImageObject","inLanguage":"de","@id":"https:\/\/www.enocean.com\/de\/anwendungen\/#primaryimage","url":"https:\/\/www.enocean.com\/wp-content\/uploads\/eo_knowledge_base_2048x613.jpg","contentUrl":"https:\/\/www.enocean.com\/wp-content\/uploads\/eo_knowledge_base_2048x613.jpg","width":2048,"height":613,"caption":"EnOcean Knowledge Base"},{"@type":"BreadcrumbList","@id":"https:\/\/www.enocean.com\/de\/anwendungen\/#breadcrumb","itemListElement":[{"@type":"ListItem","position":1,"name":"Startseite","item":"https:\/\/www.enocean.com\/de\/"},{"@type":"ListItem","position":2,"name":"Anwendungen"}]},{"@type":"WebSite","@id":"https:\/\/www.enocean.com\/de\/#website","url":"https:\/\/www.enocean.com\/de\/","name":"EnOcean","description":"EnOcean Relaunch","publisher":{"@id":"https:\/\/www.enocean.com\/de\/#organization"},"potentialAction":[{"@type":"SearchAction","target":{"@type":"EntryPoint","urlTemplate":"https:\/\/www.enocean.com\/de\/?s={search_term_string}"},"query-input":{"@type":"PropertyValueSpecification","valueRequired":true,"valueName":"search_term_string"}}],"inLanguage":"de"},{"@type":"Organization","@id":"https:\/\/www.enocean.com\/de\/#organization","name":"EnOcean","url":"https:\/\/www.enocean.com\/de\/","logo":{"@type":"ImageObject","inLanguage":"de","@id":"https:\/\/www.enocean.com\/de\/#\/schema\/logo\/image\/","url":"https:\/\/www.enocean.com\/wp-content\/uploads\/Logos\/1-1.png","contentUrl":"https:\/\/www.enocean.com\/wp-content\/uploads\/Logos\/1-1.png","width":500,"height":500,"caption":"EnOcean"},"image":{"@id":"https:\/\/www.enocean.com\/de\/#\/schema\/logo\/image\/"},"sameAs":["https:\/\/www.linkedin.com\/company\/enocean\/"]}]}},"taxonomy_info":[],"featured_image_src_large":["https:\/\/www.enocean.com\/wp-content\/uploads\/eo_knowledge_base_2048x613-1024x307.jpg",1024,307,true],"author_info":{"display_name":"Martin Ische","author_link":"https:\/\/www.enocean.com\/de\/author\/aundiu_ische\/"},"comment_info":0,"uagb_featured_image_src":{"full":["https:\/\/www.enocean.com\/wp-content\/uploads\/eo_knowledge_base_2048x613.jpg",2048,613,false],"thumbnail":["https:\/\/www.enocean.com\/wp-content\/uploads\/eo_knowledge_base_2048x613-150x45.jpg",150,45,true],"medium":["https:\/\/www.enocean.com\/wp-content\/uploads\/eo_knowledge_base_2048x613-300x90.jpg",300,90,true],"medium_large":["https:\/\/www.enocean.com\/wp-content\/uploads\/eo_knowledge_base_2048x613-768x230.jpg",768,230,true],"large":["https:\/\/www.enocean.com\/wp-content\/uploads\/eo_knowledge_base_2048x613-1024x307.jpg",1024,307,true],"1536x1536":["https:\/\/www.enocean.com\/wp-content\/uploads\/eo_knowledge_base_2048x613-1536x460.jpg",1536,460,true],"2048x2048":["https:\/\/www.enocean.com\/wp-content\/uploads\/eo_knowledge_base_2048x613.jpg",2048,613,false]},"uagb_author_info":{"display_name":"Martin Ische","author_link":"https:\/\/www.enocean.com\/de\/author\/aundiu_ische\/"},"uagb_comment_info":0,"uagb_excerpt":null,"_links":{"self":[{"href":"https:\/\/www.enocean.com\/de\/wp-json\/wp\/v2\/pages\/12893","targetHints":{"allow":["GET"]}}],"collection":[{"href":"https:\/\/www.enocean.com\/de\/wp-json\/wp\/v2\/pages"}],"about":[{"href":"https:\/\/www.enocean.com\/de\/wp-json\/wp\/v2\/types\/page"}],"author":[{"embeddable":true,"href":"https:\/\/www.enocean.com\/de\/wp-json\/wp\/v2\/users\/2"}],"replies":[{"embeddable":true,"href":"https:\/\/www.enocean.com\/de\/wp-json\/wp\/v2\/comments?post=12893"}],"version-history":[{"count":10,"href":"https:\/\/www.enocean.com\/de\/wp-json\/wp\/v2\/pages\/12893\/revisions"}],"predecessor-version":[{"id":29432,"href":"https:\/\/www.enocean.com\/de\/wp-json\/wp\/v2\/pages\/12893\/revisions\/29432"}],"wp:featuredmedia":[{"embeddable":true,"href":"https:\/\/www.enocean.com\/de\/wp-json\/wp\/v2\/media\/27202"}],"wp:attachment":[{"href":"https:\/\/www.enocean.com\/de\/wp-json\/wp\/v2\/media?parent=12893"}],"curies":[{"name":"wp","href":"https:\/\/api.w.org\/{rel}","templated":true}]}}