{"id":13918,"date":"2021-12-10T08:23:45","date_gmt":"2021-12-10T08:23:45","guid":{"rendered":"https:\/\/www.enocean.com\/anwendungen\/gebaeudeautomation\/"},"modified":"2025-08-08T10:19:45","modified_gmt":"2025-08-08T08:19:45","slug":"gebaeudeautomation","status":"publish","type":"page","link":"https:\/\/www.enocean.com\/de\/anwendungen\/gebaeudeautomation\/","title":{"rendered":"Geb\u00e4udeautomation"},"content":{"rendered":"\n<div class=\"wp-block-cover is-light eo-visualheader is-style-default\"><img decoding=\"async\" width=\"2048\" height=\"853\" class=\"wp-block-cover__image-background wp-image-27151\" alt=\"\" src=\"https:\/\/www.enocean.com\/wp-content\/uploads\/Header\/eo_applications_BuildingsAutomation-1.jpg\" style=\"object-position:47% 0%\" data-object-fit=\"cover\" data-object-position=\"47% 0%\" srcset=\"https:\/\/www.enocean.com\/wp-content\/uploads\/Header\/eo_applications_BuildingsAutomation-1.jpg 2048w, https:\/\/www.enocean.com\/wp-content\/uploads\/Header\/eo_applications_BuildingsAutomation-1-300x125.jpg 300w, https:\/\/www.enocean.com\/wp-content\/uploads\/Header\/eo_applications_BuildingsAutomation-1-1024x427.jpg 1024w, https:\/\/www.enocean.com\/wp-content\/uploads\/Header\/eo_applications_BuildingsAutomation-1-150x62.jpg 150w, https:\/\/www.enocean.com\/wp-content\/uploads\/Header\/eo_applications_BuildingsAutomation-1-768x320.jpg 768w, https:\/\/www.enocean.com\/wp-content\/uploads\/Header\/eo_applications_BuildingsAutomation-1-1536x640.jpg 1536w\" sizes=\"(max-width: 2048px) 100vw, 2048px\" \/><span aria-hidden=\"true\" class=\"wp-block-cover__background has-background-dim-0 has-background-dim\" style=\"background-color:#afb8bd\"><\/span><div class=\"wp-block-cover__inner-container is-layout-flow wp-block-cover-is-layout-flow\">\n<p class=\"has-text-align-center has-large-font-size\"><\/p>\n<\/div><\/div>\n\n\n\n<section class=\"wp-block-uagb-section uagb-section__wrap uagb-section__background-undefined uagb-block-79a360b4\"><div class=\"uagb-section__overlay\"><\/div><div class=\"uagb-section__inner-wrap\">\n<h1 class=\"wp-block-heading\">Geb\u00e4udeautomation<\/h1>\n<\/div><\/section>\n\n\n\n<section class=\"wp-block-uagb-section uagb-section__wrap uagb-section__background-undefined uagb-block-65983916\"><div class=\"uagb-section__overlay\"><\/div><div class=\"uagb-section__inner-wrap\">\n<h2 class=\"wp-block-heading\">Energieeffiziente und intelligente Geb\u00e4ude mit EnOcean<\/h2>\n\n\n\n<p>Die intelligente Steuerung von Beleuchtung, Heizung, Sicherheit und anderen Funktionen in einem Geb\u00e4ude ist nicht nur \u00e4u\u00dferst komfortabel, sondern tr\u00e4gt auch zur Optimierung seiner CO2-Emissionen bei. Die Grundlage solcher Geb\u00e4udeautomations-Systeme sind energieautarke Sensoren, die die notwendigen Daten liefern&nbsp;\u2013 und im Idealfall den von ihnen ben\u00f6tigten Strom auch noch auf nachhaltige Weise erzeugen, wie unsere es tun. Doch nicht nur deshalb sind unsere energieautarken Funksensoren besonders gut f\u00fcr Geb\u00e4udeautomations-Systeme geeignet: Dank der Energy-Harvesting-Technologie kommen sie ganz ohne Batterien und Kabel aus und sind dadurch vollst\u00e4ndig wartungsfrei. Au\u00dferdem lassen sie sich flexibel und nahtlos in Systeme f\u00fcr die unterschiedlichsten Anwendungen integrieren. Und einmal eingebaut, verrichten sie zuverl\u00e4ssig ihren Dienst. Unsere L\u00f6sungen k\u00f6nnen in k\u00fcrzester Zeit installiert werden und tragen dazu bei, den Energieverbrauch und die CO2-Emissionen unserer Geb\u00e4ude erheblich zu senken.<\/p>\n<\/div><\/section>\n\n\n\n<section class=\"wp-block-uagb-section uagb-section__wrap uagb-section__background-undefined uagb-block-9ca748b4\"><div class=\"uagb-section__overlay\"><\/div><div class=\"uagb-section__inner-wrap\">\n<h2 class=\"wp-block-heading\">Anwendungsf\u00e4lle<\/h2>\n\n\n\n<section class=\"wp-block-uagb-section uagb-section__wrap uagb-section__background-undefined uagb-block-729a521e\"><div class=\"uagb-section__overlay\"><\/div><div class=\"uagb-section__inner-wrap\">\n<section class=\"wp-block-uagb-section uagb-section__wrap uagb-section__background-undefined uagb-block-4864a881 eo-3-spalten\"><div class=\"uagb-section__overlay\"><\/div><div class=\"uagb-section__inner-wrap\">\n<div class=\"wp-block-columns is-layout-flex wp-container-core-columns-is-layout-9d6595d7 wp-block-columns-is-layout-flex\">\n<div class=\"wp-block-column has-back-alternate-blue-background-color has-background ek-linked-block is-layout-flow wp-block-column-is-layout-flow\">\n<figure class=\"wp-block-image size-large\"><img decoding=\"async\" width=\"1024\" height=\"1024\" src=\"https:\/\/www.enocean.com\/wp-content\/uploads\/Schmuckbilder\/enocean-smartbuilding-small-1-1024x1024.jpg\" alt=\"\" class=\"wp-image-9831\" srcset=\"https:\/\/www.enocean.com\/wp-content\/uploads\/Schmuckbilder\/enocean-smartbuilding-small-1-1024x1024.jpg 1024w, https:\/\/www.enocean.com\/wp-content\/uploads\/Schmuckbilder\/enocean-smartbuilding-small-1-300x300.jpg 300w, https:\/\/www.enocean.com\/wp-content\/uploads\/Schmuckbilder\/enocean-smartbuilding-small-1-150x150.jpg 150w, https:\/\/www.enocean.com\/wp-content\/uploads\/Schmuckbilder\/enocean-smartbuilding-small-1-768x768.jpg 768w, https:\/\/www.enocean.com\/wp-content\/uploads\/Schmuckbilder\/enocean-smartbuilding-small-1-1536x1536.jpg 1536w, https:\/\/www.enocean.com\/wp-content\/uploads\/Schmuckbilder\/enocean-smartbuilding-small-1-2048x2048.jpg 2048w\" sizes=\"(max-width: 1024px) 100vw, 1024px\" \/><\/figure>\n\n\n\n<div class=\"wp-block-uagb-section uagb-section__wrap uagb-section__background-none uagb-block-a70f148c\"><div class=\"uagb-section__overlay\"><\/div><div class=\"uagb-section__inner-wrap\">\n<h3 class=\"wp-block-heading\">Smart Buildings<\/h3>\n\n\n\n<p>Unsere batterielosen Funksensoren sind die Augen und Ohren intelligenter Geb\u00e4ude.<\/p>\n\n\n<style>.wp-block-kadence-spacer.kt-block-spacer-13918_e302dc-ea .kt-block-spacer{height:24px;}.wp-block-kadence-spacer.kt-block-spacer-13918_e302dc-ea .kt-divider{border-top-width:1px;height:1px;border-top-color:#eee;width:80%;border-top-style:solid;}<\/style>\n<div class=\"wp-block-kadence-spacer aligncenter kt-block-spacer-13918_e302dc-ea\"><div class=\"kt-block-spacer kt-block-spacer-halign-center\"><\/div><\/div>\n\n\n\n<div class=\"wp-block-buttons is-horizontal is-content-justification-center is-layout-flex wp-container-core-buttons-is-layout-499968f5 wp-block-buttons-is-layout-flex\">\n<div class=\"wp-block-button is-style-transparent-button-pfeil\"><a class=\"wp-block-button__link wp-element-button\">Mehr<\/a><\/div>\n<\/div>\n<\/div><\/div>\n<\/div>\n\n\n\n<div class=\"wp-block-column has-back-alternate-blue-background-color has-background ek-linked-block is-layout-flow wp-block-column-is-layout-flow\">\n<figure class=\"wp-block-image size-full\"><img decoding=\"async\" width=\"1000\" height=\"1000\" src=\"https:\/\/www.enocean.com\/wp-content\/uploads\/Schmuckbilder\/enocean-energyefficiency-small.jpg\" alt=\"\" class=\"wp-image-9836\" srcset=\"https:\/\/www.enocean.com\/wp-content\/uploads\/Schmuckbilder\/enocean-energyefficiency-small.jpg 1000w, https:\/\/www.enocean.com\/wp-content\/uploads\/Schmuckbilder\/enocean-energyefficiency-small-300x300.jpg 300w, https:\/\/www.enocean.com\/wp-content\/uploads\/Schmuckbilder\/enocean-energyefficiency-small-150x150.jpg 150w, https:\/\/www.enocean.com\/wp-content\/uploads\/Schmuckbilder\/enocean-energyefficiency-small-768x768.jpg 768w\" sizes=\"(max-width: 1000px) 100vw, 1000px\" \/><\/figure>\n\n\n\n<div class=\"wp-block-uagb-section uagb-section__wrap uagb-section__background-color uagb-block-0825e694\"><div class=\"uagb-section__overlay\"><\/div><div class=\"uagb-section__inner-wrap\">\n<h3 class=\"wp-block-heading\">Energieeffizienz<\/h3>\n\n\n\n<p>Optimieren Sie den CO2-Fu\u00dfabdruck Ihres Geb\u00e4udes mit EnOcean-Technologie&nbsp;\u2013 ganz ohne Kabel und Batterien.<\/p>\n\n\n\n<div class=\"wp-block-buttons is-horizontal is-content-justification-center is-layout-flex wp-container-core-buttons-is-layout-499968f5 wp-block-buttons-is-layout-flex\">\n<div class=\"wp-block-button is-style-transparent-button-pfeil\"><a class=\"wp-block-button__link wp-element-button\">Mehr<\/a><\/div>\n<\/div>\n<\/div><\/div>\n<\/div>\n\n\n\n<div class=\"wp-block-column has-back-alternate-blue-background-color has-background ek-linked-block is-layout-flow wp-block-column-is-layout-flow\">\n<figure class=\"wp-block-image size-large\"><img decoding=\"async\" width=\"1024\" height=\"1024\" src=\"https:\/\/www.enocean.com\/wp-content\/uploads\/Schmuckbilder\/enocean-smartlighting-small-1024x1024.jpg\" alt=\"\" class=\"wp-image-9839\" srcset=\"https:\/\/www.enocean.com\/wp-content\/uploads\/Schmuckbilder\/enocean-smartlighting-small-1024x1024.jpg 1024w, https:\/\/www.enocean.com\/wp-content\/uploads\/Schmuckbilder\/enocean-smartlighting-small-300x300.jpg 300w, https:\/\/www.enocean.com\/wp-content\/uploads\/Schmuckbilder\/enocean-smartlighting-small-150x150.jpg 150w, https:\/\/www.enocean.com\/wp-content\/uploads\/Schmuckbilder\/enocean-smartlighting-small-768x768.jpg 768w, https:\/\/www.enocean.com\/wp-content\/uploads\/Schmuckbilder\/enocean-smartlighting-small-1536x1536.jpg 1536w, https:\/\/www.enocean.com\/wp-content\/uploads\/Schmuckbilder\/enocean-smartlighting-small-2048x2048.jpg 2048w\" sizes=\"(max-width: 1024px) 100vw, 1024px\" \/><\/figure>\n\n\n\n<div class=\"wp-block-uagb-section uagb-section__wrap uagb-section__background-color uagb-block-54f2cf87\"><div class=\"uagb-section__overlay\"><\/div><div class=\"uagb-section__inner-wrap\">\n<h3 class=\"wp-block-heading\">Smart Lighting<\/h3>\n\n\n\n<p>Steuern Sie die Beleuchtung mit unseren batterielosen Schaltermodulen f\u00fcr EnOcean-, Bluetooth- und Zigbee-Systeme.<\/p>\n\n\n\n<div class=\"wp-block-buttons is-horizontal is-content-justification-center is-layout-flex wp-container-core-buttons-is-layout-499968f5 wp-block-buttons-is-layout-flex\">\n<div class=\"wp-block-button is-style-transparent-button-pfeil\"><a class=\"wp-block-button__link wp-element-button\">Mehr<\/a><\/div>\n<\/div>\n<\/div><\/div>\n<\/div>\n<\/div>\n<\/div><\/section>\n<\/div><\/section>\n<\/div><\/section>\n\n\n\n<section class=\"wp-block-uagb-section uagb-section__wrap uagb-section__background-undefined uagb-block-a4d5cc01 eo-2-spalten-horizontal\"><div class=\"uagb-section__overlay\"><\/div><div class=\"uagb-section__inner-wrap\">\n<h2 class=\"wp-block-heading\">Entdecken Sie die Welt des Energy Harvesting<\/h2>\n\n\n<style>.wp-block-kadence-spacer.kt-block-spacer-13918_6dedf8-f5 .kt-block-spacer{height:20px;}.wp-block-kadence-spacer.kt-block-spacer-13918_6dedf8-f5 .kt-divider{border-top-width:1px;height:1px;border-top-color:#eee;width:80%;border-top-style:solid;}<\/style>\n<div class=\"wp-block-kadence-spacer aligncenter kt-block-spacer-13918_6dedf8-f5\"><div class=\"kt-block-spacer kt-block-spacer-halign-center\"><\/div><\/div>\n\n\n\n<div class=\"wp-block-columns eo-single-row has-back-alternate-blue-background-color has-background is-layout-flex wp-container-core-columns-is-layout-9d6595d7 wp-block-columns-is-layout-flex\">\n<div class=\"wp-block-column is-vertically-aligned-center is-layout-flow wp-block-column-is-layout-flow\">\n<div class=\"wp-block-uagb-section uagb-section__wrap uagb-section__background-none uagb-block-9614005e\"><div class=\"uagb-section__overlay\"><\/div><div class=\"uagb-section__inner-wrap\">\n<h2 class=\"wp-block-heading\">Profitieren Sie vom Branchen-Know-how der Marktf\u00fchrer<\/h2>\n\n\n\n<p>In der EnOcean-Kundenzeitschrift Perpetuum berichten unsere Partner \u00fcber ihre neuesten Projekte. Die Fallstudien und Beitr\u00e4ge zeigen das Potenzial unserer L\u00f6sungen in den Bereichen IoT, Geb\u00e4udeautomation und Smart Home auf.<\/p>\n\n\n\n<div class=\"wp-block-buttons is-layout-flex wp-block-buttons-is-layout-flex\">\n<div class=\"wp-block-button is-style-cta-button-pfeil\"><a class=\"wp-block-button__link wp-element-button\" href=\"https:\/\/perpetuum.enocean.com\/?facets[category][0]=203&amp;facets[post-issue][0]=&amp;facets[date-range-from]=&amp;facets[date-range-to]=&amp;s=\" target=\"_blank\" rel=\"noreferrer noopener\" aria-label=\"opens a new tab\">Lesen Sie, welche Geb\u00e4udeautomations-Anwendungen sich auszahlen <\/a><\/div>\n<\/div>\n<\/div><\/div>\n<\/div>\n\n\n\n<div class=\"wp-block-column is-layout-flow wp-block-column-is-layout-flow\">\n<figure class=\"wp-block-image size-full\"><a href=\"https:\/\/perpetuum.enocean.com\/?facets[category][0]=203&amp;facets[post-issue][0]=&amp;facets[date-range-from]=&amp;facets[date-range-to]=&amp;s=\" target=\"_blank\" rel=\"noopener\" aria-label=\"opens a new tab\"><img decoding=\"async\" src=\"https:\/\/www.enocean.com\/wp-content\/uploads\/Schmuckbilder\/enocean-partnerships-perpetuum-ausschnitt-klein.jpg\" alt=\"EnOcean-Kundenzeitschrift Perpetuum\" class=\"wp-image-10287\"\/><\/a><\/figure>\n<\/div>\n<\/div>\n<\/div><\/section>\n","protected":false},"excerpt":{"rendered":"","protected":false},"author":2,"featured_media":27103,"parent":12893,"menu_order":22,"comment_status":"closed","ping_status":"closed","template":"","meta":{"_acf_changed":false,"inline_featured_image":false,"_uag_custom_page_level_css":"","_kad_blocks_custom_css":"","_kad_blocks_head_custom_js":"","_kad_blocks_body_custom_js":"","_kad_blocks_footer_custom_js":"","footnotes":""},"class_list":["post-13918","page","type-page","status-publish","has-post-thumbnail","hentry"],"acf":[],"yoast_head":"<!-- This site is optimized with the Yoast SEO plugin v26.5 - https:\/\/yoast.com\/wordpress\/plugins\/seo\/ -->\n<title>Geb\u00e4udeautomation - EnOcean<\/title>\n<meta name=\"robots\" content=\"index, follow, max-snippet:-1, max-image-preview:large, max-video-preview:-1\" \/>\n<link rel=\"canonical\" href=\"https:\/\/www.enocean.com\/de\/anwendungen\/gebaeudeautomation\/\" \/>\n<meta property=\"og:locale\" content=\"de_DE\" \/>\n<meta property=\"og:type\" content=\"article\" \/>\n<meta property=\"og:title\" content=\"Geb\u00e4udeautomation - EnOcean\" \/>\n<meta property=\"og:url\" content=\"https:\/\/www.enocean.com\/de\/anwendungen\/gebaeudeautomation\/\" \/>\n<meta property=\"og:site_name\" content=\"EnOcean\" \/>\n<meta property=\"article:modified_time\" content=\"2025-08-08T08:19:45+00:00\" \/>\n<meta property=\"og:image\" content=\"https:\/\/www.enocean.com\/wp-content\/uploads\/Header\/eo_applications_BuildingsAutomation.jpg\" \/>\n\t<meta property=\"og:image:width\" content=\"2048\" \/>\n\t<meta property=\"og:image:height\" content=\"853\" \/>\n\t<meta property=\"og:image:type\" content=\"image\/jpeg\" \/>\n<meta name=\"twitter:card\" content=\"summary_large_image\" \/>\n<meta name=\"twitter:label1\" content=\"Gesch\u00e4tzte Lesezeit\" \/>\n\t<meta name=\"twitter:data1\" content=\"3\u00a0Minuten\" \/>\n<script type=\"application\/ld+json\" class=\"yoast-schema-graph\">{\"@context\":\"https:\/\/schema.org\",\"@graph\":[{\"@type\":\"WebPage\",\"@id\":\"https:\/\/www.enocean.com\/de\/anwendungen\/gebaeudeautomation\/\",\"url\":\"https:\/\/www.enocean.com\/de\/anwendungen\/gebaeudeautomation\/\",\"name\":\"Geb\u00e4udeautomation - EnOcean\",\"isPartOf\":{\"@id\":\"https:\/\/www.enocean.com\/de\/#website\"},\"primaryImageOfPage\":{\"@id\":\"https:\/\/www.enocean.com\/de\/anwendungen\/gebaeudeautomation\/#primaryimage\"},\"image\":{\"@id\":\"https:\/\/www.enocean.com\/de\/anwendungen\/gebaeudeautomation\/#primaryimage\"},\"thumbnailUrl\":\"https:\/\/www.enocean.com\/wp-content\/uploads\/Header\/eo_applications_BuildingsAutomation.jpg\",\"datePublished\":\"2021-12-10T08:23:45+00:00\",\"dateModified\":\"2025-08-08T08:19:45+00:00\",\"breadcrumb\":{\"@id\":\"https:\/\/www.enocean.com\/de\/anwendungen\/gebaeudeautomation\/#breadcrumb\"},\"inLanguage\":\"de\",\"potentialAction\":[{\"@type\":\"ReadAction\",\"target\":[\"https:\/\/www.enocean.com\/de\/anwendungen\/gebaeudeautomation\/\"]}]},{\"@type\":\"ImageObject\",\"inLanguage\":\"de\",\"@id\":\"https:\/\/www.enocean.com\/de\/anwendungen\/gebaeudeautomation\/#primaryimage\",\"url\":\"https:\/\/www.enocean.com\/wp-content\/uploads\/Header\/eo_applications_BuildingsAutomation.jpg\",\"contentUrl\":\"https:\/\/www.enocean.com\/wp-content\/uploads\/Header\/eo_applications_BuildingsAutomation.jpg\",\"width\":2048,\"height\":853},{\"@type\":\"BreadcrumbList\",\"@id\":\"https:\/\/www.enocean.com\/de\/anwendungen\/gebaeudeautomation\/#breadcrumb\",\"itemListElement\":[{\"@type\":\"ListItem\",\"position\":1,\"name\":\"Startseite\",\"item\":\"https:\/\/www.enocean.com\/de\/\"},{\"@type\":\"ListItem\",\"position\":2,\"name\":\"Anwendungen\",\"item\":\"https:\/\/www.enocean.com\/de\/anwendungen\/\"},{\"@type\":\"ListItem\",\"position\":3,\"name\":\"Geb\u00e4udeautomation\"}]},{\"@type\":\"WebSite\",\"@id\":\"https:\/\/www.enocean.com\/de\/#website\",\"url\":\"https:\/\/www.enocean.com\/de\/\",\"name\":\"EnOcean\",\"description\":\"EnOcean Relaunch\",\"publisher\":{\"@id\":\"https:\/\/www.enocean.com\/de\/#organization\"},\"potentialAction\":[{\"@type\":\"SearchAction\",\"target\":{\"@type\":\"EntryPoint\",\"urlTemplate\":\"https:\/\/www.enocean.com\/de\/?s={search_term_string}\"},\"query-input\":{\"@type\":\"PropertyValueSpecification\",\"valueRequired\":true,\"valueName\":\"search_term_string\"}}],\"inLanguage\":\"de\"},{\"@type\":\"Organization\",\"@id\":\"https:\/\/www.enocean.com\/de\/#organization\",\"name\":\"EnOcean\",\"url\":\"https:\/\/www.enocean.com\/de\/\",\"logo\":{\"@type\":\"ImageObject\",\"inLanguage\":\"de\",\"@id\":\"https:\/\/www.enocean.com\/de\/#\/schema\/logo\/image\/\",\"url\":\"https:\/\/www.enocean.com\/wp-content\/uploads\/Logos\/1-1.png\",\"contentUrl\":\"https:\/\/www.enocean.com\/wp-content\/uploads\/Logos\/1-1.png\",\"width\":500,\"height\":500,\"caption\":\"EnOcean\"},\"image\":{\"@id\":\"https:\/\/www.enocean.com\/de\/#\/schema\/logo\/image\/\"},\"sameAs\":[\"https:\/\/www.linkedin.com\/company\/enocean\/\"]}]}<\/script>\n<!-- \/ Yoast SEO plugin. -->","yoast_head_json":{"title":"Geb\u00e4udeautomation - EnOcean","robots":{"index":"index","follow":"follow","max-snippet":"max-snippet:-1","max-image-preview":"max-image-preview:large","max-video-preview":"max-video-preview:-1"},"canonical":"https:\/\/www.enocean.com\/de\/anwendungen\/gebaeudeautomation\/","og_locale":"de_DE","og_type":"article","og_title":"Geb\u00e4udeautomation - EnOcean","og_url":"https:\/\/www.enocean.com\/de\/anwendungen\/gebaeudeautomation\/","og_site_name":"EnOcean","article_modified_time":"2025-08-08T08:19:45+00:00","og_image":[{"width":2048,"height":853,"url":"https:\/\/www.enocean.com\/wp-content\/uploads\/Header\/eo_applications_BuildingsAutomation.jpg","type":"image\/jpeg"}],"twitter_card":"summary_large_image","twitter_misc":{"Gesch\u00e4tzte Lesezeit":"3\u00a0Minuten"},"schema":{"@context":"https:\/\/schema.org","@graph":[{"@type":"WebPage","@id":"https:\/\/www.enocean.com\/de\/anwendungen\/gebaeudeautomation\/","url":"https:\/\/www.enocean.com\/de\/anwendungen\/gebaeudeautomation\/","name":"Geb\u00e4udeautomation - EnOcean","isPartOf":{"@id":"https:\/\/www.enocean.com\/de\/#website"},"primaryImageOfPage":{"@id":"https:\/\/www.enocean.com\/de\/anwendungen\/gebaeudeautomation\/#primaryimage"},"image":{"@id":"https:\/\/www.enocean.com\/de\/anwendungen\/gebaeudeautomation\/#primaryimage"},"thumbnailUrl":"https:\/\/www.enocean.com\/wp-content\/uploads\/Header\/eo_applications_BuildingsAutomation.jpg","datePublished":"2021-12-10T08:23:45+00:00","dateModified":"2025-08-08T08:19:45+00:00","breadcrumb":{"@id":"https:\/\/www.enocean.com\/de\/anwendungen\/gebaeudeautomation\/#breadcrumb"},"inLanguage":"de","potentialAction":[{"@type":"ReadAction","target":["https:\/\/www.enocean.com\/de\/anwendungen\/gebaeudeautomation\/"]}]},{"@type":"ImageObject","inLanguage":"de","@id":"https:\/\/www.enocean.com\/de\/anwendungen\/gebaeudeautomation\/#primaryimage","url":"https:\/\/www.enocean.com\/wp-content\/uploads\/Header\/eo_applications_BuildingsAutomation.jpg","contentUrl":"https:\/\/www.enocean.com\/wp-content\/uploads\/Header\/eo_applications_BuildingsAutomation.jpg","width":2048,"height":853},{"@type":"BreadcrumbList","@id":"https:\/\/www.enocean.com\/de\/anwendungen\/gebaeudeautomation\/#breadcrumb","itemListElement":[{"@type":"ListItem","position":1,"name":"Startseite","item":"https:\/\/www.enocean.com\/de\/"},{"@type":"ListItem","position":2,"name":"Anwendungen","item":"https:\/\/www.enocean.com\/de\/anwendungen\/"},{"@type":"ListItem","position":3,"name":"Geb\u00e4udeautomation"}]},{"@type":"WebSite","@id":"https:\/\/www.enocean.com\/de\/#website","url":"https:\/\/www.enocean.com\/de\/","name":"EnOcean","description":"EnOcean Relaunch","publisher":{"@id":"https:\/\/www.enocean.com\/de\/#organization"},"potentialAction":[{"@type":"SearchAction","target":{"@type":"EntryPoint","urlTemplate":"https:\/\/www.enocean.com\/de\/?s={search_term_string}"},"query-input":{"@type":"PropertyValueSpecification","valueRequired":true,"valueName":"search_term_string"}}],"inLanguage":"de"},{"@type":"Organization","@id":"https:\/\/www.enocean.com\/de\/#organization","name":"EnOcean","url":"https:\/\/www.enocean.com\/de\/","logo":{"@type":"ImageObject","inLanguage":"de","@id":"https:\/\/www.enocean.com\/de\/#\/schema\/logo\/image\/","url":"https:\/\/www.enocean.com\/wp-content\/uploads\/Logos\/1-1.png","contentUrl":"https:\/\/www.enocean.com\/wp-content\/uploads\/Logos\/1-1.png","width":500,"height":500,"caption":"EnOcean"},"image":{"@id":"https:\/\/www.enocean.com\/de\/#\/schema\/logo\/image\/"},"sameAs":["https:\/\/www.linkedin.com\/company\/enocean\/"]}]}},"taxonomy_info":[],"featured_image_src_large":["https:\/\/www.enocean.com\/wp-content\/uploads\/Header\/eo_applications_BuildingsAutomation-1024x427.jpg",1024,427,true],"author_info":{"display_name":"Martin Ische","author_link":"https:\/\/www.enocean.com\/de\/author\/aundiu_ische\/"},"comment_info":0,"uagb_featured_image_src":{"full":["https:\/\/www.enocean.com\/wp-content\/uploads\/Header\/eo_applications_BuildingsAutomation.jpg",2048,853,false],"thumbnail":["https:\/\/www.enocean.com\/wp-content\/uploads\/Header\/eo_applications_BuildingsAutomation-150x62.jpg",150,62,true],"medium":["https:\/\/www.enocean.com\/wp-content\/uploads\/Header\/eo_applications_BuildingsAutomation-300x125.jpg",300,125,true],"medium_large":["https:\/\/www.enocean.com\/wp-content\/uploads\/Header\/eo_applications_BuildingsAutomation-768x320.jpg",768,320,true],"large":["https:\/\/www.enocean.com\/wp-content\/uploads\/Header\/eo_applications_BuildingsAutomation-1024x427.jpg",1024,427,true],"1536x1536":["https:\/\/www.enocean.com\/wp-content\/uploads\/Header\/eo_applications_BuildingsAutomation-1536x640.jpg",1536,640,true],"2048x2048":["https:\/\/www.enocean.com\/wp-content\/uploads\/Header\/eo_applications_BuildingsAutomation.jpg",2048,853,false]},"uagb_author_info":{"display_name":"Martin Ische","author_link":"https:\/\/www.enocean.com\/de\/author\/aundiu_ische\/"},"uagb_comment_info":0,"uagb_excerpt":null,"_links":{"self":[{"href":"https:\/\/www.enocean.com\/de\/wp-json\/wp\/v2\/pages\/13918","targetHints":{"allow":["GET"]}}],"collection":[{"href":"https:\/\/www.enocean.com\/de\/wp-json\/wp\/v2\/pages"}],"about":[{"href":"https:\/\/www.enocean.com\/de\/wp-json\/wp\/v2\/types\/page"}],"author":[{"embeddable":true,"href":"https:\/\/www.enocean.com\/de\/wp-json\/wp\/v2\/users\/2"}],"replies":[{"embeddable":true,"href":"https:\/\/www.enocean.com\/de\/wp-json\/wp\/v2\/comments?post=13918"}],"version-history":[{"count":2,"href":"https:\/\/www.enocean.com\/de\/wp-json\/wp\/v2\/pages\/13918\/revisions"}],"predecessor-version":[{"id":30439,"href":"https:\/\/www.enocean.com\/de\/wp-json\/wp\/v2\/pages\/13918\/revisions\/30439"}],"up":[{"embeddable":true,"href":"https:\/\/www.enocean.com\/de\/wp-json\/wp\/v2\/pages\/12893"}],"wp:featuredmedia":[{"embeddable":true,"href":"https:\/\/www.enocean.com\/de\/wp-json\/wp\/v2\/media\/27103"}],"wp:attachment":[{"href":"https:\/\/www.enocean.com\/de\/wp-json\/wp\/v2\/media?parent=13918"}],"curies":[{"name":"wp","href":"https:\/\/api.w.org\/{rel}","templated":true}]}}