{"id":13920,"date":"2021-12-10T08:26:07","date_gmt":"2021-12-10T08:26:07","guid":{"rendered":"https:\/\/www.enocean.com\/anwendungen\/smart-home\/"},"modified":"2025-01-03T13:19:11","modified_gmt":"2025-01-03T12:19:11","slug":"smart-home","status":"publish","type":"page","link":"https:\/\/www.enocean.com\/de\/anwendungen\/smart-home\/","title":{"rendered":"Smart Home"},"content":{"rendered":"\n<div class=\"wp-block-cover is-light eo-visualheader is-style-default\"><span aria-hidden=\"true\" class=\"wp-block-cover__background has-background-dim-0 has-background-dim\" style=\"background-color:#c4bfba\"><\/span><img decoding=\"async\" width=\"2048\" height=\"853\" class=\"wp-block-cover__image-background wp-image-27243\" alt=\"\" src=\"https:\/\/www.enocean.com\/wp-content\/uploads\/eo_applications_smart_home.jpg\" data-object-fit=\"cover\" srcset=\"https:\/\/www.enocean.com\/wp-content\/uploads\/eo_applications_smart_home.jpg 2048w, https:\/\/www.enocean.com\/wp-content\/uploads\/eo_applications_smart_home-300x125.jpg 300w, https:\/\/www.enocean.com\/wp-content\/uploads\/eo_applications_smart_home-1024x427.jpg 1024w, https:\/\/www.enocean.com\/wp-content\/uploads\/eo_applications_smart_home-150x62.jpg 150w, https:\/\/www.enocean.com\/wp-content\/uploads\/eo_applications_smart_home-768x320.jpg 768w, https:\/\/www.enocean.com\/wp-content\/uploads\/eo_applications_smart_home-1536x640.jpg 1536w\" sizes=\"(max-width: 2048px) 100vw, 2048px\" \/><div class=\"wp-block-cover__inner-container is-layout-flow wp-block-cover-is-layout-flow\">\n<p class=\"has-text-align-center has-large-font-size\"><\/p>\n<\/div><\/div>\n\n\n\n<section class=\"wp-block-uagb-section uagb-section__wrap uagb-section__background-undefined uagb-block-26f0591e\"><div class=\"uagb-section__overlay\"><\/div><div class=\"uagb-section__inner-wrap\">\n<h1 class=\"wp-block-heading\">Das Smart Home<\/h1>\n<\/div><\/section>\n\n\n\n<section class=\"wp-block-uagb-section uagb-section__wrap uagb-section__background-undefined uagb-block-64b72652\"><div class=\"uagb-section__overlay\"><\/div><div class=\"uagb-section__inner-wrap\">\n<h2 class=\"wp-block-heading\">Nachhaltig und zukunftssicher mit EnOcean<\/h2>\n\n\n\n<p>Das Smart Home ist nicht nur ein besonders komfortables Zuhause, sondern auch ein gesunder und sicherer Lebensraum. \u00dcberdies verbessert es sogar die Energieeffizienz Ihres Geb\u00e4udes.<\/p>\n\n\n\n<p>Mit energieeffizienter Heizungs- und Beleuchtungssteuerung, einer intelligenten Alarmanlage und Entertainment-Paketen machen Sie Ihr Heim im Handumdrehen smart. F\u00fcr den Einstieg kann mit batterielosen Funkl\u00f6sungen ganz einfach und ohne komplexe Verkabelung ein Basissystem eingerichtet werden, das sich sp\u00e4ter jederzeit nach Belieben erweitern l\u00e4sst&nbsp;\u2013 ganz ohne Umbauma\u00dfnahmen.<\/p>\n\n\n\n<p>Am besten funktioniert das mit unseren batterielosen Funkschaltern und -sensoren. Unsere Ger\u00e4te ersparen Ihnen l\u00e4stige Verkabelungen oder Batteriewechsel, weil sie ihre Energie aus der Umgebung beziehen: aus Bewegung, Licht oder Temperaturunterschieden. Allein durch den Druck auf einen batterielosen Schalter generieren Sie so beispielsweise die Energie, die dieser braucht, um ein Funksignal an eine Leuchte oder Jalousie zu senden. Dasselbe Prinzip verwenden Funkfenstergriffe, um offene Fenster zu melden. Unsere Temperatur-, Feuchtigkeits- und Bewegungssensoren nutzen das Raumlicht als Energiequelle.<\/p>\n\n\n\n<p>Dank unserer batterielosen Funktechnologie ist das Smart Home in der Lage, mit Ihren pers\u00f6nlichen Anforderungen zu wachsen. Das System passt sich also Ihnen an&nbsp;\u2013 nicht umgekehrt. Auf diese Weise kann es heute f\u00fcr mehr Wohnkomfort sorgen und Ihnen in sp\u00e4teren Jahren eine unverzichtbare Hilfe sein.  <\/p>\n<\/div><\/section>\n\n\n\n<section class=\"wp-block-uagb-section uagb-section__wrap uagb-section__background-undefined uagb-block-d34049db\"><div class=\"uagb-section__overlay\"><\/div><div class=\"uagb-section__inner-wrap\">\n<h2 class=\"wp-block-heading\">Anwendungsf\u00e4lle<\/h2>\n\n\n\n<section class=\"wp-block-uagb-section uagb-section__wrap uagb-section__background-undefined uagb-block-e9cfae80\"><div class=\"uagb-section__overlay\"><\/div><div class=\"uagb-section__inner-wrap\">\n<section class=\"wp-block-uagb-section uagb-section__wrap uagb-section__background-undefined uagb-block-f2f4e3b1 eo-3-spalten\"><div class=\"uagb-section__overlay\"><\/div><div class=\"uagb-section__inner-wrap\">\n<div class=\"wp-block-columns is-layout-flex wp-container-core-columns-is-layout-9d6595d7 wp-block-columns-is-layout-flex\">\n<div class=\"wp-block-column has-back-alternate-blue-background-color has-background ek-linked-block is-layout-flow wp-block-column-is-layout-flow\">\n<figure class=\"wp-block-image size-full\"><img decoding=\"async\" width=\"900\" height=\"900\" src=\"https:\/\/www.enocean.com\/wp-content\/uploads\/Schmuckbilder\/enocean-smart-building-retrofit-small.jpg\" alt=\"\" class=\"wp-image-10389\" srcset=\"https:\/\/www.enocean.com\/wp-content\/uploads\/Schmuckbilder\/enocean-smart-building-retrofit-small.jpg 900w, https:\/\/www.enocean.com\/wp-content\/uploads\/Schmuckbilder\/enocean-smart-building-retrofit-small-300x300.jpg 300w, https:\/\/www.enocean.com\/wp-content\/uploads\/Schmuckbilder\/enocean-smart-building-retrofit-small-150x150.jpg 150w, https:\/\/www.enocean.com\/wp-content\/uploads\/Schmuckbilder\/enocean-smart-building-retrofit-small-768x768.jpg 768w\" sizes=\"(max-width: 900px) 100vw, 900px\" \/><\/figure>\n\n\n\n<div class=\"wp-block-uagb-section uagb-section__wrap uagb-section__background-none uagb-block-1b6b4689\"><div class=\"uagb-section__overlay\"><\/div><div class=\"uagb-section__inner-wrap\">\n<h3 class=\"wp-block-heading\">Nachr\u00fcstung<\/h3>\n\n\n\n<p>Mit unseren Funkschaltern und -sensoren verwandeln Sie bestehende Geb\u00e4ude und sogar denkmalgesch\u00fctzte Bauten in ein intelligentes Zuhause.<\/p>\n\n\n\n<div class=\"wp-block-buttons is-horizontal is-content-justification-center is-layout-flex wp-container-core-buttons-is-layout-499968f5 wp-block-buttons-is-layout-flex\">\n<div class=\"wp-block-button is-style-transparent-button-pfeil\"><a class=\"wp-block-button__link wp-element-button\" href=\"https:\/\/www.enocean.com\/de\/anwendungen\/smart-home\/nachruestung\/\">Mehr<\/a><\/div>\n<\/div>\n<\/div><\/div>\n<\/div>\n\n\n\n<div class=\"wp-block-column has-back-alternate-blue-background-color has-background ek-linked-block is-layout-flow wp-block-column-is-layout-flow\">\n<figure class=\"wp-block-image size-full\"><img decoding=\"async\" width=\"900\" height=\"900\" src=\"https:\/\/www.enocean.com\/wp-content\/uploads\/Schmuckbilder\/enocean-smart-home-ambient-assisted-living-small.jpg\" alt=\"\" class=\"wp-image-10392\" srcset=\"https:\/\/www.enocean.com\/wp-content\/uploads\/Schmuckbilder\/enocean-smart-home-ambient-assisted-living-small.jpg 900w, https:\/\/www.enocean.com\/wp-content\/uploads\/Schmuckbilder\/enocean-smart-home-ambient-assisted-living-small-300x300.jpg 300w, https:\/\/www.enocean.com\/wp-content\/uploads\/Schmuckbilder\/enocean-smart-home-ambient-assisted-living-small-150x150.jpg 150w, https:\/\/www.enocean.com\/wp-content\/uploads\/Schmuckbilder\/enocean-smart-home-ambient-assisted-living-small-768x768.jpg 768w\" sizes=\"(max-width: 900px) 100vw, 900px\" \/><\/figure>\n\n\n\n<div class=\"wp-block-uagb-section uagb-section__wrap uagb-section__background-color uagb-block-54ad3df8\"><div class=\"uagb-section__overlay\"><\/div><div class=\"uagb-section__inner-wrap\">\n<h3 class=\"wp-block-heading\">Ambient Assisted Living<\/h3>\n\n\n\n<p>Auch im Alter komfortabel in den eigenen vier W\u00e4nden leben&nbsp;\u2013 mit EnOcean-Technologie<\/p>\n\n\n<style>.wp-block-kadence-spacer.kt-block-spacer-13920_826af6-14 .kt-block-spacer{height:16px;}.wp-block-kadence-spacer.kt-block-spacer-13920_826af6-14 .kt-divider{border-top-width:1px;height:1px;border-top-color:#eee;width:80%;border-top-style:solid;}<\/style>\n<div class=\"wp-block-kadence-spacer aligncenter kt-block-spacer-13920_826af6-14\"><div class=\"kt-block-spacer kt-block-spacer-halign-center\"><\/div><\/div>\n\n\n\n<div class=\"wp-block-buttons is-horizontal is-content-justification-center is-layout-flex wp-container-core-buttons-is-layout-499968f5 wp-block-buttons-is-layout-flex\">\n<div class=\"wp-block-button is-style-transparent-button-pfeil\"><a class=\"wp-block-button__link wp-element-button\" href=\"https:\/\/www.enocean.com\/de\/anwendungen\/gebaeudeautomation\/smart-lighting\/\">Mehr<\/a><\/div>\n<\/div>\n<\/div><\/div>\n<\/div>\n\n\n\n<div class=\"wp-block-column has-back-alternate-blue-background-color has-background ek-linked-block is-layout-flow wp-block-column-is-layout-flow\">\n<figure class=\"wp-block-image size-full\"><img decoding=\"async\" width=\"900\" height=\"900\" src=\"https:\/\/www.enocean.com\/wp-content\/uploads\/Schmuckbilder\/enocean-smart-home-smart-lighting-small.jpg\" alt=\"\" class=\"wp-image-10386\" srcset=\"https:\/\/www.enocean.com\/wp-content\/uploads\/Schmuckbilder\/enocean-smart-home-smart-lighting-small.jpg 900w, https:\/\/www.enocean.com\/wp-content\/uploads\/Schmuckbilder\/enocean-smart-home-smart-lighting-small-300x300.jpg 300w, https:\/\/www.enocean.com\/wp-content\/uploads\/Schmuckbilder\/enocean-smart-home-smart-lighting-small-150x150.jpg 150w, https:\/\/www.enocean.com\/wp-content\/uploads\/Schmuckbilder\/enocean-smart-home-smart-lighting-small-768x768.jpg 768w\" sizes=\"(max-width: 900px) 100vw, 900px\" \/><\/figure>\n\n\n\n<div class=\"wp-block-uagb-section uagb-section__wrap uagb-section__background-color uagb-block-fe7d805c\"><div class=\"uagb-section__overlay\"><\/div><div class=\"uagb-section__inner-wrap\">\n<h3 class=\"wp-block-heading\">Beleuchtung<\/h3>\n\n\n\n<p>Intelligente Beleuchtung f\u00fcr Ihr Zuhause mit unseren batterielosen Schaltermodulen f\u00fcr EnOcean-, Bluetooth- und Zigbee-Systeme<\/p>\n\n\n<style>.wp-block-kadence-spacer.kt-block-spacer-13920_dd7595-3b .kt-block-spacer{height:24px;}.wp-block-kadence-spacer.kt-block-spacer-13920_dd7595-3b .kt-divider{border-top-width:1px;height:1px;border-top-color:#eee;width:80%;border-top-style:solid;}<\/style>\n<div class=\"wp-block-kadence-spacer aligncenter kt-block-spacer-13920_dd7595-3b\"><div class=\"kt-block-spacer kt-block-spacer-halign-center\"><\/div><\/div>\n\n\n\n<div class=\"wp-block-buttons is-horizontal is-content-justification-center is-layout-flex wp-container-core-buttons-is-layout-499968f5 wp-block-buttons-is-layout-flex\">\n<div class=\"wp-block-button is-style-transparent-button-pfeil\"><a class=\"wp-block-button__link wp-element-button\" href=\"https:\/\/www.enocean.com\/de\/anwendungen\/smart-home\/beleuchtung\/\">Mehr<\/a><\/div>\n<\/div>\n<\/div><\/div>\n<\/div>\n<\/div>\n<\/div><\/section>\n<\/div><\/section>\n<\/div><\/section>\n\n\n\n<section class=\"wp-block-uagb-section uagb-section__wrap uagb-section__background-undefined uagb-block-8acfcf9f eo-2-spalten-horizontal\"><div class=\"uagb-section__overlay\"><\/div><div class=\"uagb-section__inner-wrap\">\n<h2 class=\"wp-block-heading\">Entdecken Sie die Welt des Energy Harvesting<\/h2>\n\n\n<style>.wp-block-kadence-spacer.kt-block-spacer-13920_769a62-a9 .kt-block-spacer{height:20px;}.wp-block-kadence-spacer.kt-block-spacer-13920_769a62-a9 .kt-divider{border-top-width:1px;height:1px;border-top-color:#eee;width:80%;border-top-style:solid;}<\/style>\n<div class=\"wp-block-kadence-spacer aligncenter kt-block-spacer-13920_769a62-a9\"><div class=\"kt-block-spacer kt-block-spacer-halign-center\"><\/div><\/div>\n\n\n\n<div class=\"wp-block-columns eo-single-row has-back-alternate-blue-background-color has-background is-layout-flex wp-container-core-columns-is-layout-9d6595d7 wp-block-columns-is-layout-flex\">\n<div class=\"wp-block-column is-vertically-aligned-center is-layout-flow wp-block-column-is-layout-flow\">\n<div class=\"wp-block-uagb-section uagb-section__wrap uagb-section__background-none uagb-block-32007f93\"><div class=\"uagb-section__overlay\"><\/div><div class=\"uagb-section__inner-wrap\">\n<h2 class=\"wp-block-heading\">Profitieren Sie vom Branchen-Know-how der Marktf\u00fchrer<\/h2>\n\n\n\n<p>In der EnOcean-Kundenzeitschrift Perpetuum berichten unsere Partner \u00fcber ihre neuesten Projekte. Die Fallstudien und Beitr\u00e4ge zeigen das Potenzial unserer L\u00f6sungen in den Bereichen IoT, Geb\u00e4udeautomation und Smart Home auf.<\/p>\n\n\n\n<div class=\"wp-block-buttons is-layout-flex wp-block-buttons-is-layout-flex\">\n<div class=\"wp-block-button is-style-cta-button-pfeil\"><a class=\"wp-block-button__link wp-element-button\" href=\"https:\/\/perpetuum.enocean.com\/?facets[category][0]=205&amp;facets[post-issue][0]=&amp;facets[date-range-from]=&amp;facets[date-range-to]=&amp;s=\" target=\"_blank\" rel=\"noreferrer noopener\" aria-label=\"opens a new tab\">Lesen Sie, welche Smart-Home-Anwendungen sich auszahlen <\/a><\/div>\n<\/div>\n<\/div><\/div>\n<\/div>\n\n\n\n<div class=\"wp-block-column is-layout-flow wp-block-column-is-layout-flow\">\n<figure class=\"wp-block-image size-full\"><a href=\"https:\/\/perpetuum.enocean.com\/?facets[category][0]=205&amp;facets[post-issue][0]=&amp;facets[date-range-from]=&amp;facets[date-range-to]=&amp;s=\" target=\"_blank\" rel=\"noopener\" aria-label=\"opens a new tab\"><img decoding=\"async\" src=\"https:\/\/www.enocean.com\/wp-content\/uploads\/Schmuckbilder\/enocean-partnerships-perpetuum-ausschnitt-klein.jpg\" alt=\"EnOcean-Kundenzeitschrift Perpetuum\" class=\"wp-image-10287\"\/><\/a><\/figure>\n<\/div>\n<\/div>\n<\/div><\/section>\n","protected":false},"excerpt":{"rendered":"","protected":false},"author":2,"featured_media":27107,"parent":12893,"menu_order":23,"comment_status":"closed","ping_status":"closed","template":"","meta":{"_acf_changed":false,"inline_featured_image":false,"_uag_custom_page_level_css":"","_kad_blocks_custom_css":"","_kad_blocks_head_custom_js":"","_kad_blocks_body_custom_js":"","_kad_blocks_footer_custom_js":"","footnotes":""},"class_list":["post-13920","page","type-page","status-publish","has-post-thumbnail","hentry"],"acf":[],"yoast_head":"<!-- This site is optimized with the Yoast SEO plugin v26.5 - https:\/\/yoast.com\/wordpress\/plugins\/seo\/ -->\n<title>Smart Home - EnOcean<\/title>\n<meta name=\"robots\" content=\"index, follow, max-snippet:-1, max-image-preview:large, max-video-preview:-1\" \/>\n<link rel=\"canonical\" href=\"https:\/\/www.enocean.com\/de\/anwendungen\/smart-home\/\" \/>\n<meta property=\"og:locale\" content=\"de_DE\" \/>\n<meta property=\"og:type\" content=\"article\" \/>\n<meta property=\"og:title\" content=\"Smart Home - EnOcean\" \/>\n<meta property=\"og:url\" content=\"https:\/\/www.enocean.com\/de\/anwendungen\/smart-home\/\" \/>\n<meta property=\"og:site_name\" content=\"EnOcean\" \/>\n<meta property=\"article:modified_time\" content=\"2025-01-03T12:19:11+00:00\" \/>\n<meta property=\"og:image\" content=\"https:\/\/www.enocean.com\/wp-content\/uploads\/Header\/eo_application_smart-home_02_2048x613.jpg\" \/>\n\t<meta property=\"og:image:width\" content=\"2048\" \/>\n\t<meta property=\"og:image:height\" content=\"613\" \/>\n\t<meta property=\"og:image:type\" content=\"image\/jpeg\" \/>\n<meta name=\"twitter:card\" content=\"summary_large_image\" \/>\n<meta name=\"twitter:label1\" content=\"Gesch\u00e4tzte Lesezeit\" \/>\n\t<meta name=\"twitter:data1\" content=\"3\u00a0Minuten\" \/>\n<script type=\"application\/ld+json\" class=\"yoast-schema-graph\">{\"@context\":\"https:\/\/schema.org\",\"@graph\":[{\"@type\":\"WebPage\",\"@id\":\"https:\/\/www.enocean.com\/de\/anwendungen\/smart-home\/\",\"url\":\"https:\/\/www.enocean.com\/de\/anwendungen\/smart-home\/\",\"name\":\"Smart Home - EnOcean\",\"isPartOf\":{\"@id\":\"https:\/\/www.enocean.com\/de\/#website\"},\"primaryImageOfPage\":{\"@id\":\"https:\/\/www.enocean.com\/de\/anwendungen\/smart-home\/#primaryimage\"},\"image\":{\"@id\":\"https:\/\/www.enocean.com\/de\/anwendungen\/smart-home\/#primaryimage\"},\"thumbnailUrl\":\"https:\/\/www.enocean.com\/wp-content\/uploads\/Header\/eo_applications_smart_home.jpg\",\"datePublished\":\"2021-12-10T08:26:07+00:00\",\"dateModified\":\"2025-01-03T12:19:11+00:00\",\"breadcrumb\":{\"@id\":\"https:\/\/www.enocean.com\/de\/anwendungen\/smart-home\/#breadcrumb\"},\"inLanguage\":\"de\",\"potentialAction\":[{\"@type\":\"ReadAction\",\"target\":[\"https:\/\/www.enocean.com\/de\/anwendungen\/smart-home\/\"]}]},{\"@type\":\"ImageObject\",\"inLanguage\":\"de\",\"@id\":\"https:\/\/www.enocean.com\/de\/anwendungen\/smart-home\/#primaryimage\",\"url\":\"https:\/\/www.enocean.com\/wp-content\/uploads\/Header\/eo_applications_smart_home.jpg\",\"contentUrl\":\"https:\/\/www.enocean.com\/wp-content\/uploads\/Header\/eo_applications_smart_home.jpg\",\"width\":2048,\"height\":853,\"caption\":\"EnOcean Appllication Smart Home\"},{\"@type\":\"BreadcrumbList\",\"@id\":\"https:\/\/www.enocean.com\/de\/anwendungen\/smart-home\/#breadcrumb\",\"itemListElement\":[{\"@type\":\"ListItem\",\"position\":1,\"name\":\"Startseite\",\"item\":\"https:\/\/www.enocean.com\/de\/\"},{\"@type\":\"ListItem\",\"position\":2,\"name\":\"Anwendungen\",\"item\":\"https:\/\/www.enocean.com\/de\/anwendungen\/\"},{\"@type\":\"ListItem\",\"position\":3,\"name\":\"Smart Home\"}]},{\"@type\":\"WebSite\",\"@id\":\"https:\/\/www.enocean.com\/de\/#website\",\"url\":\"https:\/\/www.enocean.com\/de\/\",\"name\":\"EnOcean\",\"description\":\"EnOcean Relaunch\",\"publisher\":{\"@id\":\"https:\/\/www.enocean.com\/de\/#organization\"},\"potentialAction\":[{\"@type\":\"SearchAction\",\"target\":{\"@type\":\"EntryPoint\",\"urlTemplate\":\"https:\/\/www.enocean.com\/de\/?s={search_term_string}\"},\"query-input\":{\"@type\":\"PropertyValueSpecification\",\"valueRequired\":true,\"valueName\":\"search_term_string\"}}],\"inLanguage\":\"de\"},{\"@type\":\"Organization\",\"@id\":\"https:\/\/www.enocean.com\/de\/#organization\",\"name\":\"EnOcean\",\"url\":\"https:\/\/www.enocean.com\/de\/\",\"logo\":{\"@type\":\"ImageObject\",\"inLanguage\":\"de\",\"@id\":\"https:\/\/www.enocean.com\/de\/#\/schema\/logo\/image\/\",\"url\":\"https:\/\/www.enocean.com\/wp-content\/uploads\/Logos\/1-1.png\",\"contentUrl\":\"https:\/\/www.enocean.com\/wp-content\/uploads\/Logos\/1-1.png\",\"width\":500,\"height\":500,\"caption\":\"EnOcean\"},\"image\":{\"@id\":\"https:\/\/www.enocean.com\/de\/#\/schema\/logo\/image\/\"},\"sameAs\":[\"https:\/\/www.linkedin.com\/company\/enocean\/\"]}]}<\/script>\n<!-- \/ Yoast SEO plugin. -->","yoast_head_json":{"title":"Smart Home - EnOcean","robots":{"index":"index","follow":"follow","max-snippet":"max-snippet:-1","max-image-preview":"max-image-preview:large","max-video-preview":"max-video-preview:-1"},"canonical":"https:\/\/www.enocean.com\/de\/anwendungen\/smart-home\/","og_locale":"de_DE","og_type":"article","og_title":"Smart Home - EnOcean","og_url":"https:\/\/www.enocean.com\/de\/anwendungen\/smart-home\/","og_site_name":"EnOcean","article_modified_time":"2025-01-03T12:19:11+00:00","og_image":[{"width":2048,"height":613,"url":"https:\/\/www.enocean.com\/wp-content\/uploads\/Header\/eo_application_smart-home_02_2048x613.jpg","type":"image\/jpeg"}],"twitter_card":"summary_large_image","twitter_misc":{"Gesch\u00e4tzte Lesezeit":"3\u00a0Minuten"},"schema":{"@context":"https:\/\/schema.org","@graph":[{"@type":"WebPage","@id":"https:\/\/www.enocean.com\/de\/anwendungen\/smart-home\/","url":"https:\/\/www.enocean.com\/de\/anwendungen\/smart-home\/","name":"Smart Home - EnOcean","isPartOf":{"@id":"https:\/\/www.enocean.com\/de\/#website"},"primaryImageOfPage":{"@id":"https:\/\/www.enocean.com\/de\/anwendungen\/smart-home\/#primaryimage"},"image":{"@id":"https:\/\/www.enocean.com\/de\/anwendungen\/smart-home\/#primaryimage"},"thumbnailUrl":"https:\/\/www.enocean.com\/wp-content\/uploads\/Header\/eo_applications_smart_home.jpg","datePublished":"2021-12-10T08:26:07+00:00","dateModified":"2025-01-03T12:19:11+00:00","breadcrumb":{"@id":"https:\/\/www.enocean.com\/de\/anwendungen\/smart-home\/#breadcrumb"},"inLanguage":"de","potentialAction":[{"@type":"ReadAction","target":["https:\/\/www.enocean.com\/de\/anwendungen\/smart-home\/"]}]},{"@type":"ImageObject","inLanguage":"de","@id":"https:\/\/www.enocean.com\/de\/anwendungen\/smart-home\/#primaryimage","url":"https:\/\/www.enocean.com\/wp-content\/uploads\/Header\/eo_applications_smart_home.jpg","contentUrl":"https:\/\/www.enocean.com\/wp-content\/uploads\/Header\/eo_applications_smart_home.jpg","width":2048,"height":853,"caption":"EnOcean Appllication Smart Home"},{"@type":"BreadcrumbList","@id":"https:\/\/www.enocean.com\/de\/anwendungen\/smart-home\/#breadcrumb","itemListElement":[{"@type":"ListItem","position":1,"name":"Startseite","item":"https:\/\/www.enocean.com\/de\/"},{"@type":"ListItem","position":2,"name":"Anwendungen","item":"https:\/\/www.enocean.com\/de\/anwendungen\/"},{"@type":"ListItem","position":3,"name":"Smart Home"}]},{"@type":"WebSite","@id":"https:\/\/www.enocean.com\/de\/#website","url":"https:\/\/www.enocean.com\/de\/","name":"EnOcean","description":"EnOcean Relaunch","publisher":{"@id":"https:\/\/www.enocean.com\/de\/#organization"},"potentialAction":[{"@type":"SearchAction","target":{"@type":"EntryPoint","urlTemplate":"https:\/\/www.enocean.com\/de\/?s={search_term_string}"},"query-input":{"@type":"PropertyValueSpecification","valueRequired":true,"valueName":"search_term_string"}}],"inLanguage":"de"},{"@type":"Organization","@id":"https:\/\/www.enocean.com\/de\/#organization","name":"EnOcean","url":"https:\/\/www.enocean.com\/de\/","logo":{"@type":"ImageObject","inLanguage":"de","@id":"https:\/\/www.enocean.com\/de\/#\/schema\/logo\/image\/","url":"https:\/\/www.enocean.com\/wp-content\/uploads\/Logos\/1-1.png","contentUrl":"https:\/\/www.enocean.com\/wp-content\/uploads\/Logos\/1-1.png","width":500,"height":500,"caption":"EnOcean"},"image":{"@id":"https:\/\/www.enocean.com\/de\/#\/schema\/logo\/image\/"},"sameAs":["https:\/\/www.linkedin.com\/company\/enocean\/"]}]}},"taxonomy_info":[],"featured_image_src_large":["https:\/\/www.enocean.com\/wp-content\/uploads\/Header\/eo_applications_smart_home-1024x427.jpg",1024,427,true],"author_info":{"display_name":"Martin Ische","author_link":"https:\/\/www.enocean.com\/de\/author\/aundiu_ische\/"},"comment_info":0,"uagb_featured_image_src":{"full":["https:\/\/www.enocean.com\/wp-content\/uploads\/Header\/eo_applications_smart_home.jpg",2048,853,false],"thumbnail":["https:\/\/www.enocean.com\/wp-content\/uploads\/Header\/eo_applications_smart_home-150x62.jpg",150,62,true],"medium":["https:\/\/www.enocean.com\/wp-content\/uploads\/Header\/eo_applications_smart_home-300x125.jpg",300,125,true],"medium_large":["https:\/\/www.enocean.com\/wp-content\/uploads\/Header\/eo_applications_smart_home-768x320.jpg",768,320,true],"large":["https:\/\/www.enocean.com\/wp-content\/uploads\/Header\/eo_applications_smart_home-1024x427.jpg",1024,427,true],"1536x1536":["https:\/\/www.enocean.com\/wp-content\/uploads\/Header\/eo_applications_smart_home-1536x640.jpg",1536,640,true],"2048x2048":["https:\/\/www.enocean.com\/wp-content\/uploads\/Header\/eo_applications_smart_home.jpg",2048,853,false]},"uagb_author_info":{"display_name":"Martin Ische","author_link":"https:\/\/www.enocean.com\/de\/author\/aundiu_ische\/"},"uagb_comment_info":0,"uagb_excerpt":null,"_links":{"self":[{"href":"https:\/\/www.enocean.com\/de\/wp-json\/wp\/v2\/pages\/13920","targetHints":{"allow":["GET"]}}],"collection":[{"href":"https:\/\/www.enocean.com\/de\/wp-json\/wp\/v2\/pages"}],"about":[{"href":"https:\/\/www.enocean.com\/de\/wp-json\/wp\/v2\/types\/page"}],"author":[{"embeddable":true,"href":"https:\/\/www.enocean.com\/de\/wp-json\/wp\/v2\/users\/2"}],"replies":[{"embeddable":true,"href":"https:\/\/www.enocean.com\/de\/wp-json\/wp\/v2\/comments?post=13920"}],"version-history":[{"count":4,"href":"https:\/\/www.enocean.com\/de\/wp-json\/wp\/v2\/pages\/13920\/revisions"}],"predecessor-version":[{"id":27276,"href":"https:\/\/www.enocean.com\/de\/wp-json\/wp\/v2\/pages\/13920\/revisions\/27276"}],"up":[{"embeddable":true,"href":"https:\/\/www.enocean.com\/de\/wp-json\/wp\/v2\/pages\/12893"}],"wp:featuredmedia":[{"embeddable":true,"href":"https:\/\/www.enocean.com\/de\/wp-json\/wp\/v2\/media\/27107"}],"wp:attachment":[{"href":"https:\/\/www.enocean.com\/de\/wp-json\/wp\/v2\/media?parent=13920"}],"curies":[{"name":"wp","href":"https:\/\/api.w.org\/{rel}","templated":true}]}}