{"id":14524,"date":"2021-12-14T14:41:56","date_gmt":"2021-12-14T14:41:56","guid":{"rendered":"https:\/\/www.enocean.com\/about-us\/management\/frank-schmidt\/"},"modified":"2024-07-01T16:22:38","modified_gmt":"2024-07-01T14:22:38","slug":"frank-schmidt","status":"publish","type":"page","link":"https:\/\/www.enocean.com\/de\/about-us\/leadership-team\/frank-schmidt\/","title":{"rendered":"Frank Schmidt"},"content":{"rendered":"\n<section class=\"wp-block-uagb-section uagb-section__wrap uagb-section__background-undefined uagb-block-4a4bd466\"><div class=\"uagb-section__overlay\"><\/div><div class=\"uagb-section__inner-wrap\">\n<div style=\"height:60px\" aria-hidden=\"true\" class=\"wp-block-spacer\"><\/div>\n\n\n\n<h1 class=\"wp-block-heading\">EnOcean Management<\/h1>\n\n\n\n<section class=\"wp-block-uagb-section uagb-section__wrap uagb-section__background-none uagb-block-161322ad\"><div class=\"uagb-section__overlay\"><\/div><div class=\"uagb-section__inner-wrap\">\n<h2 class=\"wp-block-heading\"><strong>Frank Schmidt<\/strong><\/h2>\n\n\n\n<p><span class=\"has-inline-color has-blue-color\"><strong>Chief Technology Officer und Mitgr\u00fcnder<\/strong><\/span><\/p>\n<\/div><\/section>\n\n\n<style>.wp-block-kadence-spacer.kt-block-spacer-14524_7464cd-49 .kt-block-spacer{height:6px;}.wp-block-kadence-spacer.kt-block-spacer-14524_7464cd-49 .kt-divider{border-top-width:1px;height:1px;border-top-color:#eee;width:80%;border-top-style:solid;}<\/style>\n<div class=\"wp-block-kadence-spacer aligncenter kt-block-spacer-14524_7464cd-49\"><div class=\"kt-block-spacer kt-block-spacer-halign-center\"><\/div><\/div>\n\n\n\n<section class=\"wp-block-uagb-section uagb-section__wrap uagb-section__background-none uagb-block-39bb0969\"><div class=\"uagb-section__overlay\"><\/div><div class=\"uagb-section__inner-wrap\"><div class=\"wp-block-image\">\n<figure class=\"alignright size-full is-resized\"><img decoding=\"async\" width=\"400\" height=\"600\" src=\"https:\/\/www.enocean.com\/wp-content\/uploads\/Employees\/Enocean-Frank-3_400x600.jpg\" alt=\"Frank Schmidt\" class=\"wp-image-23216\" style=\"width:200px;height:310px\" srcset=\"https:\/\/www.enocean.com\/wp-content\/uploads\/Employees\/Enocean-Frank-3_400x600.jpg 400w, https:\/\/www.enocean.com\/wp-content\/uploads\/Employees\/Enocean-Frank-3_400x600-200x300.jpg 200w, https:\/\/www.enocean.com\/wp-content\/uploads\/Employees\/Enocean-Frank-3_400x600-100x150.jpg 100w\" sizes=\"(max-width: 400px) 100vw, 400px\" \/><\/figure>\n<\/div>\n\n\n<p>Die entscheidende Rolle von Energie in allen technischen Prozessen und Systemen hat mich bereits in fr\u00fcher Jugend fasziniert. Ich konnte durch ein Studium der Physik an der Technischen Universit\u00e4t Chemnitz und sp\u00e4ter im Berufsleben, insbesondere durch viele Projekte in der zentralen Forschung und Entwicklung der Siemens AG, mein Wissen auf eine solide Basis stellen. Bereits seit 1995 hatte unser Team dort die Grundlagen der Anwendung von Umgebungsenergie erforscht und die batterielose Funktechnologie entwickelt.<br><br>Als Mitbegr\u00fcnder der EnOcean GmbH konnte ich wesentliche Impulse in Innovation und Produktentwicklung setzen und der neuen Technologie insbesondere im Geb\u00e4udesektor zum Durchbruch verhelfen. Diese Pioniert\u00e4tigkeit resultierte neben zahlreichen industriellen Massen-Produkten auch in mehr als 40 internationalen Patenten und zahlreichen Ver\u00f6ffentlichungen.<br><br>Der zunehmend bewusste Umgang mit Energie und die Verschmelzung unserer Technologie mit dem IoT hat neue Einsatzfelder geschaffen und auch breite Kreise der Industrie und Gesellschaft motiviert, batterielose Funktechnik einzusetzen.<br><br>Diese Entwicklung bringt neue Herausforderungen und erfordert weitere technologische Innovationen. Ich bin stolz darauf, diese als VP Innovation bei EnOcean und im Partner-Netzwerk voranzutreiben und meine Erfahrungen weiterzugeben.<\/p>\n<\/div><\/section>\n\n\n<style>.wp-block-kadence-spacer.kt-block-spacer-14524_6cac8c-76 .kt-block-spacer{height:20px;}.wp-block-kadence-spacer.kt-block-spacer-14524_6cac8c-76 .kt-divider{border-top-width:1px;height:1px;border-top-color:#eee;width:80%;border-top-style:solid;}<\/style>\n<div class=\"wp-block-kadence-spacer aligncenter kt-block-spacer-14524_6cac8c-76\"><div class=\"kt-block-spacer kt-block-spacer-halign-center\"><\/div><\/div>\n<\/div><\/section>\n\n\n","protected":false},"excerpt":{"rendered":"","protected":false},"author":3,"featured_media":23215,"parent":4937,"menu_order":23,"comment_status":"closed","ping_status":"closed","template":"","meta":{"_acf_changed":false,"inline_featured_image":false,"_uag_custom_page_level_css":"","_kad_blocks_custom_css":"","_kad_blocks_head_custom_js":"","_kad_blocks_body_custom_js":"","_kad_blocks_footer_custom_js":"","footnotes":""},"class_list":["post-14524","page","type-page","status-publish","has-post-thumbnail","hentry"],"acf":[],"yoast_head":"<!-- This site is optimized with the Yoast SEO plugin v26.5 - https:\/\/yoast.com\/wordpress\/plugins\/seo\/ -->\n<title>Frank Schmidt - EnOcean<\/title>\n<meta name=\"robots\" content=\"index, follow, max-snippet:-1, max-image-preview:large, max-video-preview:-1\" \/>\n<link rel=\"canonical\" href=\"https:\/\/www.enocean.com\/de\/about-us\/leadership-team\/frank-schmidt\/\" \/>\n<meta property=\"og:locale\" content=\"de_DE\" \/>\n<meta property=\"og:type\" content=\"article\" \/>\n<meta property=\"og:title\" content=\"Frank Schmidt - EnOcean\" \/>\n<meta property=\"og:url\" content=\"https:\/\/www.enocean.com\/de\/about-us\/leadership-team\/frank-schmidt\/\" \/>\n<meta property=\"og:site_name\" content=\"EnOcean\" \/>\n<meta property=\"article:modified_time\" content=\"2024-07-01T14:22:38+00:00\" \/>\n<meta property=\"og:image\" content=\"https:\/\/www.enocean.com\/wp-content\/uploads\/Employees\/Enocean-Frank-3_400x600.jpg\" \/>\n<meta name=\"twitter:card\" content=\"summary_large_image\" \/>\n<meta name=\"twitter:label1\" content=\"Gesch\u00e4tzte Lesezeit\" \/>\n\t<meta name=\"twitter:data1\" content=\"2\u00a0Minuten\" \/>\n<script type=\"application\/ld+json\" class=\"yoast-schema-graph\">{\"@context\":\"https:\/\/schema.org\",\"@graph\":[{\"@type\":\"WebPage\",\"@id\":\"https:\/\/www.enocean.com\/de\/about-us\/leadership-team\/frank-schmidt\/\",\"url\":\"https:\/\/www.enocean.com\/de\/about-us\/leadership-team\/frank-schmidt\/\",\"name\":\"Frank Schmidt - EnOcean\",\"isPartOf\":{\"@id\":\"https:\/\/www.enocean.com\/de\/#website\"},\"primaryImageOfPage\":{\"@id\":\"https:\/\/www.enocean.com\/de\/about-us\/leadership-team\/frank-schmidt\/#primaryimage\"},\"image\":{\"@id\":\"https:\/\/www.enocean.com\/de\/about-us\/leadership-team\/frank-schmidt\/#primaryimage\"},\"thumbnailUrl\":\"https:\/\/www.enocean.com\/wp-content\/uploads\/Employees\/Enocean-Frank-3_400x600.jpg\",\"datePublished\":\"2021-12-14T14:41:56+00:00\",\"dateModified\":\"2024-07-01T14:22:38+00:00\",\"breadcrumb\":{\"@id\":\"https:\/\/www.enocean.com\/de\/about-us\/leadership-team\/frank-schmidt\/#breadcrumb\"},\"inLanguage\":\"de\",\"potentialAction\":[{\"@type\":\"ReadAction\",\"target\":[\"https:\/\/www.enocean.com\/de\/about-us\/leadership-team\/frank-schmidt\/\"]}]},{\"@type\":\"ImageObject\",\"inLanguage\":\"de\",\"@id\":\"https:\/\/www.enocean.com\/de\/about-us\/leadership-team\/frank-schmidt\/#primaryimage\",\"url\":\"https:\/\/www.enocean.com\/wp-content\/uploads\/Employees\/Enocean-Frank-3_400x600.jpg\",\"contentUrl\":\"https:\/\/www.enocean.com\/wp-content\/uploads\/Employees\/Enocean-Frank-3_400x600.jpg\",\"width\":400,\"height\":600,\"caption\":\"Frank Schmidt\"},{\"@type\":\"BreadcrumbList\",\"@id\":\"https:\/\/www.enocean.com\/de\/about-us\/leadership-team\/frank-schmidt\/#breadcrumb\",\"itemListElement\":[{\"@type\":\"ListItem\",\"position\":1,\"name\":\"Startseite\",\"item\":\"https:\/\/www.enocean.com\/de\/\"},{\"@type\":\"ListItem\",\"position\":2,\"name\":\"\u00dcber EnOcean\",\"item\":\"https:\/\/www.enocean.com\/de\/about-us\/\"},{\"@type\":\"ListItem\",\"position\":3,\"name\":\"Frank Schmidt\"}]},{\"@type\":\"WebSite\",\"@id\":\"https:\/\/www.enocean.com\/de\/#website\",\"url\":\"https:\/\/www.enocean.com\/de\/\",\"name\":\"EnOcean\",\"description\":\"EnOcean Relaunch\",\"publisher\":{\"@id\":\"https:\/\/www.enocean.com\/de\/#organization\"},\"potentialAction\":[{\"@type\":\"SearchAction\",\"target\":{\"@type\":\"EntryPoint\",\"urlTemplate\":\"https:\/\/www.enocean.com\/de\/?s={search_term_string}\"},\"query-input\":{\"@type\":\"PropertyValueSpecification\",\"valueRequired\":true,\"valueName\":\"search_term_string\"}}],\"inLanguage\":\"de\"},{\"@type\":\"Organization\",\"@id\":\"https:\/\/www.enocean.com\/de\/#organization\",\"name\":\"EnOcean\",\"url\":\"https:\/\/www.enocean.com\/de\/\",\"logo\":{\"@type\":\"ImageObject\",\"inLanguage\":\"de\",\"@id\":\"https:\/\/www.enocean.com\/de\/#\/schema\/logo\/image\/\",\"url\":\"https:\/\/www.enocean.com\/wp-content\/uploads\/Logos\/1-1.png\",\"contentUrl\":\"https:\/\/www.enocean.com\/wp-content\/uploads\/Logos\/1-1.png\",\"width\":500,\"height\":500,\"caption\":\"EnOcean\"},\"image\":{\"@id\":\"https:\/\/www.enocean.com\/de\/#\/schema\/logo\/image\/\"},\"sameAs\":[\"https:\/\/www.linkedin.com\/company\/enocean\/\"]}]}<\/script>\n<!-- \/ Yoast SEO plugin. -->","yoast_head_json":{"title":"Frank Schmidt - EnOcean","robots":{"index":"index","follow":"follow","max-snippet":"max-snippet:-1","max-image-preview":"max-image-preview:large","max-video-preview":"max-video-preview:-1"},"canonical":"https:\/\/www.enocean.com\/de\/about-us\/leadership-team\/frank-schmidt\/","og_locale":"de_DE","og_type":"article","og_title":"Frank Schmidt - EnOcean","og_url":"https:\/\/www.enocean.com\/de\/about-us\/leadership-team\/frank-schmidt\/","og_site_name":"EnOcean","article_modified_time":"2024-07-01T14:22:38+00:00","og_image":[{"url":"https:\/\/www.enocean.com\/wp-content\/uploads\/Employees\/Enocean-Frank-3_400x600.jpg","type":"","width":"","height":""}],"twitter_card":"summary_large_image","twitter_misc":{"Gesch\u00e4tzte Lesezeit":"2\u00a0Minuten"},"schema":{"@context":"https:\/\/schema.org","@graph":[{"@type":"WebPage","@id":"https:\/\/www.enocean.com\/de\/about-us\/leadership-team\/frank-schmidt\/","url":"https:\/\/www.enocean.com\/de\/about-us\/leadership-team\/frank-schmidt\/","name":"Frank Schmidt - EnOcean","isPartOf":{"@id":"https:\/\/www.enocean.com\/de\/#website"},"primaryImageOfPage":{"@id":"https:\/\/www.enocean.com\/de\/about-us\/leadership-team\/frank-schmidt\/#primaryimage"},"image":{"@id":"https:\/\/www.enocean.com\/de\/about-us\/leadership-team\/frank-schmidt\/#primaryimage"},"thumbnailUrl":"https:\/\/www.enocean.com\/wp-content\/uploads\/Employees\/Enocean-Frank-3_400x600.jpg","datePublished":"2021-12-14T14:41:56+00:00","dateModified":"2024-07-01T14:22:38+00:00","breadcrumb":{"@id":"https:\/\/www.enocean.com\/de\/about-us\/leadership-team\/frank-schmidt\/#breadcrumb"},"inLanguage":"de","potentialAction":[{"@type":"ReadAction","target":["https:\/\/www.enocean.com\/de\/about-us\/leadership-team\/frank-schmidt\/"]}]},{"@type":"ImageObject","inLanguage":"de","@id":"https:\/\/www.enocean.com\/de\/about-us\/leadership-team\/frank-schmidt\/#primaryimage","url":"https:\/\/www.enocean.com\/wp-content\/uploads\/Employees\/Enocean-Frank-3_400x600.jpg","contentUrl":"https:\/\/www.enocean.com\/wp-content\/uploads\/Employees\/Enocean-Frank-3_400x600.jpg","width":400,"height":600,"caption":"Frank Schmidt"},{"@type":"BreadcrumbList","@id":"https:\/\/www.enocean.com\/de\/about-us\/leadership-team\/frank-schmidt\/#breadcrumb","itemListElement":[{"@type":"ListItem","position":1,"name":"Startseite","item":"https:\/\/www.enocean.com\/de\/"},{"@type":"ListItem","position":2,"name":"\u00dcber EnOcean","item":"https:\/\/www.enocean.com\/de\/about-us\/"},{"@type":"ListItem","position":3,"name":"Frank Schmidt"}]},{"@type":"WebSite","@id":"https:\/\/www.enocean.com\/de\/#website","url":"https:\/\/www.enocean.com\/de\/","name":"EnOcean","description":"EnOcean Relaunch","publisher":{"@id":"https:\/\/www.enocean.com\/de\/#organization"},"potentialAction":[{"@type":"SearchAction","target":{"@type":"EntryPoint","urlTemplate":"https:\/\/www.enocean.com\/de\/?s={search_term_string}"},"query-input":{"@type":"PropertyValueSpecification","valueRequired":true,"valueName":"search_term_string"}}],"inLanguage":"de"},{"@type":"Organization","@id":"https:\/\/www.enocean.com\/de\/#organization","name":"EnOcean","url":"https:\/\/www.enocean.com\/de\/","logo":{"@type":"ImageObject","inLanguage":"de","@id":"https:\/\/www.enocean.com\/de\/#\/schema\/logo\/image\/","url":"https:\/\/www.enocean.com\/wp-content\/uploads\/Logos\/1-1.png","contentUrl":"https:\/\/www.enocean.com\/wp-content\/uploads\/Logos\/1-1.png","width":500,"height":500,"caption":"EnOcean"},"image":{"@id":"https:\/\/www.enocean.com\/de\/#\/schema\/logo\/image\/"},"sameAs":["https:\/\/www.linkedin.com\/company\/enocean\/"]}]}},"taxonomy_info":[],"featured_image_src_large":["https:\/\/www.enocean.com\/wp-content\/uploads\/Employees\/Enocean-Frank-3_400x600.jpg",400,600,false],"author_info":{"display_name":"Veronika Bliem","author_link":"https:\/\/www.enocean.com\/de\/author\/enocean_bliem\/"},"comment_info":0,"uagb_featured_image_src":{"full":["https:\/\/www.enocean.com\/wp-content\/uploads\/Employees\/Enocean-Frank-3_400x600.jpg",400,600,false],"thumbnail":["https:\/\/www.enocean.com\/wp-content\/uploads\/Employees\/Enocean-Frank-3_400x600-100x150.jpg",100,150,true],"medium":["https:\/\/www.enocean.com\/wp-content\/uploads\/Employees\/Enocean-Frank-3_400x600-200x300.jpg",200,300,true],"medium_large":["https:\/\/www.enocean.com\/wp-content\/uploads\/Employees\/Enocean-Frank-3_400x600.jpg",400,600,false],"large":["https:\/\/www.enocean.com\/wp-content\/uploads\/Employees\/Enocean-Frank-3_400x600.jpg",400,600,false],"1536x1536":["https:\/\/www.enocean.com\/wp-content\/uploads\/Employees\/Enocean-Frank-3_400x600.jpg",400,600,false],"2048x2048":["https:\/\/www.enocean.com\/wp-content\/uploads\/Employees\/Enocean-Frank-3_400x600.jpg",400,600,false]},"uagb_author_info":{"display_name":"Veronika Bliem","author_link":"https:\/\/www.enocean.com\/de\/author\/enocean_bliem\/"},"uagb_comment_info":0,"uagb_excerpt":null,"_links":{"self":[{"href":"https:\/\/www.enocean.com\/de\/wp-json\/wp\/v2\/pages\/14524","targetHints":{"allow":["GET"]}}],"collection":[{"href":"https:\/\/www.enocean.com\/de\/wp-json\/wp\/v2\/pages"}],"about":[{"href":"https:\/\/www.enocean.com\/de\/wp-json\/wp\/v2\/types\/page"}],"author":[{"embeddable":true,"href":"https:\/\/www.enocean.com\/de\/wp-json\/wp\/v2\/users\/3"}],"replies":[{"embeddable":true,"href":"https:\/\/www.enocean.com\/de\/wp-json\/wp\/v2\/comments?post=14524"}],"version-history":[{"count":2,"href":"https:\/\/www.enocean.com\/de\/wp-json\/wp\/v2\/pages\/14524\/revisions"}],"predecessor-version":[{"id":23292,"href":"https:\/\/www.enocean.com\/de\/wp-json\/wp\/v2\/pages\/14524\/revisions\/23292"}],"up":[{"embeddable":true,"href":"https:\/\/www.enocean.com\/de\/wp-json\/wp\/v2\/pages\/4937"}],"wp:featuredmedia":[{"embeddable":true,"href":"https:\/\/www.enocean.com\/de\/wp-json\/wp\/v2\/media\/23215"}],"wp:attachment":[{"href":"https:\/\/www.enocean.com\/de\/wp-json\/wp\/v2\/media?parent=14524"}],"curies":[{"name":"wp","href":"https:\/\/api.w.org\/{rel}","templated":true}]}}