{"id":14528,"date":"2021-12-14T14:45:04","date_gmt":"2021-12-14T14:45:04","guid":{"rendered":"https:\/\/www.enocean.com\/about-us\/management\/matthias-kassner\/"},"modified":"2024-07-01T16:15:44","modified_gmt":"2024-07-01T14:15:44","slug":"matthias-kassner","status":"publish","type":"page","link":"https:\/\/www.enocean.com\/de\/about-us\/leadership-team\/matthias-kassner\/","title":{"rendered":"Matthias Kassner"},"content":{"rendered":"\n<section class=\"wp-block-uagb-section uagb-section__wrap uagb-section__background-undefined uagb-block-aad3a847\"><div class=\"uagb-section__overlay\"><\/div><div class=\"uagb-section__inner-wrap\"><style>.wp-block-kadence-spacer.kt-block-spacer-14528_2b6d5d-98 .kt-block-spacer{height:60px;}.wp-block-kadence-spacer.kt-block-spacer-14528_2b6d5d-98 .kt-divider{border-top-width:1px;height:1px;border-top-color:#eee;width:80%;border-top-style:solid;}<\/style>\n<div class=\"wp-block-kadence-spacer aligncenter kt-block-spacer-14528_2b6d5d-98\"><div class=\"kt-block-spacer kt-block-spacer-halign-center\"><\/div><\/div>\n\n\n\n<h1 class=\"wp-block-heading\">EnOcean Management<\/h1>\n\n\n\n<section class=\"wp-block-uagb-section uagb-section__wrap uagb-section__background-none uagb-block-b30f5f52\"><div class=\"uagb-section__overlay\"><\/div><div class=\"uagb-section__inner-wrap\">\n<h2 class=\"wp-block-heading\"><strong>Matthias Kassner<\/strong><\/h2>\n\n\n\n<p><span class=\"has-inline-color has-blue-color\"><strong>Vice President Product Marketing<\/strong><\/span><\/p>\n<\/div><\/section>\n\n\n<style>.wp-block-kadence-spacer.kt-block-spacer-14528_a72827-20 .kt-block-spacer{height:6px;}.wp-block-kadence-spacer.kt-block-spacer-14528_a72827-20 .kt-divider{border-top-width:1px;height:1px;border-top-color:#eee;width:80%;border-top-style:solid;}<\/style>\n<div class=\"wp-block-kadence-spacer aligncenter kt-block-spacer-14528_a72827-20\"><div class=\"kt-block-spacer kt-block-spacer-halign-center\"><\/div><\/div>\n\n\n\n<section class=\"wp-block-uagb-section uagb-section__wrap uagb-section__background-none uagb-block-85978244\"><div class=\"uagb-section__overlay\"><\/div><div class=\"uagb-section__inner-wrap\"><div class=\"wp-block-image\">\n<figure class=\"alignright size-full is-resized\"><img decoding=\"async\" src=\"https:\/\/www.enocean.com\/wp-content\/uploads\/Employees\/Enocean-Matthias-7-2a_400x600.jpg\" alt=\"Matthias Kassner\" class=\"wp-image-23222\" style=\"width:200px;height:310px\"\/><\/figure>\n<\/div>\n\n\n<p>Meine Leidenschaft f\u00fcr drahtlose Kommunikation begann bereits in der Grundschule, als ich mein erstes Radio gebaut hatte, und sie begleitet mich bis heute.<br><br>Bevor ich 2013 zu EnOcean kam, war ich 12 Jahre bei Texas Instruments (TI) in verschiedenen Positionen t\u00e4tig: vom SW-Entwickler und Wireless Field Application Engineer bis zum EMEA Product Marketing Manager f\u00fcr das Anwendungsprozessor-Portfolio von TI.<br><br>Bei EnOcean leite ich das Product Marketing Team, das f\u00fcr die Definition unserer Energy Harvesting-L\u00f6sungen verantwortlich ist. Unsere Produkte liefern IoT-Sensordaten, die unser t\u00e4gliches Leben intelligenter, komfortabler und nachhaltiger gestalten.<br><br>Die L\u00f6sungen von EnOcean funktionieren g\u00e4nzlich ohne Kabel \u2013 sie erzeugen die ben\u00f6tigte Energie aus ihrer Umgebung und kommunizieren \u00fcber offene Funkstandards. Unser Team arbeitet t\u00e4glich daran, das EnOcean-Portfolio kontinuierlich zu verbessern und neue, innovative Anwendungen f\u00fcr Energy Harvesting-Ger\u00e4te zu erm\u00f6glichen. Es ist genau diese Mischung aus innovativer Technologie und Nachhaltigkeit, die EnOcean f\u00fcr mich so spannend macht. Wir stehen erst am Anfang der IoT-Revolution, doch energieautarke Sensoren werden ein wesentlicher Bestandteil davon sein.<\/p>\n<\/div><\/section>\n\n\n<style>.wp-block-kadence-spacer.kt-block-spacer-14528_fe605d-cf .kt-block-spacer{height:20px;}.wp-block-kadence-spacer.kt-block-spacer-14528_fe605d-cf .kt-divider{border-top-width:1px;height:1px;border-top-color:#eee;width:80%;border-top-style:solid;}<\/style>\n<div class=\"wp-block-kadence-spacer aligncenter kt-block-spacer-14528_fe605d-cf\"><div class=\"kt-block-spacer kt-block-spacer-halign-center\"><\/div><\/div>\n<\/div><\/section>\n\n\n\n<section class=\"wp-block-uagb-section uagb-section__wrap uagb-section__background-undefined uagb-block-e9c8cd86\"><div class=\"uagb-section__overlay\"><\/div><div class=\"uagb-section__inner-wrap\"><\/div><\/section>\n","protected":false},"excerpt":{"rendered":"","protected":false},"author":3,"featured_media":23221,"parent":4937,"menu_order":2,"comment_status":"closed","ping_status":"closed","template":"","meta":{"_acf_changed":false,"inline_featured_image":false,"_uag_custom_page_level_css":"","_kad_blocks_custom_css":"","_kad_blocks_head_custom_js":"","_kad_blocks_body_custom_js":"","_kad_blocks_footer_custom_js":"","footnotes":""},"class_list":["post-14528","page","type-page","status-publish","has-post-thumbnail","hentry"],"acf":[],"yoast_head":"<!-- This site is optimized with the Yoast SEO plugin v26.5 - https:\/\/yoast.com\/wordpress\/plugins\/seo\/ -->\n<title>Matthias Kassner - EnOcean<\/title>\n<meta name=\"robots\" content=\"index, follow, max-snippet:-1, max-image-preview:large, max-video-preview:-1\" \/>\n<link rel=\"canonical\" href=\"https:\/\/www.enocean.com\/de\/about-us\/leadership-team\/matthias-kassner\/\" \/>\n<meta property=\"og:locale\" content=\"de_DE\" \/>\n<meta property=\"og:type\" content=\"article\" \/>\n<meta property=\"og:title\" content=\"Matthias Kassner - EnOcean\" \/>\n<meta property=\"og:url\" content=\"https:\/\/www.enocean.com\/de\/about-us\/leadership-team\/matthias-kassner\/\" \/>\n<meta property=\"og:site_name\" content=\"EnOcean\" \/>\n<meta property=\"article:modified_time\" content=\"2024-07-01T14:15:44+00:00\" \/>\n<meta property=\"og:image\" content=\"https:\/\/www.enocean.com\/wp-content\/uploads\/Employees\/Enocean-Matthias-7-2a_400x600.jpg\" \/>\n\t<meta property=\"og:image:width\" content=\"400\" \/>\n\t<meta property=\"og:image:height\" content=\"600\" \/>\n\t<meta property=\"og:image:type\" content=\"image\/jpeg\" \/>\n<meta name=\"twitter:card\" content=\"summary_large_image\" \/>\n<meta name=\"twitter:label1\" content=\"Gesch\u00e4tzte Lesezeit\" \/>\n\t<meta name=\"twitter:data1\" content=\"2\u00a0Minuten\" \/>\n<script type=\"application\/ld+json\" class=\"yoast-schema-graph\">{\"@context\":\"https:\/\/schema.org\",\"@graph\":[{\"@type\":\"WebPage\",\"@id\":\"https:\/\/www.enocean.com\/de\/about-us\/leadership-team\/matthias-kassner\/\",\"url\":\"https:\/\/www.enocean.com\/de\/about-us\/leadership-team\/matthias-kassner\/\",\"name\":\"Matthias Kassner - EnOcean\",\"isPartOf\":{\"@id\":\"https:\/\/www.enocean.com\/de\/#website\"},\"primaryImageOfPage\":{\"@id\":\"https:\/\/www.enocean.com\/de\/about-us\/leadership-team\/matthias-kassner\/#primaryimage\"},\"image\":{\"@id\":\"https:\/\/www.enocean.com\/de\/about-us\/leadership-team\/matthias-kassner\/#primaryimage\"},\"thumbnailUrl\":\"https:\/\/www.enocean.com\/wp-content\/uploads\/Employees\/Enocean-Matthias-7-2a_400x600.jpg\",\"datePublished\":\"2021-12-14T14:45:04+00:00\",\"dateModified\":\"2024-07-01T14:15:44+00:00\",\"breadcrumb\":{\"@id\":\"https:\/\/www.enocean.com\/de\/about-us\/leadership-team\/matthias-kassner\/#breadcrumb\"},\"inLanguage\":\"de\",\"potentialAction\":[{\"@type\":\"ReadAction\",\"target\":[\"https:\/\/www.enocean.com\/de\/about-us\/leadership-team\/matthias-kassner\/\"]}]},{\"@type\":\"ImageObject\",\"inLanguage\":\"de\",\"@id\":\"https:\/\/www.enocean.com\/de\/about-us\/leadership-team\/matthias-kassner\/#primaryimage\",\"url\":\"https:\/\/www.enocean.com\/wp-content\/uploads\/Employees\/Enocean-Matthias-7-2a_400x600.jpg\",\"contentUrl\":\"https:\/\/www.enocean.com\/wp-content\/uploads\/Employees\/Enocean-Matthias-7-2a_400x600.jpg\",\"width\":400,\"height\":600,\"caption\":\"Matthias Kassner\"},{\"@type\":\"BreadcrumbList\",\"@id\":\"https:\/\/www.enocean.com\/de\/about-us\/leadership-team\/matthias-kassner\/#breadcrumb\",\"itemListElement\":[{\"@type\":\"ListItem\",\"position\":1,\"name\":\"Startseite\",\"item\":\"https:\/\/www.enocean.com\/de\/\"},{\"@type\":\"ListItem\",\"position\":2,\"name\":\"\u00dcber EnOcean\",\"item\":\"https:\/\/www.enocean.com\/de\/about-us\/\"},{\"@type\":\"ListItem\",\"position\":3,\"name\":\"Leadership Team\",\"item\":\"https:\/\/www.enocean.com\/de\/about-us\/leadership-team\/\"},{\"@type\":\"ListItem\",\"position\":4,\"name\":\"Matthias Kassner\"}]},{\"@type\":\"WebSite\",\"@id\":\"https:\/\/www.enocean.com\/de\/#website\",\"url\":\"https:\/\/www.enocean.com\/de\/\",\"name\":\"EnOcean\",\"description\":\"EnOcean Relaunch\",\"publisher\":{\"@id\":\"https:\/\/www.enocean.com\/de\/#organization\"},\"potentialAction\":[{\"@type\":\"SearchAction\",\"target\":{\"@type\":\"EntryPoint\",\"urlTemplate\":\"https:\/\/www.enocean.com\/de\/?s={search_term_string}\"},\"query-input\":{\"@type\":\"PropertyValueSpecification\",\"valueRequired\":true,\"valueName\":\"search_term_string\"}}],\"inLanguage\":\"de\"},{\"@type\":\"Organization\",\"@id\":\"https:\/\/www.enocean.com\/de\/#organization\",\"name\":\"EnOcean\",\"url\":\"https:\/\/www.enocean.com\/de\/\",\"logo\":{\"@type\":\"ImageObject\",\"inLanguage\":\"de\",\"@id\":\"https:\/\/www.enocean.com\/de\/#\/schema\/logo\/image\/\",\"url\":\"https:\/\/www.enocean.com\/wp-content\/uploads\/Logos\/1-1.png\",\"contentUrl\":\"https:\/\/www.enocean.com\/wp-content\/uploads\/Logos\/1-1.png\",\"width\":500,\"height\":500,\"caption\":\"EnOcean\"},\"image\":{\"@id\":\"https:\/\/www.enocean.com\/de\/#\/schema\/logo\/image\/\"},\"sameAs\":[\"https:\/\/www.linkedin.com\/company\/enocean\/\"]}]}<\/script>\n<!-- \/ Yoast SEO plugin. -->","yoast_head_json":{"title":"Matthias Kassner - EnOcean","robots":{"index":"index","follow":"follow","max-snippet":"max-snippet:-1","max-image-preview":"max-image-preview:large","max-video-preview":"max-video-preview:-1"},"canonical":"https:\/\/www.enocean.com\/de\/about-us\/leadership-team\/matthias-kassner\/","og_locale":"de_DE","og_type":"article","og_title":"Matthias Kassner - EnOcean","og_url":"https:\/\/www.enocean.com\/de\/about-us\/leadership-team\/matthias-kassner\/","og_site_name":"EnOcean","article_modified_time":"2024-07-01T14:15:44+00:00","og_image":[{"width":400,"height":600,"url":"https:\/\/www.enocean.com\/wp-content\/uploads\/Employees\/Enocean-Matthias-7-2a_400x600.jpg","type":"image\/jpeg"}],"twitter_card":"summary_large_image","twitter_misc":{"Gesch\u00e4tzte Lesezeit":"2\u00a0Minuten"},"schema":{"@context":"https:\/\/schema.org","@graph":[{"@type":"WebPage","@id":"https:\/\/www.enocean.com\/de\/about-us\/leadership-team\/matthias-kassner\/","url":"https:\/\/www.enocean.com\/de\/about-us\/leadership-team\/matthias-kassner\/","name":"Matthias Kassner - EnOcean","isPartOf":{"@id":"https:\/\/www.enocean.com\/de\/#website"},"primaryImageOfPage":{"@id":"https:\/\/www.enocean.com\/de\/about-us\/leadership-team\/matthias-kassner\/#primaryimage"},"image":{"@id":"https:\/\/www.enocean.com\/de\/about-us\/leadership-team\/matthias-kassner\/#primaryimage"},"thumbnailUrl":"https:\/\/www.enocean.com\/wp-content\/uploads\/Employees\/Enocean-Matthias-7-2a_400x600.jpg","datePublished":"2021-12-14T14:45:04+00:00","dateModified":"2024-07-01T14:15:44+00:00","breadcrumb":{"@id":"https:\/\/www.enocean.com\/de\/about-us\/leadership-team\/matthias-kassner\/#breadcrumb"},"inLanguage":"de","potentialAction":[{"@type":"ReadAction","target":["https:\/\/www.enocean.com\/de\/about-us\/leadership-team\/matthias-kassner\/"]}]},{"@type":"ImageObject","inLanguage":"de","@id":"https:\/\/www.enocean.com\/de\/about-us\/leadership-team\/matthias-kassner\/#primaryimage","url":"https:\/\/www.enocean.com\/wp-content\/uploads\/Employees\/Enocean-Matthias-7-2a_400x600.jpg","contentUrl":"https:\/\/www.enocean.com\/wp-content\/uploads\/Employees\/Enocean-Matthias-7-2a_400x600.jpg","width":400,"height":600,"caption":"Matthias Kassner"},{"@type":"BreadcrumbList","@id":"https:\/\/www.enocean.com\/de\/about-us\/leadership-team\/matthias-kassner\/#breadcrumb","itemListElement":[{"@type":"ListItem","position":1,"name":"Startseite","item":"https:\/\/www.enocean.com\/de\/"},{"@type":"ListItem","position":2,"name":"\u00dcber EnOcean","item":"https:\/\/www.enocean.com\/de\/about-us\/"},{"@type":"ListItem","position":3,"name":"Leadership Team","item":"https:\/\/www.enocean.com\/de\/about-us\/leadership-team\/"},{"@type":"ListItem","position":4,"name":"Matthias Kassner"}]},{"@type":"WebSite","@id":"https:\/\/www.enocean.com\/de\/#website","url":"https:\/\/www.enocean.com\/de\/","name":"EnOcean","description":"EnOcean Relaunch","publisher":{"@id":"https:\/\/www.enocean.com\/de\/#organization"},"potentialAction":[{"@type":"SearchAction","target":{"@type":"EntryPoint","urlTemplate":"https:\/\/www.enocean.com\/de\/?s={search_term_string}"},"query-input":{"@type":"PropertyValueSpecification","valueRequired":true,"valueName":"search_term_string"}}],"inLanguage":"de"},{"@type":"Organization","@id":"https:\/\/www.enocean.com\/de\/#organization","name":"EnOcean","url":"https:\/\/www.enocean.com\/de\/","logo":{"@type":"ImageObject","inLanguage":"de","@id":"https:\/\/www.enocean.com\/de\/#\/schema\/logo\/image\/","url":"https:\/\/www.enocean.com\/wp-content\/uploads\/Logos\/1-1.png","contentUrl":"https:\/\/www.enocean.com\/wp-content\/uploads\/Logos\/1-1.png","width":500,"height":500,"caption":"EnOcean"},"image":{"@id":"https:\/\/www.enocean.com\/de\/#\/schema\/logo\/image\/"},"sameAs":["https:\/\/www.linkedin.com\/company\/enocean\/"]}]}},"taxonomy_info":[],"featured_image_src_large":["https:\/\/www.enocean.com\/wp-content\/uploads\/Employees\/Enocean-Matthias-7-2a_400x600.jpg",400,600,false],"author_info":{"display_name":"Veronika Bliem","author_link":"https:\/\/www.enocean.com\/de\/author\/enocean_bliem\/"},"comment_info":0,"uagb_featured_image_src":{"full":["https:\/\/www.enocean.com\/wp-content\/uploads\/Employees\/Enocean-Matthias-7-2a_400x600.jpg",400,600,false],"thumbnail":["https:\/\/www.enocean.com\/wp-content\/uploads\/Employees\/Enocean-Matthias-7-2a_400x600-100x150.jpg",100,150,true],"medium":["https:\/\/www.enocean.com\/wp-content\/uploads\/Employees\/Enocean-Matthias-7-2a_400x600-200x300.jpg",200,300,true],"medium_large":["https:\/\/www.enocean.com\/wp-content\/uploads\/Employees\/Enocean-Matthias-7-2a_400x600.jpg",400,600,false],"large":["https:\/\/www.enocean.com\/wp-content\/uploads\/Employees\/Enocean-Matthias-7-2a_400x600.jpg",400,600,false],"1536x1536":["https:\/\/www.enocean.com\/wp-content\/uploads\/Employees\/Enocean-Matthias-7-2a_400x600.jpg",400,600,false],"2048x2048":["https:\/\/www.enocean.com\/wp-content\/uploads\/Employees\/Enocean-Matthias-7-2a_400x600.jpg",400,600,false]},"uagb_author_info":{"display_name":"Veronika Bliem","author_link":"https:\/\/www.enocean.com\/de\/author\/enocean_bliem\/"},"uagb_comment_info":0,"uagb_excerpt":null,"_links":{"self":[{"href":"https:\/\/www.enocean.com\/de\/wp-json\/wp\/v2\/pages\/14528","targetHints":{"allow":["GET"]}}],"collection":[{"href":"https:\/\/www.enocean.com\/de\/wp-json\/wp\/v2\/pages"}],"about":[{"href":"https:\/\/www.enocean.com\/de\/wp-json\/wp\/v2\/types\/page"}],"author":[{"embeddable":true,"href":"https:\/\/www.enocean.com\/de\/wp-json\/wp\/v2\/users\/3"}],"replies":[{"embeddable":true,"href":"https:\/\/www.enocean.com\/de\/wp-json\/wp\/v2\/comments?post=14528"}],"version-history":[{"count":1,"href":"https:\/\/www.enocean.com\/de\/wp-json\/wp\/v2\/pages\/14528\/revisions"}],"predecessor-version":[{"id":23286,"href":"https:\/\/www.enocean.com\/de\/wp-json\/wp\/v2\/pages\/14528\/revisions\/23286"}],"up":[{"embeddable":true,"href":"https:\/\/www.enocean.com\/de\/wp-json\/wp\/v2\/pages\/4937"}],"wp:featuredmedia":[{"embeddable":true,"href":"https:\/\/www.enocean.com\/de\/wp-json\/wp\/v2\/media\/23221"}],"wp:attachment":[{"href":"https:\/\/www.enocean.com\/de\/wp-json\/wp\/v2\/media?parent=14528"}],"curies":[{"name":"wp","href":"https:\/\/api.w.org\/{rel}","templated":true}]}}