{"id":14723,"date":"2021-12-15T12:04:04","date_gmt":"2021-12-15T12:04:04","guid":{"rendered":"https:\/\/www.enocean.com\/news\/newsletter\/"},"modified":"2026-03-18T11:08:30","modified_gmt":"2026-03-18T10:08:30","slug":"newsletter","status":"publish","type":"page","link":"https:\/\/www.enocean.com\/de\/news\/newsletter\/","title":{"rendered":"Newsletter"},"content":{"rendered":"\n<div class=\"wp-block-cover is-light eo-visualheader is-style-default\"><img decoding=\"async\" width=\"2048\" height=\"613\" class=\"wp-block-cover__image-background wp-image-27730\" alt=\"\" src=\"https:\/\/www.enocean.com\/wp-content\/uploads\/Header\/eo_smart_spaces_2048x613-1.jpg\" style=\"object-position:38% 42%\" data-object-fit=\"cover\" data-object-position=\"38% 42%\" srcset=\"https:\/\/www.enocean.com\/wp-content\/uploads\/Header\/eo_smart_spaces_2048x613-1.jpg 2048w, https:\/\/www.enocean.com\/wp-content\/uploads\/Header\/eo_smart_spaces_2048x613-1-300x90.jpg 300w, https:\/\/www.enocean.com\/wp-content\/uploads\/Header\/eo_smart_spaces_2048x613-1-1024x307.jpg 1024w, https:\/\/www.enocean.com\/wp-content\/uploads\/Header\/eo_smart_spaces_2048x613-1-150x45.jpg 150w, https:\/\/www.enocean.com\/wp-content\/uploads\/Header\/eo_smart_spaces_2048x613-1-768x230.jpg 768w, https:\/\/www.enocean.com\/wp-content\/uploads\/Header\/eo_smart_spaces_2048x613-1-1536x460.jpg 1536w\" sizes=\"(max-width: 2048px) 100vw, 2048px\" \/><span aria-hidden=\"true\" class=\"wp-block-cover__background has-background-dim-0 has-background-dim\" style=\"background-color:#aeabaf\"><\/span><div class=\"wp-block-cover__inner-container is-layout-flow wp-block-cover-is-layout-flow\">\n<p class=\"has-text-align-center has-large-font-size\"><\/p>\n<\/div><\/div>\n\n\n\n<section class=\"wp-block-uagb-section uagb-section__wrap uagb-section__background-undefined uagb-block-cb9d2748\"><div class=\"uagb-section__overlay\"><\/div><div class=\"uagb-section__inner-wrap\">\n<h1 class=\"wp-block-heading\">Newsletter<\/h1>\n\n\n<style>.wp-block-kadence-spacer.kt-block-spacer-14723_6d7023-ad .kt-block-spacer{height:20px;}.wp-block-kadence-spacer.kt-block-spacer-14723_6d7023-ad .kt-divider{border-top-width:1px;height:1px;border-top-color:#eee;width:80%;border-top-style:solid;}<\/style>\n<div class=\"wp-block-kadence-spacer aligncenter kt-block-spacer-14723_6d7023-ad\"><div class=\"kt-block-spacer kt-block-spacer-halign-center\"><\/div><\/div>\n\n\n\n<h2 class=\"wp-block-heading\">Bleiben Sie auf dem Laufenden mit dem EnOcean-Newsletter<\/h2>\n\n\n\n<p>Bleiben Sie mit der EnOcean-Welt in Kontakt und erhalten Sie die neuesten Nachrichten direkt in Ihr Postfach. Unser Newsletter informiert Fachleute und Organisationen in den Bereichen IoT und Smart Building \u00fcber spannende Projekte, aktuelle Ereignisse und neue Produkte, die auf ihre gesch\u00e4ftlichen Bed\u00fcrfnisse zugeschnitten sind.<\/p>\n<\/div><\/section>\n\n\n\n<section class=\"wp-block-uagb-section uagb-section__wrap uagb-section__background-undefined uagb-block-6962ce08\"><div class=\"uagb-section__overlay\"><\/div><div class=\"uagb-section__inner-wrap\">\n<!-- Insert these code snippets into your external site page in the order shown. -->\n<!-- Insert these <script> tags directly above the embedded form. -->\n<script async=\"async\" src=\"https:\/\/enoceangmbh.my.site.com\/lp\/assets\/scripts\/external-forms-host.min.js\"><\/script>\n<script async=\"async\" src=\"https:\/\/enoceangmbh.my.site.com\/lp\/assets\/lightning_out_embed\/prod\/en-US\/MCQ5DRZ7Q3IJEUJAJNJX7BQQI6TM.js\" onload=\"window.sfdc_forms?sfdc_forms.init():window.sfdc_forms={loReady:!0}\"><\/script>\n<!-- This tag contains the form. Add it to your page where you want the form to be located. -->\n<fragment-z4viyfqrpvqnjqw1t2lyw40ckekpr49s402629d5aa5 title=\"Marketing Form\" id=\"container\" data-web-tracking=\"true\" data-external-form=\"true\" data-recaptcha-site-key=\"\"><\/fragment-z4viyfqrpvqnjqw1t2lyw40ckekpr49s402629d5aa5>\n\n<\/div><\/section>\n\n\n<style>.wp-block-kadence-spacer.kt-block-spacer-14723_0967a5-ac .kt-block-spacer{height:57px;}.wp-block-kadence-spacer.kt-block-spacer-14723_0967a5-ac .kt-divider{border-top-width:1px;height:1px;border-top-color:#eee;width:80%;border-top-style:solid;}<\/style>\n<div class=\"wp-block-kadence-spacer aligncenter kt-block-spacer-14723_0967a5-ac\"><div class=\"kt-block-spacer kt-block-spacer-halign-center\"><\/div><\/div>\n","protected":false},"excerpt":{"rendered":"","protected":false},"author":3,"featured_media":27730,"parent":12894,"menu_order":23,"comment_status":"closed","ping_status":"closed","template":"","meta":{"_acf_changed":false,"inline_featured_image":false,"_uag_custom_page_level_css":"","_kad_blocks_custom_css":"","_kad_blocks_head_custom_js":"","_kad_blocks_body_custom_js":"","_kad_blocks_footer_custom_js":"","footnotes":""},"class_list":["post-14723","page","type-page","status-publish","has-post-thumbnail","hentry"],"acf":[],"yoast_head":"<!-- This site is optimized with the Yoast SEO plugin v26.5 - https:\/\/yoast.com\/wordpress\/plugins\/seo\/ -->\n<title>Newsletter - EnOcean<\/title>\n<meta name=\"robots\" content=\"index, follow, max-snippet:-1, max-image-preview:large, max-video-preview:-1\" \/>\n<link rel=\"canonical\" href=\"https:\/\/www.enocean.com\/de\/news\/newsletter\/\" \/>\n<meta property=\"og:locale\" content=\"de_DE\" \/>\n<meta property=\"og:type\" content=\"article\" \/>\n<meta property=\"og:title\" content=\"Newsletter - EnOcean\" \/>\n<meta property=\"og:url\" content=\"https:\/\/www.enocean.com\/de\/news\/newsletter\/\" \/>\n<meta property=\"og:site_name\" content=\"EnOcean\" \/>\n<meta property=\"article:modified_time\" content=\"2026-03-18T10:08:30+00:00\" \/>\n<meta property=\"og:image\" content=\"https:\/\/www.enocean.com\/wp-content\/uploads\/Header\/eo_smart_spaces_2048x613-1.jpg\" \/>\n\t<meta property=\"og:image:width\" content=\"2048\" \/>\n\t<meta property=\"og:image:height\" content=\"613\" \/>\n\t<meta property=\"og:image:type\" content=\"image\/jpeg\" \/>\n<meta name=\"twitter:card\" content=\"summary_large_image\" \/>\n<meta name=\"twitter:label1\" content=\"Gesch\u00e4tzte Lesezeit\" \/>\n\t<meta name=\"twitter:data1\" content=\"1\u00a0Minute\" \/>\n<script type=\"application\/ld+json\" class=\"yoast-schema-graph\">{\"@context\":\"https:\/\/schema.org\",\"@graph\":[{\"@type\":\"WebPage\",\"@id\":\"https:\/\/www.enocean.com\/de\/news\/newsletter\/\",\"url\":\"https:\/\/www.enocean.com\/de\/news\/newsletter\/\",\"name\":\"Newsletter - EnOcean\",\"isPartOf\":{\"@id\":\"https:\/\/www.enocean.com\/de\/#website\"},\"primaryImageOfPage\":{\"@id\":\"https:\/\/www.enocean.com\/de\/news\/newsletter\/#primaryimage\"},\"image\":{\"@id\":\"https:\/\/www.enocean.com\/de\/news\/newsletter\/#primaryimage\"},\"thumbnailUrl\":\"https:\/\/www.enocean.com\/wp-content\/uploads\/Header\/eo_smart_spaces_2048x613-1.jpg\",\"datePublished\":\"2021-12-15T12:04:04+00:00\",\"dateModified\":\"2026-03-18T10:08:30+00:00\",\"breadcrumb\":{\"@id\":\"https:\/\/www.enocean.com\/de\/news\/newsletter\/#breadcrumb\"},\"inLanguage\":\"de\",\"potentialAction\":[{\"@type\":\"ReadAction\",\"target\":[\"https:\/\/www.enocean.com\/de\/news\/newsletter\/\"]}]},{\"@type\":\"ImageObject\",\"inLanguage\":\"de\",\"@id\":\"https:\/\/www.enocean.com\/de\/news\/newsletter\/#primaryimage\",\"url\":\"https:\/\/www.enocean.com\/wp-content\/uploads\/Header\/eo_smart_spaces_2048x613-1.jpg\",\"contentUrl\":\"https:\/\/www.enocean.com\/wp-content\/uploads\/Header\/eo_smart_spaces_2048x613-1.jpg\",\"width\":2048,\"height\":613},{\"@type\":\"BreadcrumbList\",\"@id\":\"https:\/\/www.enocean.com\/de\/news\/newsletter\/#breadcrumb\",\"itemListElement\":[{\"@type\":\"ListItem\",\"position\":1,\"name\":\"Startseite\",\"item\":\"https:\/\/www.enocean.com\/de\/\"},{\"@type\":\"ListItem\",\"position\":2,\"name\":\"News\",\"item\":\"https:\/\/www.enocean.com\/de\/news\/\"},{\"@type\":\"ListItem\",\"position\":3,\"name\":\"Newsletter\"}]},{\"@type\":\"WebSite\",\"@id\":\"https:\/\/www.enocean.com\/de\/#website\",\"url\":\"https:\/\/www.enocean.com\/de\/\",\"name\":\"EnOcean\",\"description\":\"EnOcean Relaunch\",\"publisher\":{\"@id\":\"https:\/\/www.enocean.com\/de\/#organization\"},\"potentialAction\":[{\"@type\":\"SearchAction\",\"target\":{\"@type\":\"EntryPoint\",\"urlTemplate\":\"https:\/\/www.enocean.com\/de\/?s={search_term_string}\"},\"query-input\":{\"@type\":\"PropertyValueSpecification\",\"valueRequired\":true,\"valueName\":\"search_term_string\"}}],\"inLanguage\":\"de\"},{\"@type\":\"Organization\",\"@id\":\"https:\/\/www.enocean.com\/de\/#organization\",\"name\":\"EnOcean\",\"url\":\"https:\/\/www.enocean.com\/de\/\",\"logo\":{\"@type\":\"ImageObject\",\"inLanguage\":\"de\",\"@id\":\"https:\/\/www.enocean.com\/de\/#\/schema\/logo\/image\/\",\"url\":\"https:\/\/www.enocean.com\/wp-content\/uploads\/Logos\/1-1.png\",\"contentUrl\":\"https:\/\/www.enocean.com\/wp-content\/uploads\/Logos\/1-1.png\",\"width\":500,\"height\":500,\"caption\":\"EnOcean\"},\"image\":{\"@id\":\"https:\/\/www.enocean.com\/de\/#\/schema\/logo\/image\/\"},\"sameAs\":[\"https:\/\/www.linkedin.com\/company\/enocean\/\"]}]}<\/script>\n<!-- \/ Yoast SEO plugin. -->","yoast_head_json":{"title":"Newsletter - EnOcean","robots":{"index":"index","follow":"follow","max-snippet":"max-snippet:-1","max-image-preview":"max-image-preview:large","max-video-preview":"max-video-preview:-1"},"canonical":"https:\/\/www.enocean.com\/de\/news\/newsletter\/","og_locale":"de_DE","og_type":"article","og_title":"Newsletter - EnOcean","og_url":"https:\/\/www.enocean.com\/de\/news\/newsletter\/","og_site_name":"EnOcean","article_modified_time":"2026-03-18T10:08:30+00:00","og_image":[{"width":2048,"height":613,"url":"https:\/\/www.enocean.com\/wp-content\/uploads\/Header\/eo_smart_spaces_2048x613-1.jpg","type":"image\/jpeg"}],"twitter_card":"summary_large_image","twitter_misc":{"Gesch\u00e4tzte Lesezeit":"1\u00a0Minute"},"schema":{"@context":"https:\/\/schema.org","@graph":[{"@type":"WebPage","@id":"https:\/\/www.enocean.com\/de\/news\/newsletter\/","url":"https:\/\/www.enocean.com\/de\/news\/newsletter\/","name":"Newsletter - EnOcean","isPartOf":{"@id":"https:\/\/www.enocean.com\/de\/#website"},"primaryImageOfPage":{"@id":"https:\/\/www.enocean.com\/de\/news\/newsletter\/#primaryimage"},"image":{"@id":"https:\/\/www.enocean.com\/de\/news\/newsletter\/#primaryimage"},"thumbnailUrl":"https:\/\/www.enocean.com\/wp-content\/uploads\/Header\/eo_smart_spaces_2048x613-1.jpg","datePublished":"2021-12-15T12:04:04+00:00","dateModified":"2026-03-18T10:08:30+00:00","breadcrumb":{"@id":"https:\/\/www.enocean.com\/de\/news\/newsletter\/#breadcrumb"},"inLanguage":"de","potentialAction":[{"@type":"ReadAction","target":["https:\/\/www.enocean.com\/de\/news\/newsletter\/"]}]},{"@type":"ImageObject","inLanguage":"de","@id":"https:\/\/www.enocean.com\/de\/news\/newsletter\/#primaryimage","url":"https:\/\/www.enocean.com\/wp-content\/uploads\/Header\/eo_smart_spaces_2048x613-1.jpg","contentUrl":"https:\/\/www.enocean.com\/wp-content\/uploads\/Header\/eo_smart_spaces_2048x613-1.jpg","width":2048,"height":613},{"@type":"BreadcrumbList","@id":"https:\/\/www.enocean.com\/de\/news\/newsletter\/#breadcrumb","itemListElement":[{"@type":"ListItem","position":1,"name":"Startseite","item":"https:\/\/www.enocean.com\/de\/"},{"@type":"ListItem","position":2,"name":"News","item":"https:\/\/www.enocean.com\/de\/news\/"},{"@type":"ListItem","position":3,"name":"Newsletter"}]},{"@type":"WebSite","@id":"https:\/\/www.enocean.com\/de\/#website","url":"https:\/\/www.enocean.com\/de\/","name":"EnOcean","description":"EnOcean Relaunch","publisher":{"@id":"https:\/\/www.enocean.com\/de\/#organization"},"potentialAction":[{"@type":"SearchAction","target":{"@type":"EntryPoint","urlTemplate":"https:\/\/www.enocean.com\/de\/?s={search_term_string}"},"query-input":{"@type":"PropertyValueSpecification","valueRequired":true,"valueName":"search_term_string"}}],"inLanguage":"de"},{"@type":"Organization","@id":"https:\/\/www.enocean.com\/de\/#organization","name":"EnOcean","url":"https:\/\/www.enocean.com\/de\/","logo":{"@type":"ImageObject","inLanguage":"de","@id":"https:\/\/www.enocean.com\/de\/#\/schema\/logo\/image\/","url":"https:\/\/www.enocean.com\/wp-content\/uploads\/Logos\/1-1.png","contentUrl":"https:\/\/www.enocean.com\/wp-content\/uploads\/Logos\/1-1.png","width":500,"height":500,"caption":"EnOcean"},"image":{"@id":"https:\/\/www.enocean.com\/de\/#\/schema\/logo\/image\/"},"sameAs":["https:\/\/www.linkedin.com\/company\/enocean\/"]}]}},"taxonomy_info":[],"featured_image_src_large":["https:\/\/www.enocean.com\/wp-content\/uploads\/Header\/eo_smart_spaces_2048x613-1-1024x307.jpg",1024,307,true],"author_info":{"display_name":"Veronika Bliem","author_link":"https:\/\/www.enocean.com\/de\/author\/enocean_bliem\/"},"comment_info":0,"uagb_featured_image_src":{"full":["https:\/\/www.enocean.com\/wp-content\/uploads\/Header\/eo_smart_spaces_2048x613-1.jpg",2048,613,false],"thumbnail":["https:\/\/www.enocean.com\/wp-content\/uploads\/Header\/eo_smart_spaces_2048x613-1-150x45.jpg",150,45,true],"medium":["https:\/\/www.enocean.com\/wp-content\/uploads\/Header\/eo_smart_spaces_2048x613-1-300x90.jpg",300,90,true],"medium_large":["https:\/\/www.enocean.com\/wp-content\/uploads\/Header\/eo_smart_spaces_2048x613-1-768x230.jpg",768,230,true],"large":["https:\/\/www.enocean.com\/wp-content\/uploads\/Header\/eo_smart_spaces_2048x613-1-1024x307.jpg",1024,307,true],"1536x1536":["https:\/\/www.enocean.com\/wp-content\/uploads\/Header\/eo_smart_spaces_2048x613-1-1536x460.jpg",1536,460,true],"2048x2048":["https:\/\/www.enocean.com\/wp-content\/uploads\/Header\/eo_smart_spaces_2048x613-1.jpg",2048,613,false]},"uagb_author_info":{"display_name":"Veronika Bliem","author_link":"https:\/\/www.enocean.com\/de\/author\/enocean_bliem\/"},"uagb_comment_info":0,"uagb_excerpt":null,"_links":{"self":[{"href":"https:\/\/www.enocean.com\/de\/wp-json\/wp\/v2\/pages\/14723","targetHints":{"allow":["GET"]}}],"collection":[{"href":"https:\/\/www.enocean.com\/de\/wp-json\/wp\/v2\/pages"}],"about":[{"href":"https:\/\/www.enocean.com\/de\/wp-json\/wp\/v2\/types\/page"}],"author":[{"embeddable":true,"href":"https:\/\/www.enocean.com\/de\/wp-json\/wp\/v2\/users\/3"}],"replies":[{"embeddable":true,"href":"https:\/\/www.enocean.com\/de\/wp-json\/wp\/v2\/comments?post=14723"}],"version-history":[{"count":9,"href":"https:\/\/www.enocean.com\/de\/wp-json\/wp\/v2\/pages\/14723\/revisions"}],"predecessor-version":[{"id":32374,"href":"https:\/\/www.enocean.com\/de\/wp-json\/wp\/v2\/pages\/14723\/revisions\/32374"}],"up":[{"embeddable":true,"href":"https:\/\/www.enocean.com\/de\/wp-json\/wp\/v2\/pages\/12894"}],"wp:featuredmedia":[{"embeddable":true,"href":"https:\/\/www.enocean.com\/de\/wp-json\/wp\/v2\/media\/27730"}],"wp:attachment":[{"href":"https:\/\/www.enocean.com\/de\/wp-json\/wp\/v2\/media?parent=14723"}],"curies":[{"name":"wp","href":"https:\/\/api.w.org\/{rel}","templated":true}]}}