{"id":14981,"date":"2021-12-16T13:45:49","date_gmt":"2021-12-16T13:45:49","guid":{"rendered":"https:\/\/www.enocean.com\/support\/zertifizierte-design-partner\/"},"modified":"2026-03-17T09:27:16","modified_gmt":"2026-03-17T08:27:16","slug":"zertifizierte-design-partner","status":"publish","type":"page","link":"https:\/\/www.enocean.com\/de\/support\/zertifizierte-design-partner\/","title":{"rendered":"Zertifizierte Design-Partner"},"content":{"rendered":"\n<figure class=\"wp-block-image alignwide size-large\"><img decoding=\"async\" width=\"1024\" height=\"307\" src=\"https:\/\/www.enocean.com\/wp-content\/uploads\/Header\/eo_certified_design_partners_2048x613-1024x307.jpg\" alt=\"EnOcean Certified Design Partners\" class=\"wp-image-27159\" srcset=\"https:\/\/www.enocean.com\/wp-content\/uploads\/Header\/eo_certified_design_partners_2048x613-1024x307.jpg 1024w, https:\/\/www.enocean.com\/wp-content\/uploads\/Header\/eo_certified_design_partners_2048x613-300x90.jpg 300w, https:\/\/www.enocean.com\/wp-content\/uploads\/Header\/eo_certified_design_partners_2048x613-150x45.jpg 150w, https:\/\/www.enocean.com\/wp-content\/uploads\/Header\/eo_certified_design_partners_2048x613-768x230.jpg 768w, https:\/\/www.enocean.com\/wp-content\/uploads\/Header\/eo_certified_design_partners_2048x613-1536x460.jpg 1536w, https:\/\/www.enocean.com\/wp-content\/uploads\/Header\/eo_certified_design_partners_2048x613.jpg 2048w\" sizes=\"(max-width: 1024px) 100vw, 1024px\" \/><\/figure>\n\n\n<style>.wp-block-kadence-spacer.kt-block-spacer-14981_d00984-64 .kt-block-spacer{height:120px;}.wp-block-kadence-spacer.kt-block-spacer-14981_d00984-64 .kt-divider{border-top-width:1px;height:1px;border-top-color:#eee;width:80%;border-top-style:solid;}<\/style>\n<div class=\"wp-block-kadence-spacer aligncenter kt-block-spacer-14981_d00984-64\"><div class=\"kt-block-spacer kt-block-spacer-halign-center\"><\/div><\/div>\n\n\n\n<section class=\"wp-block-uagb-section uagb-section__wrap uagb-section__background-undefined uagb-block-178744bd\"><div class=\"uagb-section__overlay\"><\/div><div class=\"uagb-section__inner-wrap\">\n<h1 class=\"wp-block-heading\">Zertifizierte Design-Partner<\/h1>\n<\/div><\/section>\n\n\n\n<section class=\"wp-block-uagb-section uagb-section__wrap uagb-section__background-undefined uagb-block-ccda18a4\"><div class=\"uagb-section__overlay\"><\/div><div class=\"uagb-section__inner-wrap\"><style>.wp-block-kadence-spacer.kt-block-spacer-14981_888e83-0b .kt-block-spacer{height:20px;}.wp-block-kadence-spacer.kt-block-spacer-14981_888e83-0b .kt-divider{border-top-width:1px;height:1px;border-top-color:#eee;width:80%;border-top-style:solid;}<\/style>\n<div class=\"wp-block-kadence-spacer aligncenter kt-block-spacer-14981_888e83-0b\"><div class=\"kt-block-spacer kt-block-spacer-halign-center\"><\/div><\/div>\n\n\n\n<h2 class=\"wp-block-heading\">Das EnOcean Design-Partner-Netzwerk bietet Design-In-Support f\u00fcr Module.<\/h2>\n\n\n\n<p>Das Designpartner-Netzwerk von EnOcean stellt einen Kanal zwischen unseren autorisierten Designpartnern und Kunden dar, die technische Expertise und kosteneffiziente L\u00f6sungen in k\u00fcrzester Zeit ben\u00f6tigen. Wir haben Partner, die Hardware-Design, Software-Design und System-Know-how anbieten k\u00f6nnen.<\/p>\n<\/div><\/section>\n\n\n\n<section class=\"wp-block-uagb-section uagb-section__wrap uagb-section__background-none uagb-block-9fca549c\"><div class=\"uagb-section__overlay\"><\/div><div class=\"uagb-section__inner-wrap\">\n<h2 class=\"wp-block-heading\">Ingenieurb\u00fcro Armin Pelka<\/h2>\n\n\n\n<div class=\"wp-block-columns is-layout-flex wp-container-core-columns-is-layout-9d6595d7 wp-block-columns-is-layout-flex\">\n<div class=\"wp-block-column is-vertically-aligned-center is-layout-flow wp-block-column-is-layout-flow\" style=\"flex-basis:33.33%\">\n<figure class=\"wp-block-image size-full\"><img decoding=\"async\" width=\"250\" height=\"100\" src=\"https:\/\/www.enocean.com\/wp-content\/uploads\/pelka.png\" alt=\"\" class=\"wp-image-24595\" srcset=\"https:\/\/www.enocean.com\/wp-content\/uploads\/pelka.png 250w, https:\/\/www.enocean.com\/wp-content\/uploads\/pelka-150x60.png 150w\" sizes=\"(max-width: 250px) 100vw, 250px\" \/><\/figure>\n<\/div>\n\n\n\n<div class=\"wp-block-column is-layout-flow wp-block-column-is-layout-flow\" style=\"flex-basis:66.66%\">\n<div class=\"wp-block-columns is-layout-flex wp-container-core-columns-is-layout-9d6595d7 wp-block-columns-is-layout-flex\">\n<div class=\"wp-block-column is-layout-flow wp-block-column-is-layout-flow\">\n<ul class=\"wp-block-list\">\n<li>Produktkonzept und Architektursupport.<\/li>\n\n\n\n<li>Entwicklung von Embedded Firmware und MCUs.<\/li>\n\n\n\n<li>Hardware-Inbetriebnahme und Debugging-Aufgaben.<\/li>\n<\/ul>\n<\/div>\n\n\n\n<div class=\"wp-block-column is-layout-flow wp-block-column-is-layout-flow\">\n<ul class=\"wp-block-list\">\n<li>Grundlegende Funktions- und Schnittstellentests.<\/li>\n\n\n\n<li>Unterst\u00fctzung bei der Funkzertifizierung, Funkleistungstests und Verifizierung von Funkprofilen.<\/li>\n<\/ul>\n<\/div>\n<\/div>\n<\/div>\n<\/div>\n\n\n\n<div class=\"wp-block-columns is-layout-flex wp-container-core-columns-is-layout-9d6595d7 wp-block-columns-is-layout-flex\">\n<div class=\"wp-block-column is-layout-flow wp-block-column-is-layout-flow\">\n<div class=\"wp-block-buttons is-content-justification-center is-layout-flex wp-container-core-buttons-is-layout-16018d1d wp-block-buttons-is-layout-flex\">\n<div class=\"wp-block-button\"><a class=\"wp-block-button__link has-white-color has-blue-background-color has-text-color has-background has-link-color wp-element-button\" href=\"https:\/\/armi13.wixsite.com\/ingenieurbuero\" style=\"border-top-left-radius:11px;border-top-right-radius:11px;border-bottom-left-radius:11px;border-bottom-right-radius:11px\">Kontakt<\/a><\/div>\n<\/div>\n<\/div>\n<\/div>\n<\/div><\/section>\n\n\n\n<section class=\"wp-block-uagb-section uagb-section__wrap uagb-section__background-none uagb-block-f98971b2\"><div class=\"uagb-section__overlay\"><\/div><div class=\"uagb-section__inner-wrap\">\n<h2 class=\"wp-block-heading\"><strong>Klaus Kleine Funkstuhltechnik<\/strong><\/h2>\n\n\n\n<div class=\"wp-block-columns is-layout-flex wp-container-core-columns-is-layout-9d6595d7 wp-block-columns-is-layout-flex\">\n<div class=\"wp-block-column is-vertically-aligned-center is-layout-flow wp-block-column-is-layout-flow\" style=\"flex-basis:33.33%\">\n<figure class=\"wp-block-image size-full\"><img decoding=\"async\" width=\"600\" height=\"300\" src=\"https:\/\/www.enocean.com\/wp-content\/uploads\/logo-funktechnik.png\" alt=\"\" class=\"wp-image-32015\" srcset=\"https:\/\/www.enocean.com\/wp-content\/uploads\/logo-funktechnik.png 600w, https:\/\/www.enocean.com\/wp-content\/uploads\/logo-funktechnik-300x150.png 300w, https:\/\/www.enocean.com\/wp-content\/uploads\/logo-funktechnik-150x75.png 150w\" sizes=\"(max-width: 600px) 100vw, 600px\" \/><\/figure>\n<\/div>\n\n\n\n<div class=\"wp-block-column is-layout-flow wp-block-column-is-layout-flow\" style=\"flex-basis:66.66%\">\n<div class=\"wp-block-columns is-layout-flex wp-container-core-columns-is-layout-9d6595d7 wp-block-columns-is-layout-flex\">\n<div class=\"wp-block-column is-layout-flow wp-block-column-is-layout-flow\">\n<ul class=\"wp-block-list\">\n<li>Unterst\u00fctzung beim Designkonzept<\/li>\n\n\n\n<li>Hardwaredesign und -\u00fcberpr\u00fcfung (Schaltplan und PCB)<\/li>\n\n\n\n<li>Unterst\u00fctzung beim mechanischen Design, einschlie\u00dflich Geh\u00e4use und Antennenplatzierung<\/li>\n\n\n\n<li>Firmware- und MCU-Entwicklung<\/li>\n<\/ul>\n<\/div>\n\n\n\n<div class=\"wp-block-column is-layout-flow wp-block-column-is-layout-flow\">\n<ul class=\"wp-block-list\">\n<li>\u2022 Beratung und Unterst\u00fctzung bei der Prototypenproduktion<\/li>\n\n\n\n<li>Ger\u00e4te-Inbetriebnahme, Verifizierung und Tests<\/li>\n\n\n\n<li>Unterst\u00fctzung bei der Funkzertifizierung<\/li>\n<\/ul>\n<\/div>\n<\/div>\n<\/div>\n<\/div>\n\n\n\n<div class=\"wp-block-columns is-layout-flex wp-container-core-columns-is-layout-9d6595d7 wp-block-columns-is-layout-flex\">\n<div class=\"wp-block-column is-layout-flow wp-block-column-is-layout-flow\">\n<div class=\"wp-block-buttons is-content-justification-center is-layout-flex wp-container-core-buttons-is-layout-16018d1d wp-block-buttons-is-layout-flex\">\n<div class=\"wp-block-button\"><a class=\"wp-block-button__link has-white-color has-blue-background-color has-text-color has-background has-link-color wp-element-button\" href=\"https:\/\/www.funkstuhl.de\/index.php\/kontakt1.html\" style=\"border-top-left-radius:11px;border-top-right-radius:11px;border-bottom-left-radius:11px;border-bottom-right-radius:11px\">Kontakt<\/a><\/div>\n<\/div>\n<\/div>\n<\/div>\n<\/div><\/section>\n\n\n\n<section class=\"wp-block-uagb-section uagb-section__wrap uagb-section__background-none uagb-block-aed8622b\"><div class=\"uagb-section__overlay\"><\/div><div class=\"uagb-section__inner-wrap\">\n<h2 class=\"wp-block-heading\"><strong>RF-Technology &amp; Desing Thomas Rieder<\/strong><\/h2>\n\n\n\n<div class=\"wp-block-columns is-layout-flex wp-container-core-columns-is-layout-9d6595d7 wp-block-columns-is-layout-flex\">\n<div class=\"wp-block-column is-vertically-aligned-center is-layout-flow wp-block-column-is-layout-flow\" style=\"flex-basis:33.33%\">\n<figure class=\"wp-block-image size-full\"><img decoding=\"async\" width=\"945\" height=\"241\" src=\"https:\/\/www.enocean.com\/wp-content\/uploads\/Bilder-Partner\/Logo-ThomasRieder-RGB-8x2cm.jpg\" alt=\"\" class=\"wp-image-32138\" srcset=\"https:\/\/www.enocean.com\/wp-content\/uploads\/Bilder-Partner\/Logo-ThomasRieder-RGB-8x2cm.jpg 945w, https:\/\/www.enocean.com\/wp-content\/uploads\/Bilder-Partner\/Logo-ThomasRieder-RGB-8x2cm-300x77.jpg 300w, https:\/\/www.enocean.com\/wp-content\/uploads\/Bilder-Partner\/Logo-ThomasRieder-RGB-8x2cm-150x38.jpg 150w, https:\/\/www.enocean.com\/wp-content\/uploads\/Bilder-Partner\/Logo-ThomasRieder-RGB-8x2cm-768x196.jpg 768w\" sizes=\"(max-width: 945px) 100vw, 945px\" \/><\/figure>\n<\/div>\n\n\n\n<div class=\"wp-block-column is-layout-flow wp-block-column-is-layout-flow\" style=\"flex-basis:66.66%\">\n<div class=\"wp-block-columns is-layout-flex wp-container-core-columns-is-layout-9d6595d7 wp-block-columns-is-layout-flex\">\n<div class=\"wp-block-column is-layout-flow wp-block-column-is-layout-flow\">\n<ul class=\"wp-block-list\">\n<li>Konzeptunterst\u00fctzung<\/li>\n\n\n\n<li>Hardwareentwicklung<\/li>\n\n\n\n<li>Hardwarepr\u00fcfung<\/li>\n\n\n\n<li>Mechanische Konstruktion<\/li>\n<\/ul>\n<\/div>\n\n\n\n<div class=\"wp-block-column is-layout-flow wp-block-column-is-layout-flow\">\n<ul class=\"wp-block-list\">\n<li>Unterst\u00fctzung bei der Prototypenfertigung<\/li>\n\n\n\n<li>Inbetriebnahme des Ger\u00e4ts<\/li>\n\n\n\n<li>Verifikation<\/li>\n\n\n\n<li>Unterst\u00fctzung bei der Funkzertifizierung<\/li>\n<\/ul>\n<\/div>\n<\/div>\n<\/div>\n<\/div>\n\n\n\n<div class=\"wp-block-columns is-layout-flex wp-container-core-columns-is-layout-9d6595d7 wp-block-columns-is-layout-flex\">\n<div class=\"wp-block-column is-layout-flow wp-block-column-is-layout-flow\">\n<div class=\"wp-block-buttons is-content-justification-center is-layout-flex wp-container-core-buttons-is-layout-16018d1d wp-block-buttons-is-layout-flex\">\n<div class=\"wp-block-button\"><a class=\"wp-block-button__link has-white-color has-blue-background-color has-text-color has-background has-link-color wp-element-button\" href=\"http:\/\/www.t-rieder.com\" style=\"border-top-left-radius:11px;border-top-right-radius:11px;border-bottom-left-radius:11px;border-bottom-right-radius:11px\" target=\"_blank\" rel=\"noreferrer noopener\" aria-label=\"opens a new tab\">Kontakt<\/a><\/div>\n<\/div>\n<\/div>\n<\/div>\n<\/div><\/section>\n\n\n\n<section class=\"wp-block-uagb-section uagb-section__wrap uagb-section__background-none uagb-block-e30f25e7\"><div class=\"uagb-section__overlay\"><\/div><div class=\"uagb-section__inner-wrap\"><style>.wp-block-kadence-spacer.kt-block-spacer-14981_92d244-0b .kt-block-spacer{height:80px;}.wp-block-kadence-spacer.kt-block-spacer-14981_92d244-0b .kt-divider{border-top-width:1px;height:1px;border-top-color:#eee;width:80%;border-top-style:solid;}<\/style>\n<div class=\"wp-block-kadence-spacer aligncenter kt-block-spacer-14981_92d244-0b\"><div class=\"kt-block-spacer kt-block-spacer-halign-center\"><\/div><\/div>\n\n\n\n<h2 class=\"wp-block-heading\">Kontakt Support<\/h2>\n\n\n\n<p>Application Engineering Worldwide<a href=\"javascript:linkTo_UnCryptMailto('ocknvq,uwrrqtvBgpqegcp0eqo');\"><br>support@enocean.com<\/a><\/p>\n\n\n\n<p>Application Engineering North America<a href=\"javascript:linkTo_UnCryptMailto('ocknvq,uwrrqtv0pcBgpqegcp0eqo');\" class=\"ek-link\"><br>support.na@enocean.com<\/a><\/p>\n\n\n\n<p>IoT Edge Computing Solutions Worldwide<br><a href=\"mailto:edge.support@enocean.com\">edge.support@enocean.com<\/a><\/p>\n<\/div><\/section>\n","protected":false},"excerpt":{"rendered":"","protected":false},"author":5,"featured_media":27159,"parent":12890,"menu_order":2,"comment_status":"closed","ping_status":"closed","template":"","meta":{"_acf_changed":false,"inline_featured_image":false,"_uag_custom_page_level_css":"","_kad_blocks_custom_css":"","_kad_blocks_head_custom_js":"","_kad_blocks_body_custom_js":"","_kad_blocks_footer_custom_js":"","footnotes":""},"class_list":["post-14981","page","type-page","status-publish","has-post-thumbnail","hentry"],"acf":[],"yoast_head":"<!-- This site is optimized with the Yoast SEO plugin v26.5 - https:\/\/yoast.com\/wordpress\/plugins\/seo\/ -->\n<title>Zertifizierte Design-Partner - EnOcean<\/title>\n<meta name=\"description\" content=\"Zertifizierte Designpartner unterst\u00fctzen unsere Kunden mit technischem Fachwissen und kosteng\u00fcnstigen L\u00f6sungen bei der Entwicklung neuer Produkte.\" \/>\n<meta name=\"robots\" content=\"index, follow, max-snippet:-1, max-image-preview:large, max-video-preview:-1\" \/>\n<link rel=\"canonical\" href=\"https:\/\/www.enocean.com\/de\/support\/zertifizierte-design-partner\/\" \/>\n<meta property=\"og:locale\" content=\"de_DE\" \/>\n<meta property=\"og:type\" content=\"article\" \/>\n<meta property=\"og:title\" content=\"Zertifizierte Design-Partner - EnOcean\" \/>\n<meta property=\"og:description\" content=\"Zertifizierte Designpartner unterst\u00fctzen unsere Kunden mit technischem Fachwissen und kosteng\u00fcnstigen L\u00f6sungen bei der Entwicklung neuer Produkte.\" \/>\n<meta property=\"og:url\" content=\"https:\/\/www.enocean.com\/de\/support\/zertifizierte-design-partner\/\" \/>\n<meta property=\"og:site_name\" content=\"EnOcean\" \/>\n<meta property=\"article:modified_time\" content=\"2026-03-17T08:27:16+00:00\" \/>\n<meta property=\"og:image\" content=\"https:\/\/www.enocean.com\/wp-content\/uploads\/Header\/eo_certified_design_partners_2048x613.jpg\" \/>\n\t<meta property=\"og:image:width\" content=\"2048\" \/>\n\t<meta property=\"og:image:height\" content=\"613\" \/>\n\t<meta property=\"og:image:type\" content=\"image\/jpeg\" \/>\n<meta name=\"twitter:card\" content=\"summary_large_image\" \/>\n<meta name=\"twitter:label1\" content=\"Gesch\u00e4tzte Lesezeit\" \/>\n\t<meta name=\"twitter:data1\" content=\"2\u00a0Minuten\" \/>\n<script type=\"application\/ld+json\" class=\"yoast-schema-graph\">{\"@context\":\"https:\/\/schema.org\",\"@graph\":[{\"@type\":\"WebPage\",\"@id\":\"https:\/\/www.enocean.com\/de\/support\/zertifizierte-design-partner\/\",\"url\":\"https:\/\/www.enocean.com\/de\/support\/zertifizierte-design-partner\/\",\"name\":\"Zertifizierte Design-Partner - EnOcean\",\"isPartOf\":{\"@id\":\"https:\/\/www.enocean.com\/de\/#website\"},\"primaryImageOfPage\":{\"@id\":\"https:\/\/www.enocean.com\/de\/support\/zertifizierte-design-partner\/#primaryimage\"},\"image\":{\"@id\":\"https:\/\/www.enocean.com\/de\/support\/zertifizierte-design-partner\/#primaryimage\"},\"thumbnailUrl\":\"https:\/\/www.enocean.com\/wp-content\/uploads\/Header\/eo_certified_design_partners_2048x613.jpg\",\"datePublished\":\"2021-12-16T13:45:49+00:00\",\"dateModified\":\"2026-03-17T08:27:16+00:00\",\"description\":\"Zertifizierte Designpartner unterst\u00fctzen unsere Kunden mit technischem Fachwissen und kosteng\u00fcnstigen L\u00f6sungen bei der Entwicklung neuer Produkte.\",\"breadcrumb\":{\"@id\":\"https:\/\/www.enocean.com\/de\/support\/zertifizierte-design-partner\/#breadcrumb\"},\"inLanguage\":\"de\",\"potentialAction\":[{\"@type\":\"ReadAction\",\"target\":[\"https:\/\/www.enocean.com\/de\/support\/zertifizierte-design-partner\/\"]}]},{\"@type\":\"ImageObject\",\"inLanguage\":\"de\",\"@id\":\"https:\/\/www.enocean.com\/de\/support\/zertifizierte-design-partner\/#primaryimage\",\"url\":\"https:\/\/www.enocean.com\/wp-content\/uploads\/Header\/eo_certified_design_partners_2048x613.jpg\",\"contentUrl\":\"https:\/\/www.enocean.com\/wp-content\/uploads\/Header\/eo_certified_design_partners_2048x613.jpg\",\"width\":2048,\"height\":613,\"caption\":\"EnOcean Certified Design Partners\"},{\"@type\":\"BreadcrumbList\",\"@id\":\"https:\/\/www.enocean.com\/de\/support\/zertifizierte-design-partner\/#breadcrumb\",\"itemListElement\":[{\"@type\":\"ListItem\",\"position\":1,\"name\":\"Startseite\",\"item\":\"https:\/\/www.enocean.com\/de\/\"},{\"@type\":\"ListItem\",\"position\":2,\"name\":\"Support\",\"item\":\"https:\/\/www.enocean.com\/de\/support\/\"},{\"@type\":\"ListItem\",\"position\":3,\"name\":\"Zertifizierte Design-Partner\"}]},{\"@type\":\"WebSite\",\"@id\":\"https:\/\/www.enocean.com\/de\/#website\",\"url\":\"https:\/\/www.enocean.com\/de\/\",\"name\":\"EnOcean\",\"description\":\"EnOcean Relaunch\",\"publisher\":{\"@id\":\"https:\/\/www.enocean.com\/de\/#organization\"},\"potentialAction\":[{\"@type\":\"SearchAction\",\"target\":{\"@type\":\"EntryPoint\",\"urlTemplate\":\"https:\/\/www.enocean.com\/de\/?s={search_term_string}\"},\"query-input\":{\"@type\":\"PropertyValueSpecification\",\"valueRequired\":true,\"valueName\":\"search_term_string\"}}],\"inLanguage\":\"de\"},{\"@type\":\"Organization\",\"@id\":\"https:\/\/www.enocean.com\/de\/#organization\",\"name\":\"EnOcean\",\"url\":\"https:\/\/www.enocean.com\/de\/\",\"logo\":{\"@type\":\"ImageObject\",\"inLanguage\":\"de\",\"@id\":\"https:\/\/www.enocean.com\/de\/#\/schema\/logo\/image\/\",\"url\":\"https:\/\/www.enocean.com\/wp-content\/uploads\/Logos\/1-1.png\",\"contentUrl\":\"https:\/\/www.enocean.com\/wp-content\/uploads\/Logos\/1-1.png\",\"width\":500,\"height\":500,\"caption\":\"EnOcean\"},\"image\":{\"@id\":\"https:\/\/www.enocean.com\/de\/#\/schema\/logo\/image\/\"},\"sameAs\":[\"https:\/\/www.linkedin.com\/company\/enocean\/\"]}]}<\/script>\n<!-- \/ Yoast SEO plugin. -->","yoast_head_json":{"title":"Zertifizierte Design-Partner - EnOcean","description":"Zertifizierte Designpartner unterst\u00fctzen unsere Kunden mit technischem Fachwissen und kosteng\u00fcnstigen L\u00f6sungen bei der Entwicklung neuer Produkte.","robots":{"index":"index","follow":"follow","max-snippet":"max-snippet:-1","max-image-preview":"max-image-preview:large","max-video-preview":"max-video-preview:-1"},"canonical":"https:\/\/www.enocean.com\/de\/support\/zertifizierte-design-partner\/","og_locale":"de_DE","og_type":"article","og_title":"Zertifizierte Design-Partner - EnOcean","og_description":"Zertifizierte Designpartner unterst\u00fctzen unsere Kunden mit technischem Fachwissen und kosteng\u00fcnstigen L\u00f6sungen bei der Entwicklung neuer Produkte.","og_url":"https:\/\/www.enocean.com\/de\/support\/zertifizierte-design-partner\/","og_site_name":"EnOcean","article_modified_time":"2026-03-17T08:27:16+00:00","og_image":[{"width":2048,"height":613,"url":"https:\/\/www.enocean.com\/wp-content\/uploads\/Header\/eo_certified_design_partners_2048x613.jpg","type":"image\/jpeg"}],"twitter_card":"summary_large_image","twitter_misc":{"Gesch\u00e4tzte Lesezeit":"2\u00a0Minuten"},"schema":{"@context":"https:\/\/schema.org","@graph":[{"@type":"WebPage","@id":"https:\/\/www.enocean.com\/de\/support\/zertifizierte-design-partner\/","url":"https:\/\/www.enocean.com\/de\/support\/zertifizierte-design-partner\/","name":"Zertifizierte Design-Partner - EnOcean","isPartOf":{"@id":"https:\/\/www.enocean.com\/de\/#website"},"primaryImageOfPage":{"@id":"https:\/\/www.enocean.com\/de\/support\/zertifizierte-design-partner\/#primaryimage"},"image":{"@id":"https:\/\/www.enocean.com\/de\/support\/zertifizierte-design-partner\/#primaryimage"},"thumbnailUrl":"https:\/\/www.enocean.com\/wp-content\/uploads\/Header\/eo_certified_design_partners_2048x613.jpg","datePublished":"2021-12-16T13:45:49+00:00","dateModified":"2026-03-17T08:27:16+00:00","description":"Zertifizierte Designpartner unterst\u00fctzen unsere Kunden mit technischem Fachwissen und kosteng\u00fcnstigen L\u00f6sungen bei der Entwicklung neuer Produkte.","breadcrumb":{"@id":"https:\/\/www.enocean.com\/de\/support\/zertifizierte-design-partner\/#breadcrumb"},"inLanguage":"de","potentialAction":[{"@type":"ReadAction","target":["https:\/\/www.enocean.com\/de\/support\/zertifizierte-design-partner\/"]}]},{"@type":"ImageObject","inLanguage":"de","@id":"https:\/\/www.enocean.com\/de\/support\/zertifizierte-design-partner\/#primaryimage","url":"https:\/\/www.enocean.com\/wp-content\/uploads\/Header\/eo_certified_design_partners_2048x613.jpg","contentUrl":"https:\/\/www.enocean.com\/wp-content\/uploads\/Header\/eo_certified_design_partners_2048x613.jpg","width":2048,"height":613,"caption":"EnOcean Certified Design Partners"},{"@type":"BreadcrumbList","@id":"https:\/\/www.enocean.com\/de\/support\/zertifizierte-design-partner\/#breadcrumb","itemListElement":[{"@type":"ListItem","position":1,"name":"Startseite","item":"https:\/\/www.enocean.com\/de\/"},{"@type":"ListItem","position":2,"name":"Support","item":"https:\/\/www.enocean.com\/de\/support\/"},{"@type":"ListItem","position":3,"name":"Zertifizierte Design-Partner"}]},{"@type":"WebSite","@id":"https:\/\/www.enocean.com\/de\/#website","url":"https:\/\/www.enocean.com\/de\/","name":"EnOcean","description":"EnOcean Relaunch","publisher":{"@id":"https:\/\/www.enocean.com\/de\/#organization"},"potentialAction":[{"@type":"SearchAction","target":{"@type":"EntryPoint","urlTemplate":"https:\/\/www.enocean.com\/de\/?s={search_term_string}"},"query-input":{"@type":"PropertyValueSpecification","valueRequired":true,"valueName":"search_term_string"}}],"inLanguage":"de"},{"@type":"Organization","@id":"https:\/\/www.enocean.com\/de\/#organization","name":"EnOcean","url":"https:\/\/www.enocean.com\/de\/","logo":{"@type":"ImageObject","inLanguage":"de","@id":"https:\/\/www.enocean.com\/de\/#\/schema\/logo\/image\/","url":"https:\/\/www.enocean.com\/wp-content\/uploads\/Logos\/1-1.png","contentUrl":"https:\/\/www.enocean.com\/wp-content\/uploads\/Logos\/1-1.png","width":500,"height":500,"caption":"EnOcean"},"image":{"@id":"https:\/\/www.enocean.com\/de\/#\/schema\/logo\/image\/"},"sameAs":["https:\/\/www.linkedin.com\/company\/enocean\/"]}]}},"taxonomy_info":[],"featured_image_src_large":["https:\/\/www.enocean.com\/wp-content\/uploads\/Header\/eo_certified_design_partners_2048x613-1024x307.jpg",1024,307,true],"author_info":{"display_name":"Jose Salek","author_link":"https:\/\/www.enocean.com\/de\/author\/enocean_salek\/"},"comment_info":0,"uagb_featured_image_src":{"full":["https:\/\/www.enocean.com\/wp-content\/uploads\/Header\/eo_certified_design_partners_2048x613.jpg",2048,613,false],"thumbnail":["https:\/\/www.enocean.com\/wp-content\/uploads\/Header\/eo_certified_design_partners_2048x613-150x45.jpg",150,45,true],"medium":["https:\/\/www.enocean.com\/wp-content\/uploads\/Header\/eo_certified_design_partners_2048x613-300x90.jpg",300,90,true],"medium_large":["https:\/\/www.enocean.com\/wp-content\/uploads\/Header\/eo_certified_design_partners_2048x613-768x230.jpg",768,230,true],"large":["https:\/\/www.enocean.com\/wp-content\/uploads\/Header\/eo_certified_design_partners_2048x613-1024x307.jpg",1024,307,true],"1536x1536":["https:\/\/www.enocean.com\/wp-content\/uploads\/Header\/eo_certified_design_partners_2048x613-1536x460.jpg",1536,460,true],"2048x2048":["https:\/\/www.enocean.com\/wp-content\/uploads\/Header\/eo_certified_design_partners_2048x613.jpg",2048,613,false]},"uagb_author_info":{"display_name":"Jose Salek","author_link":"https:\/\/www.enocean.com\/de\/author\/enocean_salek\/"},"uagb_comment_info":0,"uagb_excerpt":null,"_links":{"self":[{"href":"https:\/\/www.enocean.com\/de\/wp-json\/wp\/v2\/pages\/14981","targetHints":{"allow":["GET"]}}],"collection":[{"href":"https:\/\/www.enocean.com\/de\/wp-json\/wp\/v2\/pages"}],"about":[{"href":"https:\/\/www.enocean.com\/de\/wp-json\/wp\/v2\/types\/page"}],"author":[{"embeddable":true,"href":"https:\/\/www.enocean.com\/de\/wp-json\/wp\/v2\/users\/5"}],"replies":[{"embeddable":true,"href":"https:\/\/www.enocean.com\/de\/wp-json\/wp\/v2\/comments?post=14981"}],"version-history":[{"count":10,"href":"https:\/\/www.enocean.com\/de\/wp-json\/wp\/v2\/pages\/14981\/revisions"}],"predecessor-version":[{"id":32353,"href":"https:\/\/www.enocean.com\/de\/wp-json\/wp\/v2\/pages\/14981\/revisions\/32353"}],"up":[{"embeddable":true,"href":"https:\/\/www.enocean.com\/de\/wp-json\/wp\/v2\/pages\/12890"}],"wp:featuredmedia":[{"embeddable":true,"href":"https:\/\/www.enocean.com\/de\/wp-json\/wp\/v2\/media\/27159"}],"wp:attachment":[{"href":"https:\/\/www.enocean.com\/de\/wp-json\/wp\/v2\/media?parent=14981"}],"curies":[{"name":"wp","href":"https:\/\/api.w.org\/{rel}","templated":true}]}}