{"id":22516,"date":"2024-04-05T12:17:35","date_gmt":"2024-04-05T10:17:35","guid":{"rendered":"https:\/\/www.enocean.com\/?page_id=22516"},"modified":"2024-07-01T16:29:01","modified_gmt":"2024-07-01T14:29:01","slug":"edin-golubovic-vice-president-research-development","status":"publish","type":"page","link":"https:\/\/www.enocean.com\/de\/about-us\/leadership-team\/edin-golubovic-vice-president-research-development\/","title":{"rendered":"Edin Golubovic"},"content":{"rendered":"\n<section class=\"wp-block-uagb-section uagb-section__wrap uagb-section__background-undefined uagb-block-346ceec9\"><div class=\"uagb-section__overlay\"><\/div><div class=\"uagb-section__inner-wrap\">\n<div style=\"height:60px\" aria-hidden=\"true\" class=\"wp-block-spacer\"><\/div>\n\n\n\n<h1 class=\"wp-block-heading\">EnOcean Management<\/h1>\n\n\n\n<section class=\"wp-block-uagb-section uagb-section__wrap uagb-section__background-none uagb-block-d5e50f8f\"><div class=\"uagb-section__overlay\"><\/div><div class=\"uagb-section__inner-wrap\">\n<h2 class=\"wp-block-heading\"><strong>Edin Golubovic<\/strong><\/h2>\n\n\n\n<p><span class=\"has-inline-color has-blue-color\"><strong>Vice President Research &amp; Development<\/strong><\/span><\/p>\n<\/div><\/section>\n\n\n<style>.wp-block-kadence-spacer.kt-block-spacer-22516_ef6240-b7 .kt-block-spacer{height:6px;}.wp-block-kadence-spacer.kt-block-spacer-22516_ef6240-b7 .kt-divider{border-top-width:1px;height:1px;border-top-color:#eee;width:80%;border-top-style:solid;}<\/style>\n<div class=\"wp-block-kadence-spacer aligncenter kt-block-spacer-22516_ef6240-b7\"><div class=\"kt-block-spacer kt-block-spacer-halign-center\"><\/div><\/div>\n\n\n\n<section class=\"wp-block-uagb-section uagb-section__wrap uagb-section__background-none uagb-block-64829141\"><div class=\"uagb-section__overlay\"><\/div><div class=\"uagb-section__inner-wrap\"><div class=\"wp-block-image\">\n<figure class=\"alignright size-full is-resized\"><img decoding=\"async\" width=\"400\" height=\"600\" src=\"https:\/\/www.enocean.com\/wp-content\/uploads\/Employees\/Enocean-Edin-5_400x600.jpg\" alt=\"Edin Golubovic, Vice President R&amp;D\" class=\"wp-image-23212\" style=\"width:200px;height:310px\" srcset=\"https:\/\/www.enocean.com\/wp-content\/uploads\/Employees\/Enocean-Edin-5_400x600.jpg 400w, https:\/\/www.enocean.com\/wp-content\/uploads\/Employees\/Enocean-Edin-5_400x600-200x300.jpg 200w, https:\/\/www.enocean.com\/wp-content\/uploads\/Employees\/Enocean-Edin-5_400x600-100x150.jpg 100w\" sizes=\"(max-width: 400px) 100vw, 400px\" \/><\/figure>\n<\/div>\n\n\n<p>In meiner Rolle als Vice President R&amp;D bei EnOcean verbinde ich meine Liebe zu nachhaltiger Technologie mit meiner Expertise in den Bereichen Embedded Systems, IoT und Software. Als promovierter Mechatroniker bin ich bestrebt, fortschrittliche technische Verfahren in die Vision und Produktlinie von EnOcean zu integrieren. Mein Weg hat mich von der Leitung von Teams in verschiedenen L\u00e4ndern bis hin zur Entwicklung von Innovationen gef\u00fchrt, die Technologie mit Umweltbewusstsein verbinden. Bei EnOcean unterst\u00fctze ich unsere Teams bei der Entwicklung von Technologien, die nicht nur intelligent, sondern auch nachhaltig sind.<br><br>Vor meiner T\u00e4tigkeit als Vice President R&amp;D war ich als Software\/Firmware Team Leader und Senior Embedded Systems Engineer hier bei EnOcean t\u00e4tig. Dabei konnte ich bereits mit funktions\u00fcbergreifenden Teams zusammenzuarbeiten, die die Grenzen der umweltfreundlichen Technologie erweitern. Was mich jedoch wirklich antreibt, ist das Mentoring und die Zusammenarbeit mit unserer Ingenieurgemeinschaft. Ich glaube, dass es wichtig ist, junge Talente zu f\u00f6rdern. Sie sollen nicht nur beruflich erfolgreich sein, sondern auch einen sinnvollen Beitrag zur Gesellschaft zu leisten. Mit meinem Engagement f\u00fcr Innovation, Exzellenz und umweltbewusste Entwicklung m\u00f6chte ich nicht nur die Mission von EnOcean vorantreiben. Ich m\u00f6chte auch den Wandel und das Wachstum in der Tech-Community und dar\u00fcber hinaus inspirieren.<\/p>\n<\/div><\/section>\n\n\n<style>.wp-block-kadence-spacer.kt-block-spacer-22516_21eb51-ca .kt-block-spacer{height:20px;}.wp-block-kadence-spacer.kt-block-spacer-22516_21eb51-ca .kt-divider{border-top-width:1px;height:1px;border-top-color:#eee;width:80%;border-top-style:solid;}<\/style>\n<div class=\"wp-block-kadence-spacer aligncenter kt-block-spacer-22516_21eb51-ca\"><div class=\"kt-block-spacer kt-block-spacer-halign-center\"><\/div><\/div>\n<\/div><\/section>\n\n\n","protected":false},"excerpt":{"rendered":"","protected":false},"author":3403,"featured_media":23211,"parent":4937,"menu_order":26,"comment_status":"closed","ping_status":"closed","template":"","meta":{"_acf_changed":false,"inline_featured_image":false,"_uag_custom_page_level_css":"","_kad_blocks_custom_css":"","_kad_blocks_head_custom_js":"","_kad_blocks_body_custom_js":"","_kad_blocks_footer_custom_js":"","footnotes":""},"class_list":["post-22516","page","type-page","status-publish","has-post-thumbnail","hentry"],"acf":[],"yoast_head":"<!-- This site is optimized with the Yoast SEO plugin v26.5 - https:\/\/yoast.com\/wordpress\/plugins\/seo\/ -->\n<title>Edin Golubovic - EnOcean<\/title>\n<meta name=\"description\" content=\"In seiner Rolle als Vice President Research &amp; Development verbindet Edin Golubovic Nachhaltigkeit mit seiner technischen Expertise\" \/>\n<meta name=\"robots\" content=\"index, follow, max-snippet:-1, max-image-preview:large, max-video-preview:-1\" \/>\n<link rel=\"canonical\" href=\"https:\/\/www.enocean.com\/de\/about-us\/leadership-team\/edin-golubovic-vice-president-research-development\/\" \/>\n<meta property=\"og:locale\" content=\"de_DE\" \/>\n<meta property=\"og:type\" content=\"article\" \/>\n<meta property=\"og:title\" content=\"Edin Golubovic - EnOcean\" \/>\n<meta property=\"og:description\" content=\"In seiner Rolle als Vice President Research &amp; Development verbindet Edin Golubovic Nachhaltigkeit mit seiner technischen Expertise\" \/>\n<meta property=\"og:url\" content=\"https:\/\/www.enocean.com\/de\/about-us\/leadership-team\/edin-golubovic-vice-president-research-development\/\" \/>\n<meta property=\"og:site_name\" content=\"EnOcean\" \/>\n<meta property=\"article:modified_time\" content=\"2024-07-01T14:29:01+00:00\" \/>\n<meta property=\"og:image\" content=\"https:\/\/www.enocean.com\/wp-content\/uploads\/Employees\/Enocean-Edin-5_400x600.jpg\" \/>\n<meta name=\"twitter:card\" content=\"summary_large_image\" \/>\n<meta name=\"twitter:label1\" content=\"Gesch\u00e4tzte Lesezeit\" \/>\n\t<meta name=\"twitter:data1\" content=\"3\u00a0Minuten\" \/>\n<script type=\"application\/ld+json\" class=\"yoast-schema-graph\">{\"@context\":\"https:\/\/schema.org\",\"@graph\":[{\"@type\":\"WebPage\",\"@id\":\"https:\/\/www.enocean.com\/de\/about-us\/leadership-team\/edin-golubovic-vice-president-research-development\/\",\"url\":\"https:\/\/www.enocean.com\/de\/about-us\/leadership-team\/edin-golubovic-vice-president-research-development\/\",\"name\":\"Edin Golubovic - EnOcean\",\"isPartOf\":{\"@id\":\"https:\/\/www.enocean.com\/de\/#website\"},\"primaryImageOfPage\":{\"@id\":\"https:\/\/www.enocean.com\/de\/about-us\/leadership-team\/edin-golubovic-vice-president-research-development\/#primaryimage\"},\"image\":{\"@id\":\"https:\/\/www.enocean.com\/de\/about-us\/leadership-team\/edin-golubovic-vice-president-research-development\/#primaryimage\"},\"thumbnailUrl\":\"https:\/\/www.enocean.com\/wp-content\/uploads\/Employees\/Enocean-Edin-5_400x600.jpg\",\"datePublished\":\"2024-04-05T10:17:35+00:00\",\"dateModified\":\"2024-07-01T14:29:01+00:00\",\"description\":\"In seiner Rolle als Vice President Research & Development verbindet Edin Golubovic Nachhaltigkeit mit seiner technischen Expertise\",\"breadcrumb\":{\"@id\":\"https:\/\/www.enocean.com\/de\/about-us\/leadership-team\/edin-golubovic-vice-president-research-development\/#breadcrumb\"},\"inLanguage\":\"de\",\"potentialAction\":[{\"@type\":\"ReadAction\",\"target\":[\"https:\/\/www.enocean.com\/de\/about-us\/leadership-team\/edin-golubovic-vice-president-research-development\/\"]}]},{\"@type\":\"ImageObject\",\"inLanguage\":\"de\",\"@id\":\"https:\/\/www.enocean.com\/de\/about-us\/leadership-team\/edin-golubovic-vice-president-research-development\/#primaryimage\",\"url\":\"https:\/\/www.enocean.com\/wp-content\/uploads\/Employees\/Enocean-Edin-5_400x600.jpg\",\"contentUrl\":\"https:\/\/www.enocean.com\/wp-content\/uploads\/Employees\/Enocean-Edin-5_400x600.jpg\",\"width\":400,\"height\":600,\"caption\":\"Edin Golubovic, Vice President R&D\"},{\"@type\":\"BreadcrumbList\",\"@id\":\"https:\/\/www.enocean.com\/de\/about-us\/leadership-team\/edin-golubovic-vice-president-research-development\/#breadcrumb\",\"itemListElement\":[{\"@type\":\"ListItem\",\"position\":1,\"name\":\"Startseite\",\"item\":\"https:\/\/www.enocean.com\/de\/\"},{\"@type\":\"ListItem\",\"position\":2,\"name\":\"\u00dcber EnOcean\",\"item\":\"https:\/\/www.enocean.com\/de\/about-us\/\"},{\"@type\":\"ListItem\",\"position\":3,\"name\":\"Edin Golubovic\"}]},{\"@type\":\"WebSite\",\"@id\":\"https:\/\/www.enocean.com\/de\/#website\",\"url\":\"https:\/\/www.enocean.com\/de\/\",\"name\":\"EnOcean\",\"description\":\"EnOcean Relaunch\",\"publisher\":{\"@id\":\"https:\/\/www.enocean.com\/de\/#organization\"},\"potentialAction\":[{\"@type\":\"SearchAction\",\"target\":{\"@type\":\"EntryPoint\",\"urlTemplate\":\"https:\/\/www.enocean.com\/de\/?s={search_term_string}\"},\"query-input\":{\"@type\":\"PropertyValueSpecification\",\"valueRequired\":true,\"valueName\":\"search_term_string\"}}],\"inLanguage\":\"de\"},{\"@type\":\"Organization\",\"@id\":\"https:\/\/www.enocean.com\/de\/#organization\",\"name\":\"EnOcean\",\"url\":\"https:\/\/www.enocean.com\/de\/\",\"logo\":{\"@type\":\"ImageObject\",\"inLanguage\":\"de\",\"@id\":\"https:\/\/www.enocean.com\/de\/#\/schema\/logo\/image\/\",\"url\":\"https:\/\/www.enocean.com\/wp-content\/uploads\/Logos\/1-1.png\",\"contentUrl\":\"https:\/\/www.enocean.com\/wp-content\/uploads\/Logos\/1-1.png\",\"width\":500,\"height\":500,\"caption\":\"EnOcean\"},\"image\":{\"@id\":\"https:\/\/www.enocean.com\/de\/#\/schema\/logo\/image\/\"},\"sameAs\":[\"https:\/\/www.linkedin.com\/company\/enocean\/\"]}]}<\/script>\n<!-- \/ Yoast SEO plugin. -->","yoast_head_json":{"title":"Edin Golubovic - EnOcean","description":"In seiner Rolle als Vice President Research & Development verbindet Edin Golubovic Nachhaltigkeit mit seiner technischen Expertise","robots":{"index":"index","follow":"follow","max-snippet":"max-snippet:-1","max-image-preview":"max-image-preview:large","max-video-preview":"max-video-preview:-1"},"canonical":"https:\/\/www.enocean.com\/de\/about-us\/leadership-team\/edin-golubovic-vice-president-research-development\/","og_locale":"de_DE","og_type":"article","og_title":"Edin Golubovic - EnOcean","og_description":"In seiner Rolle als Vice President Research & Development verbindet Edin Golubovic Nachhaltigkeit mit seiner technischen Expertise","og_url":"https:\/\/www.enocean.com\/de\/about-us\/leadership-team\/edin-golubovic-vice-president-research-development\/","og_site_name":"EnOcean","article_modified_time":"2024-07-01T14:29:01+00:00","og_image":[{"url":"https:\/\/www.enocean.com\/wp-content\/uploads\/Employees\/Enocean-Edin-5_400x600.jpg","type":"","width":"","height":""}],"twitter_card":"summary_large_image","twitter_misc":{"Gesch\u00e4tzte Lesezeit":"3\u00a0Minuten"},"schema":{"@context":"https:\/\/schema.org","@graph":[{"@type":"WebPage","@id":"https:\/\/www.enocean.com\/de\/about-us\/leadership-team\/edin-golubovic-vice-president-research-development\/","url":"https:\/\/www.enocean.com\/de\/about-us\/leadership-team\/edin-golubovic-vice-president-research-development\/","name":"Edin Golubovic - EnOcean","isPartOf":{"@id":"https:\/\/www.enocean.com\/de\/#website"},"primaryImageOfPage":{"@id":"https:\/\/www.enocean.com\/de\/about-us\/leadership-team\/edin-golubovic-vice-president-research-development\/#primaryimage"},"image":{"@id":"https:\/\/www.enocean.com\/de\/about-us\/leadership-team\/edin-golubovic-vice-president-research-development\/#primaryimage"},"thumbnailUrl":"https:\/\/www.enocean.com\/wp-content\/uploads\/Employees\/Enocean-Edin-5_400x600.jpg","datePublished":"2024-04-05T10:17:35+00:00","dateModified":"2024-07-01T14:29:01+00:00","description":"In seiner Rolle als Vice President Research & Development verbindet Edin Golubovic Nachhaltigkeit mit seiner technischen Expertise","breadcrumb":{"@id":"https:\/\/www.enocean.com\/de\/about-us\/leadership-team\/edin-golubovic-vice-president-research-development\/#breadcrumb"},"inLanguage":"de","potentialAction":[{"@type":"ReadAction","target":["https:\/\/www.enocean.com\/de\/about-us\/leadership-team\/edin-golubovic-vice-president-research-development\/"]}]},{"@type":"ImageObject","inLanguage":"de","@id":"https:\/\/www.enocean.com\/de\/about-us\/leadership-team\/edin-golubovic-vice-president-research-development\/#primaryimage","url":"https:\/\/www.enocean.com\/wp-content\/uploads\/Employees\/Enocean-Edin-5_400x600.jpg","contentUrl":"https:\/\/www.enocean.com\/wp-content\/uploads\/Employees\/Enocean-Edin-5_400x600.jpg","width":400,"height":600,"caption":"Edin Golubovic, Vice President R&D"},{"@type":"BreadcrumbList","@id":"https:\/\/www.enocean.com\/de\/about-us\/leadership-team\/edin-golubovic-vice-president-research-development\/#breadcrumb","itemListElement":[{"@type":"ListItem","position":1,"name":"Startseite","item":"https:\/\/www.enocean.com\/de\/"},{"@type":"ListItem","position":2,"name":"\u00dcber EnOcean","item":"https:\/\/www.enocean.com\/de\/about-us\/"},{"@type":"ListItem","position":3,"name":"Edin Golubovic"}]},{"@type":"WebSite","@id":"https:\/\/www.enocean.com\/de\/#website","url":"https:\/\/www.enocean.com\/de\/","name":"EnOcean","description":"EnOcean Relaunch","publisher":{"@id":"https:\/\/www.enocean.com\/de\/#organization"},"potentialAction":[{"@type":"SearchAction","target":{"@type":"EntryPoint","urlTemplate":"https:\/\/www.enocean.com\/de\/?s={search_term_string}"},"query-input":{"@type":"PropertyValueSpecification","valueRequired":true,"valueName":"search_term_string"}}],"inLanguage":"de"},{"@type":"Organization","@id":"https:\/\/www.enocean.com\/de\/#organization","name":"EnOcean","url":"https:\/\/www.enocean.com\/de\/","logo":{"@type":"ImageObject","inLanguage":"de","@id":"https:\/\/www.enocean.com\/de\/#\/schema\/logo\/image\/","url":"https:\/\/www.enocean.com\/wp-content\/uploads\/Logos\/1-1.png","contentUrl":"https:\/\/www.enocean.com\/wp-content\/uploads\/Logos\/1-1.png","width":500,"height":500,"caption":"EnOcean"},"image":{"@id":"https:\/\/www.enocean.com\/de\/#\/schema\/logo\/image\/"},"sameAs":["https:\/\/www.linkedin.com\/company\/enocean\/"]}]}},"taxonomy_info":[],"featured_image_src_large":["https:\/\/www.enocean.com\/wp-content\/uploads\/Employees\/Enocean-Edin-5_400x600.jpg",400,600,false],"author_info":{"display_name":"Simone Werner","author_link":"https:\/\/www.enocean.com\/de\/author\/enocean_werner\/"},"comment_info":0,"uagb_featured_image_src":{"full":["https:\/\/www.enocean.com\/wp-content\/uploads\/Employees\/Enocean-Edin-5_400x600.jpg",400,600,false],"thumbnail":["https:\/\/www.enocean.com\/wp-content\/uploads\/Employees\/Enocean-Edin-5_400x600-100x150.jpg",100,150,true],"medium":["https:\/\/www.enocean.com\/wp-content\/uploads\/Employees\/Enocean-Edin-5_400x600-200x300.jpg",200,300,true],"medium_large":["https:\/\/www.enocean.com\/wp-content\/uploads\/Employees\/Enocean-Edin-5_400x600.jpg",400,600,false],"large":["https:\/\/www.enocean.com\/wp-content\/uploads\/Employees\/Enocean-Edin-5_400x600.jpg",400,600,false],"1536x1536":["https:\/\/www.enocean.com\/wp-content\/uploads\/Employees\/Enocean-Edin-5_400x600.jpg",400,600,false],"2048x2048":["https:\/\/www.enocean.com\/wp-content\/uploads\/Employees\/Enocean-Edin-5_400x600.jpg",400,600,false]},"uagb_author_info":{"display_name":"Simone Werner","author_link":"https:\/\/www.enocean.com\/de\/author\/enocean_werner\/"},"uagb_comment_info":0,"uagb_excerpt":null,"_links":{"self":[{"href":"https:\/\/www.enocean.com\/de\/wp-json\/wp\/v2\/pages\/22516","targetHints":{"allow":["GET"]}}],"collection":[{"href":"https:\/\/www.enocean.com\/de\/wp-json\/wp\/v2\/pages"}],"about":[{"href":"https:\/\/www.enocean.com\/de\/wp-json\/wp\/v2\/types\/page"}],"author":[{"embeddable":true,"href":"https:\/\/www.enocean.com\/de\/wp-json\/wp\/v2\/users\/3403"}],"replies":[{"embeddable":true,"href":"https:\/\/www.enocean.com\/de\/wp-json\/wp\/v2\/comments?post=22516"}],"version-history":[{"count":4,"href":"https:\/\/www.enocean.com\/de\/wp-json\/wp\/v2\/pages\/22516\/revisions"}],"predecessor-version":[{"id":23298,"href":"https:\/\/www.enocean.com\/de\/wp-json\/wp\/v2\/pages\/22516\/revisions\/23298"}],"up":[{"embeddable":true,"href":"https:\/\/www.enocean.com\/de\/wp-json\/wp\/v2\/pages\/4937"}],"wp:featuredmedia":[{"embeddable":true,"href":"https:\/\/www.enocean.com\/de\/wp-json\/wp\/v2\/media\/23211"}],"wp:attachment":[{"href":"https:\/\/www.enocean.com\/de\/wp-json\/wp\/v2\/media?parent=22516"}],"curies":[{"name":"wp","href":"https:\/\/api.w.org\/{rel}","templated":true}]}}