{"id":22975,"date":"2024-07-09T16:24:43","date_gmt":"2024-07-09T14:24:43","guid":{"rendered":"https:\/\/www.enocean.com\/?page_id=22975"},"modified":"2024-07-10T13:09:58","modified_gmt":"2024-07-10T11:09:58","slug":"systemintegratoren-und-eigentuemer","status":"publish","type":"page","link":"https:\/\/www.enocean.com\/de\/technologie\/systemintegratoren-und-eigentuemer\/","title":{"rendered":"Systemintegratoren und Eigent\u00fcmer"},"content":{"rendered":"\n<div class=\"wp-block-cover is-light eo-visualheader\"><span aria-hidden=\"true\" class=\"wp-block-cover__background has-background-dim-0 has-background-dim\" style=\"background-color:#908275\"><\/span><img decoding=\"async\" width=\"2121\" height=\"635\" class=\"wp-block-cover__image-background wp-image-23100\" alt=\"Systemintegratoren und Eigent\u00fcmer\" src=\"https:\/\/www.enocean.com\/wp-content\/uploads\/Header\/GettyImages-941923908_2048x613.jpg\" style=\"object-position:52% 9%\" data-object-fit=\"cover\" data-object-position=\"52% 9%\" srcset=\"https:\/\/www.enocean.com\/wp-content\/uploads\/Header\/GettyImages-941923908_2048x613.jpg 2121w, https:\/\/www.enocean.com\/wp-content\/uploads\/Header\/GettyImages-941923908_2048x613-300x90.jpg 300w, https:\/\/www.enocean.com\/wp-content\/uploads\/Header\/GettyImages-941923908_2048x613-1024x307.jpg 1024w, https:\/\/www.enocean.com\/wp-content\/uploads\/Header\/GettyImages-941923908_2048x613-150x45.jpg 150w, https:\/\/www.enocean.com\/wp-content\/uploads\/Header\/GettyImages-941923908_2048x613-768x230.jpg 768w, https:\/\/www.enocean.com\/wp-content\/uploads\/Header\/GettyImages-941923908_2048x613-1536x460.jpg 1536w, https:\/\/www.enocean.com\/wp-content\/uploads\/Header\/GettyImages-941923908_2048x613-2048x613.jpg 2048w\" sizes=\"(max-width: 2121px) 100vw, 2121px\" \/><div class=\"wp-block-cover__inner-container is-layout-flow wp-block-cover-is-layout-flow\">\n<p class=\"has-text-align-center has-large-font-size\"><\/p>\n<\/div><\/div>\n\n\n\n<section class=\"wp-block-uagb-section uagb-section__wrap uagb-section__background-undefined uagb-block-899b24e2\"><div class=\"uagb-section__overlay\"><\/div><div class=\"uagb-section__inner-wrap\">\n<h1 class=\"wp-block-heading\"><strong>Komplettl\u00f6sungen f\u00fcr Geb\u00e4ude und B\u00fcrofl\u00e4chen: Nachhaltige und intelligente R\u00e4ume schaffen<\/strong><\/h1>\n<\/div><\/section>\n\n\n\n<section class=\"wp-block-uagb-section uagb-section__wrap uagb-section__background-none uagb-block-54c32bd0\"><div class=\"uagb-section__overlay\"><\/div><div class=\"uagb-section__inner-wrap\">\n<h2 class=\"wp-block-heading\">Intelligentere, nachhaltigere Geb\u00e4ude und B\u00fcror\u00e4ume schaffen<\/h2>\n\n\n\n<p>EnOcean hat sich verpflichtet, die Zukunft von Gesch\u00e4ftsgeb\u00e4uden neu zu gestalten und B\u00fcrofl\u00e4chen zu optimieren. Unser Ziel ist es, sie intelligenter, gr\u00fcner und effizienter zu machen. Als Systemintegrator oder Eigent\u00fcmer eines Geb\u00e4udes profitieren Sie von unseren nachhaltigen IoT-L\u00f6sungen f\u00fcr intelligente R\u00e4ume. Lassen Sie uns gemeinsam die Zukunft gestalten.<\/p>\n\n\n<style>.wp-block-kadence-spacer.kt-block-spacer-22975_717825-21 .kt-block-spacer{height:40px;}.wp-block-kadence-spacer.kt-block-spacer-22975_717825-21 .kt-divider{border-top-width:1px;height:1px;border-top-color:#eee;width:80%;border-top-style:solid;}<\/style>\n<div class=\"wp-block-kadence-spacer aligncenter kt-block-spacer-22975_717825-21\"><div class=\"kt-block-spacer kt-block-spacer-halign-center\"><\/div><\/div>\n\n\n\n<h3 class=\"wp-block-heading\"><strong>Profitieren Sie von intelligenten und nachhaltigen Geb\u00e4uden <\/strong><\/h3>\n\n\n<style>.kt-sc22975_688201-f5 .kt-sc-imgcol, .kt-sc22975_688201-f5 .kt-sc-textcol{min-height:0px;}.kt-sc22975_688201-f5 .kt-sc-imgcol{background-size:cover;background-image:url(https:\/\/www.enocean.com\/wp-content\/uploads\/Buhne\/home_slider-energy-harvesting.jpg);}.kt-sc22975_688201-f5 .kt-sc-textcol{padding-top:0px;padding-right:24px;padding-bottom:0px;padding-left:24px;margin-top:0px;margin-right:0px;margin-bottom:0px;margin-left:0px;}@media all and (max-width: 767px){.kt-sc22975_688201-f5 .kt-sc-imgcol, .kt-sc22975_688201-f5 .kt-sc-textcol{min-height:450px;}.kt-sc22975_688201-f5 .kt-sc-textcol{padding-right:0px;padding-left:0px;}}<\/style>\n<div class=\"aligncenter kt-sc22975_688201-f5 wp-block-kadence-splitcontent\"><div class=\"kt-split-content-wrap kt-sc-media-side-left\" style=\"grid-template-columns:55% auto\"><div class=\"kt-sc-imgcol kt-sc-imgcol-bg-cover kt-sc-img-side-left\"><\/div><div class=\"kt-sc-textcol kt-sc-text-valign-center kt-sc-text-halign-center\"><div class=\"kt-sc-innter-col\"><style>.wp-block-kadence-advancedheading.kt-adv-heading22975_e811c6-1e, .wp-block-kadence-advancedheading.kt-adv-heading22975_e811c6-1e[data-kb-block=\"kb-adv-heading22975_e811c6-1e\"]{text-align:left;font-style:normal;}.wp-block-kadence-advancedheading.kt-adv-heading22975_e811c6-1e mark.kt-highlight, .wp-block-kadence-advancedheading.kt-adv-heading22975_e811c6-1e[data-kb-block=\"kb-adv-heading22975_e811c6-1e\"] mark.kt-highlight{font-style:normal;color:#f76a0c;-webkit-box-decoration-break:clone;box-decoration-break:clone;padding-top:0px;padding-right:0px;padding-bottom:0px;padding-left:0px;}<\/style>\n<p class=\"kt-adv-heading22975_e811c6-1e wp-block-kadence-advancedheading\" data-kb-block=\"kb-adv-heading22975_e811c6-1e\">Die Umwandlung von Geb\u00e4uden in intelligente R\u00e4ume ist eine Herausforderung. Daher unterst\u00fctzt Sie EnOcean als Innovationsf\u00fchrer f\u00fcr <strong>energieeffiziente<\/strong> und drahtlose IoT-L\u00f6sungen sowie <strong>Energy Harvesting<\/strong> umfassend und tatkr\u00e4ftig.<\/p>\n<\/div><\/div><\/div><\/div>\n\n\n<style>.wp-block-kadence-spacer.kt-block-spacer-22975_2b029f-01 .kt-block-spacer{height:40px;}.wp-block-kadence-spacer.kt-block-spacer-22975_2b029f-01 .kt-divider{border-top-width:1px;height:1px;border-top-color:#eee;width:80%;border-top-style:solid;}<\/style>\n<div class=\"wp-block-kadence-spacer aligncenter kt-block-spacer-22975_2b029f-01\"><div class=\"kt-block-spacer kt-block-spacer-halign-center\"><\/div><\/div>\n\n\n\n<h3 class=\"wp-block-heading\">Ihre Vorteile als Systemintegrator und Eigent\u00fcmer eines Geb\u00e4udes:<\/h3>\n\n\n\n<ul class=\"wp-block-list\">\n<li><strong>Kostensenkung<\/strong> und Reduktion der <strong>Umweltbelastung<\/strong><\/li>\n\n\n\n<li>Steigerung von Komfort, Effizienz und Produktivit\u00e4t in Ihren Geb\u00e4uden<\/li>\n\n\n\n<li>H\u00f6here <strong>Flexibilit\u00e4t<\/strong> bei der Platzierung Ihrer Ger\u00e4te in die Geb\u00e4udeautomation<\/li>\n\n\n\n<li>Mehr Freiheit und Gestaltungsm\u00f6glichkeiten durch den Verzicht auf Batterien und Kabel<\/li>\n<\/ul>\n\n\n\n<div class=\"wp-block-buttons is-layout-flex wp-block-buttons-is-layout-flex\">\n<div class=\"wp-block-button has-custom-width wp-block-button__width-75 is-style-tertiary-button\"><a class=\"wp-block-button__link has-text-align-center wp-element-button\" href=\"https:\/\/www.enocean.com\/de\/technologie\/anwendungen-im-fokus\/\">Erfahren Sie mehr \u00fcber unsere Anwendungen<\/a><\/div>\n<\/div>\n\n\n<style>.wp-block-kadence-spacer.kt-block-spacer-22975_94dc31-41 .kt-block-spacer{height:40px;}.wp-block-kadence-spacer.kt-block-spacer-22975_94dc31-41 .kt-divider{border-top-width:1px;height:1px;border-top-color:#eee;width:80%;border-top-style:solid;}<\/style>\n<div class=\"wp-block-kadence-spacer aligncenter kt-block-spacer-22975_94dc31-41\"><div class=\"kt-block-spacer kt-block-spacer-halign-center\"><\/div><\/div>\n\n\n\n<h3 class=\"wp-block-heading\"><strong>Einfache Integration Ihrer Sensordaten \u00fcber WiFi Access Points und SmartServer<\/strong><\/h3>\n\n\n\n<p>Mit unseren <strong>IoT-L\u00f6sungen<\/strong> k\u00f6nnen Sie Daten sammeln und in eine Cloud senden. Je nach Anwendung werden diese Daten von unserem <strong>IoT Connector<\/strong> analysiert. Unser <strong>SmartServer<\/strong> erm\u00f6glicht die Anbindung an Ihr bestehendes Building Management System (BMS).<br><br>W\u00e4hrend unsere Sensoren als \u201aAugen und Ohren\u2018 Ihres Geb\u00e4udes fungieren, ist die Cloud mit ihrer Anwendung das \u201aGehirn\u2018. Der SmartServer ist die Datenintegrationsplattform, die sich an jeden Konnektivit\u00e4tsstandard anpassen l\u00e4sst.<\/p>\n\n\n\n<div class=\"wp-block-buttons is-layout-flex wp-block-buttons-is-layout-flex\">\n<div class=\"wp-block-button has-custom-width wp-block-button__width-75 is-style-tertiary-button\"><a class=\"wp-block-button__link has-text-align-center wp-element-button\" href=\"https:\/\/www.enocean.com\/de\/produkte\/iot-edge-computing-loesungen\/\">Erfahren Sie mehr \u00fcber unsere Smart Solutions.<\/a><\/div>\n<\/div>\n\n\n<style>.wp-block-kadence-spacer.kt-block-spacer-22975_73fb0b-33 .kt-block-spacer{height:40px;}.wp-block-kadence-spacer.kt-block-spacer-22975_73fb0b-33 .kt-divider{border-top-width:1px;height:1px;border-top-color:#eee;width:80%;border-top-style:solid;}<\/style>\n<div class=\"wp-block-kadence-spacer aligncenter kt-block-spacer-22975_73fb0b-33\"><div class=\"kt-block-spacer kt-block-spacer-halign-center\"><\/div><\/div>\n\n\n\n<h3 class=\"wp-block-heading\"><strong>Wissenswertes f\u00fcr Systemintegratoren und Eigent\u00fcmer eines Geb\u00e4udes<\/strong><\/h3>\n\n\n\n<p>EnOcean bietet Systemintegratoren und Eigent\u00fcmer eines Geb\u00e4udes zahlreiche Vorteile, um Mehrwert im operativen Gesch\u00e4ft zu erzielen. Weitere wertvolle Informationen haben wir hier f\u00fcr Sie zusammengestellt:<\/p>\n\n\n\n<div class=\"wp-block-columns is-layout-flex wp-container-core-columns-is-layout-9d6595d7 wp-block-columns-is-layout-flex\">\n<div class=\"wp-block-column is-layout-flow wp-block-column-is-layout-flow\">\n<figure class=\"wp-block-image size-full\"><a href=\"https:\/\/perpetuum.enocean.com\/\"><img decoding=\"async\" width=\"461\" height=\"307\" src=\"https:\/\/www.enocean.com\/wp-content\/uploads\/eo_white_papers_01_461x307.jpg\" alt=\"\" class=\"wp-image-23364\" style=\"aspect-ratio:3\/2;object-fit:cover\" srcset=\"https:\/\/www.enocean.com\/wp-content\/uploads\/eo_white_papers_01_461x307.jpg 461w, https:\/\/www.enocean.com\/wp-content\/uploads\/eo_white_papers_01_461x307-300x200.jpg 300w, https:\/\/www.enocean.com\/wp-content\/uploads\/eo_white_papers_01_461x307-150x100.jpg 150w\" sizes=\"(max-width: 461px) 100vw, 461px\" \/><\/a><\/figure>\n\n\n\n<div class=\"wp-block-buttons is-layout-flex wp-block-buttons-is-layout-flex\">\n<div class=\"wp-block-button has-custom-width wp-block-button__width-100 is-style-tertiary-button\"><a class=\"wp-block-button__link has-text-align-center wp-element-button\" href=\"https:\/\/perpetuum.enocean.com\/\">Success Stories<\/a><\/div>\n<\/div>\n<\/div>\n\n\n\n<div class=\"wp-block-column is-layout-flow wp-block-column-is-layout-flow\">\n<figure class=\"wp-block-image size-full\"><a href=\"https:\/\/www.enocean.com\/de\/news\/enocean-blog\/\"><img decoding=\"async\" width=\"461\" height=\"307\" src=\"https:\/\/www.enocean.com\/wp-content\/uploads\/enocean-blog-header-461x307-1.jpg\" alt=\"\" class=\"wp-image-23360\" style=\"aspect-ratio:3\/2;object-fit:cover\" srcset=\"https:\/\/www.enocean.com\/wp-content\/uploads\/enocean-blog-header-461x307-1.jpg 461w, https:\/\/www.enocean.com\/wp-content\/uploads\/enocean-blog-header-461x307-1-300x200.jpg 300w, https:\/\/www.enocean.com\/wp-content\/uploads\/enocean-blog-header-461x307-1-150x100.jpg 150w\" sizes=\"(max-width: 461px) 100vw, 461px\" \/><\/a><\/figure>\n\n\n\n<div class=\"wp-block-buttons is-layout-flex wp-block-buttons-is-layout-flex\">\n<div class=\"wp-block-button has-custom-width wp-block-button__width-100 is-style-tertiary-button\"><a class=\"wp-block-button__link has-text-align-center wp-element-button\" href=\"https:\/\/www.enocean.com\/de\/news\/enocean-blog\/\">EnOcean Blog<\/a><\/div>\n<\/div>\n<\/div>\n\n\n\n<div class=\"wp-block-column is-layout-flow wp-block-column-is-layout-flow\">\n<figure class=\"wp-block-image size-full\"><a href=\"https:\/\/www.enocean.com\/de\/anwendungen\/partnerschaften\/\"><img decoding=\"async\" width=\"929\" height=\"613\" src=\"https:\/\/www.enocean.com\/wp-content\/uploads\/eo_partnerschaften_01_929x613.jpg\" alt=\"\" class=\"wp-image-23404\" style=\"aspect-ratio:3\/2;object-fit:cover\" srcset=\"https:\/\/www.enocean.com\/wp-content\/uploads\/eo_partnerschaften_01_929x613.jpg 929w, https:\/\/www.enocean.com\/wp-content\/uploads\/eo_partnerschaften_01_929x613-300x198.jpg 300w, https:\/\/www.enocean.com\/wp-content\/uploads\/eo_partnerschaften_01_929x613-150x99.jpg 150w, https:\/\/www.enocean.com\/wp-content\/uploads\/eo_partnerschaften_01_929x613-768x507.jpg 768w\" sizes=\"(max-width: 929px) 100vw, 929px\" \/><\/a><\/figure>\n\n\n\n<div class=\"wp-block-buttons is-layout-flex wp-block-buttons-is-layout-flex\">\n<div class=\"wp-block-button has-custom-width wp-block-button__width-100 is-style-tertiary-button\"><a class=\"wp-block-button__link has-text-align-center wp-element-button\" href=\"https:\/\/www.enocean.com\/de\/anwendungen\/partnerschaften\/\">Partnerschaften<\/a><\/div>\n<\/div>\n<\/div>\n<\/div>\n<\/div><\/section>\n\n\n<style>.wp-block-kadence-spacer.kt-block-spacer-22975_30b7cc-39 .kt-block-spacer{height:40px;}.wp-block-kadence-spacer.kt-block-spacer-22975_30b7cc-39 .kt-divider{border-top-width:1px;height:1px;border-top-color:#eee;width:80%;border-top-style:solid;}<\/style>\n<div class=\"wp-block-kadence-spacer aligncenter kt-block-spacer-22975_30b7cc-39\"><div class=\"kt-block-spacer kt-block-spacer-halign-center\"><\/div><\/div>\n","protected":false},"excerpt":{"rendered":"","protected":false},"author":3403,"featured_media":23101,"parent":12891,"menu_order":20,"comment_status":"closed","ping_status":"closed","template":"","meta":{"_acf_changed":false,"inline_featured_image":false,"_uag_custom_page_level_css":"","_kad_blocks_custom_css":"","_kad_blocks_head_custom_js":"","_kad_blocks_body_custom_js":"","_kad_blocks_footer_custom_js":"","footnotes":""},"class_list":["post-22975","page","type-page","status-publish","has-post-thumbnail","hentry"],"acf":[],"yoast_head":"<!-- This site is optimized with the Yoast SEO plugin v26.5 - https:\/\/yoast.com\/wordpress\/plugins\/seo\/ -->\n<title>Systemintegratoren und Eigent\u00fcmer: Intelligente Geb\u00e4udel\u00f6sungen - EnOcean<\/title>\n<meta name=\"description\" content=\"Systemintegratoren und Eigent\u00fcmer: Entdecken Sie die nachhaltigen IoT-L\u00f6sungen von EnOcean f\u00fcr intelligente und energieeffiziente Geb\u00e4ude.\" \/>\n<meta name=\"robots\" content=\"index, follow, max-snippet:-1, max-image-preview:large, max-video-preview:-1\" \/>\n<link rel=\"canonical\" href=\"https:\/\/www.enocean.com\/de\/technologie\/systemintegratoren-und-eigentuemer\/\" \/>\n<meta property=\"og:locale\" content=\"de_DE\" \/>\n<meta property=\"og:type\" content=\"article\" \/>\n<meta property=\"og:title\" content=\"Systemintegratoren und Eigent\u00fcmer: Intelligente Geb\u00e4udel\u00f6sungen - EnOcean\" \/>\n<meta property=\"og:description\" content=\"Systemintegratoren und Eigent\u00fcmer: Entdecken Sie die nachhaltigen IoT-L\u00f6sungen von EnOcean f\u00fcr intelligente und energieeffiziente Geb\u00e4ude.\" \/>\n<meta property=\"og:url\" content=\"https:\/\/www.enocean.com\/de\/technologie\/systemintegratoren-und-eigentuemer\/\" \/>\n<meta property=\"og:site_name\" content=\"EnOcean\" \/>\n<meta property=\"article:modified_time\" content=\"2024-07-10T11:09:58+00:00\" \/>\n<meta property=\"og:image\" content=\"https:\/\/www.enocean.com\/wp-content\/uploads\/Header\/GettyImages-941923908_2048x613.jpg\" \/>\n\t<meta property=\"og:image:width\" content=\"2121\" \/>\n\t<meta property=\"og:image:height\" content=\"635\" \/>\n\t<meta property=\"og:image:type\" content=\"image\/jpeg\" \/>\n<meta name=\"twitter:card\" content=\"summary_large_image\" \/>\n<meta name=\"twitter:label1\" content=\"Gesch\u00e4tzte Lesezeit\" \/>\n\t<meta name=\"twitter:data1\" content=\"3\u00a0Minuten\" \/>\n<script type=\"application\/ld+json\" class=\"yoast-schema-graph\">{\"@context\":\"https:\/\/schema.org\",\"@graph\":[{\"@type\":\"WebPage\",\"@id\":\"https:\/\/www.enocean.com\/de\/technologie\/systemintegratoren-und-eigentuemer\/\",\"url\":\"https:\/\/www.enocean.com\/de\/technologie\/systemintegratoren-und-eigentuemer\/\",\"name\":\"Systemintegratoren und Eigent\u00fcmer: Intelligente Geb\u00e4udel\u00f6sungen - EnOcean\",\"isPartOf\":{\"@id\":\"https:\/\/www.enocean.com\/de\/#website\"},\"primaryImageOfPage\":{\"@id\":\"https:\/\/www.enocean.com\/de\/technologie\/systemintegratoren-und-eigentuemer\/#primaryimage\"},\"image\":{\"@id\":\"https:\/\/www.enocean.com\/de\/technologie\/systemintegratoren-und-eigentuemer\/#primaryimage\"},\"thumbnailUrl\":\"https:\/\/www.enocean.com\/wp-content\/uploads\/Header\/GettyImages-941923908_2048x613.jpg\",\"datePublished\":\"2024-07-09T14:24:43+00:00\",\"dateModified\":\"2024-07-10T11:09:58+00:00\",\"description\":\"Systemintegratoren und Eigent\u00fcmer: Entdecken Sie die nachhaltigen IoT-L\u00f6sungen von EnOcean f\u00fcr intelligente und energieeffiziente Geb\u00e4ude.\",\"breadcrumb\":{\"@id\":\"https:\/\/www.enocean.com\/de\/technologie\/systemintegratoren-und-eigentuemer\/#breadcrumb\"},\"inLanguage\":\"de\",\"potentialAction\":[{\"@type\":\"ReadAction\",\"target\":[\"https:\/\/www.enocean.com\/de\/technologie\/systemintegratoren-und-eigentuemer\/\"]}]},{\"@type\":\"ImageObject\",\"inLanguage\":\"de\",\"@id\":\"https:\/\/www.enocean.com\/de\/technologie\/systemintegratoren-und-eigentuemer\/#primaryimage\",\"url\":\"https:\/\/www.enocean.com\/wp-content\/uploads\/Header\/GettyImages-941923908_2048x613.jpg\",\"contentUrl\":\"https:\/\/www.enocean.com\/wp-content\/uploads\/Header\/GettyImages-941923908_2048x613.jpg\",\"width\":2121,\"height\":635},{\"@type\":\"BreadcrumbList\",\"@id\":\"https:\/\/www.enocean.com\/de\/technologie\/systemintegratoren-und-eigentuemer\/#breadcrumb\",\"itemListElement\":[{\"@type\":\"ListItem\",\"position\":1,\"name\":\"Startseite\",\"item\":\"https:\/\/www.enocean.com\/de\/\"},{\"@type\":\"ListItem\",\"position\":2,\"name\":\"Technologie\",\"item\":\"https:\/\/www.enocean.com\/de\/technologie\/\"},{\"@type\":\"ListItem\",\"position\":3,\"name\":\"Systemintegratoren und Eigent\u00fcmer\"}]},{\"@type\":\"WebSite\",\"@id\":\"https:\/\/www.enocean.com\/de\/#website\",\"url\":\"https:\/\/www.enocean.com\/de\/\",\"name\":\"EnOcean\",\"description\":\"EnOcean Relaunch\",\"publisher\":{\"@id\":\"https:\/\/www.enocean.com\/de\/#organization\"},\"potentialAction\":[{\"@type\":\"SearchAction\",\"target\":{\"@type\":\"EntryPoint\",\"urlTemplate\":\"https:\/\/www.enocean.com\/de\/?s={search_term_string}\"},\"query-input\":{\"@type\":\"PropertyValueSpecification\",\"valueRequired\":true,\"valueName\":\"search_term_string\"}}],\"inLanguage\":\"de\"},{\"@type\":\"Organization\",\"@id\":\"https:\/\/www.enocean.com\/de\/#organization\",\"name\":\"EnOcean\",\"url\":\"https:\/\/www.enocean.com\/de\/\",\"logo\":{\"@type\":\"ImageObject\",\"inLanguage\":\"de\",\"@id\":\"https:\/\/www.enocean.com\/de\/#\/schema\/logo\/image\/\",\"url\":\"https:\/\/www.enocean.com\/wp-content\/uploads\/Logos\/1-1.png\",\"contentUrl\":\"https:\/\/www.enocean.com\/wp-content\/uploads\/Logos\/1-1.png\",\"width\":500,\"height\":500,\"caption\":\"EnOcean\"},\"image\":{\"@id\":\"https:\/\/www.enocean.com\/de\/#\/schema\/logo\/image\/\"},\"sameAs\":[\"https:\/\/www.linkedin.com\/company\/enocean\/\"]}]}<\/script>\n<!-- \/ Yoast SEO plugin. -->","yoast_head_json":{"title":"Systemintegratoren und Eigent\u00fcmer: Intelligente Geb\u00e4udel\u00f6sungen - EnOcean","description":"Systemintegratoren und Eigent\u00fcmer: Entdecken Sie die nachhaltigen IoT-L\u00f6sungen von EnOcean f\u00fcr intelligente und energieeffiziente Geb\u00e4ude.","robots":{"index":"index","follow":"follow","max-snippet":"max-snippet:-1","max-image-preview":"max-image-preview:large","max-video-preview":"max-video-preview:-1"},"canonical":"https:\/\/www.enocean.com\/de\/technologie\/systemintegratoren-und-eigentuemer\/","og_locale":"de_DE","og_type":"article","og_title":"Systemintegratoren und Eigent\u00fcmer: Intelligente Geb\u00e4udel\u00f6sungen - EnOcean","og_description":"Systemintegratoren und Eigent\u00fcmer: Entdecken Sie die nachhaltigen IoT-L\u00f6sungen von EnOcean f\u00fcr intelligente und energieeffiziente Geb\u00e4ude.","og_url":"https:\/\/www.enocean.com\/de\/technologie\/systemintegratoren-und-eigentuemer\/","og_site_name":"EnOcean","article_modified_time":"2024-07-10T11:09:58+00:00","og_image":[{"width":2121,"height":635,"url":"https:\/\/www.enocean.com\/wp-content\/uploads\/Header\/GettyImages-941923908_2048x613.jpg","type":"image\/jpeg"}],"twitter_card":"summary_large_image","twitter_misc":{"Gesch\u00e4tzte Lesezeit":"3\u00a0Minuten"},"schema":{"@context":"https:\/\/schema.org","@graph":[{"@type":"WebPage","@id":"https:\/\/www.enocean.com\/de\/technologie\/systemintegratoren-und-eigentuemer\/","url":"https:\/\/www.enocean.com\/de\/technologie\/systemintegratoren-und-eigentuemer\/","name":"Systemintegratoren und Eigent\u00fcmer: Intelligente Geb\u00e4udel\u00f6sungen - EnOcean","isPartOf":{"@id":"https:\/\/www.enocean.com\/de\/#website"},"primaryImageOfPage":{"@id":"https:\/\/www.enocean.com\/de\/technologie\/systemintegratoren-und-eigentuemer\/#primaryimage"},"image":{"@id":"https:\/\/www.enocean.com\/de\/technologie\/systemintegratoren-und-eigentuemer\/#primaryimage"},"thumbnailUrl":"https:\/\/www.enocean.com\/wp-content\/uploads\/Header\/GettyImages-941923908_2048x613.jpg","datePublished":"2024-07-09T14:24:43+00:00","dateModified":"2024-07-10T11:09:58+00:00","description":"Systemintegratoren und Eigent\u00fcmer: Entdecken Sie die nachhaltigen IoT-L\u00f6sungen von EnOcean f\u00fcr intelligente und energieeffiziente Geb\u00e4ude.","breadcrumb":{"@id":"https:\/\/www.enocean.com\/de\/technologie\/systemintegratoren-und-eigentuemer\/#breadcrumb"},"inLanguage":"de","potentialAction":[{"@type":"ReadAction","target":["https:\/\/www.enocean.com\/de\/technologie\/systemintegratoren-und-eigentuemer\/"]}]},{"@type":"ImageObject","inLanguage":"de","@id":"https:\/\/www.enocean.com\/de\/technologie\/systemintegratoren-und-eigentuemer\/#primaryimage","url":"https:\/\/www.enocean.com\/wp-content\/uploads\/Header\/GettyImages-941923908_2048x613.jpg","contentUrl":"https:\/\/www.enocean.com\/wp-content\/uploads\/Header\/GettyImages-941923908_2048x613.jpg","width":2121,"height":635},{"@type":"BreadcrumbList","@id":"https:\/\/www.enocean.com\/de\/technologie\/systemintegratoren-und-eigentuemer\/#breadcrumb","itemListElement":[{"@type":"ListItem","position":1,"name":"Startseite","item":"https:\/\/www.enocean.com\/de\/"},{"@type":"ListItem","position":2,"name":"Technologie","item":"https:\/\/www.enocean.com\/de\/technologie\/"},{"@type":"ListItem","position":3,"name":"Systemintegratoren und Eigent\u00fcmer"}]},{"@type":"WebSite","@id":"https:\/\/www.enocean.com\/de\/#website","url":"https:\/\/www.enocean.com\/de\/","name":"EnOcean","description":"EnOcean Relaunch","publisher":{"@id":"https:\/\/www.enocean.com\/de\/#organization"},"potentialAction":[{"@type":"SearchAction","target":{"@type":"EntryPoint","urlTemplate":"https:\/\/www.enocean.com\/de\/?s={search_term_string}"},"query-input":{"@type":"PropertyValueSpecification","valueRequired":true,"valueName":"search_term_string"}}],"inLanguage":"de"},{"@type":"Organization","@id":"https:\/\/www.enocean.com\/de\/#organization","name":"EnOcean","url":"https:\/\/www.enocean.com\/de\/","logo":{"@type":"ImageObject","inLanguage":"de","@id":"https:\/\/www.enocean.com\/de\/#\/schema\/logo\/image\/","url":"https:\/\/www.enocean.com\/wp-content\/uploads\/Logos\/1-1.png","contentUrl":"https:\/\/www.enocean.com\/wp-content\/uploads\/Logos\/1-1.png","width":500,"height":500,"caption":"EnOcean"},"image":{"@id":"https:\/\/www.enocean.com\/de\/#\/schema\/logo\/image\/"},"sameAs":["https:\/\/www.linkedin.com\/company\/enocean\/"]}]}},"taxonomy_info":[],"featured_image_src_large":["https:\/\/www.enocean.com\/wp-content\/uploads\/Header\/GettyImages-941923908_2048x613-1024x307.jpg",1024,307,true],"author_info":{"display_name":"Simone Werner","author_link":"https:\/\/www.enocean.com\/de\/author\/enocean_werner\/"},"comment_info":0,"uagb_featured_image_src":{"full":["https:\/\/www.enocean.com\/wp-content\/uploads\/Header\/GettyImages-941923908_2048x613.jpg",2121,635,false],"thumbnail":["https:\/\/www.enocean.com\/wp-content\/uploads\/Header\/GettyImages-941923908_2048x613-150x45.jpg",150,45,true],"medium":["https:\/\/www.enocean.com\/wp-content\/uploads\/Header\/GettyImages-941923908_2048x613-300x90.jpg",300,90,true],"medium_large":["https:\/\/www.enocean.com\/wp-content\/uploads\/Header\/GettyImages-941923908_2048x613-768x230.jpg",768,230,true],"large":["https:\/\/www.enocean.com\/wp-content\/uploads\/Header\/GettyImages-941923908_2048x613-1024x307.jpg",1024,307,true],"1536x1536":["https:\/\/www.enocean.com\/wp-content\/uploads\/Header\/GettyImages-941923908_2048x613-1536x460.jpg",1536,460,true],"2048x2048":["https:\/\/www.enocean.com\/wp-content\/uploads\/Header\/GettyImages-941923908_2048x613-2048x613.jpg",2048,613,true]},"uagb_author_info":{"display_name":"Simone Werner","author_link":"https:\/\/www.enocean.com\/de\/author\/enocean_werner\/"},"uagb_comment_info":0,"uagb_excerpt":null,"_links":{"self":[{"href":"https:\/\/www.enocean.com\/de\/wp-json\/wp\/v2\/pages\/22975","targetHints":{"allow":["GET"]}}],"collection":[{"href":"https:\/\/www.enocean.com\/de\/wp-json\/wp\/v2\/pages"}],"about":[{"href":"https:\/\/www.enocean.com\/de\/wp-json\/wp\/v2\/types\/page"}],"author":[{"embeddable":true,"href":"https:\/\/www.enocean.com\/de\/wp-json\/wp\/v2\/users\/3403"}],"replies":[{"embeddable":true,"href":"https:\/\/www.enocean.com\/de\/wp-json\/wp\/v2\/comments?post=22975"}],"version-history":[{"count":37,"href":"https:\/\/www.enocean.com\/de\/wp-json\/wp\/v2\/pages\/22975\/revisions"}],"predecessor-version":[{"id":23956,"href":"https:\/\/www.enocean.com\/de\/wp-json\/wp\/v2\/pages\/22975\/revisions\/23956"}],"up":[{"embeddable":true,"href":"https:\/\/www.enocean.com\/de\/wp-json\/wp\/v2\/pages\/12891"}],"wp:featuredmedia":[{"embeddable":true,"href":"https:\/\/www.enocean.com\/de\/wp-json\/wp\/v2\/media\/23101"}],"wp:attachment":[{"href":"https:\/\/www.enocean.com\/de\/wp-json\/wp\/v2\/media?parent=22975"}],"curies":[{"name":"wp","href":"https:\/\/api.w.org\/{rel}","templated":true}]}}