{"id":23246,"date":"2024-07-01T15:15:01","date_gmt":"2024-07-01T13:15:01","guid":{"rendered":"https:\/\/www.enocean.com\/about-us\/leadership-team\/florian-stillger\/"},"modified":"2024-07-01T16:13:28","modified_gmt":"2024-07-01T14:13:28","slug":"florian-stillger","status":"publish","type":"page","link":"https:\/\/www.enocean.com\/de\/about-us\/leadership-team\/florian-stillger\/","title":{"rendered":"Florian Stillger"},"content":{"rendered":"\n<section class=\"wp-block-uagb-section uagb-section__wrap uagb-section__background-none uagb-block-e6dca02a\"><div class=\"uagb-section__overlay\"><\/div><div class=\"uagb-section__inner-wrap\"><style>.wp-block-kadence-spacer.kt-block-spacer-23246_ad9223-44 .kt-block-spacer{height:60px;}.wp-block-kadence-spacer.kt-block-spacer-23246_ad9223-44 .kt-divider{border-top-width:1px;height:1px;border-top-color:#eee;width:80%;border-top-style:solid;}<\/style>\n<div class=\"wp-block-kadence-spacer aligncenter kt-block-spacer-23246_ad9223-44\"><div class=\"kt-block-spacer kt-block-spacer-halign-center\"><\/div><\/div>\n\n\n\n<h1 class=\"wp-block-heading\">EnOcean Leadership<\/h1>\n\n\n\n<section class=\"wp-block-uagb-section uagb-section__wrap uagb-section__background-none uagb-block-eb2b1e14\"><div class=\"uagb-section__overlay\"><\/div><div class=\"uagb-section__inner-wrap\">\n<h2 class=\"wp-block-heading\"><strong>Florian Stillger<\/strong><\/h2>\n\n\n\n<p><strong><mark style=\"background-color:rgba(0, 0, 0, 0)\" class=\"has-inline-color has-blue-color\">Chief Financial Officer<\/mark><\/strong><\/p>\n<\/div><\/section>\n\n\n<style>.wp-block-kadence-spacer.kt-block-spacer-23246_ecbbab-a1 .kt-block-spacer{height:6px;}.wp-block-kadence-spacer.kt-block-spacer-23246_ecbbab-a1 .kt-divider{border-top-width:1px;height:1px;border-top-color:#eee;width:80%;border-top-style:solid;}<\/style>\n<div class=\"wp-block-kadence-spacer aligncenter kt-block-spacer-23246_ecbbab-a1\"><div class=\"kt-block-spacer kt-block-spacer-halign-center\"><\/div><\/div>\n\n\n<div class=\"wp-block-image\">\n<figure class=\"alignright size-full is-resized\"><img decoding=\"async\" width=\"400\" height=\"600\" src=\"https:\/\/www.enocean.com\/wp-content\/uploads\/Employees\/Enocean-Florian-9_400x600.jpg\" alt=\"Florian Stillger\" class=\"wp-image-23213\" style=\"width:200px;height:310px\" srcset=\"https:\/\/www.enocean.com\/wp-content\/uploads\/Employees\/Enocean-Florian-9_400x600.jpg 400w, https:\/\/www.enocean.com\/wp-content\/uploads\/Employees\/Enocean-Florian-9_400x600-200x300.jpg 200w, https:\/\/www.enocean.com\/wp-content\/uploads\/Employees\/Enocean-Florian-9_400x600-100x150.jpg 100w\" sizes=\"(max-width: 400px) 100vw, 400px\" \/><\/figure>\n<\/div>\n\n\n<section class=\"wp-block-uagb-section uagb-section__wrap uagb-section__background-none uagb-block-2b436e08\"><div class=\"uagb-section__overlay\"><\/div><div class=\"uagb-section__inner-wrap\">\n<p>Ich bin seit Februar 2024 Chief Financial Officer (CFO) bei EnOcean. Mit meinem soliden Hintergrund im Finanzwesen bringe ich umfangreiches Wissen und viel Erfahrung in diese Rolle ein.<br><br>Ich habe einen Master of Science mit Auszeichnung in Finanzen von der Universit\u00e4t Regensburg. Zu meinem akademischen Werdegang geh\u00f6ren auch Studien an der Quinn School of Business in Irland und der Hanken School of Economics in Finnland, wo ich eine globale Perspektive auf Finanzmanagement und Wirtschaft erlangte.<br><br>Bei EnOcean bin ich f\u00fcr die \u00dcberwachung der Finanzgesch\u00e4fte, die strategische Finanzplanung und die Sicherstellung der finanziellen Stabilit\u00e4t des Unternehmens verantwortlich. Meine ausgepr\u00e4gten analytischen F\u00e4higkeiten und mein datenorientierter Ansatz helfen mir, komplexe Finanzdaten zu interpretieren und strategische Entscheidungen zu treffen, die den Gesch\u00e4ftserfolg vorantreiben. Mein Unternehmergeist f\u00f6rdert meine innovative Herangehensweise an das Finanzmanagement und erm\u00f6glicht es mir, neue M\u00f6glichkeiten f\u00fcr Wachstum und Effizienz zu erkennen.<br><br>Ich f\u00fchle mich der Nachhaltigkeit, einem zentralen Wert von EnOcean, zutiefst verpflichtet. Die Mission und das Produktangebot des Unternehmens decken sich perfekt mit meinem eigenen Engagement f\u00fcr die F\u00f6rderung der langfristigen Gesundheit der Umwelt und der wirtschaftlichen Lebensf\u00e4higkeit. Ich integriere dieses Engagement in unsere Finanzstrategien, um sicherzustellen, dass unser Wachstum mit unserer Mission \u00fcbereinstimmt.<br><br>Au\u00dferhalb meines Berufslebens bin ich technikbegeistert und verbringe meine Zeit gerne in den Alpen, wo ich verschiedene Sportarten betreibe.<\/p>\n<\/div><\/section>\n\n\n<style>.wp-block-kadence-spacer.kt-block-spacer-23246_e74b35-6c .kt-block-spacer{height:20px;}.wp-block-kadence-spacer.kt-block-spacer-23246_e74b35-6c .kt-divider{border-top-width:1px;height:1px;border-top-color:#eee;width:80%;border-top-style:solid;}<\/style>\n<div class=\"wp-block-kadence-spacer aligncenter kt-block-spacer-23246_e74b35-6c\"><div class=\"kt-block-spacer kt-block-spacer-halign-center\"><\/div><\/div>\n<\/div><\/section>\n\n\n","protected":false},"excerpt":{"rendered":"","protected":false},"author":8532,"featured_media":23213,"parent":4937,"menu_order":0,"comment_status":"closed","ping_status":"closed","template":"","meta":{"_acf_changed":false,"inline_featured_image":false,"_uag_custom_page_level_css":"","_kad_blocks_custom_css":"","_kad_blocks_head_custom_js":"","_kad_blocks_body_custom_js":"","_kad_blocks_footer_custom_js":"","footnotes":""},"class_list":["post-23246","page","type-page","status-publish","has-post-thumbnail","hentry"],"acf":[],"yoast_head":"<!-- This site is optimized with the Yoast SEO plugin v26.5 - https:\/\/yoast.com\/wordpress\/plugins\/seo\/ -->\n<title>Florian Stillger - EnOcean<\/title>\n<meta name=\"robots\" content=\"index, follow, max-snippet:-1, max-image-preview:large, max-video-preview:-1\" \/>\n<link rel=\"canonical\" href=\"https:\/\/www.enocean.com\/de\/about-us\/leadership-team\/florian-stillger\/\" \/>\n<meta property=\"og:locale\" content=\"de_DE\" \/>\n<meta property=\"og:type\" content=\"article\" \/>\n<meta property=\"og:title\" content=\"Florian Stillger - EnOcean\" \/>\n<meta property=\"og:url\" content=\"https:\/\/www.enocean.com\/de\/about-us\/leadership-team\/florian-stillger\/\" \/>\n<meta property=\"og:site_name\" content=\"EnOcean\" \/>\n<meta property=\"article:modified_time\" content=\"2024-07-01T14:13:28+00:00\" \/>\n<meta property=\"og:image\" content=\"https:\/\/www.enocean.com\/wp-content\/uploads\/Employees\/Enocean-Florian-9_400x600.jpg\" \/>\n<meta name=\"twitter:card\" content=\"summary_large_image\" \/>\n<meta name=\"twitter:label1\" content=\"Gesch\u00e4tzte Lesezeit\" \/>\n\t<meta name=\"twitter:data1\" content=\"3\u00a0Minuten\" \/>\n<script type=\"application\/ld+json\" class=\"yoast-schema-graph\">{\"@context\":\"https:\/\/schema.org\",\"@graph\":[{\"@type\":\"WebPage\",\"@id\":\"https:\/\/www.enocean.com\/de\/about-us\/leadership-team\/florian-stillger\/\",\"url\":\"https:\/\/www.enocean.com\/de\/about-us\/leadership-team\/florian-stillger\/\",\"name\":\"Florian Stillger - EnOcean\",\"isPartOf\":{\"@id\":\"https:\/\/www.enocean.com\/de\/#website\"},\"primaryImageOfPage\":{\"@id\":\"https:\/\/www.enocean.com\/de\/about-us\/leadership-team\/florian-stillger\/#primaryimage\"},\"image\":{\"@id\":\"https:\/\/www.enocean.com\/de\/about-us\/leadership-team\/florian-stillger\/#primaryimage\"},\"thumbnailUrl\":\"https:\/\/www.enocean.com\/wp-content\/uploads\/Employees\/Enocean-Florian-9_400x600.jpg\",\"datePublished\":\"2024-07-01T13:15:01+00:00\",\"dateModified\":\"2024-07-01T14:13:28+00:00\",\"breadcrumb\":{\"@id\":\"https:\/\/www.enocean.com\/de\/about-us\/leadership-team\/florian-stillger\/#breadcrumb\"},\"inLanguage\":\"de\",\"potentialAction\":[{\"@type\":\"ReadAction\",\"target\":[\"https:\/\/www.enocean.com\/de\/about-us\/leadership-team\/florian-stillger\/\"]}]},{\"@type\":\"ImageObject\",\"inLanguage\":\"de\",\"@id\":\"https:\/\/www.enocean.com\/de\/about-us\/leadership-team\/florian-stillger\/#primaryimage\",\"url\":\"https:\/\/www.enocean.com\/wp-content\/uploads\/Employees\/Enocean-Florian-9_400x600.jpg\",\"contentUrl\":\"https:\/\/www.enocean.com\/wp-content\/uploads\/Employees\/Enocean-Florian-9_400x600.jpg\",\"width\":400,\"height\":600,\"caption\":\"Florian Stillger\"},{\"@type\":\"BreadcrumbList\",\"@id\":\"https:\/\/www.enocean.com\/de\/about-us\/leadership-team\/florian-stillger\/#breadcrumb\",\"itemListElement\":[{\"@type\":\"ListItem\",\"position\":1,\"name\":\"Startseite\",\"item\":\"https:\/\/www.enocean.com\/de\/\"},{\"@type\":\"ListItem\",\"position\":2,\"name\":\"\u00dcber EnOcean\",\"item\":\"https:\/\/www.enocean.com\/de\/about-us\/\"},{\"@type\":\"ListItem\",\"position\":3,\"name\":\"Florian Stillger\"}]},{\"@type\":\"WebSite\",\"@id\":\"https:\/\/www.enocean.com\/de\/#website\",\"url\":\"https:\/\/www.enocean.com\/de\/\",\"name\":\"EnOcean\",\"description\":\"EnOcean Relaunch\",\"publisher\":{\"@id\":\"https:\/\/www.enocean.com\/de\/#organization\"},\"potentialAction\":[{\"@type\":\"SearchAction\",\"target\":{\"@type\":\"EntryPoint\",\"urlTemplate\":\"https:\/\/www.enocean.com\/de\/?s={search_term_string}\"},\"query-input\":{\"@type\":\"PropertyValueSpecification\",\"valueRequired\":true,\"valueName\":\"search_term_string\"}}],\"inLanguage\":\"de\"},{\"@type\":\"Organization\",\"@id\":\"https:\/\/www.enocean.com\/de\/#organization\",\"name\":\"EnOcean\",\"url\":\"https:\/\/www.enocean.com\/de\/\",\"logo\":{\"@type\":\"ImageObject\",\"inLanguage\":\"de\",\"@id\":\"https:\/\/www.enocean.com\/de\/#\/schema\/logo\/image\/\",\"url\":\"https:\/\/www.enocean.com\/wp-content\/uploads\/Logos\/1-1.png\",\"contentUrl\":\"https:\/\/www.enocean.com\/wp-content\/uploads\/Logos\/1-1.png\",\"width\":500,\"height\":500,\"caption\":\"EnOcean\"},\"image\":{\"@id\":\"https:\/\/www.enocean.com\/de\/#\/schema\/logo\/image\/\"},\"sameAs\":[\"https:\/\/www.linkedin.com\/company\/enocean\/\"]}]}<\/script>\n<!-- \/ Yoast SEO plugin. -->","yoast_head_json":{"title":"Florian Stillger - EnOcean","robots":{"index":"index","follow":"follow","max-snippet":"max-snippet:-1","max-image-preview":"max-image-preview:large","max-video-preview":"max-video-preview:-1"},"canonical":"https:\/\/www.enocean.com\/de\/about-us\/leadership-team\/florian-stillger\/","og_locale":"de_DE","og_type":"article","og_title":"Florian Stillger - EnOcean","og_url":"https:\/\/www.enocean.com\/de\/about-us\/leadership-team\/florian-stillger\/","og_site_name":"EnOcean","article_modified_time":"2024-07-01T14:13:28+00:00","og_image":[{"url":"https:\/\/www.enocean.com\/wp-content\/uploads\/Employees\/Enocean-Florian-9_400x600.jpg","type":"","width":"","height":""}],"twitter_card":"summary_large_image","twitter_misc":{"Gesch\u00e4tzte Lesezeit":"3\u00a0Minuten"},"schema":{"@context":"https:\/\/schema.org","@graph":[{"@type":"WebPage","@id":"https:\/\/www.enocean.com\/de\/about-us\/leadership-team\/florian-stillger\/","url":"https:\/\/www.enocean.com\/de\/about-us\/leadership-team\/florian-stillger\/","name":"Florian Stillger - EnOcean","isPartOf":{"@id":"https:\/\/www.enocean.com\/de\/#website"},"primaryImageOfPage":{"@id":"https:\/\/www.enocean.com\/de\/about-us\/leadership-team\/florian-stillger\/#primaryimage"},"image":{"@id":"https:\/\/www.enocean.com\/de\/about-us\/leadership-team\/florian-stillger\/#primaryimage"},"thumbnailUrl":"https:\/\/www.enocean.com\/wp-content\/uploads\/Employees\/Enocean-Florian-9_400x600.jpg","datePublished":"2024-07-01T13:15:01+00:00","dateModified":"2024-07-01T14:13:28+00:00","breadcrumb":{"@id":"https:\/\/www.enocean.com\/de\/about-us\/leadership-team\/florian-stillger\/#breadcrumb"},"inLanguage":"de","potentialAction":[{"@type":"ReadAction","target":["https:\/\/www.enocean.com\/de\/about-us\/leadership-team\/florian-stillger\/"]}]},{"@type":"ImageObject","inLanguage":"de","@id":"https:\/\/www.enocean.com\/de\/about-us\/leadership-team\/florian-stillger\/#primaryimage","url":"https:\/\/www.enocean.com\/wp-content\/uploads\/Employees\/Enocean-Florian-9_400x600.jpg","contentUrl":"https:\/\/www.enocean.com\/wp-content\/uploads\/Employees\/Enocean-Florian-9_400x600.jpg","width":400,"height":600,"caption":"Florian Stillger"},{"@type":"BreadcrumbList","@id":"https:\/\/www.enocean.com\/de\/about-us\/leadership-team\/florian-stillger\/#breadcrumb","itemListElement":[{"@type":"ListItem","position":1,"name":"Startseite","item":"https:\/\/www.enocean.com\/de\/"},{"@type":"ListItem","position":2,"name":"\u00dcber EnOcean","item":"https:\/\/www.enocean.com\/de\/about-us\/"},{"@type":"ListItem","position":3,"name":"Florian Stillger"}]},{"@type":"WebSite","@id":"https:\/\/www.enocean.com\/de\/#website","url":"https:\/\/www.enocean.com\/de\/","name":"EnOcean","description":"EnOcean Relaunch","publisher":{"@id":"https:\/\/www.enocean.com\/de\/#organization"},"potentialAction":[{"@type":"SearchAction","target":{"@type":"EntryPoint","urlTemplate":"https:\/\/www.enocean.com\/de\/?s={search_term_string}"},"query-input":{"@type":"PropertyValueSpecification","valueRequired":true,"valueName":"search_term_string"}}],"inLanguage":"de"},{"@type":"Organization","@id":"https:\/\/www.enocean.com\/de\/#organization","name":"EnOcean","url":"https:\/\/www.enocean.com\/de\/","logo":{"@type":"ImageObject","inLanguage":"de","@id":"https:\/\/www.enocean.com\/de\/#\/schema\/logo\/image\/","url":"https:\/\/www.enocean.com\/wp-content\/uploads\/Logos\/1-1.png","contentUrl":"https:\/\/www.enocean.com\/wp-content\/uploads\/Logos\/1-1.png","width":500,"height":500,"caption":"EnOcean"},"image":{"@id":"https:\/\/www.enocean.com\/de\/#\/schema\/logo\/image\/"},"sameAs":["https:\/\/www.linkedin.com\/company\/enocean\/"]}]}},"taxonomy_info":[],"featured_image_src_large":["https:\/\/www.enocean.com\/wp-content\/uploads\/Employees\/Enocean-Florian-9_400x600.jpg",400,600,false],"author_info":{"display_name":"Andrea Dietl","author_link":"https:\/\/www.enocean.com\/de\/author\/ext_dietl\/"},"comment_info":0,"uagb_featured_image_src":{"full":["https:\/\/www.enocean.com\/wp-content\/uploads\/Employees\/Enocean-Florian-9_400x600.jpg",400,600,false],"thumbnail":["https:\/\/www.enocean.com\/wp-content\/uploads\/Employees\/Enocean-Florian-9_400x600-100x150.jpg",100,150,true],"medium":["https:\/\/www.enocean.com\/wp-content\/uploads\/Employees\/Enocean-Florian-9_400x600-200x300.jpg",200,300,true],"medium_large":["https:\/\/www.enocean.com\/wp-content\/uploads\/Employees\/Enocean-Florian-9_400x600.jpg",400,600,false],"large":["https:\/\/www.enocean.com\/wp-content\/uploads\/Employees\/Enocean-Florian-9_400x600.jpg",400,600,false],"1536x1536":["https:\/\/www.enocean.com\/wp-content\/uploads\/Employees\/Enocean-Florian-9_400x600.jpg",400,600,false],"2048x2048":["https:\/\/www.enocean.com\/wp-content\/uploads\/Employees\/Enocean-Florian-9_400x600.jpg",400,600,false]},"uagb_author_info":{"display_name":"Andrea Dietl","author_link":"https:\/\/www.enocean.com\/de\/author\/ext_dietl\/"},"uagb_comment_info":0,"uagb_excerpt":null,"_links":{"self":[{"href":"https:\/\/www.enocean.com\/de\/wp-json\/wp\/v2\/pages\/23246","targetHints":{"allow":["GET"]}}],"collection":[{"href":"https:\/\/www.enocean.com\/de\/wp-json\/wp\/v2\/pages"}],"about":[{"href":"https:\/\/www.enocean.com\/de\/wp-json\/wp\/v2\/types\/page"}],"author":[{"embeddable":true,"href":"https:\/\/www.enocean.com\/de\/wp-json\/wp\/v2\/users\/8532"}],"replies":[{"embeddable":true,"href":"https:\/\/www.enocean.com\/de\/wp-json\/wp\/v2\/comments?post=23246"}],"version-history":[{"count":5,"href":"https:\/\/www.enocean.com\/de\/wp-json\/wp\/v2\/pages\/23246\/revisions"}],"predecessor-version":[{"id":23284,"href":"https:\/\/www.enocean.com\/de\/wp-json\/wp\/v2\/pages\/23246\/revisions\/23284"}],"up":[{"embeddable":true,"href":"https:\/\/www.enocean.com\/de\/wp-json\/wp\/v2\/pages\/4937"}],"wp:featuredmedia":[{"embeddable":true,"href":"https:\/\/www.enocean.com\/de\/wp-json\/wp\/v2\/media\/23213"}],"wp:attachment":[{"href":"https:\/\/www.enocean.com\/de\/wp-json\/wp\/v2\/media?parent=23246"}],"curies":[{"name":"wp","href":"https:\/\/api.w.org\/{rel}","templated":true}]}}