{"id":27355,"date":"2025-01-14T11:31:48","date_gmt":"2025-01-14T10:31:48","guid":{"rendered":"https:\/\/www.enocean.com\/?page_id=27355"},"modified":"2025-01-14T11:31:52","modified_gmt":"2025-01-14T10:31:52","slug":"rolf-van-de-velde","status":"publish","type":"page","link":"https:\/\/www.enocean.com\/de\/about-us\/leadership-team\/rolf-van-de-velde\/","title":{"rendered":"Rolf van de Velde"},"content":{"rendered":"\n<section class=\"wp-block-uagb-section uagb-section__wrap uagb-section__background-undefined uagb-block-346ceec9\"><div class=\"uagb-section__overlay\"><\/div><div class=\"uagb-section__inner-wrap\">\n<div style=\"height:60px\" aria-hidden=\"true\" class=\"wp-block-spacer\"><\/div>\n\n\n\n<h1 class=\"wp-block-heading\">EnOcean Management<\/h1>\n\n\n\n<section class=\"wp-block-uagb-section uagb-section__wrap uagb-section__background-none uagb-block-d5e50f8f\"><div class=\"uagb-section__overlay\"><\/div><div class=\"uagb-section__inner-wrap\">\n<h2 class=\"wp-block-heading\"><strong>Rolf van de Velde<\/strong><\/h2>\n\n\n\n<p><span class=\"has-inline-color has-blue-color\"><strong>Vice President Partnerships &amp; Services<\/strong><\/span><\/p>\n<\/div><\/section>\n\n\n<style>.wp-block-kadence-spacer.kt-block-spacer-27355_9420ba-67 .kt-block-spacer{height:6px;}.wp-block-kadence-spacer.kt-block-spacer-27355_9420ba-67 .kt-divider{border-top-width:1px;height:1px;border-top-color:#eee;width:80%;border-top-style:solid;}<\/style>\n<div class=\"wp-block-kadence-spacer aligncenter kt-block-spacer-27355_9420ba-67\"><div class=\"kt-block-spacer kt-block-spacer-halign-center\"><\/div><\/div>\n\n\n\n<section class=\"wp-block-uagb-section uagb-section__wrap uagb-section__background-none uagb-block-45994c9b\"><div class=\"uagb-section__overlay\"><\/div><div class=\"uagb-section__inner-wrap\"><div class=\"wp-block-image is-resized\">\n<figure class=\"alignright size-full\"><img decoding=\"async\" width=\"400\" height=\"600\" src=\"https:\/\/www.enocean.com\/wp-content\/uploads\/Employees\/Rolf.png\" alt=\"\" class=\"wp-image-27353\" srcset=\"https:\/\/www.enocean.com\/wp-content\/uploads\/Employees\/Rolf.png 400w, https:\/\/www.enocean.com\/wp-content\/uploads\/Employees\/Rolf-200x300.png 200w, https:\/\/www.enocean.com\/wp-content\/uploads\/Employees\/Rolf-100x150.png 100w\" sizes=\"(max-width: 400px) 100vw, 400px\" \/><\/figure>\n<\/div>\n\n\n<p>Ich freue mich sehr, als Vice President Partnerships &amp; Services bei EnOcean meine Leidenschaft f\u00fcr Innovation, Nachhaltigkeit und Zusammenarbeit in ein Unternehmen einbringen zu k\u00f6nnen, das sich so eng mit meinen beruflichen Werten deckt. Mit mehr als 25 Jahren Erfahrung in der IoT-Branche habe ich meine Karriere der Weiterentwicklung von Technologien gewidmet, die einen sinnvollen Beitrag leisten, insbesondere im Bereich energieeffizienter und nachhaltiger Asset-Tracking-L\u00f6sungen.<\/p>\n\n\n\n<p>In meiner Funktion konzentriere ich mich auf die Pflege strategischer Partnerschaften und die Verbesserung von Serviceangeboten, die unsere Partner und Kunden in die Lage versetzen, das volle Potenzial unserer L\u00f6sungen auszusch\u00f6pfen.<\/p>\n\n\n\n<p>Im Laufe meiner Karriere hatte ich das Privileg, in dynamischen Umgebungen zu arbeiten, die die Kluft zwischen Technologie und Wirtschaft \u00fcberbr\u00fccken und Wachstum und Innovation vorantreiben. Mein Hintergrund als Unternehmer und Mitbegr\u00fcnder mehrerer Unternehmen hat mich in die Lage versetzt, komplexe Herausforderungen zu meistern, immer mit dem Ziel, Werte zu schaffen und langfristige Beziehungen zu pflegen.<\/p>\n\n\n\n<p>Meine Freizeit verbringe ich gerne mit meiner Familie und Freunden, am liebsten in den Alpen.<\/p>\n<\/div><\/section>\n\n\n<style>.wp-block-kadence-spacer.kt-block-spacer-27355_1ca35e-ee .kt-block-spacer{height:20px;}.wp-block-kadence-spacer.kt-block-spacer-27355_1ca35e-ee .kt-divider{border-top-width:1px;height:1px;border-top-color:#eee;width:80%;border-top-style:solid;}<\/style>\n<div class=\"wp-block-kadence-spacer aligncenter kt-block-spacer-27355_1ca35e-ee\"><div class=\"kt-block-spacer kt-block-spacer-halign-center\"><\/div><\/div>\n<\/div><\/section>\n\n\n","protected":false},"excerpt":{"rendered":"","protected":false},"author":8938,"featured_media":27353,"parent":4937,"menu_order":26,"comment_status":"closed","ping_status":"closed","template":"","meta":{"_acf_changed":false,"inline_featured_image":false,"_uag_custom_page_level_css":"","_kad_blocks_custom_css":"","_kad_blocks_head_custom_js":"","_kad_blocks_body_custom_js":"","_kad_blocks_footer_custom_js":"","footnotes":""},"class_list":["post-27355","page","type-page","status-publish","has-post-thumbnail","hentry"],"acf":[],"yoast_head":"<!-- This site is optimized with the Yoast SEO plugin v26.5 - https:\/\/yoast.com\/wordpress\/plugins\/seo\/ -->\n<title>Rolf van de Velde - EnOcean<\/title>\n<meta name=\"robots\" content=\"index, follow, max-snippet:-1, max-image-preview:large, max-video-preview:-1\" \/>\n<link rel=\"canonical\" href=\"https:\/\/www.enocean.com\/de\/about-us\/leadership-team\/rolf-van-de-velde\/\" \/>\n<meta property=\"og:locale\" content=\"de_DE\" \/>\n<meta property=\"og:type\" content=\"article\" \/>\n<meta property=\"og:title\" content=\"Rolf van de Velde - EnOcean\" \/>\n<meta property=\"og:url\" content=\"https:\/\/www.enocean.com\/de\/about-us\/leadership-team\/rolf-van-de-velde\/\" \/>\n<meta property=\"og:site_name\" content=\"EnOcean\" \/>\n<meta property=\"article:modified_time\" content=\"2025-01-14T10:31:52+00:00\" \/>\n<meta property=\"og:image\" content=\"https:\/\/www.enocean.com\/wp-content\/uploads\/Employees\/Rolf.png\" \/>\n\t<meta property=\"og:image:width\" content=\"400\" \/>\n\t<meta property=\"og:image:height\" content=\"600\" \/>\n\t<meta property=\"og:image:type\" content=\"image\/png\" \/>\n<meta name=\"twitter:card\" content=\"summary_large_image\" \/>\n<meta name=\"twitter:label1\" content=\"Gesch\u00e4tzte Lesezeit\" \/>\n\t<meta name=\"twitter:data1\" content=\"3\u00a0Minuten\" \/>\n<script type=\"application\/ld+json\" class=\"yoast-schema-graph\">{\"@context\":\"https:\/\/schema.org\",\"@graph\":[{\"@type\":\"WebPage\",\"@id\":\"https:\/\/www.enocean.com\/de\/about-us\/leadership-team\/rolf-van-de-velde\/\",\"url\":\"https:\/\/www.enocean.com\/de\/about-us\/leadership-team\/rolf-van-de-velde\/\",\"name\":\"Rolf van de Velde - EnOcean\",\"isPartOf\":{\"@id\":\"https:\/\/www.enocean.com\/de\/#website\"},\"primaryImageOfPage\":{\"@id\":\"https:\/\/www.enocean.com\/de\/about-us\/leadership-team\/rolf-van-de-velde\/#primaryimage\"},\"image\":{\"@id\":\"https:\/\/www.enocean.com\/de\/about-us\/leadership-team\/rolf-van-de-velde\/#primaryimage\"},\"thumbnailUrl\":\"https:\/\/www.enocean.com\/wp-content\/uploads\/Employees\/Rolf.png\",\"datePublished\":\"2025-01-14T10:31:48+00:00\",\"dateModified\":\"2025-01-14T10:31:52+00:00\",\"breadcrumb\":{\"@id\":\"https:\/\/www.enocean.com\/de\/about-us\/leadership-team\/rolf-van-de-velde\/#breadcrumb\"},\"inLanguage\":\"de\",\"potentialAction\":[{\"@type\":\"ReadAction\",\"target\":[\"https:\/\/www.enocean.com\/de\/about-us\/leadership-team\/rolf-van-de-velde\/\"]}]},{\"@type\":\"ImageObject\",\"inLanguage\":\"de\",\"@id\":\"https:\/\/www.enocean.com\/de\/about-us\/leadership-team\/rolf-van-de-velde\/#primaryimage\",\"url\":\"https:\/\/www.enocean.com\/wp-content\/uploads\/Employees\/Rolf.png\",\"contentUrl\":\"https:\/\/www.enocean.com\/wp-content\/uploads\/Employees\/Rolf.png\",\"width\":400,\"height\":600},{\"@type\":\"BreadcrumbList\",\"@id\":\"https:\/\/www.enocean.com\/de\/about-us\/leadership-team\/rolf-van-de-velde\/#breadcrumb\",\"itemListElement\":[{\"@type\":\"ListItem\",\"position\":1,\"name\":\"Startseite\",\"item\":\"https:\/\/www.enocean.com\/de\/\"},{\"@type\":\"ListItem\",\"position\":2,\"name\":\"\u00dcber EnOcean\",\"item\":\"https:\/\/www.enocean.com\/de\/about-us\/\"},{\"@type\":\"ListItem\",\"position\":3,\"name\":\"Leadership Team\",\"item\":\"https:\/\/www.enocean.com\/de\/about-us\/leadership-team\/\"},{\"@type\":\"ListItem\",\"position\":4,\"name\":\"Rolf van de Velde\"}]},{\"@type\":\"WebSite\",\"@id\":\"https:\/\/www.enocean.com\/de\/#website\",\"url\":\"https:\/\/www.enocean.com\/de\/\",\"name\":\"EnOcean\",\"description\":\"EnOcean Relaunch\",\"publisher\":{\"@id\":\"https:\/\/www.enocean.com\/de\/#organization\"},\"potentialAction\":[{\"@type\":\"SearchAction\",\"target\":{\"@type\":\"EntryPoint\",\"urlTemplate\":\"https:\/\/www.enocean.com\/de\/?s={search_term_string}\"},\"query-input\":{\"@type\":\"PropertyValueSpecification\",\"valueRequired\":true,\"valueName\":\"search_term_string\"}}],\"inLanguage\":\"de\"},{\"@type\":\"Organization\",\"@id\":\"https:\/\/www.enocean.com\/de\/#organization\",\"name\":\"EnOcean\",\"url\":\"https:\/\/www.enocean.com\/de\/\",\"logo\":{\"@type\":\"ImageObject\",\"inLanguage\":\"de\",\"@id\":\"https:\/\/www.enocean.com\/de\/#\/schema\/logo\/image\/\",\"url\":\"https:\/\/www.enocean.com\/wp-content\/uploads\/Logos\/1-1.png\",\"contentUrl\":\"https:\/\/www.enocean.com\/wp-content\/uploads\/Logos\/1-1.png\",\"width\":500,\"height\":500,\"caption\":\"EnOcean\"},\"image\":{\"@id\":\"https:\/\/www.enocean.com\/de\/#\/schema\/logo\/image\/\"},\"sameAs\":[\"https:\/\/www.linkedin.com\/company\/enocean\/\"]}]}<\/script>\n<!-- \/ Yoast SEO plugin. -->","yoast_head_json":{"title":"Rolf van de Velde - EnOcean","robots":{"index":"index","follow":"follow","max-snippet":"max-snippet:-1","max-image-preview":"max-image-preview:large","max-video-preview":"max-video-preview:-1"},"canonical":"https:\/\/www.enocean.com\/de\/about-us\/leadership-team\/rolf-van-de-velde\/","og_locale":"de_DE","og_type":"article","og_title":"Rolf van de Velde - EnOcean","og_url":"https:\/\/www.enocean.com\/de\/about-us\/leadership-team\/rolf-van-de-velde\/","og_site_name":"EnOcean","article_modified_time":"2025-01-14T10:31:52+00:00","og_image":[{"width":400,"height":600,"url":"https:\/\/www.enocean.com\/wp-content\/uploads\/Employees\/Rolf.png","type":"image\/png"}],"twitter_card":"summary_large_image","twitter_misc":{"Gesch\u00e4tzte Lesezeit":"3\u00a0Minuten"},"schema":{"@context":"https:\/\/schema.org","@graph":[{"@type":"WebPage","@id":"https:\/\/www.enocean.com\/de\/about-us\/leadership-team\/rolf-van-de-velde\/","url":"https:\/\/www.enocean.com\/de\/about-us\/leadership-team\/rolf-van-de-velde\/","name":"Rolf van de Velde - EnOcean","isPartOf":{"@id":"https:\/\/www.enocean.com\/de\/#website"},"primaryImageOfPage":{"@id":"https:\/\/www.enocean.com\/de\/about-us\/leadership-team\/rolf-van-de-velde\/#primaryimage"},"image":{"@id":"https:\/\/www.enocean.com\/de\/about-us\/leadership-team\/rolf-van-de-velde\/#primaryimage"},"thumbnailUrl":"https:\/\/www.enocean.com\/wp-content\/uploads\/Employees\/Rolf.png","datePublished":"2025-01-14T10:31:48+00:00","dateModified":"2025-01-14T10:31:52+00:00","breadcrumb":{"@id":"https:\/\/www.enocean.com\/de\/about-us\/leadership-team\/rolf-van-de-velde\/#breadcrumb"},"inLanguage":"de","potentialAction":[{"@type":"ReadAction","target":["https:\/\/www.enocean.com\/de\/about-us\/leadership-team\/rolf-van-de-velde\/"]}]},{"@type":"ImageObject","inLanguage":"de","@id":"https:\/\/www.enocean.com\/de\/about-us\/leadership-team\/rolf-van-de-velde\/#primaryimage","url":"https:\/\/www.enocean.com\/wp-content\/uploads\/Employees\/Rolf.png","contentUrl":"https:\/\/www.enocean.com\/wp-content\/uploads\/Employees\/Rolf.png","width":400,"height":600},{"@type":"BreadcrumbList","@id":"https:\/\/www.enocean.com\/de\/about-us\/leadership-team\/rolf-van-de-velde\/#breadcrumb","itemListElement":[{"@type":"ListItem","position":1,"name":"Startseite","item":"https:\/\/www.enocean.com\/de\/"},{"@type":"ListItem","position":2,"name":"\u00dcber EnOcean","item":"https:\/\/www.enocean.com\/de\/about-us\/"},{"@type":"ListItem","position":3,"name":"Leadership Team","item":"https:\/\/www.enocean.com\/de\/about-us\/leadership-team\/"},{"@type":"ListItem","position":4,"name":"Rolf van de Velde"}]},{"@type":"WebSite","@id":"https:\/\/www.enocean.com\/de\/#website","url":"https:\/\/www.enocean.com\/de\/","name":"EnOcean","description":"EnOcean Relaunch","publisher":{"@id":"https:\/\/www.enocean.com\/de\/#organization"},"potentialAction":[{"@type":"SearchAction","target":{"@type":"EntryPoint","urlTemplate":"https:\/\/www.enocean.com\/de\/?s={search_term_string}"},"query-input":{"@type":"PropertyValueSpecification","valueRequired":true,"valueName":"search_term_string"}}],"inLanguage":"de"},{"@type":"Organization","@id":"https:\/\/www.enocean.com\/de\/#organization","name":"EnOcean","url":"https:\/\/www.enocean.com\/de\/","logo":{"@type":"ImageObject","inLanguage":"de","@id":"https:\/\/www.enocean.com\/de\/#\/schema\/logo\/image\/","url":"https:\/\/www.enocean.com\/wp-content\/uploads\/Logos\/1-1.png","contentUrl":"https:\/\/www.enocean.com\/wp-content\/uploads\/Logos\/1-1.png","width":500,"height":500,"caption":"EnOcean"},"image":{"@id":"https:\/\/www.enocean.com\/de\/#\/schema\/logo\/image\/"},"sameAs":["https:\/\/www.linkedin.com\/company\/enocean\/"]}]}},"taxonomy_info":[],"featured_image_src_large":["https:\/\/www.enocean.com\/wp-content\/uploads\/Employees\/Rolf.png",400,600,false],"author_info":{"display_name":"Matteo Bono","author_link":"https:\/\/www.enocean.com\/de\/author\/enocean_bono\/"},"comment_info":0,"uagb_featured_image_src":{"full":["https:\/\/www.enocean.com\/wp-content\/uploads\/Employees\/Rolf.png",400,600,false],"thumbnail":["https:\/\/www.enocean.com\/wp-content\/uploads\/Employees\/Rolf-100x150.png",100,150,true],"medium":["https:\/\/www.enocean.com\/wp-content\/uploads\/Employees\/Rolf-200x300.png",200,300,true],"medium_large":["https:\/\/www.enocean.com\/wp-content\/uploads\/Employees\/Rolf.png",400,600,false],"large":["https:\/\/www.enocean.com\/wp-content\/uploads\/Employees\/Rolf.png",400,600,false],"1536x1536":["https:\/\/www.enocean.com\/wp-content\/uploads\/Employees\/Rolf.png",400,600,false],"2048x2048":["https:\/\/www.enocean.com\/wp-content\/uploads\/Employees\/Rolf.png",400,600,false]},"uagb_author_info":{"display_name":"Matteo Bono","author_link":"https:\/\/www.enocean.com\/de\/author\/enocean_bono\/"},"uagb_comment_info":0,"uagb_excerpt":null,"_links":{"self":[{"href":"https:\/\/www.enocean.com\/de\/wp-json\/wp\/v2\/pages\/27355","targetHints":{"allow":["GET"]}}],"collection":[{"href":"https:\/\/www.enocean.com\/de\/wp-json\/wp\/v2\/pages"}],"about":[{"href":"https:\/\/www.enocean.com\/de\/wp-json\/wp\/v2\/types\/page"}],"author":[{"embeddable":true,"href":"https:\/\/www.enocean.com\/de\/wp-json\/wp\/v2\/users\/8938"}],"replies":[{"embeddable":true,"href":"https:\/\/www.enocean.com\/de\/wp-json\/wp\/v2\/comments?post=27355"}],"version-history":[{"count":1,"href":"https:\/\/www.enocean.com\/de\/wp-json\/wp\/v2\/pages\/27355\/revisions"}],"predecessor-version":[{"id":27356,"href":"https:\/\/www.enocean.com\/de\/wp-json\/wp\/v2\/pages\/27355\/revisions\/27356"}],"up":[{"embeddable":true,"href":"https:\/\/www.enocean.com\/de\/wp-json\/wp\/v2\/pages\/4937"}],"wp:featuredmedia":[{"embeddable":true,"href":"https:\/\/www.enocean.com\/de\/wp-json\/wp\/v2\/media\/27353"}],"wp:attachment":[{"href":"https:\/\/www.enocean.com\/de\/wp-json\/wp\/v2\/media?parent=27355"}],"curies":[{"name":"wp","href":"https:\/\/api.w.org\/{rel}","templated":true}]}}