{"id":31052,"date":"2025-11-13T10:49:53","date_gmt":"2025-11-13T09:49:53","guid":{"rendered":"https:\/\/www.enocean.com\/?page_id=31052"},"modified":"2025-11-13T11:00:25","modified_gmt":"2025-11-13T10:00:25","slug":"unterstuetzen-sie-unser-tray-verpackungsrecyclingprogramm","status":"publish","type":"page","link":"https:\/\/www.enocean.com\/de\/about-us\/nachhaltigkeit\/unterstuetzen-sie-unser-tray-verpackungsrecyclingprogramm\/","title":{"rendered":"Unterst\u00fctzen Sie unser Tray-Verpackungsrecyclingprogramm"},"content":{"rendered":"\n<figure class=\"wp-block-image size-full\"><img decoding=\"async\" width=\"2048\" height=\"613\" src=\"https:\/\/www.enocean.com\/wp-content\/uploads\/module-trays-grande-1.png\" alt=\"\" class=\"wp-image-31055\" srcset=\"https:\/\/www.enocean.com\/wp-content\/uploads\/module-trays-grande-1.png 2048w, https:\/\/www.enocean.com\/wp-content\/uploads\/module-trays-grande-1-300x90.png 300w, https:\/\/www.enocean.com\/wp-content\/uploads\/module-trays-grande-1-1024x307.png 1024w, https:\/\/www.enocean.com\/wp-content\/uploads\/module-trays-grande-1-150x45.png 150w, https:\/\/www.enocean.com\/wp-content\/uploads\/module-trays-grande-1-768x230.png 768w, https:\/\/www.enocean.com\/wp-content\/uploads\/module-trays-grande-1-1536x460.png 1536w\" sizes=\"(max-width: 2048px) 100vw, 2048px\" \/><\/figure>\n\n\n\n<section class=\"wp-block-uagb-section uagb-section__wrap uagb-section__background-none uagb-block-0ea4bc2d\"><div class=\"uagb-section__overlay\"><\/div><div class=\"uagb-section__inner-wrap\">\n<h1 class=\"wp-block-heading\">Unterst\u00fctzen Sie unser Tray-Verpackungsrecyclingprogramm<\/h1>\n\n\n\n<div style=\"height:20px\" aria-hidden=\"true\" class=\"wp-block-spacer\"><\/div>\n\n\n\n<p>Im Rahmen unseres Engagements f\u00fcr Nachhaltigkeit laden wir alle Kunden dazu ein, aktiv an unserem Verpackungsrecyclingprogramm teilzunehmen. Durch die R\u00fcckgabe gebrauchter Modultrays helfen Sie, Abfall zu reduzieren und tragen zu einem umweltfreundlicheren Produktlebenszyklus bei.<\/p>\n\n\n\n<h2 class=\"wp-block-heading\"><strong>So funktioniert das R\u00fccknahmesystem<\/strong><\/h2>\n\n\n\n<p>Wir betreiben ein Tray-R\u00fccknahmesystem, das Recycling einfach und effektiv macht. Bitte beachten Sie vor dem R\u00fcckversand der Trays folgende Punkte:<\/p>\n\n\n\n<ul class=\"wp-block-list\">\n<li><strong>Sauberer Zustand:<\/strong> Die Trays m\u00fcssen frei von \u00d6l, Kleber\u00fcckst\u00e4nden oder sonstigen Verunreinigungen sein.<\/li>\n\n\n\n<li><strong>Nur Original-EnOcean-Trays:<\/strong> Wir akzeptieren ausschlie\u00dflich die originalen Verpackungstrays mit dem eingepr\u00e4gten \u201eEnOcean\u201c-Logo.<\/li>\n\n\n\n<li><strong>Alle Varianten willkommen:<\/strong> Es k\u00f6nnen s\u00e4mtliche Varianten der EnOcean-Modultrays zur\u00fcckgegeben werden.<\/li>\n\n\n\n<li><strong>Sichere Verpackung:<\/strong> Legen Sie die Trays in einen versandfertigen Karton, der einen sicheren Transport gew\u00e4hrleistet.<\/li>\n\n\n\n<li><strong>Vorausbezahlter Versand:<\/strong> R\u00fccksendungen m\u00fcssen im Voraus frankiert werden.<\/li>\n\n\n\n<li><strong>Sendung kennzeichnen:<\/strong> F\u00fcgen Sie einen Hinweis mit dem Vermerk \u201ezum Recycling\u201c bei.<\/li>\n<\/ul>\n\n\n\n<p>Mit Ihrer Teilnahme helfen Sie uns, die Umweltbelastung zu reduzieren und eine Kreislaufwirtschaft f\u00fcr Verpackungsmaterialien zu f\u00f6rdern. Vielen Dank f\u00fcr Ihren Beitrag zu einer nachhaltigeren Zukunft.<\/p>\n\n\n\n<h2 class=\"wp-block-heading\"><strong>R\u00fccksendeadresse:<\/strong><\/h2>\n\n\n\n<p>Spezi-Pack Karl Spethmann GmbH Dresden<br>Obercunnersdorfer Str. 5<br>01774 Klingenberg<br>Deutschland<\/p>\n\n\n\n<p><strong>Kontakt:<\/strong> Alexander Gl\u00f6\u00df<br><strong>Telefon:<\/strong> +49-35055-652-39<\/p>\n<\/div><\/section>\n","protected":false},"excerpt":{"rendered":"","protected":false},"author":8938,"featured_media":31029,"parent":20724,"menu_order":0,"comment_status":"closed","ping_status":"closed","template":"","meta":{"_acf_changed":false,"inline_featured_image":false,"_uag_custom_page_level_css":"","_kad_blocks_custom_css":"","_kad_blocks_head_custom_js":"","_kad_blocks_body_custom_js":"","_kad_blocks_footer_custom_js":"","footnotes":""},"class_list":["post-31052","page","type-page","status-publish","has-post-thumbnail","hentry"],"acf":[],"yoast_head":"<!-- This site is optimized with the Yoast SEO plugin v26.5 - https:\/\/yoast.com\/wordpress\/plugins\/seo\/ -->\n<title>Unterst\u00fctzen Sie unser Tray-Verpackungsrecyclingprogramm - EnOcean<\/title>\n<meta name=\"description\" content=\"Recyceln Sie Ihre EnOcean-Modulschalen und unterst\u00fctzen Sie unser Nachhaltigkeitsprogramm.\" \/>\n<meta name=\"robots\" content=\"index, follow, max-snippet:-1, max-image-preview:large, max-video-preview:-1\" \/>\n<link rel=\"canonical\" href=\"https:\/\/www.enocean.com\/de\/about-us\/nachhaltigkeit\/unterstuetzen-sie-unser-tray-verpackungsrecyclingprogramm\/\" \/>\n<meta property=\"og:locale\" content=\"de_DE\" \/>\n<meta property=\"og:type\" content=\"article\" \/>\n<meta property=\"og:title\" content=\"Unterst\u00fctzen Sie unser Tray-Verpackungsrecyclingprogramm - EnOcean\" \/>\n<meta property=\"og:description\" content=\"Recyceln Sie Ihre EnOcean-Modulschalen und unterst\u00fctzen Sie unser Nachhaltigkeitsprogramm.\" \/>\n<meta property=\"og:url\" content=\"https:\/\/www.enocean.com\/de\/about-us\/nachhaltigkeit\/unterstuetzen-sie-unser-tray-verpackungsrecyclingprogramm\/\" \/>\n<meta property=\"og:site_name\" content=\"EnOcean\" \/>\n<meta property=\"article:modified_time\" content=\"2025-11-13T10:00:25+00:00\" \/>\n<meta property=\"og:image\" content=\"https:\/\/www.enocean.com\/wp-content\/uploads\/Blog\/module-trays-2.png\" \/>\n\t<meta property=\"og:image:width\" content=\"650\" \/>\n\t<meta property=\"og:image:height\" content=\"250\" \/>\n\t<meta property=\"og:image:type\" content=\"image\/png\" \/>\n<meta name=\"twitter:card\" content=\"summary_large_image\" \/>\n<meta name=\"twitter:label1\" content=\"Gesch\u00e4tzte Lesezeit\" \/>\n\t<meta name=\"twitter:data1\" content=\"2\u00a0Minuten\" \/>\n<script type=\"application\/ld+json\" class=\"yoast-schema-graph\">{\"@context\":\"https:\/\/schema.org\",\"@graph\":[{\"@type\":\"WebPage\",\"@id\":\"https:\/\/www.enocean.com\/de\/about-us\/nachhaltigkeit\/unterstuetzen-sie-unser-tray-verpackungsrecyclingprogramm\/\",\"url\":\"https:\/\/www.enocean.com\/de\/about-us\/nachhaltigkeit\/unterstuetzen-sie-unser-tray-verpackungsrecyclingprogramm\/\",\"name\":\"Unterst\u00fctzen Sie unser Tray-Verpackungsrecyclingprogramm - EnOcean\",\"isPartOf\":{\"@id\":\"https:\/\/www.enocean.com\/de\/#website\"},\"primaryImageOfPage\":{\"@id\":\"https:\/\/www.enocean.com\/de\/about-us\/nachhaltigkeit\/unterstuetzen-sie-unser-tray-verpackungsrecyclingprogramm\/#primaryimage\"},\"image\":{\"@id\":\"https:\/\/www.enocean.com\/de\/about-us\/nachhaltigkeit\/unterstuetzen-sie-unser-tray-verpackungsrecyclingprogramm\/#primaryimage\"},\"thumbnailUrl\":\"https:\/\/www.enocean.com\/wp-content\/uploads\/Blog\/module-trays-2.png\",\"datePublished\":\"2025-11-13T09:49:53+00:00\",\"dateModified\":\"2025-11-13T10:00:25+00:00\",\"description\":\"Recyceln Sie Ihre EnOcean-Modulschalen und unterst\u00fctzen Sie unser Nachhaltigkeitsprogramm.\",\"breadcrumb\":{\"@id\":\"https:\/\/www.enocean.com\/de\/about-us\/nachhaltigkeit\/unterstuetzen-sie-unser-tray-verpackungsrecyclingprogramm\/#breadcrumb\"},\"inLanguage\":\"de\",\"potentialAction\":[{\"@type\":\"ReadAction\",\"target\":[\"https:\/\/www.enocean.com\/de\/about-us\/nachhaltigkeit\/unterstuetzen-sie-unser-tray-verpackungsrecyclingprogramm\/\"]}]},{\"@type\":\"ImageObject\",\"inLanguage\":\"de\",\"@id\":\"https:\/\/www.enocean.com\/de\/about-us\/nachhaltigkeit\/unterstuetzen-sie-unser-tray-verpackungsrecyclingprogramm\/#primaryimage\",\"url\":\"https:\/\/www.enocean.com\/wp-content\/uploads\/Blog\/module-trays-2.png\",\"contentUrl\":\"https:\/\/www.enocean.com\/wp-content\/uploads\/Blog\/module-trays-2.png\",\"width\":650,\"height\":250},{\"@type\":\"BreadcrumbList\",\"@id\":\"https:\/\/www.enocean.com\/de\/about-us\/nachhaltigkeit\/unterstuetzen-sie-unser-tray-verpackungsrecyclingprogramm\/#breadcrumb\",\"itemListElement\":[{\"@type\":\"ListItem\",\"position\":1,\"name\":\"Startseite\",\"item\":\"https:\/\/www.enocean.com\/de\/\"},{\"@type\":\"ListItem\",\"position\":2,\"name\":\"\u00dcber EnOcean\",\"item\":\"https:\/\/www.enocean.com\/de\/about-us\/\"},{\"@type\":\"ListItem\",\"position\":3,\"name\":\"Nachhaltigkeit\",\"item\":\"https:\/\/www.enocean.com\/de\/about-us\/nachhaltigkeit\/\"},{\"@type\":\"ListItem\",\"position\":4,\"name\":\"Unterst\u00fctzen Sie unser Tray-Verpackungsrecyclingprogramm\"}]},{\"@type\":\"WebSite\",\"@id\":\"https:\/\/www.enocean.com\/de\/#website\",\"url\":\"https:\/\/www.enocean.com\/de\/\",\"name\":\"EnOcean\",\"description\":\"EnOcean Relaunch\",\"publisher\":{\"@id\":\"https:\/\/www.enocean.com\/de\/#organization\"},\"potentialAction\":[{\"@type\":\"SearchAction\",\"target\":{\"@type\":\"EntryPoint\",\"urlTemplate\":\"https:\/\/www.enocean.com\/de\/?s={search_term_string}\"},\"query-input\":{\"@type\":\"PropertyValueSpecification\",\"valueRequired\":true,\"valueName\":\"search_term_string\"}}],\"inLanguage\":\"de\"},{\"@type\":\"Organization\",\"@id\":\"https:\/\/www.enocean.com\/de\/#organization\",\"name\":\"EnOcean\",\"url\":\"https:\/\/www.enocean.com\/de\/\",\"logo\":{\"@type\":\"ImageObject\",\"inLanguage\":\"de\",\"@id\":\"https:\/\/www.enocean.com\/de\/#\/schema\/logo\/image\/\",\"url\":\"https:\/\/www.enocean.com\/wp-content\/uploads\/Logos\/1-1.png\",\"contentUrl\":\"https:\/\/www.enocean.com\/wp-content\/uploads\/Logos\/1-1.png\",\"width\":500,\"height\":500,\"caption\":\"EnOcean\"},\"image\":{\"@id\":\"https:\/\/www.enocean.com\/de\/#\/schema\/logo\/image\/\"},\"sameAs\":[\"https:\/\/www.linkedin.com\/company\/enocean\/\"]}]}<\/script>\n<!-- \/ Yoast SEO plugin. -->","yoast_head_json":{"title":"Unterst\u00fctzen Sie unser Tray-Verpackungsrecyclingprogramm - EnOcean","description":"Recyceln Sie Ihre EnOcean-Modulschalen und unterst\u00fctzen Sie unser Nachhaltigkeitsprogramm.","robots":{"index":"index","follow":"follow","max-snippet":"max-snippet:-1","max-image-preview":"max-image-preview:large","max-video-preview":"max-video-preview:-1"},"canonical":"https:\/\/www.enocean.com\/de\/about-us\/nachhaltigkeit\/unterstuetzen-sie-unser-tray-verpackungsrecyclingprogramm\/","og_locale":"de_DE","og_type":"article","og_title":"Unterst\u00fctzen Sie unser Tray-Verpackungsrecyclingprogramm - EnOcean","og_description":"Recyceln Sie Ihre EnOcean-Modulschalen und unterst\u00fctzen Sie unser Nachhaltigkeitsprogramm.","og_url":"https:\/\/www.enocean.com\/de\/about-us\/nachhaltigkeit\/unterstuetzen-sie-unser-tray-verpackungsrecyclingprogramm\/","og_site_name":"EnOcean","article_modified_time":"2025-11-13T10:00:25+00:00","og_image":[{"width":650,"height":250,"url":"https:\/\/www.enocean.com\/wp-content\/uploads\/Blog\/module-trays-2.png","type":"image\/png"}],"twitter_card":"summary_large_image","twitter_misc":{"Gesch\u00e4tzte Lesezeit":"2\u00a0Minuten"},"schema":{"@context":"https:\/\/schema.org","@graph":[{"@type":"WebPage","@id":"https:\/\/www.enocean.com\/de\/about-us\/nachhaltigkeit\/unterstuetzen-sie-unser-tray-verpackungsrecyclingprogramm\/","url":"https:\/\/www.enocean.com\/de\/about-us\/nachhaltigkeit\/unterstuetzen-sie-unser-tray-verpackungsrecyclingprogramm\/","name":"Unterst\u00fctzen Sie unser Tray-Verpackungsrecyclingprogramm - EnOcean","isPartOf":{"@id":"https:\/\/www.enocean.com\/de\/#website"},"primaryImageOfPage":{"@id":"https:\/\/www.enocean.com\/de\/about-us\/nachhaltigkeit\/unterstuetzen-sie-unser-tray-verpackungsrecyclingprogramm\/#primaryimage"},"image":{"@id":"https:\/\/www.enocean.com\/de\/about-us\/nachhaltigkeit\/unterstuetzen-sie-unser-tray-verpackungsrecyclingprogramm\/#primaryimage"},"thumbnailUrl":"https:\/\/www.enocean.com\/wp-content\/uploads\/Blog\/module-trays-2.png","datePublished":"2025-11-13T09:49:53+00:00","dateModified":"2025-11-13T10:00:25+00:00","description":"Recyceln Sie Ihre EnOcean-Modulschalen und unterst\u00fctzen Sie unser Nachhaltigkeitsprogramm.","breadcrumb":{"@id":"https:\/\/www.enocean.com\/de\/about-us\/nachhaltigkeit\/unterstuetzen-sie-unser-tray-verpackungsrecyclingprogramm\/#breadcrumb"},"inLanguage":"de","potentialAction":[{"@type":"ReadAction","target":["https:\/\/www.enocean.com\/de\/about-us\/nachhaltigkeit\/unterstuetzen-sie-unser-tray-verpackungsrecyclingprogramm\/"]}]},{"@type":"ImageObject","inLanguage":"de","@id":"https:\/\/www.enocean.com\/de\/about-us\/nachhaltigkeit\/unterstuetzen-sie-unser-tray-verpackungsrecyclingprogramm\/#primaryimage","url":"https:\/\/www.enocean.com\/wp-content\/uploads\/Blog\/module-trays-2.png","contentUrl":"https:\/\/www.enocean.com\/wp-content\/uploads\/Blog\/module-trays-2.png","width":650,"height":250},{"@type":"BreadcrumbList","@id":"https:\/\/www.enocean.com\/de\/about-us\/nachhaltigkeit\/unterstuetzen-sie-unser-tray-verpackungsrecyclingprogramm\/#breadcrumb","itemListElement":[{"@type":"ListItem","position":1,"name":"Startseite","item":"https:\/\/www.enocean.com\/de\/"},{"@type":"ListItem","position":2,"name":"\u00dcber EnOcean","item":"https:\/\/www.enocean.com\/de\/about-us\/"},{"@type":"ListItem","position":3,"name":"Nachhaltigkeit","item":"https:\/\/www.enocean.com\/de\/about-us\/nachhaltigkeit\/"},{"@type":"ListItem","position":4,"name":"Unterst\u00fctzen Sie unser Tray-Verpackungsrecyclingprogramm"}]},{"@type":"WebSite","@id":"https:\/\/www.enocean.com\/de\/#website","url":"https:\/\/www.enocean.com\/de\/","name":"EnOcean","description":"EnOcean Relaunch","publisher":{"@id":"https:\/\/www.enocean.com\/de\/#organization"},"potentialAction":[{"@type":"SearchAction","target":{"@type":"EntryPoint","urlTemplate":"https:\/\/www.enocean.com\/de\/?s={search_term_string}"},"query-input":{"@type":"PropertyValueSpecification","valueRequired":true,"valueName":"search_term_string"}}],"inLanguage":"de"},{"@type":"Organization","@id":"https:\/\/www.enocean.com\/de\/#organization","name":"EnOcean","url":"https:\/\/www.enocean.com\/de\/","logo":{"@type":"ImageObject","inLanguage":"de","@id":"https:\/\/www.enocean.com\/de\/#\/schema\/logo\/image\/","url":"https:\/\/www.enocean.com\/wp-content\/uploads\/Logos\/1-1.png","contentUrl":"https:\/\/www.enocean.com\/wp-content\/uploads\/Logos\/1-1.png","width":500,"height":500,"caption":"EnOcean"},"image":{"@id":"https:\/\/www.enocean.com\/de\/#\/schema\/logo\/image\/"},"sameAs":["https:\/\/www.linkedin.com\/company\/enocean\/"]}]}},"taxonomy_info":[],"featured_image_src_large":["https:\/\/www.enocean.com\/wp-content\/uploads\/Blog\/module-trays-2.png",650,250,false],"author_info":{"display_name":"Matteo Bono","author_link":"https:\/\/www.enocean.com\/de\/author\/enocean_bono\/"},"comment_info":0,"uagb_featured_image_src":{"full":["https:\/\/www.enocean.com\/wp-content\/uploads\/Blog\/module-trays-2.png",650,250,false],"thumbnail":["https:\/\/www.enocean.com\/wp-content\/uploads\/Blog\/module-trays-2-150x58.png",150,58,true],"medium":["https:\/\/www.enocean.com\/wp-content\/uploads\/Blog\/module-trays-2-300x115.png",300,115,true],"medium_large":["https:\/\/www.enocean.com\/wp-content\/uploads\/Blog\/module-trays-2.png",650,250,false],"large":["https:\/\/www.enocean.com\/wp-content\/uploads\/Blog\/module-trays-2.png",650,250,false],"1536x1536":["https:\/\/www.enocean.com\/wp-content\/uploads\/Blog\/module-trays-2.png",650,250,false],"2048x2048":["https:\/\/www.enocean.com\/wp-content\/uploads\/Blog\/module-trays-2.png",650,250,false]},"uagb_author_info":{"display_name":"Matteo Bono","author_link":"https:\/\/www.enocean.com\/de\/author\/enocean_bono\/"},"uagb_comment_info":0,"uagb_excerpt":null,"_links":{"self":[{"href":"https:\/\/www.enocean.com\/de\/wp-json\/wp\/v2\/pages\/31052","targetHints":{"allow":["GET"]}}],"collection":[{"href":"https:\/\/www.enocean.com\/de\/wp-json\/wp\/v2\/pages"}],"about":[{"href":"https:\/\/www.enocean.com\/de\/wp-json\/wp\/v2\/types\/page"}],"author":[{"embeddable":true,"href":"https:\/\/www.enocean.com\/de\/wp-json\/wp\/v2\/users\/8938"}],"replies":[{"embeddable":true,"href":"https:\/\/www.enocean.com\/de\/wp-json\/wp\/v2\/comments?post=31052"}],"version-history":[{"count":3,"href":"https:\/\/www.enocean.com\/de\/wp-json\/wp\/v2\/pages\/31052\/revisions"}],"predecessor-version":[{"id":31057,"href":"https:\/\/www.enocean.com\/de\/wp-json\/wp\/v2\/pages\/31052\/revisions\/31057"}],"up":[{"embeddable":true,"href":"https:\/\/www.enocean.com\/de\/wp-json\/wp\/v2\/pages\/20724"}],"wp:featuredmedia":[{"embeddable":true,"href":"https:\/\/www.enocean.com\/de\/wp-json\/wp\/v2\/media\/31029"}],"wp:attachment":[{"href":"https:\/\/www.enocean.com\/de\/wp-json\/wp\/v2\/media?parent=31052"}],"curies":[{"name":"wp","href":"https:\/\/api.w.org\/{rel}","templated":true}]}}