{"id":8145,"date":"2021-08-10T17:58:47","date_gmt":"2021-08-10T17:58:47","guid":{"rendered":"https:\/\/www.enocean.com\/management\/graham-martin\/"},"modified":"2024-07-01T16:17:39","modified_gmt":"2024-07-01T14:17:39","slug":"graham-martin","status":"publish","type":"page","link":"https:\/\/www.enocean.com\/de\/about-us\/leadership-team\/graham-martin\/","title":{"rendered":"Graham Martin"},"content":{"rendered":"\n<section class=\"wp-block-uagb-section uagb-section__wrap uagb-section__background-undefined uagb-block-2e0f91db\"><div class=\"uagb-section__overlay\"><\/div><div class=\"uagb-section__inner-wrap\">\n<div style=\"height:60px\" aria-hidden=\"true\" class=\"wp-block-spacer\"><\/div>\n\n\n\n<h1 class=\"wp-block-heading\">EnOcean Management<\/h1>\n\n\n\n<section class=\"wp-block-uagb-section uagb-section__wrap uagb-section__background-none uagb-block-38ab3bed\"><div class=\"uagb-section__overlay\"><\/div><div class=\"uagb-section__inner-wrap\">\n<h2 class=\"wp-block-heading\"><strong>Graham Martin<\/strong><\/h2>\n\n\n\n<p><span class=\"has-inline-color has-blue-color\"><strong>Vice President Strategic Alliance<\/strong><\/span><\/p>\n<\/div><\/section>\n\n\n<style>.wp-block-kadence-spacer.kt-block-spacer-8145_a3ad32-f2 .kt-block-spacer{height:6px;}.wp-block-kadence-spacer.kt-block-spacer-8145_a3ad32-f2 .kt-divider{border-top-width:1px;height:1px;border-top-color:#eee;width:80%;border-top-style:solid;}<\/style>\n<div class=\"wp-block-kadence-spacer aligncenter kt-block-spacer-8145_a3ad32-f2\"><div class=\"kt-block-spacer kt-block-spacer-halign-center\"><\/div><\/div>\n\n\n\n<section class=\"wp-block-uagb-section uagb-section__wrap uagb-section__background-none uagb-block-0c2fa606\"><div class=\"uagb-section__overlay\"><\/div><div class=\"uagb-section__inner-wrap\"><div class=\"wp-block-image\">\n<figure class=\"alignright size-full is-resized\"><img decoding=\"async\" width=\"400\" height=\"600\" src=\"https:\/\/www.enocean.com\/wp-content\/uploads\/Employees\/Enocean-Graham-19_400x600.jpg\" alt=\"Graham Martin\" class=\"wp-image-23218\" style=\"width:200px;height:310px\" srcset=\"https:\/\/www.enocean.com\/wp-content\/uploads\/Employees\/Enocean-Graham-19_400x600.jpg 400w, https:\/\/www.enocean.com\/wp-content\/uploads\/Employees\/Enocean-Graham-19_400x600-200x300.jpg 200w, https:\/\/www.enocean.com\/wp-content\/uploads\/Employees\/Enocean-Graham-19_400x600-100x150.jpg 100w\" sizes=\"(max-width: 400px) 100vw, 400px\" \/><\/figure>\n<\/div>\n\n\n<p>Die Schaffung einer nachhaltigeren Welt mit dem Ziel CO2-neutraler Kontinente und einer sichereren und ges\u00fcnderen Umwelt ist seit 20 Jahren meine gro\u00dfe Leidenschaft. F\u00fcr mich spielen drahtlose L\u00f6sungen f\u00fcr das Smart Home, intelligente Geb\u00e4ude und Smart Spaces eine wesentliche Rolle beim Erreichen dieses Ziels. Sie tragen dazu bei, unsere Geb\u00e4ude und damit unsere Welt zu einem besseren Ort zu machen \u2013 nicht nur f\u00fcr uns, sondern auch f\u00fcr die n\u00e4chsten Generationen.<br><br>Nach meinem Abschluss in Physik an der Universit\u00e4t Edinburgh in Schottland habe ich seit den 1980er Jahren in verschiedenen Ingenieur- und Managementpositionen in Europa und den USA gearbeitet und Pionierarbeit f\u00fcr neue Technologien wie NFC, GSM, Z-Wave, Zigbee und EnOcean geleistet. Da mir die Arbeit in Partnerschaften sehr wichtig ist, habe ich 2008 die EnOcean Alliance gegr\u00fcndet, um nachhaltige Geb\u00e4ude weltweit weiterzuentwickeln und zu f\u00f6rdern. Die EnOcean Alliance ist eine gemeinn\u00fctzige Organisation, die den internationalen EnOcean-Funkstandard f\u00fcr L\u00f6sungen auf Basis von Ultra-Low-Power\/Energy Harvesting geschaffen hat.<br><br>Ich bin stolz darauf, dass wir mittlerweile 400 Unternehmen mit 5.000 verschiedenen interoperablen Produkten als Mitglieder gewinnen konnten und bereits \u00fcber 1 Million Geb\u00e4ude mit unseren Ger\u00e4ten ausgestattet haben. Heute erm\u00f6glicht dieses komplette EnOcean-\u00d6kosystem interoperable IoT-L\u00f6sungen f\u00fcr unsere intelligenten H\u00e4user, intelligenten Geb\u00e4ude und intelligenten R\u00e4ume, die umweltfreundlich, kosteneffizient, sicher und gesund sind.<\/p>\n<\/div><\/section>\n\n\n<style>.wp-block-kadence-spacer.kt-block-spacer-8145_d8ad19-56 .kt-block-spacer{height:20px;}.wp-block-kadence-spacer.kt-block-spacer-8145_d8ad19-56 .kt-divider{border-top-width:1px;height:1px;border-top-color:#eee;width:80%;border-top-style:solid;}<\/style>\n<div class=\"wp-block-kadence-spacer aligncenter kt-block-spacer-8145_d8ad19-56\"><div class=\"kt-block-spacer kt-block-spacer-halign-center\"><\/div><\/div>\n\n\n<\/div><\/section>\n","protected":false},"excerpt":{"rendered":"","protected":false},"author":3,"featured_media":23217,"parent":4937,"menu_order":20,"comment_status":"closed","ping_status":"closed","template":"","meta":{"_acf_changed":false,"inline_featured_image":false,"_uag_custom_page_level_css":"","_kad_blocks_custom_css":"","_kad_blocks_head_custom_js":"","_kad_blocks_body_custom_js":"","_kad_blocks_footer_custom_js":"","footnotes":""},"class_list":["post-8145","page","type-page","status-publish","has-post-thumbnail","hentry"],"acf":[],"yoast_head":"<!-- This site is optimized with the Yoast SEO plugin v26.5 - https:\/\/yoast.com\/wordpress\/plugins\/seo\/ -->\n<title>Graham Martin - EnOcean<\/title>\n<meta name=\"robots\" content=\"index, follow, max-snippet:-1, max-image-preview:large, max-video-preview:-1\" \/>\n<link rel=\"canonical\" href=\"https:\/\/www.enocean.com\/de\/about-us\/leadership-team\/graham-martin\/\" \/>\n<meta property=\"og:locale\" content=\"de_DE\" \/>\n<meta property=\"og:type\" content=\"article\" \/>\n<meta property=\"og:title\" content=\"Graham Martin - EnOcean\" \/>\n<meta property=\"og:url\" content=\"https:\/\/www.enocean.com\/de\/about-us\/leadership-team\/graham-martin\/\" \/>\n<meta property=\"og:site_name\" content=\"EnOcean\" \/>\n<meta property=\"article:modified_time\" content=\"2024-07-01T14:17:39+00:00\" \/>\n<meta property=\"og:image\" content=\"https:\/\/www.enocean.com\/wp-content\/uploads\/Employees\/Enocean-Graham-19_400x600.jpg\" \/>\n<meta name=\"twitter:card\" content=\"summary_large_image\" \/>\n<meta name=\"twitter:label1\" content=\"Gesch\u00e4tzte Lesezeit\" \/>\n\t<meta name=\"twitter:data1\" content=\"3\u00a0Minuten\" \/>\n<script type=\"application\/ld+json\" class=\"yoast-schema-graph\">{\"@context\":\"https:\/\/schema.org\",\"@graph\":[{\"@type\":\"WebPage\",\"@id\":\"https:\/\/www.enocean.com\/de\/about-us\/leadership-team\/graham-martin\/\",\"url\":\"https:\/\/www.enocean.com\/de\/about-us\/leadership-team\/graham-martin\/\",\"name\":\"Graham Martin - EnOcean\",\"isPartOf\":{\"@id\":\"https:\/\/www.enocean.com\/de\/#website\"},\"primaryImageOfPage\":{\"@id\":\"https:\/\/www.enocean.com\/de\/about-us\/leadership-team\/graham-martin\/#primaryimage\"},\"image\":{\"@id\":\"https:\/\/www.enocean.com\/de\/about-us\/leadership-team\/graham-martin\/#primaryimage\"},\"thumbnailUrl\":\"https:\/\/www.enocean.com\/wp-content\/uploads\/Employees\/Enocean-Graham-19_400x600.jpg\",\"datePublished\":\"2021-08-10T17:58:47+00:00\",\"dateModified\":\"2024-07-01T14:17:39+00:00\",\"breadcrumb\":{\"@id\":\"https:\/\/www.enocean.com\/de\/about-us\/leadership-team\/graham-martin\/#breadcrumb\"},\"inLanguage\":\"de\",\"potentialAction\":[{\"@type\":\"ReadAction\",\"target\":[\"https:\/\/www.enocean.com\/de\/about-us\/leadership-team\/graham-martin\/\"]}]},{\"@type\":\"ImageObject\",\"inLanguage\":\"de\",\"@id\":\"https:\/\/www.enocean.com\/de\/about-us\/leadership-team\/graham-martin\/#primaryimage\",\"url\":\"https:\/\/www.enocean.com\/wp-content\/uploads\/Employees\/Enocean-Graham-19_400x600.jpg\",\"contentUrl\":\"https:\/\/www.enocean.com\/wp-content\/uploads\/Employees\/Enocean-Graham-19_400x600.jpg\",\"width\":400,\"height\":600,\"caption\":\"Graham Martin\"},{\"@type\":\"BreadcrumbList\",\"@id\":\"https:\/\/www.enocean.com\/de\/about-us\/leadership-team\/graham-martin\/#breadcrumb\",\"itemListElement\":[{\"@type\":\"ListItem\",\"position\":1,\"name\":\"Startseite\",\"item\":\"https:\/\/www.enocean.com\/de\/\"},{\"@type\":\"ListItem\",\"position\":2,\"name\":\"\u00dcber EnOcean\",\"item\":\"https:\/\/www.enocean.com\/de\/about-us\/\"},{\"@type\":\"ListItem\",\"position\":3,\"name\":\"Graham Martin\"}]},{\"@type\":\"WebSite\",\"@id\":\"https:\/\/www.enocean.com\/de\/#website\",\"url\":\"https:\/\/www.enocean.com\/de\/\",\"name\":\"EnOcean\",\"description\":\"EnOcean Relaunch\",\"publisher\":{\"@id\":\"https:\/\/www.enocean.com\/de\/#organization\"},\"potentialAction\":[{\"@type\":\"SearchAction\",\"target\":{\"@type\":\"EntryPoint\",\"urlTemplate\":\"https:\/\/www.enocean.com\/de\/?s={search_term_string}\"},\"query-input\":{\"@type\":\"PropertyValueSpecification\",\"valueRequired\":true,\"valueName\":\"search_term_string\"}}],\"inLanguage\":\"de\"},{\"@type\":\"Organization\",\"@id\":\"https:\/\/www.enocean.com\/de\/#organization\",\"name\":\"EnOcean\",\"url\":\"https:\/\/www.enocean.com\/de\/\",\"logo\":{\"@type\":\"ImageObject\",\"inLanguage\":\"de\",\"@id\":\"https:\/\/www.enocean.com\/de\/#\/schema\/logo\/image\/\",\"url\":\"https:\/\/www.enocean.com\/wp-content\/uploads\/Logos\/1-1.png\",\"contentUrl\":\"https:\/\/www.enocean.com\/wp-content\/uploads\/Logos\/1-1.png\",\"width\":500,\"height\":500,\"caption\":\"EnOcean\"},\"image\":{\"@id\":\"https:\/\/www.enocean.com\/de\/#\/schema\/logo\/image\/\"},\"sameAs\":[\"https:\/\/www.linkedin.com\/company\/enocean\/\"]}]}<\/script>\n<!-- \/ Yoast SEO plugin. -->","yoast_head_json":{"title":"Graham Martin - EnOcean","robots":{"index":"index","follow":"follow","max-snippet":"max-snippet:-1","max-image-preview":"max-image-preview:large","max-video-preview":"max-video-preview:-1"},"canonical":"https:\/\/www.enocean.com\/de\/about-us\/leadership-team\/graham-martin\/","og_locale":"de_DE","og_type":"article","og_title":"Graham Martin - EnOcean","og_url":"https:\/\/www.enocean.com\/de\/about-us\/leadership-team\/graham-martin\/","og_site_name":"EnOcean","article_modified_time":"2024-07-01T14:17:39+00:00","og_image":[{"url":"https:\/\/www.enocean.com\/wp-content\/uploads\/Employees\/Enocean-Graham-19_400x600.jpg","type":"","width":"","height":""}],"twitter_card":"summary_large_image","twitter_misc":{"Gesch\u00e4tzte Lesezeit":"3\u00a0Minuten"},"schema":{"@context":"https:\/\/schema.org","@graph":[{"@type":"WebPage","@id":"https:\/\/www.enocean.com\/de\/about-us\/leadership-team\/graham-martin\/","url":"https:\/\/www.enocean.com\/de\/about-us\/leadership-team\/graham-martin\/","name":"Graham Martin - EnOcean","isPartOf":{"@id":"https:\/\/www.enocean.com\/de\/#website"},"primaryImageOfPage":{"@id":"https:\/\/www.enocean.com\/de\/about-us\/leadership-team\/graham-martin\/#primaryimage"},"image":{"@id":"https:\/\/www.enocean.com\/de\/about-us\/leadership-team\/graham-martin\/#primaryimage"},"thumbnailUrl":"https:\/\/www.enocean.com\/wp-content\/uploads\/Employees\/Enocean-Graham-19_400x600.jpg","datePublished":"2021-08-10T17:58:47+00:00","dateModified":"2024-07-01T14:17:39+00:00","breadcrumb":{"@id":"https:\/\/www.enocean.com\/de\/about-us\/leadership-team\/graham-martin\/#breadcrumb"},"inLanguage":"de","potentialAction":[{"@type":"ReadAction","target":["https:\/\/www.enocean.com\/de\/about-us\/leadership-team\/graham-martin\/"]}]},{"@type":"ImageObject","inLanguage":"de","@id":"https:\/\/www.enocean.com\/de\/about-us\/leadership-team\/graham-martin\/#primaryimage","url":"https:\/\/www.enocean.com\/wp-content\/uploads\/Employees\/Enocean-Graham-19_400x600.jpg","contentUrl":"https:\/\/www.enocean.com\/wp-content\/uploads\/Employees\/Enocean-Graham-19_400x600.jpg","width":400,"height":600,"caption":"Graham Martin"},{"@type":"BreadcrumbList","@id":"https:\/\/www.enocean.com\/de\/about-us\/leadership-team\/graham-martin\/#breadcrumb","itemListElement":[{"@type":"ListItem","position":1,"name":"Startseite","item":"https:\/\/www.enocean.com\/de\/"},{"@type":"ListItem","position":2,"name":"\u00dcber EnOcean","item":"https:\/\/www.enocean.com\/de\/about-us\/"},{"@type":"ListItem","position":3,"name":"Graham Martin"}]},{"@type":"WebSite","@id":"https:\/\/www.enocean.com\/de\/#website","url":"https:\/\/www.enocean.com\/de\/","name":"EnOcean","description":"EnOcean Relaunch","publisher":{"@id":"https:\/\/www.enocean.com\/de\/#organization"},"potentialAction":[{"@type":"SearchAction","target":{"@type":"EntryPoint","urlTemplate":"https:\/\/www.enocean.com\/de\/?s={search_term_string}"},"query-input":{"@type":"PropertyValueSpecification","valueRequired":true,"valueName":"search_term_string"}}],"inLanguage":"de"},{"@type":"Organization","@id":"https:\/\/www.enocean.com\/de\/#organization","name":"EnOcean","url":"https:\/\/www.enocean.com\/de\/","logo":{"@type":"ImageObject","inLanguage":"de","@id":"https:\/\/www.enocean.com\/de\/#\/schema\/logo\/image\/","url":"https:\/\/www.enocean.com\/wp-content\/uploads\/Logos\/1-1.png","contentUrl":"https:\/\/www.enocean.com\/wp-content\/uploads\/Logos\/1-1.png","width":500,"height":500,"caption":"EnOcean"},"image":{"@id":"https:\/\/www.enocean.com\/de\/#\/schema\/logo\/image\/"},"sameAs":["https:\/\/www.linkedin.com\/company\/enocean\/"]}]}},"taxonomy_info":[],"featured_image_src_large":["https:\/\/www.enocean.com\/wp-content\/uploads\/Employees\/Enocean-Graham-19_400x600.jpg",400,600,false],"author_info":{"display_name":"Veronika Bliem","author_link":"https:\/\/www.enocean.com\/de\/author\/enocean_bliem\/"},"comment_info":0,"uagb_featured_image_src":{"full":["https:\/\/www.enocean.com\/wp-content\/uploads\/Employees\/Enocean-Graham-19_400x600.jpg",400,600,false],"thumbnail":["https:\/\/www.enocean.com\/wp-content\/uploads\/Employees\/Enocean-Graham-19_400x600-100x150.jpg",100,150,true],"medium":["https:\/\/www.enocean.com\/wp-content\/uploads\/Employees\/Enocean-Graham-19_400x600-200x300.jpg",200,300,true],"medium_large":["https:\/\/www.enocean.com\/wp-content\/uploads\/Employees\/Enocean-Graham-19_400x600.jpg",400,600,false],"large":["https:\/\/www.enocean.com\/wp-content\/uploads\/Employees\/Enocean-Graham-19_400x600.jpg",400,600,false],"1536x1536":["https:\/\/www.enocean.com\/wp-content\/uploads\/Employees\/Enocean-Graham-19_400x600.jpg",400,600,false],"2048x2048":["https:\/\/www.enocean.com\/wp-content\/uploads\/Employees\/Enocean-Graham-19_400x600.jpg",400,600,false]},"uagb_author_info":{"display_name":"Veronika Bliem","author_link":"https:\/\/www.enocean.com\/de\/author\/enocean_bliem\/"},"uagb_comment_info":0,"uagb_excerpt":null,"_links":{"self":[{"href":"https:\/\/www.enocean.com\/de\/wp-json\/wp\/v2\/pages\/8145","targetHints":{"allow":["GET"]}}],"collection":[{"href":"https:\/\/www.enocean.com\/de\/wp-json\/wp\/v2\/pages"}],"about":[{"href":"https:\/\/www.enocean.com\/de\/wp-json\/wp\/v2\/types\/page"}],"author":[{"embeddable":true,"href":"https:\/\/www.enocean.com\/de\/wp-json\/wp\/v2\/users\/3"}],"replies":[{"embeddable":true,"href":"https:\/\/www.enocean.com\/de\/wp-json\/wp\/v2\/comments?post=8145"}],"version-history":[{"count":1,"href":"https:\/\/www.enocean.com\/de\/wp-json\/wp\/v2\/pages\/8145\/revisions"}],"predecessor-version":[{"id":23288,"href":"https:\/\/www.enocean.com\/de\/wp-json\/wp\/v2\/pages\/8145\/revisions\/23288"}],"up":[{"embeddable":true,"href":"https:\/\/www.enocean.com\/de\/wp-json\/wp\/v2\/pages\/4937"}],"wp:featuredmedia":[{"embeddable":true,"href":"https:\/\/www.enocean.com\/de\/wp-json\/wp\/v2\/media\/23217"}],"wp:attachment":[{"href":"https:\/\/www.enocean.com\/de\/wp-json\/wp\/v2\/media?parent=8145"}],"curies":[{"name":"wp","href":"https:\/\/api.w.org\/{rel}","templated":true}]}}